{"id":11902,"date":"2024-09-14T20:29:02","date_gmt":"2024-09-14T20:29:02","guid":{"rendered":"https:\/\/travelshelper.com\/staging\/?page_id=11902"},"modified":"2026-03-12T22:12:03","modified_gmt":"2026-03-12T22:12:03","slug":"san-marino","status":"publish","type":"page","link":"https:\/\/travelshelper.com\/sv\/destinations\/europe\/san-marino\/","title":{"rendered":"San Marino"},"content":{"rendered":"<p>San Marino, officiellt Republiken San Marino, \u00e4r en suver\u00e4n mikrostat i s\u00f6dra Europa, helt omgiven av Italien. Bel\u00e4gen p\u00e5 Apenninernas nord\u00f6stra sluttningar omfattar den 61 kvadratkilometer och har cirka 34 000 inv\u00e5nare \u00e5r 2025. Staden San Marino, dess huvudstad, kr\u00f6ner Monte Titano p\u00e5 749 meter \u00f6ver havet, medan den st\u00f6rsta befolkningscentralen, Dogana i Serravalle, str\u00e4cker sig n\u00e4rmare l\u00e5glandet. Som v\u00e4rldens femte minsta land och Europas tredje minsta kombinerar San Marino forntida ursprung, best\u00e5ende institutioner och ol\u00e4ndig terr\u00e4ng f\u00f6r att uppr\u00e4tth\u00e5lla en distinkt identitet mitt p\u00e5 den italienska halv\u00f6n.<\/p>\n<p>San Marinos ursprung finns i legender. Omkring \u00e5r 301 e.Kr. s\u00e4gs det att Sankt Marinus, en stenhuggare som flydde fr\u00e5n religi\u00f6s f\u00f6rf\u00f6ljelse p\u00e5 \u00f6n Rab, grundade ett kristet samh\u00e4lle p\u00e5 toppen av Monte Titano. Under de f\u00f6ljande \u00e5rhundradena v\u00e4xte denna bos\u00e4ttning till en bef\u00e4st kommun vars autonomi \u00f6verlevde imperiernas uppg\u00e5ng och fall. \u00c5r 1600 bef\u00e4ste en skriftlig konstitution \u2013 fortfarande i kraft idag \u2013 republikanskt styre, vilket gjorde San Marino till v\u00e4rldens \u00e4ldsta bevarade konstitutionella republik. Under hela den franska revolutionens och Napoleonkrigens tumult f\u00f6rhandlade sammarinesiska statsm\u00e4n skickligt fram sin sj\u00e4lvst\u00e4ndighet. En tidig v\u00e4nskap med Napoleon Bonaparte och senare asyl som erbj\u00f6ds italienska republikaner, inklusive Giuseppe Garibaldi, hj\u00e4lpte till att s\u00e4kra republikens gr\u00e4nser. Till och med Abraham Lincoln k\u00e4nde sig manad att bevilja hedersmedborgarskap och ber\u00f6mde San Marinos v\u00f6rdnadsv\u00e4rda institutioner som exemplariska.<\/p>\n<p>San Marinos regering pr\u00e4glas fortfarande av detta arv. Ett enkammarr\u00e5d, valt genom allm\u00e4n r\u00f6str\u00e4tt, utser tv\u00e5 kaptener var sj\u00e4tte m\u00e5nad, en fr\u00e5n vart och ett av de ledande politiska partierna. Dessa dubbla statschefer delar lika befogenheter, presiderar \u00f6ver lagstiftande f\u00f6rsamlingen och representerar republiken utomlands. P\u00e5 lokal niv\u00e5 hanterar nio castelli \u2013 eller kommuner \u2013 var och en ledd av en Capitano di Castello och ett r\u00e5d, medborgarfr\u00e5gor; inom dem \u00e5terspeglar fyrtiofyra curazie (f\u00f6rsamlingsdistrikt) mindre samh\u00e4llen eller grannskap.<\/p>\n<p>Republikens terr\u00e4ng domineras av Monte Titano och dess \u00e5sar, vilket l\u00e4mnar lite platt mark. Klimatet \u00e4r fuktigt subtropiskt med kontinentala influenser: somrarna varierar fr\u00e5n varma till heta, vintrarna svala med frekvent kraftigt sn\u00f6fall \u00f6ver 400 meter. Nederb\u00f6rden \u00e4r v\u00e4l f\u00f6rdelad \u00e5ret runt och ger n\u00e4ring \u00e5t de inhemska sklerofyla och halvl\u00f6vskogarna som t\u00e4cker sluttningarna, \u00e4ven om nya bed\u00f6mningar rankar landskapets ekologiska integritet bland de l\u00e4gsta globalt. Floden Ausa p\u00e5 55 meter \u00f6ver havet markerar den l\u00e4gsta punkten och rinner ut \u00f6sterut i Marecchia innan den n\u00e5r Adriatiska havet. Bortsett fr\u00e5n s\u00e4songsbetonade b\u00e4ckar avbryter inga sj\u00f6ar eller dammar de branta dalarna.<\/p>\n<p>Trots sin ringa storlek har San Marino en diversifierad ekonomi. Finans, l\u00e4tt industri \u2013 s\u00e4rskilt elektronik och keramik \u2013 detaljhandel och turism bidrar alla avsev\u00e4rt. Republiken \u00e4r inte medlem i Europeiska unionen men anv\u00e4nder euron enligt avtal och ger ut sina egna minnesmynt som \u00e4r uppskattade av samlare. Fram till 2002 fungerade den italienska liran, knuten till den italienska liran, som valuta. Jordbruksproduktionen \u00e4r inriktad p\u00e5 vin och ost, \u00e4ven om de flesta baslivsmedel importeras fr\u00e5n Italien. Filateli genererar ocks\u00e5 inkomster: San Marinos frim\u00e4rken, som endast \u00e4r giltiga inom dess gr\u00e4nser, marknadsf\u00f6rs internationellt till filatelister. M\u00e4tt i bruttonationalprodukt (k\u00f6pkraftsparitet) per capita rankas republiken bland de rikaste i v\u00e4rlden, och dess Human Development Index placerar den ungef\u00e4r fyrtiotredje globalt.<\/p>\n<p>Demografiskt sett uppgick San Marinos befolkning till 33 896 i september 2023. Av dessa har cirka 28 200 samarinesiskt medborgarskap, n\u00e4stan 4 900 \u00e4r italienska medborgare och cirka 800 kommer fr\u00e5n andra l\u00e4nder. Ungef\u00e4r 13 000 samarineser bor utomlands, fr\u00e4mst i Italien, USA, Frankrike och Argentina. Italienska \u00e4r det officiella spr\u00e5ket, medan en utrotningshotad romagnolsk dialekt av samarinesiska kvarst\u00e5r bland \u00e4ldre inv\u00e5nare. Den stora majoriteten av medborgarna \u2013 \u00f6ver 97 procent \u2013 \u200b\u200bbek\u00e4nner sig till den katolska tron, \u00e4ven om ingen statsreligion \u00e4r etablerad; kyrklig jurisdiktion faller helt under Montefeltros stift, vars biskop \u00e4r bosatt i Italien.<\/p>\n<p>F\u00f6rbindelserna \u00f6ver San Marinos branta kullar \u00e4r beroende av ett blygsamt men varierat transportn\u00e4t. Den tv\u00e5filiga v\u00e4gen San Marino Highway f\u00f6rbinder Serravalle och Dogana med Borgo Maggiore och vidare in i Italien, d\u00e4r den \u00f6verg\u00e5r till SS 72 mot motorv\u00e4g A14. Inom republiken utg\u00e5r \u00e5tta busslinjer fr\u00e5n huvudstaden, som betj\u00e4nar alla st\u00f6rre castelli och sjukhuset, medan italienskdrivna linjer f\u00f6rbinder n\u00e4rliggande italienska st\u00e4der med gr\u00e4nsbebyggelse. Taxibilar kompletterar dessa tj\u00e4nster. Ett ber\u00f6mt inslag \u00e4r Funivia di San Marino, linbanan som invigdes 1959, vars tv\u00e5 minuter l\u00e5nga resa g\u00e5r upp fr\u00e5n Borgo Maggiore till huvudstaden var femtonde minut, och transporterar cirka en halv miljon passagerare \u00e5rligen och erbjuder panoramautsikt \u00f6ver Adriatiska sl\u00e4tten. V\u00e4gbussar g\u00e5r ocks\u00e5 mellan staden San Marino och Rimini, och slutf\u00f6r resan p\u00e5 under en timme.<\/p>\n<p>Flygresor kr\u00e4ver transit till angr\u00e4nsande italienska flygplatser: Federico Fellini internationella flygplats i Rimini, Luigi Ridolfi i Forl\u00ec, Raffaello Sanzio i Ancona eller Guglielmo Marconi i Bologna. San Marino har en koncession p\u00e5 Riminis flygplats och har en mindre andel i dess f\u00f6rvaltning men har ingen tulln\u00e4rvaro d\u00e4r. Torraccia Airfield, en flygplats med gr\u00e4sbevuxen mark n\u00e4ra Domagnano, betj\u00e4nar allm\u00e4nflyg och \u00e4r v\u00e4rd f\u00f6r en lokal flygklubb med instruktions-, fritids- och turistflygningar. En 800 meter l\u00e5ng kulturarvsj\u00e4rnv\u00e4g, som \u00e5terinvigdes 2012, bevarar den sista h\u00e4stskokurvan av den elektrifierade linjen Rimini\u2013San Marino under krigstid, en g\u00e5ng en 31,5 kilometer l\u00e5ng f\u00f6rbindelse som st\u00e4ngdes under andra v\u00e4rldskriget och d\u00e4refter \u00f6vergavs. F\u00f6rs\u00f6k att \u00e5teruppliva hela linjen har v\u00e4ckt politiskt intresse i b\u00e5da staterna.<\/p>\n<p>Kulturlivet \u00e4r koncentrerat i huvudstadens historiska centrum, ett UNESCO-v\u00e4rldsarv sedan 2008 under beteckningen &#034;San Marino: Historiska centrum och Monte Titano&#034;. Medeltida vallar omger smala gr\u00e4nder kantade med stenhus, butiker och restauranger. De tre tornen \u2013 Guaita (1000-talet), Cesta (1200-talet) och Montale (1300-talet) \u2013 st\u00e5r som vaktposter p\u00e5 toppen av Monte Titanos toppar och symboliserar San Marino p\u00e5 dess flagga och vapensk\u00f6ld. Bes\u00f6kare kan komma in i Guaita och Cesta med en kombinerad biljett, medan Montale, en g\u00e5ng ett f\u00e4ngelse, f\u00f6rblir st\u00e4ngt. Cesta \u00e4r v\u00e4rd f\u00f6r Museo de Arte Areca, som visar upp vapen fr\u00e5n medeltiden till 1800-talet.<\/p>\n<p>Det italienska k\u00f6ket speglar sina italienska grannar men erbjuder \u00e4nd\u00e5 s\u00e4rpr\u00e4glade godsaker. Torta Tre Monti, en kaka med lager av r\u00e5n t\u00e4ckt med choklad och uppkallad efter de tre tornen, \u00e4r ett exempel p\u00e5 lokalt konfekt. En blygsam vinindustri producerar regionala sorter, och ostar med varierande konsistens och smak kompletterar rustikt br\u00f6d.<\/p>\n<p>Bil\u00e4gandet i San Marino \u00e4r bland de h\u00f6gsta i v\u00e4rlden, med fler fordon \u00e4n inv\u00e5nare. Varje morgon fylls smala v\u00e4gar med bilar vars \u00e4gare v\u00e4rdes\u00e4tter personlig r\u00f6rlighet i avsaknad av plan terr\u00e4ng. Turismen, som st\u00e5r f\u00f6r \u00f6ver en femtedel av BNP, lockar n\u00e4stan tv\u00e5 miljoner bes\u00f6kare \u00e5rligen, som vanligtvis stannar tv\u00e5 n\u00e4tter och \u00e4r ungef\u00e4r en turist per tre inv\u00e5nare fler \u00e4n inv\u00e5narna.<\/p>\n<p>San Marinos \u00f6verlevnad som en oberoende republik, dess unika styrelseskick och dess integration av historiska strukturer med modernt v\u00e4lst\u00e5nd skapar en nation som trotsar sin storlek. Inom sextioen kvadratkilometer blandar den \u00e4ldsta konstitutionella republiken bergsvyer, medeltida arv och modern f\u00f6retagsamhet. Dess inv\u00e5nare v\u00e4rdes\u00e4tter arvet fr\u00e5n Sankt Marinus, och resen\u00e4rer g\u00e5r uppf\u00f6r slingrande v\u00e4gar f\u00f6r att bevittna ett statsskick som har varat i sjutton \u00e5rhundraden \u2013 ett mikrokosmos av europeisk historia bevarat p\u00e5 en ensam topp.<\/p>","protected":false},"excerpt":{"rendered":"<p>San Marino ligger p\u00e5 de nord\u00f6stra sluttningarna av Apenninerna och \u00e4r en liten europeisk mikrostat som helt gr\u00e4nsar till Italien. Med en landstorlek p\u00e5 lite \u00f6ver 61 kvadratkilometer (23,5 kvadrat miles) och 33 642 m\u00e4nniskor fr\u00e5n och med 2023, rankas den som den femte minsta nationen i v\u00e4rlden. Officiellt kallad Republiken San Marino eller den mest fridfulla republiken San Marino, detta lilla land har en uppsj\u00f6 av historia, kultur och ekonomisk styrka inom sina magra gr\u00e4nser.<\/p>","protected":false},"author":1,"featured_media":3740,"parent":24078,"menu_order":0,"comment_status":"closed","ping_status":"closed","template":"elementor_theme","meta":{"_eb_attr":"","footnotes":""},"class_list":["post-11902","page","type-page","status-publish","has-post-thumbnail"],"_links":{"self":[{"href":"https:\/\/travelshelper.com\/sv\/wp-json\/wp\/v2\/pages\/11902","targetHints":{"allow":["GET"]}}],"collection":[{"href":"https:\/\/travelshelper.com\/sv\/wp-json\/wp\/v2\/pages"}],"about":[{"href":"https:\/\/travelshelper.com\/sv\/wp-json\/wp\/v2\/types\/page"}],"author":[{"embeddable":true,"href":"https:\/\/travelshelper.com\/sv\/wp-json\/wp\/v2\/users\/1"}],"replies":[{"embeddable":true,"href":"https:\/\/travelshelper.com\/sv\/wp-json\/wp\/v2\/comments?post=11902"}],"version-history":[{"count":0,"href":"https:\/\/travelshelper.com\/sv\/wp-json\/wp\/v2\/pages\/11902\/revisions"}],"up":[{"embeddable":true,"href":"https:\/\/travelshelper.com\/sv\/wp-json\/wp\/v2\/pages\/24078"}],"wp:featuredmedia":[{"embeddable":true,"href":"https:\/\/travelshelper.com\/sv\/wp-json\/wp\/v2\/media\/3740"}],"wp:attachment":[{"href":"https:\/\/travelshelper.com\/sv\/wp-json\/wp\/v2\/media?parent=11902"}],"curies":[{"name":"wp","href":"https:\/\/api.w.org\/{rel}","templated":true}]}}