{"id":11881,"date":"2024-09-14T18:51:08","date_gmt":"2024-09-14T18:51:08","guid":{"rendered":"https:\/\/travelshelper.com\/staging\/?page_id=11881"},"modified":"2026-03-12T15:58:18","modified_gmt":"2026-03-12T15:58:18","slug":"island","status":"publish","type":"page","link":"https:\/\/travelshelper.com\/sv\/destinations\/europe\/iceland\/","title":{"rendered":"Island"},"content":{"rendered":"<p>Island, en nordatlantisk \u00f6nation med cirka 380 000 inv\u00e5nare, upptar en geologiskt volatil yta p\u00e5 cirka 103 000 kvadratkilometer. Bel\u00e4get mellan Gr\u00f6nland och Norge, p\u00e5 den mittatlantiska ryggen d\u00e4r de nordamerikanska och eurasiska tektoniska plattorna driver is\u00e4r, \u00e4r det det v\u00e4stligaste och minst t\u00e4tbefolkade landet i Europa. Huvudstaden Reykjav\u00edk samlar \u00f6ver en tredjedel av befolkningen i en l\u00e5gt placerad stadsbild balanserad mot en havshorisont. Den st\u00e5r som en m\u00e4nsklig utpost i ett landskap format av vulkanism och nedisning, d\u00e4r civilisationen framst\u00e5r som provisorisk, alltid i h\u00e4nderna p\u00e5 marken under den.<\/p>\n<p>N\u00e4r man l\u00e4mnar den urbana perimetern \u00f6verger terr\u00e4ngen snabbt f\u00f6ruts\u00e4gbarheten. Man tr\u00e4der in i en sf\u00e4r av element\u00e4r str\u00e4nghet: sl\u00e4tter av lavt\u00e4ckt lava, \u00f6knar av vindpolerad aska och avl\u00e4gsna silhuetter av sn\u00f6t\u00e4ckta vulkaner. Inlandsfloder \u2013 f\u00f6dda av sm\u00e4ltande glaci\u00e4rer \u2013 skar sig fram genom basaltraviner, medan gejsrar, med mekanisk kadens, v\u00e4ser och bryter ut i \u00e5ngplymer. P\u00e5 den syd\u00f6stra kusten ger Vatnaj\u00f6kulls frusna massa vika f\u00f6r den isfl\u00e4ckiga lagunen J\u00f6kuls\u00e1rl\u00f3n, d\u00e4r berg som kalvat fr\u00e5n glaci\u00e4ren driver ut \u00f6ver havet, deras koboltf\u00e4rgade k\u00e4rnor etsade av tiden. Fjordarna i norr och \u00f6ster, omgivna av klippor och gamla berglager, skyddar byar som tycks bebo ett annat \u00e5rhundrade.<\/p>\n<p>\u00c4ven om dess latitudinala l\u00e4ge antyder polaritet, \u00e4r Islands klimat tempererat av Nordatlantstr\u00f6mmen. Resultatet \u00e4r en \u00f6verraskande m\u00e5ttlighet: vintrarna \u00e4r mindre brutala \u00e4n de i Skandinaviens inland, och somrarna, \u00e4ven om de \u00e4r svala, \u00e4r upplysta av n\u00e4stan kontinuerligt dagsljus. Dessa generella f\u00f6rh\u00e5llanden ger dock vika f\u00f6r regionala variationer. S\u00f6dern brottas med frekvent nederb\u00f6rd och maritima stormar; norrut solar sig i torr, kristallklar luft; och de centrala h\u00f6gl\u00e4nderna \u2013 karga, h\u00f6gt bel\u00e4gna, og\u00e4stv\u00e4nliga \u2013 beh\u00e5ller sn\u00f6 sent p\u00e5 \u00e5ret och ger f\u00f6ga efter f\u00f6r m\u00e4nsklig ambition.<\/p>\n<p>Den skriftliga uppteckningen b\u00f6rjar med Ing\u00f3lfr Arnarsons landstigning \u00e5r 874 e.Kr. Som h\u00f6vding av norskt ursprung etablerade han den bos\u00e4ttning som blev Reykjav\u00edk. V\u00e5gor av nordiska bos\u00e4ttare f\u00f6ljde och f\u00f6rde med sig gaeliska slavar och principerna f\u00f6r ett samh\u00e4lle rotat i lag och muntlig tradition. \u00c5r 930 e.Kr. grundade de Alltinget p\u00e5 \u00deingvellir \u2013 en samling av mark\u00e4gare som skulle bli ett av v\u00e4rldens \u00e4ldsta sammanh\u00e4ngande parlament. Med tiden ledde inb\u00f6rdes fejder och yttre p\u00e5tryckningar till att Island absorberades av den norska kronan i slutet av 1200-talet. Unionen med Danmark, f\u00f6rst genom Kalmarunionen och senare genom fullst\u00e4ndig kontroll, medf\u00f6rde \u00e5rhundraden av distanserat styre.<\/p>\n<p>1500-talet inf\u00f6rde lutheranismen genom dekret, nedmonterade katolska strukturer och centraliserade makten i K\u00f6penhamn. Nationalistiska k\u00e4nslor pyrde under danskt styre, sporrade av upplysningstiden och t\u00e4ndes av romantisk nationalism under 1800-talet. Island fick sj\u00e4lvstyre 1918 genom unionsakten, men fullst\u00e4ndig sj\u00e4lvst\u00e4ndighet kom f\u00f6rst under den globala oroligheten under andra v\u00e4rldskriget. \u00c5r 1944, med Danmark ockuperat av tyska styrkor, r\u00f6stade isl\u00e4nningarna n\u00e4stan enh\u00e4lligt f\u00f6r att etablera en republik.<\/p>\n<p>I \u00e5rhundraden definierade sj\u00e4lvhush\u00e5ll Islands ekonomi. Fiske, f\u00e5rsk\u00f6tsel och begr\u00e4nsat jordbruk uppr\u00e4tth\u00f6ll livet i en fientlig milj\u00f6. 1900-talet introducerade mekaniserade tr\u00e5lare och modern fiskbearbetning, vilket omvandlade marina best\u00e5nd till ekonomiska st\u00f6ttepelare. Efterkrigstidens \u00e5teruppbyggnadsmedel och tillg\u00e5ng till europeiska marknader avancerade den industriella kapaciteten. P\u00e5 1990-talet underl\u00e4ttade medlemskapet i Europeiska ekonomiska samarbetsomr\u00e5det diversifiering inom bioteknik, bankverksamhet och tillverkning, men ekonomin \u00e4r fortfarande bunden till sina maritima r\u00f6tter.<\/p>\n<p>Island balanserar idag marknadsliberalism med social v\u00e4lf\u00e4rd i nordisk stil. Landet har l\u00e5ga f\u00f6retagsskatter, h\u00f6g facklig anst\u00e4llningst\u00e4thet och robusta offentliga tj\u00e4nster, inklusive universell sjukv\u00e5rd och avgiftsfri h\u00f6gre utbildning. Trots att landet saknar en permanent milit\u00e4r bidrar landet till Nato och har en kustbevakning som patrullerar sin maritima zon. Denna minimalistiska f\u00f6rsvarsstrategi \u00e5terspeglar bredare samh\u00e4llsv\u00e4rderingar om diplomati och kollektivt ansvar.<\/p>\n<p>Geologiskt sett \u00e4r Island fortfarande instabilt. \u00d6n delas av den Midatlantiska ryggen, d\u00e4r magma kommer upp till ytan och f\u00f6der ny jord. Utbrott som Eyjafjallaj\u00f6kull 2010 p\u00e5minner observat\u00f6rer om naturens likgiltighet inf\u00f6r m\u00e4nskliga scheman. Aktiviteten under B\u00e1r\u00f0arbunga 2014 understr\u00f6k ytterligare \u00f6ns seismiska of\u00f6ruts\u00e4gbarhet. Medan majoriteten av befolkningen bor l\u00e4ngs den mildare kustremsan, f\u00f6rblir h\u00f6glandet obebott och bes\u00f6ks endast av v\u00e4lutrustade fordon eller de till fots som \u00e4r villiga att trotsa deras reserverade storhet.<\/p>\n<p>Stor-Reykjavik omfattar flera kommuner och fungerar som nationens kulturella och ekonomiska hj\u00e4rta. Mindre stadscentra som Akureyri i norr och Reykjanesb\u00e6r n\u00e4ra den internationella flygplatsen tillhandah\u00e5ller regionala tj\u00e4nster, \u00e4ven om de flesta samh\u00e4llen f\u00f6rblir kompakta och autonoma. \u00c5r 2003 ritades valkretsarna om f\u00f6r att \u00e5terspegla f\u00f6r\u00e4ndrade demografiska sammans\u00e4ttningar och uppr\u00e4tth\u00e5lla en r\u00e4ttvis representation mellan stads- och landsbygdsbefolkningar.<\/p>\n<p>Energipolitiken skiljer Island fr\u00e5n m\u00e4ngden. N\u00e4stan all inhemsk el och uppv\u00e4rmning kommer fr\u00e5n vattenkraft och geotermiska system, en s\u00e4llsynthet \u00e4ven bland utvecklade l\u00e4nder. Stora vattenkraftprojekt anv\u00e4nder glaci\u00e4ravrinning, medan geotermiska kraftverk utnyttjar underjordisk v\u00e4rme. Denna rikliga, f\u00f6rnybara energi st\u00f6der b\u00e5de hush\u00e5ll och tung industri. Tre nationalparker \u2013 \u00deingvellir, Sn\u00e6fellsj\u00f6kull och Vatnaj\u00f6kull \u2013 bevarar viktiga ekologiska och historiska platser och ramar in nationens p\u00e5g\u00e5ende dialog med sitt f\u00f6rflutna och sin framtid.<\/p>\n<p>Ett n\u00e4tverk av infrastruktur binder samman denna \u00f6nation. Ringv\u00e4gen omger landet och \u00f6verbryggar fjordar och f\u00e4lt med ett b\u00f6ljande asfaltsband. P\u00e5 vintern \u00e4r inlandsv\u00e4garna ofta oframkomliga, men den yttre rutten m\u00f6jligg\u00f6r resor \u00e5ret runt f\u00f6r dem som \u00e4r beredda p\u00e5 abrupta meteorologiska f\u00f6r\u00e4ndringar. Offentliga bussar n\u00e5r avl\u00e4gsna st\u00e4der, medan flygplatserna i Keflav\u00edk, Reykjav\u00edk, Akureyri och Egilssta\u00f0ir m\u00f6jligg\u00f6r b\u00e5de inrikes och internationella f\u00f6rbindelser.<\/p>\n<p>Islands kulturella identitet \u00e5terspeglar dess anor. Det isl\u00e4ndska spr\u00e5ket, relativt of\u00f6r\u00e4ndrat sedan medeltiden, bevarar arkaisk grammatik och ordf\u00f6rr\u00e5d. Sagorna, skrivna p\u00e5 fornnordiska, \u00e4r fortfarande centrala f\u00f6r det kollektiva minnet och informerar litteratur, etik och nationell sj\u00e4lvuppfattning. J\u00e4mst\u00e4lldhet mellan k\u00f6nen rankas bland de h\u00f6gsta i v\u00e4rlden, och inkomstf\u00f6rdelningen \u00e4r anm\u00e4rkningsv\u00e4rt j\u00e4mn, en konsekvens av samh\u00e4llsnormer som formas av isolering och \u00f6msesidigt beroende.<\/p>\n<p>Kulinariska traditioner \u00e4r fortfarande grundade i n\u00f6dv\u00e4ndighet. Fisk och lamm dominerar bordet, tillsammans med mejeribaserade basvaror som skyr och s\u00e4songsbetonade gr\u00f6nsaker odlade i geotermiska v\u00e4xthus. Historisk \u00e5tstramning dr\u00f6jer sig kvar i r\u00e4tter som h\u00e1karl (fermenterad haj) och sl\u00e1tur (blodpudding), medan kaffe och brenniv\u00edn markerar sociala ritualer och understryker en nationell preferens f\u00f6r styrka mildrad av gemenskap.<\/p>\n<p>Utanf\u00f6r huvudstaden och v\u00e4ltrampade leder avsl\u00f6jar Island sin mer sv\u00e5rf\u00e5ngade essens. V\u00e4stfjordarnas branta klippor hyser sj\u00f6f\u00e5glar och tystnad. Sn\u00e6fellsnes, med sin glaci\u00e4rt\u00e4ckta stratovulkan, blandar geografi med folklore. I H\u00fasav\u00edk bryter valar igenom Skj\u00e1lfandibuktens spegelblanka yta, medan l\u00e4ngre in\u00e5t landet f\u00e5ngar Landmannalaugars ryolitsluttningar morgonljuset i d\u00e4mpade r\u00f6da och guldiga nyanser. Dessa avl\u00e4gsna platser, formade av geologiska f\u00f6r\u00e4ndringar och klimatiska sv\u00e5righeter, f\u00f6rblir avskilda och magnetiska och erbjuder ett m\u00e5tt av ensamhet som \u00e4r s\u00e4llsynt i den moderna v\u00e4rlden.<\/p>\n<p>Under elva \u00e5rhundraden har Island g\u00e5tt fr\u00e5n h\u00f6vdingaf\u00f6rsamlingar till algoritmisk innovation. Dess folk har motst\u00e5tt politisk f\u00f6rtryck, milj\u00f6m\u00e4ssig os\u00e4kerhet och ekonomisk os\u00e4kerhet och skapat ett samh\u00e4lle som v\u00e4rdes\u00e4tter kontinuitet framf\u00f6r sk\u00e5despel. \u00d6n best\u00e5r inte som en bevarad relik, utan som en plats i st\u00e4ndig utveckling \u2013 dess sprickiga terr\u00e4ng, f\u00f6r\u00e4nderliga kultur och sociala \u00f6verenskommelse vittnar alla om den tysta motst\u00e5ndskraft som definierar den.<\/p>","protected":false},"excerpt":{"rendered":"<p>Island, en nordisk \u00f6nation bel\u00e4gen mellan Nordatlanten och Ishavet, intar en s\u00e4rpr\u00e4glad position p\u00e5 den mittatlantiska \u00e5sen, som f\u00f6rbinder Nordamerika och Europa. Med en befolkning p\u00e5 cirka 380 000 inv\u00e5nare \u00e4r det det glesast bebodda landet i Europa. Denna extraordin\u00e4ra region av eld och is f\u00f6rtrollar med sina hisnande vyer, djupa kulturella arv och avancerade samh\u00e4lle.<\/p>","protected":false},"author":1,"featured_media":5053,"parent":24078,"menu_order":0,"comment_status":"closed","ping_status":"closed","template":"elementor_theme","meta":{"_eb_attr":"","footnotes":""},"class_list":["post-11881","page","type-page","status-publish","has-post-thumbnail"],"_links":{"self":[{"href":"https:\/\/travelshelper.com\/sv\/wp-json\/wp\/v2\/pages\/11881","targetHints":{"allow":["GET"]}}],"collection":[{"href":"https:\/\/travelshelper.com\/sv\/wp-json\/wp\/v2\/pages"}],"about":[{"href":"https:\/\/travelshelper.com\/sv\/wp-json\/wp\/v2\/types\/page"}],"author":[{"embeddable":true,"href":"https:\/\/travelshelper.com\/sv\/wp-json\/wp\/v2\/users\/1"}],"replies":[{"embeddable":true,"href":"https:\/\/travelshelper.com\/sv\/wp-json\/wp\/v2\/comments?post=11881"}],"version-history":[{"count":0,"href":"https:\/\/travelshelper.com\/sv\/wp-json\/wp\/v2\/pages\/11881\/revisions"}],"up":[{"embeddable":true,"href":"https:\/\/travelshelper.com\/sv\/wp-json\/wp\/v2\/pages\/24078"}],"wp:featuredmedia":[{"embeddable":true,"href":"https:\/\/travelshelper.com\/sv\/wp-json\/wp\/v2\/media\/5053"}],"wp:attachment":[{"href":"https:\/\/travelshelper.com\/sv\/wp-json\/wp\/v2\/media?parent=11881"}],"curies":[{"name":"wp","href":"https:\/\/api.w.org\/{rel}","templated":true}]}}