{"id":11747,"date":"2024-09-13T17:13:02","date_gmt":"2024-09-13T17:13:02","guid":{"rendered":"https:\/\/travelshelper.com\/staging\/?page_id=11747"},"modified":"2026-03-12T16:41:41","modified_gmt":"2026-03-12T16:41:41","slug":"sanremo","status":"publish","type":"page","link":"https:\/\/travelshelper.com\/sv\/destinations\/europe\/italy\/sanremo\/","title":{"rendered":"Sanremo"},"content":{"rendered":"<p>Sanremo, ibland kallad San Remo, \u00e4r en f\u00f6rtrollande kustkommun som ligger l\u00e4ngs Medelhavskusten i Ligurien i norra Italien. Denna charmiga stad, med en befolkning p\u00e5 55 000, har vuxit fram som ett popul\u00e4rt turistm\u00e5l p\u00e5 den italienska rivieran. Sanremos omfattande historia h\u00e4rstammar fr\u00e5n romartiden, och genom \u00e5ren har det utvecklats till ett dynamiskt kulturellt centrum, som h\u00e5ller en m\u00e4ngd evenemang som lockar m\u00e4nniskor globalt.<\/p>\n<p>Stadens medelhavsklimat och den pittoreska kusten har avsev\u00e4rt bidragit till dess attraktionskraft bland turister. Sanremo har en uts\u00f6kt kombination av naturlig prakt, historisk tjusning och moderna bekv\u00e4mligheter, vilket g\u00f6r det till en optimal plats f\u00f6r turister som \u00f6nskar en upplevelse av den italienska dolce vita. Medelhavets turkosa v\u00e5gor smeker f\u00f6rsiktigt Sanremos kuster och ger en f\u00f6rtrollande milj\u00f6 f\u00f6r sk\u00f6na promenader l\u00e4ngs strandpromenaden eller lugna dagar p\u00e5 stranden.<\/p>\n<p>\u00c4ven om turismen \u00e4r en betydande del av Sanremos ekonomi, \u00e4r staden ocks\u00e5 erk\u00e4nd f\u00f6r sin utm\u00e4rkta jordbruksverksamhet. Extra virgin olivolja, en mycket uppskattad produkt i omr\u00e5det, har uppn\u00e5tt den prestigefyllda beteckningen Denominazione di Origine Protetta (DOP). Denna ursprungsbeteckning garanterar att olivoljan som produceras i Sanremo och dess omgivningar uppfyller str\u00e4nga kvalitetskrav och uppr\u00e4tth\u00e5ller traditionella produktionsmetoder. Den gyllene gr\u00f6na v\u00e4tskan exemplifierar regionens frodiga land och gynnsamma klimat, vilket g\u00f6r den till en st\u00f6ttepelare i det lokala k\u00f6ket och en eftertraktad export.<\/p>\n<p>Sanremos beteckning som &#034;Blommornas stad&#034; (la Citt\u00e0 dei Fiori) utg\u00f6r en grundl\u00e4ggande aspekt av dess ekonomi och kulturella karakt\u00e4r. Staden och dess n\u00e4rliggande regioner, som Arma di Taggia, Bordighera och Ospedaletti, har historiskt sett varit ledande inom blomsterodling f\u00f6r den globala marknaden. Det tempererade klimatet och kunniga lokala tr\u00e4dg\u00e5rdsodlare har fr\u00e4mjat en milj\u00f6 som fr\u00e4mjar spridningen av m\u00e5ngfaldig, levande flora \u00e5ret runt. Blomster\u00f6verfl\u00f6det f\u00f6rst\u00e4rker stadens natursk\u00f6na attraktionskraft och st\u00e4rker en v\u00e4lm\u00e5ende verksamhet som avsev\u00e4rt bidrar till den lokala ekonomin.<\/p>\n<p>Stadens engagemang f\u00f6r kultur och underh\u00e5llning syns i dess otaliga arenor och evenemang. Municipal Casino, ett arkitektoniskt m\u00e4sterverk byggt 1905, exemplifierar jugendarkitektur. Dess raffinerade exteri\u00f6r och p\u00e5kostade interi\u00f6rer f\u00f6rdjupar bes\u00f6karna i en tidigare epok av elegans och sofistikering. Ut\u00f6ver sina spelbord fungerar kasinot som ett kulturellt nav som presenterar en m\u00e4ngd olika evenemang och f\u00f6rest\u00e4llningar \u00e5rligen.<\/p>\n<p>Ariston Theatre \u00e4r en viktig plats f\u00f6r entusiaster av scenkonst. Denna uppskattade anl\u00e4ggning har ett anm\u00e4rkningsv\u00e4rt \u00e5rligt schema med konserter, operor och dramatiska f\u00f6rest\u00e4llningar. Teatern \u00e4r kopplad till Sanremo Music Festival, en av Italiens mest uppskattade musikfestivaler. \u00c5rligen f\u00f6renar festivalen b\u00e5de k\u00e4nda och kommande artister och presenterar det finaste av italiensk och v\u00e4rldsomsp\u00e4nnande musik.<\/p>\n<p>Musik\u00e4lskare kommer att uppskatta inkluderingen av Sanremo Symphony Orchestra, en av bara tolv statligt sanktionerade orkestrar i Italien. Orkestern presenterar cirka 120 f\u00f6rest\u00e4llningar varje \u00e5r, vilket f\u00f6rh\u00f6jer stadens kulturlandskap med klassisk storhet. M\u00e5nga konserter \u00e4ger rum p\u00e5 Opera Theatre of the Municipal Casino, som erbjuder en idealisk blandning av musik och arkitektonisk storhet.<\/p>\n<p>Sanremos lockelse g\u00e5r ut\u00f6ver dess kulturella bidrag f\u00f6r att omfatta sportens omr\u00e5de, s\u00e4rskilt cykling. Staden fungerar som slutpunkten f\u00f6r cykelklassikern Milano-San Remo, en av de mest uppskattade endags professionella cykelevenemangen globalt. Detta lopp, kallat &#034;La Primavera&#034; (V\u00e5ren), lockar elitcyklister och cykelfans \u00f6ver hela v\u00e4rlden, vilket f\u00f6rst\u00e4rker Sanremos framtr\u00e4dande plats p\u00e5 den globala scenen.<\/p>\n<p>Tillg\u00e4nglighet \u00e4r ett avg\u00f6rande element i Sanremos attraktionskraft, med flera transitalternativ som l\u00e4nkar det till st\u00f6rre st\u00e4der och angr\u00e4nsande nationer. Motorv\u00e4gen A10, l\u00e4mpligen kallad &#034;Autostrada dei Fiori&#034;, f\u00f6rbinder Sanremo med Genua och Ventimiglia, den senare fungerar som gr\u00e4nsstad mot Frankrike. Denna pittoreska v\u00e4g, med f\u00f6rh\u00f6jda segment och viadukter, ger en fantastisk panoramautsikt \u00f6ver kustlinjen. A10 n\u00e4ra den franska gr\u00e4nsen integreras utan anstr\u00e4ngning med den franska motorv\u00e4gen A8, och blir en del av den europeiska v\u00e4gen E80 och m\u00f6jligg\u00f6r bekv\u00e4m transit mellan Italien och Frankrike.<\/p>\n<p>F\u00f6r personer som f\u00f6redrar alternativa rutter erbjuder SS1 eller &#034;Aurelia Bis&#034; en avgiftsfri genv\u00e4g som l\u00e4nkar Sanremo till Taggia. Den historiska Via Aurelia, l\u00e4ngs med en gammal romersk v\u00e4g, fungerar som den fr\u00e4msta genomfartsleden vid havet. \u00c4ven om stadsk\u00e4rnor kan uppleva tr\u00e4ngsel, ger kustv\u00e4gen en mer avslappnad reseupplevelse.<\/p>\n<p>Kollektivtrafiken best\u00e5r av en trolleybussrutt l\u00e4ngs Via Aurelia, som f\u00f6rbinder Sanremo med Taggia och Ventimiglia. Denna tj\u00e4nst erbjuder en enkel och milj\u00f6m\u00e4ssigt h\u00e5llbar metod f\u00f6r lokalbefolkningen och turister att navigera i de omgivande regionerna.<\/p>\n<p>Sanremo saknar egen flygplats men \u00e4r bekv\u00e4mt bel\u00e4get 45 minuter fr\u00e5n C\u00f4te d&#039;Azur internationella flygplats i Nice, Frankrike. N\u00e4rheten till ett betydande internationellt centrum f\u00f6rst\u00e4rker avsev\u00e4rt Sanremos attraktionskraft som turistort.<\/p>\n<p>Stadens j\u00e4rnv\u00e4gsinfrastruktur har f\u00f6rb\u00e4ttrats avsev\u00e4rt de senaste \u00e5ren. Den antika kustt\u00e5glinjen, k\u00e4nd f\u00f6r sin hisnande havsutsikt, har ersatts av ett mer \u00e4ndam\u00e5lsenligt underjordiskt sp\u00e5r. Denna f\u00f6rb\u00e4ttring har p\u00e5skyndat restiden till framst\u00e5ende st\u00e4der som Imperia, Genua, Nice, Milano, Turin och Rom. Flytten av Sanremos t\u00e5gstation i anslutning till stadshuset har f\u00f6rb\u00e4ttrat stadens stadsdesign.<\/p>\n<p>Sanremo har framg\u00e5ngsrikt omvandlat sin tidigare j\u00e4rnv\u00e4gslinje till en tilltalande cykelv\u00e4g och g\u00e5ngzon, vilket \u00e4r ett exempel p\u00e5 stadsutveckling. Denna 24 kilometer l\u00e5nga rutt, som str\u00e4cker sig fr\u00e5n Ospedaletti i v\u00e4ster till San Lorenzo al Mare i \u00f6ster, ger inv\u00e5nare och turister ett distinkt s\u00e4tt att korsa kustlinjen. Denna ombyggda j\u00e4rnv\u00e4gslinje har blivit en popul\u00e4r attraktion, med m\u00e5nga cykeluthyrningskiosker l\u00e4ngs v\u00e4gen och olika str\u00e4nder tillg\u00e4ngliga i b\u00e5da riktningarna, som integrerar fitness, n\u00f6je och visuell sk\u00f6nhet.<\/p>","protected":false},"excerpt":{"rendered":"<p>Sanremo, ibland kallad San Remo, \u00e4r en f\u00f6rtrollande kustkommun som ligger l\u00e4ngs Medelhavskusten i Ligurien i norra Italien. Denna charmiga stad, med en befolkning p\u00e5 55 000, har vuxit fram som ett popul\u00e4rt turistm\u00e5l p\u00e5 den italienska rivieran. Sanremos omfattande historia h\u00e4rstammar fr\u00e5n romartiden, och genom \u00e5ren har det utvecklats till ett dynamiskt kulturellt centrum, som h\u00e5ller en m\u00e4ngd evenemang som lockar m\u00e4nniskor globalt.<\/p>","protected":false},"author":1,"featured_media":11753,"parent":11663,"menu_order":0,"comment_status":"closed","ping_status":"closed","template":"elementor_theme","meta":{"_eb_attr":"","footnotes":""},"class_list":["post-11747","page","type-page","status-publish","has-post-thumbnail"],"_links":{"self":[{"href":"https:\/\/travelshelper.com\/sv\/wp-json\/wp\/v2\/pages\/11747","targetHints":{"allow":["GET"]}}],"collection":[{"href":"https:\/\/travelshelper.com\/sv\/wp-json\/wp\/v2\/pages"}],"about":[{"href":"https:\/\/travelshelper.com\/sv\/wp-json\/wp\/v2\/types\/page"}],"author":[{"embeddable":true,"href":"https:\/\/travelshelper.com\/sv\/wp-json\/wp\/v2\/users\/1"}],"replies":[{"embeddable":true,"href":"https:\/\/travelshelper.com\/sv\/wp-json\/wp\/v2\/comments?post=11747"}],"version-history":[{"count":0,"href":"https:\/\/travelshelper.com\/sv\/wp-json\/wp\/v2\/pages\/11747\/revisions"}],"up":[{"embeddable":true,"href":"https:\/\/travelshelper.com\/sv\/wp-json\/wp\/v2\/pages\/11663"}],"wp:featuredmedia":[{"embeddable":true,"href":"https:\/\/travelshelper.com\/sv\/wp-json\/wp\/v2\/media\/11753"}],"wp:attachment":[{"href":"https:\/\/travelshelper.com\/sv\/wp-json\/wp\/v2\/media?parent=11747"}],"curies":[{"name":"wp","href":"https:\/\/api.w.org\/{rel}","templated":true}]}}