{"id":11663,"date":"2024-09-13T15:44:11","date_gmt":"2024-09-13T15:44:11","guid":{"rendered":"https:\/\/travelshelper.com\/staging\/?page_id=11663"},"modified":"2026-03-12T16:03:56","modified_gmt":"2026-03-12T16:03:56","slug":"italy","status":"publish","type":"page","link":"https:\/\/travelshelper.com\/sv\/destinations\/europe\/italy\/","title":{"rendered":"Italien"},"content":{"rendered":"<p>Italien, som ligger i s\u00f6dra och v\u00e4stra Europa, har en befolkning p\u00e5 n\u00e4stan 60 miljoner, vilket g\u00f6r det till den tredje mest befolkade medlemsstaten i Europeiska unionen. Denna st\u00f6velformade halv\u00f6 sticker ut i Medelhavet, med de magnifika alperna som avgr\u00e4nsar dess norra gr\u00e4ns. Nationens territorium omfattar flera \u00f6ar, inklusive Sicilien och Sardinien. Italien, som omfattar en storlek p\u00e5 301 340 kvadratkilometer, \u00e4r det tionde st\u00f6rsta landet i Europa. Den delar gr\u00e4nser med Frankrike, Schweiz, \u00d6sterrike och Slovenien och inkluderar tv\u00e5 suver\u00e4na enklaver: Vatikanstaten och San Marino. Rom, huvudstaden och den st\u00f6rsta staden, exemplifierar nationens djupa historia och kulturella betydelse. Ytterligare framst\u00e5ende stadsnav \u00e4r Milano, Neapel, Turin, Florens och Venedig, som var och en f\u00f6rst\u00e4rker Italiens m\u00e5ngfacetterade landskap av konst, kultur och innovation.<\/p>\n<p>Den italienska halv\u00f6n har fungerat som en f\u00f6delseplats f\u00f6r civilisationen under antiken, med plats f\u00f6r m\u00e5nga antika folk och kulturer. Rom, som f\u00f6rst etablerades som ett kungarike, f\u00f6rvandlades till en formidabel republik som till slut dominerade och styrde Medelhavsomr\u00e5det som ett imperium i \u00e5rhundraden. Eran av romersk \u00f6verh\u00f6ghet p\u00e5verkade djupt den v\u00e4sterl\u00e4ndska kulturen, formade spr\u00e5k, lagar, arkitektur och administration \u00f6ver hela Europa och utanf\u00f6r. Med spridningen av kristendomen framstod Rom som epicentrum f\u00f6r den katolska kyrkan och p\u00e5ved\u00f6met, vilket bef\u00e4ste dess betydelse i globala fr\u00e5gor.<\/p>\n<p>Nedg\u00e5ngen av det v\u00e4stromerska riket under tidig medeltid inledde en period av betydande omvandling f\u00f6r Italien. Halv\u00f6n hade invandring fr\u00e5n germanska stammar, vilket f\u00f6r\u00e4ndrade dess kulturella och politiska milj\u00f6. P\u00e5 1000-talet s\u00e5g Italien ett \u00e5terupplivande n\u00e4r stadsstater och sj\u00f6fartsrepubliker ut\u00f6kade sin makt. Denna period bevittnade framv\u00e4xten av modern kapitalism, n\u00e4r italienska k\u00f6pm\u00e4n och bankirer f\u00f6rnyade ekonomiska system som skulle p\u00e5verka v\u00e4rldshandelns framtid.<\/p>\n<p>Den italienska ren\u00e4ssansen, en tid av anm\u00e4rkningsv\u00e4rda kulturella och intellektuella prestationer, blomstrade under 1400- och 1500-talen. Denna blomstrande era av konst, litteratur och vetenskapliga utforskningar genomsyrade Europa och formade den v\u00e4sterl\u00e4ndska civilisationens utveckling. Italienska uppt\u00e4cktsresande, som Christopher Columbus och Amerigo Vespucci, var avg\u00f6rande i den europeiska uppt\u00e4ckts\u00e5ldern, genom att etablera nya handelsv\u00e4gar till Fj\u00e4rran \u00d6stern och kartl\u00e4gga Amerika. Dessa expeditioner breddade inte bara den geografiska f\u00f6rst\u00e5elsen utan lanserade ocks\u00e5 en ny epok av globalt engagemang och utbyte.<\/p>\n<p>Trots dessa prestationer h\u00f6ll Italiens politiska landskap kvar i sin fragmentering i \u00e5rtionden. Konkurrensen och oenigheten mellan stadsstater hindrade etableringen av ett sammanh\u00e5llet land, vilket resulterade i en fragmenterad halv\u00f6 som var k\u00e4nslig f\u00f6r yttre p\u00e5verkan. Fr\u00e5nvaron av enhet fick avsev\u00e4rda \u00e5terverkningar, eftersom Italiens ekonomiska betydelse minskade under 1600- och 1700-talen, medan andra europeiska nationer steg upp i framtr\u00e4dande plats.<\/p>\n<p>Det italienska f\u00f6reningsprojektet, kallat Risorgimento, accelererade under 1800-talet. Efter decennier av politisk och territoriell fragmentering, uppn\u00e5dde Italien n\u00e4stan total enande 1861. Denna betydelsefulla prestation kom fr\u00e5n kampen f\u00f6r sj\u00e4lvst\u00e4ndighet och den ber\u00f6mda Expeditionen av de tusen, regisserad av Giuseppe Garibaldi. Det nybildade kungariket Italien hade flera hinder i sin str\u00e4van efter en nationell identitet och ekonomisk modernisering.<\/p>\n<p>Mellan slutet av 1800-talet och b\u00f6rjan av 1900-talet hade Italien en snabb industrialisering, s\u00e4rskilt i de nordliga omr\u00e5dena. Denna ekonomiska \u00f6verg\u00e5ng var dock inte konsekvent i hela landet. S\u00f6dern f\u00f6rblev \u00f6verv\u00e4gande utblottad, vilket resulterade i en betydande intern schism och ledde till omfattande emigration till Amerika. Denna exodus skulle f\u00e5 best\u00e5ende effekter p\u00e5 b\u00e5de den italienska kulturen och de nationer som v\u00e4lkomnade dessa invandrare.<\/p>\n<p>Italiens deltagande i internationella strider p\u00e5verkade dess historia under hela 1900-talet. Fr\u00e5n 1915 till 1918 engagerade nationen sig i f\u00f6rsta v\u00e4rldskriget i allians med ententel\u00e4nderna mot centrall\u00e4nderna. Krigets efterdyningar resulterade i social och politisk oro, vilket ledde till bildandet av en fascistisk diktatur under Benito Mussolini 1922. Denna diktatur kopplade samman Italien med Nazityskland under andra v\u00e4rldskriget, f\u00f6rst som medlem av axelmakterna fr\u00e5n 1940 till 1943. Efter Mussolinis bortg\u00e5ng ansl\u00f6t sig Italien till en samverkan med Italien. Allierade under det italienska motst\u00e5ndet och befrielsen av Italien fr\u00e5n 1943 till 1945.<\/p>\n<p>Efterkrigstiden var en avg\u00f6rande tidpunkt f\u00f6r Italien. Monarkin avvecklades och en republik instiftades 1946. Trots krigets skador hade Italien ett betydande ekonomiskt \u00e5teruppsving, ibland kallat det &#034;italienska ekonomiska miraklet&#034;. Denna era av expansion omvandlade nationen till en samtida, industrialiserad stat och en av grundarna av Europeiska ekonomiska gemenskapen, f\u00f6reg\u00e5ngaren till Europeiska unionen.<\/p>\n<p>F\u00f6r n\u00e4rvarande ses Italien som en utvecklad nation med betydande global inverkan. Den har den nionde st\u00f6rsta nominella BNP globalt och hyser den n\u00e4st st\u00f6rsta industrisektorn i Europa. Nationen p\u00e5verkar avsev\u00e4rt regionala och globala fr\u00e5gor och deltar i ekonomiska, milit\u00e4ra, kulturella och diplomatiska str\u00e4vanden. Italien, som en av grundarna av Europeiska unionen, \u00e4r djupt sammanfl\u00e4tad i kontinentens politiska och ekonomiska ramar. Den deltar aktivt i flera internationella organisationer, inklusive NATO, G7 och G20, och visar sitt engagemang f\u00f6r globalt samarbete och tillv\u00e4xt.<\/p>","protected":false},"excerpt":{"rendered":"<p>Italien, som ligger i s\u00f6dra och v\u00e4stra Europa, har en befolkning p\u00e5 n\u00e4stan 60 miljoner, vilket g\u00f6r det till den tredje mest befolkade medlemsstaten i Europeiska unionen. Denna st\u00f6velformade halv\u00f6 sticker ut i Medelhavet, med de magnifika alperna som avgr\u00e4nsar dess norra gr\u00e4ns. Nationens territorium omfattar flera \u00f6ar, inklusive Sicilien och Sardinien. Italien, som omfattar en storlek p\u00e5 301 340 kvadratkilometer, \u00e4r det tionde st\u00f6rsta landet i Europa. Den delar gr\u00e4nser med Frankrike, Schweiz, \u00d6sterrike och Slovenien och inkluderar tv\u00e5 suver\u00e4na enklaver: Vatikanstaten och San Marino. Rom, huvudstaden och den st\u00f6rsta staden, exemplifierar nationens djupa historia och kulturella betydelse. Ytterligare framst\u00e5ende stadsnav \u00e4r Milano, Neapel, Turin, Florens och Venedig, som var och en f\u00f6rst\u00e4rker Italiens m\u00e5ngfacetterade landskap av konst, kultur och innovation.<\/p>","protected":false},"author":1,"featured_media":2856,"parent":24078,"menu_order":0,"comment_status":"closed","ping_status":"closed","template":"elementor_theme","meta":{"_eb_attr":"","footnotes":""},"class_list":["post-11663","page","type-page","status-publish","has-post-thumbnail"],"_links":{"self":[{"href":"https:\/\/travelshelper.com\/sv\/wp-json\/wp\/v2\/pages\/11663","targetHints":{"allow":["GET"]}}],"collection":[{"href":"https:\/\/travelshelper.com\/sv\/wp-json\/wp\/v2\/pages"}],"about":[{"href":"https:\/\/travelshelper.com\/sv\/wp-json\/wp\/v2\/types\/page"}],"author":[{"embeddable":true,"href":"https:\/\/travelshelper.com\/sv\/wp-json\/wp\/v2\/users\/1"}],"replies":[{"embeddable":true,"href":"https:\/\/travelshelper.com\/sv\/wp-json\/wp\/v2\/comments?post=11663"}],"version-history":[{"count":0,"href":"https:\/\/travelshelper.com\/sv\/wp-json\/wp\/v2\/pages\/11663\/revisions"}],"up":[{"embeddable":true,"href":"https:\/\/travelshelper.com\/sv\/wp-json\/wp\/v2\/pages\/24078"}],"wp:featuredmedia":[{"embeddable":true,"href":"https:\/\/travelshelper.com\/sv\/wp-json\/wp\/v2\/media\/2856"}],"wp:attachment":[{"href":"https:\/\/travelshelper.com\/sv\/wp-json\/wp\/v2\/media?parent=11663"}],"curies":[{"name":"wp","href":"https:\/\/api.w.org\/{rel}","templated":true}]}}