{"id":11657,"date":"2024-09-13T15:30:46","date_gmt":"2024-09-13T15:30:46","guid":{"rendered":"https:\/\/travelshelper.com\/staging\/?page_id=11657"},"modified":"2026-03-12T16:14:43","modified_gmt":"2026-03-12T16:14:43","slug":"cork","status":"publish","type":"page","link":"https:\/\/travelshelper.com\/sv\/destinations\/europe\/ireland\/cork\/","title":{"rendered":"Kork"},"content":{"rendered":"<p>Cork, &#034;Rebellstaden&#034;, \u00e4r Irlands n\u00e4st st\u00f6rsta stad med 224 004 inv\u00e5nare enligt folkr\u00e4kningen 2022 och en yta p\u00e5 cirka 37 kvadratkilometer p\u00e5 en \u00f6 som bildas av floden Lee-flodens dubbla kanaler. Bel\u00e4gen i sydv\u00e4stra Irland som residensstad i County Cork, har den en av v\u00e4rldens st\u00f6rsta naturliga hamnar d\u00e4r flodens kajer och dockor rinner \u00f6sterut in i Lough Mahon och Cork Harbour.<\/p>\n<p>Bos\u00e4ttningen som skulle bli Cork \u2013 k\u00e4nd p\u00e5 irl\u00e4ndska som Corcaigh, &#034;k\u00e4rr&#034; \u2013 grundades p\u00e5 500-talet runt ett kloster som grundades av Sankt Fin Barre. Den har sitt ursprung i Lee-flodens b\u00f6rdiga, segelbara delta. Vikingarna utvidgade staden omkring 915 e.Kr., och \u00e5r 1185 beviljade prins Johan Cork dess stadga, vilket upph\u00f6jde staden till stadsstatus under den angevinska kronan. En helt muromg\u00e4rdad medeltida k\u00e4rna v\u00e4xte och fyllde den smala \u00f6n mellan Lees kanaler, av vilka flera senare fylldes igen f\u00f6r att skapa dagens St. Patrick&#039;s Street, South Mall och Grand Parade. De \u00e5terst\u00e5ende kanalerna omfamnar fortfarande stadsk\u00e4rnan, vars pilformade konturer vittnar om dess flodlika f\u00f6rflutna.<\/p>\n<p>Vid 1600-talet blomstrade Cork tack vare sj\u00f6farten, \u00e4ven om den \u00f6kande fartygsstorleken drev hamnaktiviteten nedstr\u00f6ms till Cobh. V\u00e4lm\u00e5ende f\u00f6rorter som Sunday&#039;s Well och Montenotte reste sig p\u00e5 den norra strandens h\u00f6gre terr\u00e4ng, medan ett universitetscampus fr\u00e5n 1800-talet \u2013 University College Cork \u2013 tog form p\u00e5 den s\u00f6dra stranden. Stadens medeltida murar finns endast kvar i fragment runt North och South Main Street, men medvetenheten om kulturarvet lever vidare i landm\u00e4rken som Red Abbey, den enda medeltida kyrkresten, och de tv\u00e5 katedralerna St. Mary&#039;s (den norra katedralen p\u00e5b\u00f6rjades 1808, tornet tillkom p\u00e5 1860-talet) och Saint Fin Barre&#039;s (byggd 1862\u20131879 p\u00e5 tidigare grunder efter ritningar av William Burges).<\/p>\n<p>Corks politiska temperament gav staden epitetet &#034;Rebellstaden&#034; f\u00f6r dess yorkistiska sympatier under Rosornas krig och senare motst\u00e5nd mot det anglo-irl\u00e4ndska f\u00f6rdraget under inb\u00f6rdeskriget, vilket gav upphov till popul\u00e4ra referenser till en &#034;riktig huvudstad&#034; och den fiktiva &#034;Folkrepubliken Cork&#034; genom lokal gatukonst och t-shirts. Dess oberoende anda matchas av en stolthet \u00f6ver distinkta lokala mattraditioner \u2013 crubeens, vom och drisheen som en g\u00e5ng serverades i matst\u00e4llen fr\u00e5n mitten av 1900-talet, som Katty Barrys \u2013 och den sekelgamla English Market, vars t\u00e4ckta st\u00e5nd med fisk, k\u00f6tt, gr\u00f6nsaker och hantverksostar framkallar Corks identitet som en historisk handelshamn. P\u00e5 senare tid har hamnomr\u00e5denas lager \u00e5terf\u00f6tts som Marina Market (\u00f6ppnade september 2020) och, i Ballintemple, Black Market (september 2021), b\u00e5da inomhusmathallar som blandar lokala f\u00f6rs\u00e4ljare med liveevenemang.<\/p>\n<p>Stadens havsklimat k\u00e4nnetecknas av milda temperaturer, riklig nederb\u00f6rd och f\u00f6r\u00e4nderlighet, typiskt f\u00f6r Irlands K\u00f6ppen Cfb-beteckning. H\u00e4rdighetszon 9b r\u00e5der; frost eller sn\u00f6 \u00e4r s\u00e4llsynt i den l\u00e5gl\u00e4nta \u00f6ns centrum. Cork Airports klimatologiska station, p\u00e5 153 m h\u00f6jd n\u00e5gra kilometer s\u00f6der om k\u00e4rnan, registrerar en genomsnittlig \u00e5rlig nederb\u00f6rd p\u00e5 1 239 mm, 218 regndagar (\u00f6ver 0,2 mm), varav 80 \u00f6verstiger 5 mm, tillsammans med 6,5 dagar med hagel och 9,5 dagar med sn\u00f6 eller slask (sn\u00f6 bara tv\u00e5 dagar). Dimma t\u00e4cker staden cirka 97,8 morgnar per \u00e5r, fr\u00e4mst p\u00e5 vintern, men Cork rankas ocks\u00e5 bland Irlands soligaste st\u00e4der med \u00f6ver fyra timmars solsken i genomsnitt och endast 63,7 solfria dagar, fr\u00e4mst mitt i vintern. Tillf\u00e4lliga \u00f6versv\u00e4mningar l\u00e4ngs Lee understryker stadens n\u00e4ra f\u00f6rh\u00e5llande till sina vattenv\u00e4gar.<\/p>\n<p>Kulturlivet i Cork pulserar av kreativitet. Cork School of Music och Crawford College of Art and Design, tillsammans med UCC:s teaterkomponenter, ger n\u00e4ring \u00e5t ett levande konstekosystem. Corcadorca Theatre Company \u2013 en g\u00e5ng hemvist f\u00f6r Cillian Murphy \u2013 delar lokaler med National Institute for Choreography and Dance; det intima Triskel Arts Centre och dess oberoende biograf; dansarenan Firkin Crane; och utbildning vid Cork Academy of Dramatic Art, Montfort College of Performing Arts och Graffiti Theatre Company. \u00c5rliga festivaler \u2013 Cork Jazz Festival, Cork Film Festival och Live at the Marquee \u2013 lockar internationell publik, medan Everyman Palace Theatre och Granary Theatre erbjuder repertoarer \u00e5ret runt.<\/p>\n<p>Musikscenerna har en kapacitet fr\u00e5n femtio till tusen: Cork Opera House, The Everyman, Cork Arts Theatre, Cyprus Avenue, Dali, Triskel Christchurch, The Roundy och Coughlan&#039;s. Bland de inhemska talangerna finns RT\u00c9 Vanbrugh Quartet, rockstj\u00e4rnorna John Spillane och Rory Gallagher, de banbrytande banden Five Go Down to the Sea?, Microdisney, The Frank and Walters, Sultans of Ping och Simple Kid, samt operas\u00e5ngarna Cara O&#039;Sullivan, Mary Hegarty, Brendan Collins och Sam McElroy. Litter\u00e4ra kretsar f\u00f6renas kring Munster Literature Centre och Triskel Arts Centre, som hedrar Cork-borna Frank O&#039;Connor och Se\u00e1n \u00d3 Faol\u00e1in, och som uppr\u00e4tth\u00e5ller r\u00f6ster som Thomas McCarthy, Gerry Murphy och William Wall.<\/p>\n<p>Investeringar i kulturell infrastruktur har omformat staden: moderna utbyggnader av Crawford Municipal Art Gallery, renoveringar av operahuset i b\u00f6rjan av 1900-talet, Lewis Glucksman Gallery vid UCC som \u00f6ppnades 2004 \u2013 nominerad till Storbritanniens Stirlingpris \u2013 och f\u00e4rdigst\u00e4llandet i september 2007 av en musikh\u00f6gskola v\u00e4rd 60 miljoner euro. Corks utn\u00e4mning till europeisk kulturhuvudstad 2005 och dess inkludering i Lonely Planets Best in Travel 2010 \u2013 hyllad som &#034;sofistikerad, livfull och m\u00e5ngsidig&#034; \u2013 vittnar om dess globala status.<\/p>\n<p>Det arkitektoniska arvet \u00f6verbryggar epoker. St. Patrick&#039;s Street \u2013 en g\u00e5ng Lee&#039;s Channel \u2013 slingrar sig under arkader och g\u00e5gator, vars norra \u00e4ndstation markeras av en staty av Father Mathew. P\u00e5 Oliver Plunkett Street st\u00e5r General Post Office med sin kalkstensfasad, bel\u00e4gen p\u00e5 Theatre Royal fr\u00e5n 1760, som byggdes om av Pablo Fanque som en amfiteater 1850 innan den blev nuvarande GPO 1877. Grand Parade, en tr\u00e4dkantad all\u00e9 med kontor och finansinstitut, st\u00e5r i kontrast till den \u00e4ldre South Malls georgianska bankinredning, inklusive Allied Irish Bank-v\u00e4xeln fr\u00e5n 1860-talet. Den moderna silhuetten definieras av County Hall \u2013 en g\u00e5ng Irlands h\u00f6gsta byggnad tills den \u00f6vertr\u00e4ffades av den n\u00e4rliggande Elysian \u2013 och den fantasifulla bronsskulpturen &#034;Cha and Miah&#034;. P\u00e5 andra sidan Lee har Our Lady&#039;s Psychiatric Hospital fr\u00e5n den viktorianska eran \u00e5terf\u00f6tts som Atkins Hall-bost\u00e4der.<\/p>\n<p>P\u00e5 norra sidan dominerar kyrktornet St. Annes kyrka i Shandon \u2013 dess fasader i r\u00f6d sandsten och vit kalksten, t\u00e4ckta av en elva fot h\u00f6g laxf\u00e4rgad v\u00e4derfl\u00f6jel \u2013 och \u00e4r stadens emblem. I n\u00e4rheten ligger Skiddy&#039;s Almshouse, som p\u00e5minner om 1700-talets filantropi. Corks stadshus, som uppf\u00f6rdes p\u00e5 1930-talet som en f\u00f6rsoningsgest f\u00f6r den brittiska regeringen efter Black and Tans &#034;Burning of Cork&#034; 1920, ersatte den hall som f\u00f6rst\u00f6rdes under frihetskriget. Den medborgerliga arkitekturen forts\u00e4tter med tingshuset p\u00e5 Washington Street och Elizabeth Fort, medan kulturella landm\u00e4rken finns i \u00f6verfl\u00f6d i Christ Church (nu Triskel Arts Centre), St Mary&#039;s Dominican Church, UCC:s fyrkantiga gator vid floden, det tidigare kvinnof\u00e4ngelset i Sunday&#039;s Well och den historiska English Market fr\u00e5n 1786 (dess ursprung str\u00e4cker sig tillbaka till 1610).<\/p>\n<p>Gr\u00f6nomr\u00e5den berikar stadslivet: v\u00e4ster om centrum ligger Fitzgerald&#039;s Park, d\u00e4r Cork Public Museum ligger; Bishop Lucey Park bevarar en del av en medeltida mur; fiskesj\u00f6n k\u00e4nd som The Lough och Marina- och Atlantic Pond-korridorerna i Blackrocks utkant \u00e4r popul\u00e4ra f\u00f6r joggare, roddare och cyklister. Sedan 2012 har staden lagt ut cykelbanor och cykelst\u00e4ll i flera lager p\u00e5 gatubilden, och 2014 lanserade An Rothar Nua ett offentligt uthyrningsprogram med 330 cyklar f\u00f6rdelade p\u00e5 31 dockningsstationer.<\/p>\n<p>Corks bryggtradition best\u00e5r trots att Beamish &amp; Crawford-bryggeriet st\u00e4ngde 2009, vars verksamhet flyttade till Murphy&#039;s i Lady&#039;s Well (som nu \u00e4ven brygger Heineken inhemskt). Franciscan Well-bryggeriet, som grundades 1998 och senare f\u00f6rv\u00e4rvades av Coors, forts\u00e4tter med hantverksproduktion.<\/p>\n<p>Transportf\u00f6rbindelser binder Cork till Irland och vidare. Cork Airport, landets n\u00e4st mest trafikerade flygplats, ligger strax s\u00f6der om staden och erbjuder flyg till \u00f6ver fyrtiofem europeiska destinationer. Bus \u00c9ireanns stadslinjer (linjer 201\u2013226) f\u00f6rbinder centrum med f\u00f6rorter, k\u00f6pcentra och universitetsomr\u00e5den, medan tv\u00e5 ringrutter cirklar norrut och s\u00f6derut. Sedan januari 2019 har linje 220 tillhandah\u00e5llit Irlands f\u00f6rsta dygnet runt-buss, som f\u00f6rbinder Ballincollig och Carrigaline varje timme mellan 01:30 och 05:30 och \u00f6kar antalet passagerare med 70 procent under sitt f\u00f6rsta \u00e5r. I oktober 2022 inledde National Transport Authority offentliga samr\u00e5d om BusConnects f\u00f6r Cork och f\u00f6reslog ett dussin korridorer, bussportar, ut\u00f6kade bussfiler och en planerad bytespunkt vid Cork University Hospital som en del av en tredje samr\u00e5dsomg\u00e5ng i november 2023. L\u00e5ngdistansbussar avg\u00e5r fr\u00e5n Parnell Place till Killarney, Waterford, Athlone, Shannon Airport, Limerick, Galway och Dublin, kompletterade av privata operat\u00f6rer Irish Citylink, Aircoach och Dublin Coach.<\/p>\n<p>Sj\u00f6fartstrafiken inkluderar Cross River Ferry mellan Rushbrooke och Passage West, vilket underl\u00e4ttar pendeltrafiken under Jack Lynch-tunneln, och Brittany Ferries billinje fr\u00e5n Ringaskiddy till Roscoff, Frankrike, via Corks hamn sexton kilometer sydost om centrum. V\u00e4gf\u00f6rb\u00e4ttringar fr\u00e5n 1980-talet och fram\u00e5t \u2013 Cork South Link, South Ring-dubbelfilig v\u00e4g, Jack Lynch-tunneln, Kinsale Road-viadukten (2006), f\u00f6rbifarter \u00f6ver N20 och ombyggnaden av Patrick Street, som \u00e4r inriktad p\u00e5 g\u00e5ngtrafik \u2013 ligger l\u00e4ngs motorv\u00e4gen M8 till Dublin.<\/p>\n<p>J\u00e4rnv\u00e4gen definierade en g\u00e5ng Corks transportv\u00e4v, med \u00e5tta stationer som matar lokala och regionala linjer. Idag \u00e4r Kent Station fortfarande navet f\u00f6r Irish Rails timavg\u00e5ngar till Dublin och InterCity-linjer till Killarney, Tralee, Limerick, Ennis och Galway, medan Little Island och Glounthaune betj\u00e4nar f\u00f6rortspendlare och den \u00e5ter\u00f6ppnade Glounthaune\u2013Midleton-linjen (2009). Traditionella sp\u00e5rvagnar \u2013 h\u00e4stdragna 1872 och elektriska fr\u00e5n 1898 till 1931 \u2013 har f\u00e5tt ge vika f\u00f6r moderna sp\u00e5r.<\/p>\n<p>Corks befolkning har \u00f6kat fr\u00e5n 208 669 i folkr\u00e4kningen 2016 till 224 004 \u00e5r 2022 efter gr\u00e4nsutvidgningar som f\u00f6rde st\u00e4der som Blarney inom stadsgr\u00e4nserna, och storstadsregionen Cork har nu \u00f6ver 300 000 inv\u00e5nare. En m\u00e5ngfald av invandrargrupper berikar den sociala strukturen: polacker, britter, litauer, fransm\u00e4n, tyskar, indier, nigerianer, ungrare, slovaker och spanjorer bidrar alla till stadens kosmopolitiska karakt\u00e4r. Kvinnor \u00e4r marginellt fler \u00e4n m\u00e4n, vilket speglar nationella trender men med en mindre skillnad.<\/p>\n<p>Under sitt rykte som &#034;Rebellstaden&#034; f\u00f6rblir Cork en rikt m\u00e5ngsidig urban v\u00e4v \u2013 p\u00e5 en g\u00e5ng medeltida kloster, vikingaf\u00e4stning, georgiansk handelshamn och modern europeisk kulturhuvudstad \u2013 vars flodskurna \u00f6k\u00e4rna och anrika kajer forts\u00e4tter att forma en levande stad som blickar ut mot v\u00e4rlden, \u00e4ven om den v\u00e5rdar sitt starkt oberoende arv.<\/p>","protected":false},"excerpt":{"rendered":"<p>Cork \u00e4r den n\u00e4st st\u00f6rsta staden i Irland och det administrativa centrumet i County Cork, med en befolkning p\u00e5 224 004 enligt 2022 \u00e5rs folkr\u00e4kning. Detta dynamiska storstadsnav, bel\u00e4get i provinsen Munster, \u00e4r den tredje st\u00f6rsta staden p\u00e5 \u00f6n Irland. Stadens s\u00e4rpr\u00e4glade topografi k\u00e4nnetecknas av dess k\u00e4rna, bel\u00e4gen p\u00e5 en \u00f6 skapad av tv\u00e5 kanaler av floden Lee. Dessa kanaler m\u00f6ts vid den \u00f6stra \u00e4nden av staden, d\u00e4r ett omfattande n\u00e4tverk av kajer och hamnar str\u00e4cker sig in i Lough Mahon och Cork Harbour, erk\u00e4nd som en av de st\u00f6rsta naturliga hamnarna globalt.<\/p>","protected":false},"author":1,"featured_media":3992,"parent":11622,"menu_order":0,"comment_status":"closed","ping_status":"closed","template":"elementor_theme","meta":{"_eb_attr":"","footnotes":""},"class_list":["post-11657","page","type-page","status-publish","has-post-thumbnail"],"_links":{"self":[{"href":"https:\/\/travelshelper.com\/sv\/wp-json\/wp\/v2\/pages\/11657","targetHints":{"allow":["GET"]}}],"collection":[{"href":"https:\/\/travelshelper.com\/sv\/wp-json\/wp\/v2\/pages"}],"about":[{"href":"https:\/\/travelshelper.com\/sv\/wp-json\/wp\/v2\/types\/page"}],"author":[{"embeddable":true,"href":"https:\/\/travelshelper.com\/sv\/wp-json\/wp\/v2\/users\/1"}],"replies":[{"embeddable":true,"href":"https:\/\/travelshelper.com\/sv\/wp-json\/wp\/v2\/comments?post=11657"}],"version-history":[{"count":0,"href":"https:\/\/travelshelper.com\/sv\/wp-json\/wp\/v2\/pages\/11657\/revisions"}],"up":[{"embeddable":true,"href":"https:\/\/travelshelper.com\/sv\/wp-json\/wp\/v2\/pages\/11622"}],"wp:featuredmedia":[{"embeddable":true,"href":"https:\/\/travelshelper.com\/sv\/wp-json\/wp\/v2\/media\/3992"}],"wp:attachment":[{"href":"https:\/\/travelshelper.com\/sv\/wp-json\/wp\/v2\/media?parent=11657"}],"curies":[{"name":"wp","href":"https:\/\/api.w.org\/{rel}","templated":true}]}}