{"id":10220,"date":"2024-09-09T21:31:18","date_gmt":"2024-09-09T21:31:18","guid":{"rendered":"https:\/\/travelshelper.com\/staging\/?page_id=10220"},"modified":"2026-03-13T21:26:57","modified_gmt":"2026-03-13T21:26:57","slug":"alice-springs","status":"publish","type":"page","link":"https:\/\/travelshelper.com\/sv\/destinations\/australia-and-oceania\/australia\/alice-springs\/","title":{"rendered":"Alice Springs"},"content":{"rendered":"<p>Alice Springs \u00e4r en liten stad i hj\u00e4rtat av Australien. Befolkningen \u00e4r bara cirka 34 000 (30 628 \u00e5r 2021, 33 990 \u00e5r 2024). Ungef\u00e4r en femtedel av inv\u00e5narna identifierar sig som aboriginer eller Torres Strait Islander. Stadens ekonomi \u00e5terspeglar dess roll som ett regionalt nav: Northern Territory-regeringen \u00e4r den enskilt st\u00f6rsta arbetsgivaren (ungef\u00e4r 8 % av jobben), och utbildning och h\u00e4lsov\u00e5rd syssels\u00e4tter vardera cirka 7 % av arbetskraften. Turism \u00e4r ocks\u00e5 betydande (cirka 4 % av jobben), eftersom Alice Springs tillhandah\u00e5ller de viktigaste tj\u00e4nsterna f\u00f6r bes\u00f6kare till Red Centre. Sammantaget \u00e4r det en serviceinriktad ekonomi: detaljhandel, hotell och restaurang samt offentlig f\u00f6rvaltning dominerar. Trots sitt avl\u00e4gsna l\u00e4ge har Alice moderna bekv\u00e4mligheter: den ligger p\u00e5 en h\u00f6jd av cirka 545 m, s\u00e5 \u00e4ven om somrarna \u00e4r extremt varma (upp till 45 \u00b0C) kan n\u00e4tterna svalna m\u00e4rkbart, och frost \u00e4r inte ok\u00e4nt p\u00e5 vintern. Befolkningen \u00f6kar n\u00e5got n\u00e4r h\u00e4ndelser intr\u00e4ffar, men Alice f\u00f6rblir alltid en lugn vildmarksstad.<\/p>\n<p>Alice Springs ligger n\u00e4stan i Australiens geografiska centrum. Det ligger i Northern Territory, l\u00e4ngs den vanligtvis torra Todd River, en biflod till Finke (\u00e4ven kallad Lhere Mparnte). Staden ligger ungef\u00e4r lika l\u00e5ngt fr\u00e5n Darwin och Adelaide, cirka 1500 km fr\u00e5n vardera. Den ligger p\u00e5 cirka 578 m h\u00f6jd, p\u00e5 en sl\u00e4tt omgiven av ur\u00e5ldriga kullar. I v\u00e4ster och \u00f6ster reser sig MacDonnell Ranges, en serie r\u00f6dockrakullar som ramar in landskapet. En av stadens ber\u00f6mda utsiktspunkter \u00e4r Anzac Hill, som reser sig \u00f6ver centrum. Klimatet \u00e4r \u00f6kenliknande: vintrarna \u00e4r milda till svala (natttemperaturer kan n\u00e4rma sig fryspunkten), medan somrarna \u00e4r mycket varma (dagtid \u00f6ver 40\u00b0C \u00e4r vanligt). Nederb\u00f6rden \u00e4r knapp (n\u00e5gra hundra millimeter per \u00e5r som mest), mestadels i sommar\u00e5skv\u00e4der. Den omgivande terr\u00e4ngen \u2013 klassisk centralaustralisk r\u00f6d\u00f6ken \u2013 \u00e4r bestr\u00f6dd med spinifexgr\u00e4s, sp\u00f6kgummier, ockraf\u00e4rgade klippor och kortlivade vattenh\u00e5l. Himlen \u00e4r stor och klar: Alice Springs har i genomsnitt \u00f6ver 300 soldagar per \u00e5r, vilket g\u00f6r natthimlen spektakul\u00e4r.<\/p>\n<p>L\u00e5ngt f\u00f6re den europeiska bos\u00e4ttningen var omr\u00e5det runt Alice Springs (k\u00e4nt som Mparntwe p\u00e5 det lokala arrernte-spr\u00e5ket) hem f\u00f6r aboriginer i tiotusentals \u00e5r. I slutet av 1800-talet, efter att uppt\u00e4cktsresande hade kartlagt inlandet, byggdes Overland Telegraph Line (f\u00e4rdigst\u00e4lldes 1872). Alice Springs v\u00e4xte runt en av repeaterstationerna p\u00e5 den linjen, som vidarebefordrade meddelanden mellan Adelaide och Darwin. Stationen l\u00e5g n\u00e4ra en permanent k\u00e4lla (d\u00e4rav namnet &#034;Alice Springs&#034;, uppkallat av Charles Todd efter sin fru). Den lokala bos\u00e4ttningen kallades ursprungligen &#034;Stuart&#034; efter uppt\u00e4cktsresanden John McDouall Stuart, men den d\u00f6ptes officiellt om till Alice Springs 1933. J\u00e4rnv\u00e4gen n\u00e5dde Alice 1929, och f\u00f6rband den med j\u00e4rnv\u00e4g till Adelaide och gav ny tillv\u00e4xt. Under andra v\u00e4rldskriget var Alice Springs en viktig mellanstation (dess j\u00e4rnv\u00e4gsknutpunkt och l\u00e4ger betj\u00e4nade trupper som flyttade norrut). Efter kriget \u00e5tergick det till en lugn takt, gradvis utvecklad infrastruktur och etablerad turisttj\u00e4nster. Viktiga datum inkluderar telegramstationen 1872, Northern Territorys utn\u00e4mning till delstat 1911 och \u00f6ppnandet av v\u00e4gen (Stuart Highway) och j\u00e4rnv\u00e4gsf\u00f6rbindelsen som slutf\u00f6rde dess f\u00f6rbindelser. Idag syns Alices ursprung i dess kulturminnesm\u00e4rkta byggnader, och dess historia hedras p\u00e5 Old Telegraph Station Historical Reserve.<\/p>\n<p>Alice Springs k\u00e4nns som sj\u00e4len i outbacken. B\u00e5de aboriginska och europeiska kulturer blandas h\u00e4r. Engelska talas av n\u00e4stan alla, men cirka 21 % av inv\u00e5narna i Alice Springs kommun identifierar sig som aboriginer eller Torres Strait Islander, fr\u00e4mst Arrernte-folket. Aboriginsk konst och musik \u00e4r framtr\u00e4dande: lokala gallerier visar ofta livfulla prickm\u00e5lningar och snidade artefakter. Livet \u00e4r avslappnat; m\u00e4nniskor h\u00e4lsar varandra med en nick eller ett handslag, och att r\u00f6ka en cigarett vid v\u00e4gen eller smutta p\u00e5 te p\u00e5 ett kaf\u00e9 kan l\u00e4tt f\u00f6rvandlas till en l\u00e4ngre pratstund. Det torra \u00f6kenklimatet fr\u00e4mjar utomhusliv \u2013 kv\u00e4llarna kan inneh\u00e5lla familjer runt en l\u00e4gereld under stj\u00e4rnorna. Staden \u00e4r v\u00e4rd f\u00f6r n\u00e5gra av Australiens mest s\u00e4regna festivaler. Varje juli h\u00e5lls Camel Cup, d\u00e4r kameler t\u00e4vlar p\u00e5 en bana vid kappl\u00f6pningsbanan. I augusti \u00e4r Todd Malls flodb\u00e4dd v\u00e4rd f\u00f6r sin \u00e5rliga Henley-on-Todd Regatta, d\u00e4r &#034;b\u00e5tar&#034; p\u00e5 hjul k\u00f6rs genom den torra flodb\u00e4dden. Andra evenemang (som Parrtjima-ljusfestivalen och en m\u00f6ssafestival) firar b\u00e5de inhemsk konst och gr\u00e4nskitsch. Dessa festivaler, \u00e4ven om de \u00e4r lekfulla, \u00e5terspeglar den lokala andan: samh\u00e4llsorienterade, kreativa och motst\u00e5ndskraftiga. I vardagen kan lokalbefolkningen vara i varselv\u00e4star och arbeta med byggnation, eller cowboyhattar och sk\u00f6ta boskapen. Servicepersonalen l\u00e4r sig ofta n\u00e5gra Arrernte-ord som ett tecken p\u00e5 artighet. Alice har sm\u00e5stadsg\u00e4stfrihet \u2013 alla k\u00e4nner s\u00e5 sm\u00e5ningom till varandras namn \u2013 i kombination med en h\u00e4lsosam dragning av individualism och sj\u00e4lvst\u00e4ndighet. Man h\u00f6r ibland unik lokal slang (&#034;arvo&#034; f\u00f6r eftermiddag, &#034;inga dramer&#034; f\u00f6r inga problem) och ett godmodigt retsamt sk\u00e4mt (kamratskap) som k\u00e4nnetecknar den australiska informella kulturen.<\/p>\n<p>Alice Springs erbjuder en blandning av kulturella sev\u00e4rdheter och vild natur. Inne i staden \u00e4r Alice Springs Desert Park ett m\u00e5ste att bes\u00f6ka. Denna prisbel\u00f6nta park t\u00e4cker 1 300 hektar \u00f6kenmilj\u00f6 och visar upp inhemska v\u00e4xter, nattdjur och aboriginsk kultur. Bes\u00f6kare kan vandra genom \u00e5terskapade \u00f6kenmilj\u00f6er, se k\u00e4ngurur och emuer p\u00e5 n\u00e4ra h\u00e5ll och delta i en daglig frittflygande rovf\u00e5gelshow. I n\u00e4rheten ligger den historiska Old Alice Springs Telegraph Station, den ursprungliga repeaterplatsen fr\u00e5n 1872, som ber\u00e4ttar historien om det tidiga livet i outbacken. F\u00f6r utsikt erbjuder Anzac Hill (n\u00e5dd via v\u00e4g) en solnedg\u00e5ngspanorama \u00f6ver staden och omgivande bergskedjor.<\/p>\n<p>Utanf\u00f6r staden lockar naturen. West MacDonnell Ranges ligger strax v\u00e4ster om Alice Springs, en serie karga kullar och smala raviner som lyser r\u00f6tt vid soluppg\u00e5ngen. Ett bes\u00f6k i Simpsons Gap eller Standley Chasm ger upplevelsen av att vandra mellan h\u00f6ga klippv\u00e4ggar som skyddar permanenta vattenh\u00e5l. L\u00e4ngre v\u00e4sterut erbjuder Ormiston Gorge och Glen Helen Gorge svalkande dammar i torrt landskap. I \u00f6ster presenterar Emily och Jessie Gaps h\u00f6ga klippor med aboriginsk h\u00e4llristning. Sj\u00e4lva avl\u00e4gsenheten \u00e4r en attraktion: bara att k\u00f6ra Stuart Highway norrut eller s\u00f6derut fr\u00e5n Alice \u00e4r ett m\u00f6te med o\u00e4ndliga horisonter och (om det \u00e4r r\u00e4tt tajmat) utsikt \u00f6ver k\u00e4ngurur i gryningen. Turer utanf\u00f6r staden till ikoniska platser som Uluru-Kata Tjuta och Kings Canyon avg\u00e5r ocks\u00e5 fr\u00e5n Alice Springs, vilket g\u00f6r det till den vanliga basen f\u00f6r att utforska Red Centres underverk. P\u00e5 natten avsl\u00f6jar Outbacks vidstr\u00e4ckta himmel, fri fr\u00e5n ljusf\u00f6roreningar, Vintergatan i spektakul\u00e4r klarhet \u2013 en p\u00e5minnelse om de urgamla kulturer som f\u00f6rst tolkade dessa konstellationer.<\/p>\n<p>Alice Springs n\u00e5s b\u00e4st med flyg eller bil. Alice Springs Airport (ASP) har regelbundna flyg till och fr\u00e5n Darwin, Adelaide och ibland Sydney eller Melbourne. P\u00e5 v\u00e4g g\u00e5r Stuart Highway norrut till Darwin och s\u00f6derut till Adelaide; dessa resor tar m\u00e5nga timmar (eller dagar) att k\u00f6ra. V\u00e4l i stan \u00e4r allt ganska kompakt: de flesta bes\u00f6kare anv\u00e4nder hyrbilar eller turistbussar. Det finns ett litet n\u00e4tverk av lokala bussar, men en bil rekommenderas. De ber\u00f6mda kamelerna i staden anv\u00e4nds fortfarande mest f\u00f6r turistturer, inte f\u00f6r transport.<\/p>\n<p>Lokala seder \u00e4r enkla. Valutan \u00e4r australiska dollar, och engelska anv\u00e4nds allm\u00e4nt. Standard australisk etikett g\u00e4ller: m\u00e4nniskor \u00e4r i allm\u00e4nhet informella men artiga \u2013 de anv\u00e4nder f\u00f6rnamn (eller &#034;Sir\/Ma&#039;am&#034; i en butik) och sk\u00e4mtar v\u00e4nligt. S\u00e4kerheten \u00e4r bra, men kom ih\u00e5g att det \u00e4r \u00f6knen: ta alltid med vatten n\u00e4r du reser, undvik att vandra ensam under middagsv\u00e4rmen och k\u00f6r f\u00f6rsiktigt (vilda djur kan dyka upp p\u00e5 vildmarksv\u00e4gar i skymningen). Solskydd (hatt, solskyddsmedel) och rikligt med dricksvatten \u00e4r viktigt, eftersom UV-indexet \u00e4r h\u00f6gt \u00e5ret runt. Respekt f\u00f6r aboriginsk kultur \u00e4r viktigt (m\u00e5nga traditionella \u00e4gare bor fortfarande i och runt Alice Springs); om du bes\u00f6ker platser med ursprungsbefolkningen, f\u00f6lj lokala riktlinjer. Sammantaget, med r\u00e4tt f\u00f6rberedelse och en k\u00e4nsla av \u00e4ventyr, kommer bes\u00f6kare att tycka att Alice Springs \u00e4r en of\u00f6rgl\u00f6mlig ink\u00f6rsport till Australiens dramatiska inland.<\/p>","protected":false},"excerpt":{"rendered":"<p>Alice Springs, ibland k\u00e4nt som Mparntwe p\u00e5 \u00f6stra Arrernte, ligger i det norra territoriet i Australien och \u00e4r en fascinerande stad full av kulturellt v\u00e4rde. Efter Darwin och Palmerston utg\u00f6r denna strategiskt placerade stad, n\u00e4stan lika l\u00e5ngt fr\u00e5n Adelaide och Darwin, den tredje st\u00f6rsta bos\u00e4ttningen i omr\u00e5det. Lantm\u00e4taren William Whitfield Mills till\u00e4gnade denna ovanliga stad till Alice, Lady Todd, hustru till telegrafpionj\u00e4ren Sir Charles Todd.<\/p>","protected":false},"author":1,"featured_media":3256,"parent":9806,"menu_order":0,"comment_status":"closed","ping_status":"closed","template":"elementor_theme","meta":{"_eb_attr":"","footnotes":""},"class_list":["post-10220","page","type-page","status-publish","has-post-thumbnail"],"_links":{"self":[{"href":"https:\/\/travelshelper.com\/sv\/wp-json\/wp\/v2\/pages\/10220","targetHints":{"allow":["GET"]}}],"collection":[{"href":"https:\/\/travelshelper.com\/sv\/wp-json\/wp\/v2\/pages"}],"about":[{"href":"https:\/\/travelshelper.com\/sv\/wp-json\/wp\/v2\/types\/page"}],"author":[{"embeddable":true,"href":"https:\/\/travelshelper.com\/sv\/wp-json\/wp\/v2\/users\/1"}],"replies":[{"embeddable":true,"href":"https:\/\/travelshelper.com\/sv\/wp-json\/wp\/v2\/comments?post=10220"}],"version-history":[{"count":0,"href":"https:\/\/travelshelper.com\/sv\/wp-json\/wp\/v2\/pages\/10220\/revisions"}],"up":[{"embeddable":true,"href":"https:\/\/travelshelper.com\/sv\/wp-json\/wp\/v2\/pages\/9806"}],"wp:featuredmedia":[{"embeddable":true,"href":"https:\/\/travelshelper.com\/sv\/wp-json\/wp\/v2\/media\/3256"}],"wp:attachment":[{"href":"https:\/\/travelshelper.com\/sv\/wp-json\/wp\/v2\/media?parent=10220"}],"curies":[{"name":"wp","href":"https:\/\/api.w.org\/{rel}","templated":true}]}}