{"id":9800,"date":"2024-09-08T23:47:48","date_gmt":"2024-09-08T23:47:48","guid":{"rendered":"https:\/\/travelshelper.com\/staging\/?page_id=9800"},"modified":"2026-03-13T22:57:40","modified_gmt":"2026-03-13T22:57:40","slug":"suva","status":"publish","type":"page","link":"https:\/\/travelshelper.com\/sr\/destinations\/australia-and-oceania\/fiji\/suva\/","title":{"rendered":"Suva"},"content":{"rendered":"<p>Suva je glavni i najve\u0107i grad Fid\u017eija. Funkcioni\u0161e kao centralno sredi\u0161te najve\u0107eg metropolitanskog regiona u zemlji i posluje kao njena glavna luka. Suva, koja se nalazi na jugoisto\u010dnoj obali Viti Levua, najve\u0107eg ostrva Fid\u017eija, nalazi se u provinciji Reva u Centralnoj diviziji. Ovaj grad predstavlja kombinaciju istorijskog zna\u010daja i savremene vitalnosti, \u0161to ga \u010dini klju\u010dnim mestom u Ju\u017enom Pacifiku.<\/p>\n<p>Imenovanje Suve za glavni grad Fid\u017eija po\u010delo je 1877. godine, nakon njenog preseljenja iz Levuke, koja je u tom periodu bila glavno evropsko kolonijalno naselje. Geografska ograni\u010denja Levuke, sme\u0161tena izme\u0111u strmih planina i mora, \u010dinila su \u0161irenje neprakti\u010dnim. Godine 1882, administracija je zvani\u010dno preneta u Suvu, \u010dime je zapo\u010dela njena uloga centra upravljanja i razvoja na Fid\u017eiju.<\/p>\n<p>Prema popisu iz 2017. godine, broj stanovnika Suve je bio 93.970. Metropolitanski region, zajedno sa svojim autonomnim predgra\u0111ima, imao je 185.913 stanovnika. Gradsko stanovni\u0161tvo, kada se sabere sa susednim gradovima Lami, Nasinu i Nausori, dosti\u017ee pribli\u017eno 330.000, \u0161to \u010dini preko jedne tre\u0107ine ukupnog stanovni\u0161tva Fid\u017eija. Urbani kompleks poznat kao koridor Suva-Nausori isti\u010de zna\u010daj Suve kao centralnog \u010dvori\u0161ta unutar urbanog okvira Fid\u017eija.<\/p>\n<p>Suva slu\u017ei i kao politi\u010dki centar i kao ekonomska i kulturna prestonica Fid\u017eija. Grad slu\u017ei kao glavna lokacija za regionalna sedi\u0161ta brojnih me\u0111unarodnih korporacija, agencija i diplomatskih misija. Grad se odlikuje \u017eivopisnom umetno\u0161\u0107u i scenskim performansima i dobija priznanje kao modna prestonica Ju\u017enog Pacifika. Istorijska mesta koja isti\u010du kolonijalno nasle\u0111e Suve, kao \u0161to su Karnegi biblioteka grada Suva i vladin kompleks, unapre\u0111uju kulturno okru\u017eenje grada.<\/p>\n<p>Suva se nalazi na brdovitom poluostrvu koje okru\u017euje luku, pored zaliva Laukala i luke Suva. Planine na severu i zapadu presretaju jugoisto\u010dne pasate, \u0161to rezultira konstantno vla\u017enom klimom tokom cele godine. Uprkos blizini okeana, obala Suve odlikuje se mangrovskom vegetacijom, a Pacifi\u010dka luka je najbli\u017ea pla\u017ea. Karakteristi\u010dan geografski kontekst poja\u010dava privla\u010dnost i identitet Suve.<\/p>\n<p>Suva se odlikuje raznovrsnim kulturnim sastavom, koji prete\u017eno \u010dine starosedela\u010dki Fid\u017eijanci i Indofid\u017eijanci. Grad je doma\u0107in nizu etni\u010dkih manjina, kao \u0161to su Rotumani, Lauanci, Evropljani i Kinezi. Jezi\u010dka raznolikost u Suvi je o\u010digledna, sa engleskim, fid\u017eijskim i fid\u017eijskim hindijem kao dominantnim jezicima.<\/p>\n<p>Grad slu\u017ei kao zna\u010dajan obrazovni centar, u kome se nalazi glavni kampus Univerziteta Ju\u017enog Pacifika (USP). Ova institucija privla\u010di studente iz razli\u010ditih pacifi\u010dkih regiona, \u010dime se unapre\u0111uje kulturna raznolikost Suve. Muzej Fid\u017eija, sme\u0161ten u Terston Gardensu, pru\u017ea pregled bogate istorije i kulture Fid\u017eija, sadr\u017ee\u0107i najve\u0107u kolekciju fid\u017eijskih artefakata na svetu.<\/p>\n<p>Pojava savremenih tr\u017enih centara poput tr\u017enog centra Suva Central i TappooCity, koji gradu daju modernu estetiku, karakteri\u0161e urbani pejza\u017e Suve kao kontinuirano stanje evolucije. Integracija ovih razvojnih projekata sa tradicionalnim tr\u017enim zonama poput ulice Cumming stvara spoj istorijskih i savremenih elemenata, doprinose\u0107i statusu Suve kao dinami\u010dnog i sofisticiranog urbanog centra.<\/p>","protected":false},"excerpt":{"rendered":"<p>Suva je glavni i najve\u0107i grad Fid\u017eija. Funkcioni\u0161e kao centralno sredi\u0161te najve\u0107eg metropolitanskog regiona u zemlji i posluje kao njena glavna luka. Suva, koja se nalazi na jugoisto\u010dnoj obali Viti Levua, najve\u0107eg ostrva Fid\u017eija, nalazi se u provinciji Reva u Centralnoj diviziji. Ovaj grad predstavlja kombinaciju istorijskog zna\u010daja i savremene vitalnosti, \u0161to ga \u010dini klju\u010dnim mestom u Ju\u017enom Pacifiku.<\/p>","protected":false},"author":1,"featured_media":3855,"parent":9785,"menu_order":0,"comment_status":"closed","ping_status":"closed","template":"elementor_theme","meta":{"_eb_attr":"","footnotes":""},"class_list":["post-9800","page","type-page","status-publish","has-post-thumbnail"],"_links":{"self":[{"href":"https:\/\/travelshelper.com\/sr\/wp-json\/wp\/v2\/pages\/9800","targetHints":{"allow":["GET"]}}],"collection":[{"href":"https:\/\/travelshelper.com\/sr\/wp-json\/wp\/v2\/pages"}],"about":[{"href":"https:\/\/travelshelper.com\/sr\/wp-json\/wp\/v2\/types\/page"}],"author":[{"embeddable":true,"href":"https:\/\/travelshelper.com\/sr\/wp-json\/wp\/v2\/users\/1"}],"replies":[{"embeddable":true,"href":"https:\/\/travelshelper.com\/sr\/wp-json\/wp\/v2\/comments?post=9800"}],"version-history":[{"count":0,"href":"https:\/\/travelshelper.com\/sr\/wp-json\/wp\/v2\/pages\/9800\/revisions"}],"up":[{"embeddable":true,"href":"https:\/\/travelshelper.com\/sr\/wp-json\/wp\/v2\/pages\/9785"}],"wp:featuredmedia":[{"embeddable":true,"href":"https:\/\/travelshelper.com\/sr\/wp-json\/wp\/v2\/media\/3855"}],"wp:attachment":[{"href":"https:\/\/travelshelper.com\/sr\/wp-json\/wp\/v2\/media?parent=9800"}],"curies":[{"name":"wp","href":"https:\/\/api.w.org\/{rel}","templated":true}]}}