{"id":9779,"date":"2024-09-08T23:26:08","date_gmt":"2024-09-08T23:26:08","guid":{"rendered":"https:\/\/travelshelper.com\/staging\/?page_id=9779"},"modified":"2026-03-13T23:07:55","modified_gmt":"2026-03-13T23:07:55","slug":"honiara","status":"publish","type":"page","link":"https:\/\/travelshelper.com\/sr\/destinations\/australia-and-oceania\/solomon-islands\/honiara\/","title":{"rendered":"Honiara"},"content":{"rendered":"<p>Honijara, u\u017eurbani glavni grad Solomonskih Ostrva, nalazi se na severnoj obali Gvadalkanala. Glavni grad Solomonskih Ostrva, Honijara, poznat je po svojoj bogatoj pro\u0161losti i raznovrsnoj kulturi. Trenutno ima 92.344 stanovnika. Ovaj energi\u010dni grad je vrtlog aktivnosti sa jedinstvenom me\u0161avinom istorijske vrednosti i modernog \u0161irenja.<\/p>\n<p>Strate\u0161ki pozicionirana du\u017e autoputa Kukum, Honijara je lako dostupna avionom i brodom. Va\u017ena doma\u0107a i me\u0111unarodna transportna \u010dvori\u0161ta koja omogu\u0107avaju protok ljudi i proizvoda uklju\u010duju Me\u0111unarodni aerodrom Honijara i morsku luku Point Kruz. Grad, uspostavljen kao glavni grad 1983. godine, mo\u017ee se pohvaliti metropolitanskom podru\u010djem od 22 kvadratna kilometra. Sada je Honijara glavni grad provincije Gvadalkanal i poseduje autonomiju provincije.<\/p>\n<p>Va\u017eni istorijski doga\u0111aji \u2013 posebno Drugi svetski rat \u2013 nepovratno su oblikovali istoriju Honijare. Tokom kampanje na Gvadalkanalu, posebno bitke kod Hendersonovog polja 1942. godine, isto\u010dno podru\u010dje aerodroma grada bilo je vitalno mesto. Ameri\u010dke i japanske trupe su se u\u010destvovale u ovoj borbi, a prve su pobedile. Kao prekretnica koja je kona\u010dno rezultirala trijumfom saveznika, ova pobeda je bila klju\u010dna u pacifi\u010dkom delu rata.<\/p>\n<p>Nakon rata, uloga Honijare se promenila kada je postala novo administrativno sedi\u0161te britanskog protektorata Solomonskih Ostrva 1952. godine. Izgradnja nekoliko vladinih zgrada naglasila je ovu promenu i ubrzala rast stanovni\u0161tva i razvoj op\u0161tine.<\/p>\n<p>Honijara se suo\u010dila sa mnogim izazovima uprkos svom \u0161irenju, uklju\u010duju\u0107i politi\u010dke nemire i etni\u010dko nasilje. Po\u010detkom 2000-ih i krajem 1990-ih bili su donekle turbulentni. Naizmeni\u010dno predstavljaju\u0107i etni\u010dke Malaitance i stanovnike Gvadalkanala, Malaita Igl Fors (MEF) i Isatabu Floedom Mre\u017ea (IFM) upustili su se u smrtonosne bitke nakon poku\u0161aja pu\u010da u junu 2000. godine. Iako je mirovni sporazum postignut u oktobru 2000. godine, nasilje je ponovo izbilo u martu 2002. godine, kada su poginula dva novozelandska diplomate, kao i mnogi drugi.<\/p>\n<p>Situacija se znatno pogor\u0161ala do jula 2003. godine; stoga je vlada Solomonskih Ostrva zatra\u017eila od Regionalne misije pomo\u0107i Solomonskim Ostrvima (RAMSI) da pomogne u obnavljanju mira. Ova misija, koja je uklju\u010divala niz pacifi\u010dkih zemalja i Australiju kao vo\u0111u misije, bila je klju\u010dna u obnavljanju regionalne stabilnosti.<\/p>\n<p>Nakon imenovanja Snajdera Rinija za premijera, Honijara je 2006. godine do\u017eivela jo\u0161 jedan period previranja. Izbili su neredi, uni\u0161tili delove Kineske \u010detvrti i ostavili oko 1.000 kineskih stanovnika bez krova nad glavom. Turizam je glavni sektor za grad i ostrva; stoga su ovi doga\u0111aji imali veliki uticaj na njega.<\/p>\n<p>Ve\u0107ina vladinih zgrada i institucija Solomonskih Ostrva sme\u0161tena je u Honiari. Nacionalni parlament, Koled\u017e visokog obrazovanja Solomonskih Ostrva i kampus Univerziteta Ju\u017enog Pacifika na Solomonskim Ostrvima nalaze se u gradu. Va\u017ene kulturne i komercijalne atrakcije su tako\u0111e nacionalni muzej i prometna pijaca Honiara.<\/p>\n<p>Isto\u010dna Honiara, Centralna Honiara i Zapadna Honiara su tri parlamentarna mesta. Honiara ima tri parlamentarne izborne jedinice: Me\u0111u \u0161est u zemlji sa bira\u010dkim telima od preko 10.000 ljudi, ova mesta odra\u017eavaju politi\u010dki zna\u010daj grada.<\/p>\n<p>Iako su zastupljene mnoge druge religije, versko okru\u017eenje Honijare je u su\u0161tini hri\u0161\u0107ansko. Izme\u0111u ostalog, u gradu se nalazi sedi\u0161te Rimokatoli\u010dke nadbiskupije Honijare, Evangelisti\u010dke crkve Ju\u017enih mora, Ujedinjene crkve, Crkve provincije Melanezije (anglikanske) i Adventisti\u010dke crkve sedmog dana. Ova raznolikost odra\u017eava \u0161ire kulturno tkivo Solomonskih Ostrva, koje kombinuje moderne i tradicionalne aspekte.<\/p>","protected":false},"excerpt":{"rendered":"<p>Honijara, u\u017eurbani glavni grad Solomonskih Ostrva, nalazi se na severnoj obali Gvadalkanala. Glavni grad Solomonskih Ostrva, Honijara, poznat je po svojoj bogatoj pro\u0161losti i raznovrsnoj kulturi. Trenutno ima 92.344 stanovnika. Ovaj energi\u010dni grad je vrtlog aktivnosti sa jedinstvenom me\u0161avinom istorijske vrednosti i modernog \u0161irenja.<\/p>","protected":false},"author":1,"featured_media":3238,"parent":9773,"menu_order":0,"comment_status":"closed","ping_status":"closed","template":"elementor_theme","meta":{"_eb_attr":"","footnotes":""},"class_list":["post-9779","page","type-page","status-publish","has-post-thumbnail"],"_links":{"self":[{"href":"https:\/\/travelshelper.com\/sr\/wp-json\/wp\/v2\/pages\/9779","targetHints":{"allow":["GET"]}}],"collection":[{"href":"https:\/\/travelshelper.com\/sr\/wp-json\/wp\/v2\/pages"}],"about":[{"href":"https:\/\/travelshelper.com\/sr\/wp-json\/wp\/v2\/types\/page"}],"author":[{"embeddable":true,"href":"https:\/\/travelshelper.com\/sr\/wp-json\/wp\/v2\/users\/1"}],"replies":[{"embeddable":true,"href":"https:\/\/travelshelper.com\/sr\/wp-json\/wp\/v2\/comments?post=9779"}],"version-history":[{"count":0,"href":"https:\/\/travelshelper.com\/sr\/wp-json\/wp\/v2\/pages\/9779\/revisions"}],"up":[{"embeddable":true,"href":"https:\/\/travelshelper.com\/sr\/wp-json\/wp\/v2\/pages\/9773"}],"wp:featuredmedia":[{"embeddable":true,"href":"https:\/\/travelshelper.com\/sr\/wp-json\/wp\/v2\/media\/3238"}],"wp:attachment":[{"href":"https:\/\/travelshelper.com\/sr\/wp-json\/wp\/v2\/media?parent=9779"}],"curies":[{"name":"wp","href":"https:\/\/api.w.org\/{rel}","templated":true}]}}