{"id":9773,"date":"2024-09-08T23:18:28","date_gmt":"2024-09-08T23:18:28","guid":{"rendered":"https:\/\/travelshelper.com\/staging\/?page_id=9773"},"modified":"2026-03-13T23:08:16","modified_gmt":"2026-03-13T23:08:16","slug":"solomonska-ostrva","status":"publish","type":"page","link":"https:\/\/travelshelper.com\/sr\/destinations\/australia-and-oceania\/solomon-islands\/","title":{"rendered":"Solomonska Ostrva"},"content":{"rendered":"<p>Solomonska Ostrva, ponekad poznata kao Solomonova Ostrva, su prelepa zemlja koja se nalazi u srcu Melanezije, dela ve\u0107eg regiona Okeanije severoisto\u010dno od Australije. Ovaj arhipelag, koji se sastoji od 21 zna\u010dajnog ostrva sa povr\u0161inom ve\u0107om od 100 kvadratnih kilometara po ostrvu, obuhvata Gvadalkanal, Malaitu, Makiru i Santa Izabel. Pored ovih ogromnih kopnenih masa, Solomonska Ostrva su okru\u017eena sa oko 900 manjih ostrva, stvaraju\u0107i tako bogatu i slo\u017eenu tapiseriju kopna i mora. Od Papue Nove Gvineje na zapadu, Australije na jugozapadu, Nove Kaledonije i Vanuatua na jugoistoku, Fid\u017eija, Valisa i Futune i Tuvalua na istoku, Solomonska Ostrva su geografski blizu mnogih drugih nacija, uklju\u010duju\u0107i Nauru i Federativne Dr\u017eave Mikronezije na severu.<\/p>\n<p>Sa ukupnom povr\u0161inom od 28.896 kvadratnih kilometara (11.157 kvadratnih milja), Solomonova Ostrva projektuju 734.887 stanovnika od sredine 2023. godine. Sme\u0161tena na najve\u0107em ostrvu, Gvadalkanalu, Honijara, glavni grad, je politi\u010dki i ekonomski centar zemlje. Naziv \u201eSolomonska Ostrva\u201c opisuje ceo arhipelag Solomonskih Ostrva, koji obuhvata autonomnu regiju Bugenvil, trenutno deo Papue Nove Gvineje, ali isklju\u010duje ostrva Santa Kruz.<\/p>\n<p>Izme\u0111u 30.000 i 28.800 godina pre nove ere, ljudi su po\u010deli da \u017eive na ovim ostrvima; mnogi talasi migracije doprineli su stvaranju genetske me\u0161avine koja danas defini\u0161e autohtono stanovni\u0161tvo. Me\u0111u ovim prvim imigrantima bili su Lapita, poznati po svojim jedinstvenim ve\u0161tinama grn\u010darstva i jedrenja\u0161tva, koji su doprineli definisanju kulturne scene ostrva.<\/p>\n<p>\u0160panski istra\u017eiva\u010d Alvaro de Mendanja stigao je na Solomonova Ostrva prvi me\u0111u Evropljanima 1568. godine. Mendanja nije imenovao ostrva; drugi koji su pisali o njegovom otkri\u0107u po\u010deli su da ih nazivaju \u201eSolomonovim Ostrvima\u201c. Mendanja je ponovo oti\u0161ao na ostrva 1595. godine, a zatim je 1606. godine stigla jo\u0161 jedna \u0161panska ekspedicija koju je predvodio portugalski moreplovac Pedro Fernandes de Keiros.<\/p>\n<p>Ostrva su imala veoma o\u010digledan strate\u0161ki zna\u010daj tokom Drugog svetskog rata. Kampanja na Solomonskim Ostrvima, koja se odvijala od 1942. do 1945. godine, bila je klju\u010dni skup sukoba izme\u0111u savezni\u010dkih snaga - uglavnom iz Sjedinjenih Dr\u017eava i Britanske imperije - i Japanskog carstva. Posebno je bitka za Gvadalkanal bila prekretnica na pacifi\u010dkom rati\u0161tu, jer su \u017eestoke borbe istakle vitalni zna\u010daj ostrva u ratu.<\/p>\n<p>Ju\u017ena Solomonova Ostrva postala su britanski protektorat u junu 1893. godine pod kapetanom Herbertom Gibsonom sa broda HMS Curacoa. Kolonijalna era je ovde po\u010dela i trajala do sredine dvadesetog veka. Pribli\u017eavaju\u0107i se samoupravi, britanska vlada je 1975. godine promenila svoje zvani\u010dno ime iz \u201eBritanski protektorat Solomonovih Ostrva\u201c u \u201eSolomonska Ostrva\u201c. Ovaj proces je kulminirao 1976. godine kada su ostrva stekla samoupravu; naknadna kona\u010dna nezavisnost do\u0161la je 1978. godine. Nakon \u0161to su stekla nezavisnost, nacija je usvojila ime \u201eSolomonska Ostrva\u201c, izbacila je odre\u0111eni \u010dlan i postala poznata kao ustavna monarhija.<\/p>\n<p>Solomonova Ostrva danas priznaju \u010carlsa III za svog kralja; kralja lokalno predstavlja generalni guverner izabran na preporuku premijera. Iako ostrvima daje sopstveni nacionalni identitet, ovaj politi\u010dki okvir priznaje njihove istorijske veze sa britanskom krunom. Oslanjaju\u0107i se na svoju bogatu istoriju, raznolike kulture i vitalnu lokaciju na Tihom okeanu, Solomonova Ostrva se i dalje suo\u010davaju sa savremenim izazovima i mogu\u0107nostima.<\/p>","protected":false},"excerpt":{"rendered":"<p>Solomonska Ostrva, ponekad poznata kao Solomonova Ostrva, su prelepa zemlja koja se nalazi u srcu Melanezije, dela ve\u0107eg regiona Okeanije severoisto\u010dno od Australije. Ovaj arhipelag, koji se sastoji od 21 zna\u010dajnog ostrva sa povr\u0161inom ve\u0107om od 100 kvadratnih kilometara po ostrvu, obuhvata Gvadalkanal, Malaitu, Makiru i Santa Izabel. Pored ovih ogromnih kopnenih masa, Solomonska Ostrva su okru\u017eena sa oko 900 manjih ostrva, stvaraju\u0107i tako bogatu i slo\u017eenu tapiseriju kopna i mora. Od Papue Nove Gvineje na zapadu, Australije na jugozapadu, Nove Kaledonije i Vanuatua na jugoistoku, Fid\u017eija, Valisa i Futune i Tuvalua na istoku, Solomonska Ostrva su geografski blizu mnogih drugih nacija, uklju\u010duju\u0107i Nauru i Federativne Dr\u017eave Mikronezije na severu.<\/p>","protected":false},"author":1,"featured_media":2859,"parent":24105,"menu_order":0,"comment_status":"closed","ping_status":"closed","template":"elementor_theme","meta":{"_eb_attr":"","footnotes":""},"class_list":["post-9773","page","type-page","status-publish","has-post-thumbnail"],"_links":{"self":[{"href":"https:\/\/travelshelper.com\/sr\/wp-json\/wp\/v2\/pages\/9773","targetHints":{"allow":["GET"]}}],"collection":[{"href":"https:\/\/travelshelper.com\/sr\/wp-json\/wp\/v2\/pages"}],"about":[{"href":"https:\/\/travelshelper.com\/sr\/wp-json\/wp\/v2\/types\/page"}],"author":[{"embeddable":true,"href":"https:\/\/travelshelper.com\/sr\/wp-json\/wp\/v2\/users\/1"}],"replies":[{"embeddable":true,"href":"https:\/\/travelshelper.com\/sr\/wp-json\/wp\/v2\/comments?post=9773"}],"version-history":[{"count":0,"href":"https:\/\/travelshelper.com\/sr\/wp-json\/wp\/v2\/pages\/9773\/revisions"}],"up":[{"embeddable":true,"href":"https:\/\/travelshelper.com\/sr\/wp-json\/wp\/v2\/pages\/24105"}],"wp:featuredmedia":[{"embeddable":true,"href":"https:\/\/travelshelper.com\/sr\/wp-json\/wp\/v2\/media\/2859"}],"wp:attachment":[{"href":"https:\/\/travelshelper.com\/sr\/wp-json\/wp\/v2\/media?parent=9773"}],"curies":[{"name":"wp","href":"https:\/\/api.w.org\/{rel}","templated":true}]}}