{"id":9755,"date":"2024-09-08T22:52:42","date_gmt":"2024-09-08T22:52:42","guid":{"rendered":"https:\/\/travelshelper.com\/staging\/?page_id=9755"},"modified":"2026-03-13T22:52:29","modified_gmt":"2026-03-13T22:52:29","slug":"kristcerc","status":"publish","type":"page","link":"https:\/\/travelshelper.com\/sr\/destinations\/australia-and-oceania\/new-zealand\/christchurch\/","title":{"rendered":"Krist\u010der\u010d"},"content":{"rendered":"<p>Krajst\u010der\u010d, koji se na maorskom jeziku naziva Otautahi, najve\u0107i je grad na Ju\u017enom ostrvu i drugo najve\u0107e urbano podru\u010dje na Novom Zelandu. Krajst\u010der\u010d, sa oko 396.200 stanovnika, strate\u0161ki je sme\u0161ten u regionu Kenterberi, blizu centra isto\u010dne obale Ju\u017enog ostrva. Ova dinami\u010dna metropola nalazi se na ju\u017enom kraju zaliva Pegaz, okru\u017eena prostranim Tihim okeanom na istoku i drevnim vulkanskim strukturama poluostrva Banks na jugu. Reka Ejvon, ili Otakoro, elegantno se vijuga kroz centar grada, oivi\u010den prostranim gradskim parkovima koji oboga\u0107uju njegov mirni pejza\u017e. Izuzev Port Hilsa, Krajst\u010der\u010d je uglavnom ravan, sa prose\u010dnom nadmorskom visinom od pribli\u017eno 20 metara, \u0161to pobolj\u0161ava njegovu pristupa\u010dnost i privla\u010dnost.<\/p>\n<p>Identitet Krajst\u010der\u010da je duboko povezan sa njegovim engleskim arhitektonskim nasle\u0111em, \u0161to mu je donelo simpati\u010dan nadimak \u201eGrad ba\u0161ta\u201c zbog sli\u010dnosti sa vrtnim gradovima Engleske. Grad ima blagu okeansku klimu, obele\u017eenu umerenim padavinama koje odr\u017eavaju njegove zelene ba\u0161te i parkove.<\/p>\n<p>Istorija Krajst\u010der\u010da je raznolika, a Maori \u017eive u regionu od pribli\u017eno 1250. godine nove ere. U po\u010detku, podru\u010dje se sastojalo od mo\u010dvara i ro\u0161tilja, koje su funkcionisale kao klju\u010dno stani\u0161te za ishranu sa vi\u0161estrukim sezonskim populacijama. Rani Maori su bili lovci na moa, koriste\u0107i priobalne pe\u0107ine za skloni\u0161te i ishranu. Dolazak evropskih doseljenika sredinom devetnaestog veka predstavljao je prekretnicu. Kenterberijsko udru\u017eenje je naru\u010dilo prva \u010detiri broda, prevoze\u0107i kenterberijske hodo\u010dasnike iz Britanije u luku Litelton 1850. godine. Krajst\u010der\u010d je progla\u0161en gradom kraljevskom poveljom 31. jula 1856. godine, \u0161to ga \u010dini najstarijim osnovanim gradom na Novom Zelandu. Po\u010detkom 20. veka do\u0161lo je do industrijalizacije Krajst\u010der\u010da, vo\u0111ene otvaranjem \u017eeleznice Glavne ju\u017ene linije i uspostavljanjem javnog stanovanja, \u0161to je katalizovalo zna\u010dajnu ekonomsku i demografsku ekspanziju.<\/p>\n<p>Krajst\u010der\u010d poseduje sna\u017enu vezu sa svojim engleskim arhitektonskim nasle\u0111em, a istovremeno uklju\u010duje mnoge evropske uticaje, posebno o\u010digledne u njegovim zgradama u neogoti\u010dkom i neod\u017eord\u017eijanskom stilu. Grad slu\u017ei kao centar za scenske umetnosti i intelektualni zna\u010daj, sme\u0161taj institucija poput Univerziteta u Kenterberiju. Krajst\u010der\u010d je bio doma\u0107in raznih velikih sportskih doga\u0111aja, posebno Igara Britanskog komonvelta 1974. godine u posebno izgra\u0111enom parku kraljice Elizabete II. Ozna\u010den kao antarkti\u010dka kapija od 1901. godine, Krajst\u010der\u010d je jedan od pet globalnih gradova koji sme\u0161taju antarkti\u010dke baze podr\u0161ke za razne nacije. Aerodrom Krajst\u010der\u010d u Harvudu, drugi najprometniji aerodrom na Novom Zelandu, funkcioni\u0161e kao su\u0161tinski kanal za lokalna i me\u0111unarodna putovanja.<\/p>\n<p>Krajst\u010der\u010d je do\u017eiveo niz razornih zemljotresa po\u010dev od septembra 2010. godine, a kulminirao je najja\u010dim 22. februara 2011. godine. Zemljotres je doveo do nesre\u0107ne smrti 185 ljudi i naneo veliku \u0161tetu brojnim gra\u0111evinama, uklju\u010duju\u0107i uru\u0161avanje glavnih centralnih gradskih struktura. Grad je zapo\u010deo zna\u010dajan poduhvat obnove i rekonstrukcije. Godine 2019, Krajst\u010der\u010d je do\u017eiveo teroristi\u010dki napad \u010dija su meta bile dve d\u017eamije, razaraju\u0107i incident koji je duboko uticao na zajednicu.<\/p>\n<p>Turizam je od su\u0161tinskog zna\u010daja za ekonomiju Krajst\u010der\u010da. Grad slu\u017ei kao zna\u010dajna me\u0111unarodna kapija, privla\u010de\u0107i turiste koji se upu\u0107uju ka izuzetnim destinacijama Ju\u017enog ostrva, uklju\u010duju\u0107i Nacionalni park Aoraki\/Maunt Kuk, Kvinstaun, Zapadnu obalu i Kaikuru. Krajst\u010der\u010d je zna\u010dajna destinacija, poznata po svojim vrtovima, istorijskoj i kulturnoj istoriji, galerijama, muzejima, slikovitim Port Hilsima i inspirativnim narativima o otpornosti i oporavku nakon zemljotresa. U 2023. godini, turisti\u010dki sektor je \u010dinio 3,7% BDP-a Krajst\u010der\u010da, \u0161to je zna\u010dajan porast u odnosu na 2,1% u 2000. godini. Od 2000. godine, godi\u0161nja stopa rasta BDP-a od turizma u proseku je iznosila 5,9%, \u0161to je neznatno ni\u017ee od nacionalnog proseka od 6,9%. U 2023. godini, dominantna kategorija turisti\u010dke potro\u0161nje bila je prodaja, u ukupnom iznosu od 780 miliona dolara, a zatim putni\u010dki prevoz sa 392,5 miliona dolara.<\/p>","protected":false},"excerpt":{"rendered":"<p>Krajst\u010der\u010d, koji se na maorskom jeziku naziva Otautahi, najve\u0107i je grad na Ju\u017enom ostrvu i drugo najve\u0107e urbano podru\u010dje na Novom Zelandu. Krajst\u010der\u010d, sa oko 396.200 stanovnika, strate\u0161ki je sme\u0161ten u regionu Kenterberi, blizu centra isto\u010dne obale Ju\u017enog ostrva. Ova dinami\u010dna metropola nalazi se na ju\u017enom kraju zaliva Pegaz, okru\u017eena prostranim Tihim okeanom na istoku i drevnim vulkanskim strukturama poluostrva Banks na jugu. Reka Ejvon, ili Otakoro, elegantno se vijuga kroz centar grada, oivi\u010den prostranim gradskim parkovima koji oboga\u0107uju njegov mirni pejza\u017e. Izuzev Port Hilsa, Krajst\u010der\u010d je uglavnom ravan, sa prose\u010dnom nadmorskom visinom od pribli\u017eno 20 metara, \u0161to pobolj\u0161ava njegovu pristupa\u010dnost i privla\u010dnost.<\/p>","protected":false},"author":1,"featured_media":4258,"parent":9692,"menu_order":0,"comment_status":"closed","ping_status":"closed","template":"elementor_theme","meta":{"_eb_attr":"","footnotes":""},"class_list":["post-9755","page","type-page","status-publish","has-post-thumbnail"],"_links":{"self":[{"href":"https:\/\/travelshelper.com\/sr\/wp-json\/wp\/v2\/pages\/9755","targetHints":{"allow":["GET"]}}],"collection":[{"href":"https:\/\/travelshelper.com\/sr\/wp-json\/wp\/v2\/pages"}],"about":[{"href":"https:\/\/travelshelper.com\/sr\/wp-json\/wp\/v2\/types\/page"}],"author":[{"embeddable":true,"href":"https:\/\/travelshelper.com\/sr\/wp-json\/wp\/v2\/users\/1"}],"replies":[{"embeddable":true,"href":"https:\/\/travelshelper.com\/sr\/wp-json\/wp\/v2\/comments?post=9755"}],"version-history":[{"count":0,"href":"https:\/\/travelshelper.com\/sr\/wp-json\/wp\/v2\/pages\/9755\/revisions"}],"up":[{"embeddable":true,"href":"https:\/\/travelshelper.com\/sr\/wp-json\/wp\/v2\/pages\/9692"}],"wp:featuredmedia":[{"embeddable":true,"href":"https:\/\/travelshelper.com\/sr\/wp-json\/wp\/v2\/media\/4258"}],"wp:attachment":[{"href":"https:\/\/travelshelper.com\/sr\/wp-json\/wp\/v2\/media?parent=9755"}],"curies":[{"name":"wp","href":"https:\/\/api.w.org\/{rel}","templated":true}]}}