{"id":9749,"date":"2024-09-08T22:45:39","date_gmt":"2024-09-08T22:45:39","guid":{"rendered":"https:\/\/travelshelper.com\/staging\/?page_id=9749"},"modified":"2026-03-13T23:13:07","modified_gmt":"2026-03-13T23:13:07","slug":"velington","status":"publish","type":"page","link":"https:\/\/travelshelper.com\/sr\/destinations\/australia-and-oceania\/new-zealand\/wellington\/","title":{"rendered":"Velington"},"content":{"rendered":"<p>Velington, \u017eivahna prestonica Novog Zelanda, je mesto gde se zapanjuju\u0107i pejza\u017ei i urbana elegancija besprekorno spajaju. Velington, koji se nalazi na jugozapadnom rubu Severnog ostrva, dobro je pozicioniran izme\u0111u surovog planinskog venca Remutaka i prostranog Kukovog moreuza. Tre\u0107i po veli\u010dini grad na Novom Zelandu, administrativni je centar regiona Velington i najju\u017enija prestonica suverene dr\u017eave na svetu. Velington, sa svojom blagom priobalnom temperaturom, poznat je kao najvetrovitiji grad na svetu; ova osobina defini\u0161e njegovu privla\u010dnost i na\u010din \u017eivota.<\/p>\n<p>Maorska kultura je prili\u010dno sna\u017eno ukorenjena u pro\u0161losti Velingtona. Usna istorija Maora ka\u017ee da je veliki avanturista Kupe pro\u0161ao kroz ovo podru\u010dje oko desetog veka. Maorski ivi su prvi naselili ovo podru\u010dje; Rangitane i Muaupoko, izme\u0111u ostalih. Ali, Musketni ratovi po\u010detkom 19. veka izazvali su velike nemire koji su rezultirali dominacijom severnih ivita poput Te Ati Ave. Raznolika kulturna scena koja defini\u0161e Velington sada je nastala iz ove bogate tapiserije istorije.<\/p>\n<p>Dizajniran od strane kapetana Vilijama Majna Smita, prvog glavnog geodetskog inspektora za Novozelandsku kompaniju Edvarda Vejkfilda, savremeni oblik Velingtona po\u010deo je da dobija oblik 1840. godine. NJegova vizija uklju\u010duje niz povezanih mre\u017enih dizajna koji se prostiru niz nizije i ni\u017ee padine brda. Urbano jezgro Velingtona danas ima oko 215.200 stanovnika; u me\u0111uvremenu, od juna 2023. godine, \u0161iri metropolitanski region - koji obuhvata Donji Hat, Poriruu i Gornji Hat - ima preko 440.900 stanovnika. Velington je glavni grad Novog Zelanda od 1865. godine; njegov polo\u017eaj nije definisan zakonom ve\u0107 konvencijom. Grad je politi\u010dko srce Novog Zelanda jer je doma\u0107in Vrhovnog suda, vlade i parlamenta Novog Zelanda i ve\u0107ine javnih slu\u017ebi.<\/p>\n<p>Ekonomski gledano, Velington je metropola zasnovana na uslugama sa velikim fokusom na finansije, korporativne usluge, vladu i filmski biznis. Smatra se sredi\u0161tem novozelandskog filmskog i sektora specijalnih efekata, a sve vi\u0161e se identifikuje i kao centar informacionih tehnologija i inovacija. Dva javna istra\u017eiva\u010dka univerziteta dodatno doprinose njegovoj poziciji metropole vo\u0111ene znanjem. Me\u0111unarodni aerodrom Velington, tre\u0107i najprometniji aerodrom u zemlji, opslu\u017euje Velington, koji je tako\u0111e zna\u010dajna morska luka koja omogu\u0107ava doma\u0107i i me\u0111unarodni prevoz. \u017delezni\u010dke i autobuske linije koje dose\u017eu obalu Kapiti i Vairarapu, kao i brodovi koji povezuju grad sa Ju\u017enim ostrvom, \u010dine njegov temeljni transportni sistem.<\/p>\n<p>Velington, \u010desto smatran kulturnim centrom Novog Zelanda, mo\u017ee se pohvaliti \u017eivom i raznovrsnom scenom koja je imala uticaj na celu Okeaniju. Zauzeo je \u010detvrto mesto na Globalnoj rang listi pogodnosti za \u017eivot 2021. godine, redovno je me\u0111u najprikladnijim gradovima za \u017eivot na svetu, ravnopravan sa Tokijom. Doj\u010de banka je 2017. i 2018. godine postavila Velington na prvo mesto u svetu, kako po pogodnosti za \u017eivot, tako i po nezaga\u0111enju. Kulturni centri poput Kuba strit i NJutaun, poznati po svojoj kreativnoj domi\u0161ljatosti, istorijskom karakteru i energi\u010dnoj gastronomskoj sceni, proslavljeni su zbog svoje kreativne domi\u0161ljatosti, istorijskog karaktera i energi\u010dne gastronomske scene. Velington, rangiran na 35. mestu u svetu prema Globalnom indeksu finansijskih centara 2021. godine, bio je jedan od vode\u0107ih finansijskih centara u Azijsko-pacifi\u010dkom regionu. Od prosperitetne maorske kolonije do kolonijalnog upori\u0161ta i kona\u010dno australazijske prestonice, grad je do\u017eiveo zapanjuju\u0107i kreativni preporod.<\/p>\n<p>Sa oko 1,3 milijarde novozelandskih dolara godi\u0161nje i 9% ukupnog ekvivalenta zaposlenja sa punim radnim vremenom u Velingtonu koji se pripisuje turizmu, ovaj sektor je prili\u010dno va\u017ean za ekonomiju grada. Sa 3,6 miliona godi\u0161njih poseta, grad je omiljena turisti\u010dka destinacija za Novozelan\u0111ane. Uglavnom iz Australije, me\u0111unarodni gosti preplavljuju Velington provode\u0107i milione no\u0107enja i dolara u gradu. Velington je postao zna\u010dajna turisti\u010dka destinacija zahvaljuju\u0107i velikim delom izgradnji muzeja Te Papa. Turizam Velingtona pozitivno predstavlja grad kao \u201enajkul malu prestonicu na svetu\u201c, a tokom proteklih deset godina, broj no\u0107enja komercijalnih gostiju se zna\u010dajno pove\u0107ao.<\/p>\n<p>Me\u0111u popularnim turisti\u010dkim atrakcijama Velingtona su Muzej Velingtona, Zoolo\u0161ki vrt Velington, Zelandija i prepoznatljiva \u017ei\u010dara Velington. Sa zna\u010dajnim porastom putovanja posade i putnika poslednjih godina, industrija krstarenja je u procvatu. Mala veli\u010dina Velingtona, kulturne atrakcije, nagra\u0111ivani restorani i blizina vladinih kancelarija \u010dine ga savr\u0161enim mestom za konferencijska putovanja, \u0161to godi\u0161nje podsti\u010de lokalnu ekonomiju.<\/p>","protected":false},"excerpt":{"rendered":"<p>Velington, \u017eivahna prestonica Novog Zelanda, je mesto gde se zapanjuju\u0107i pejza\u017ei i urbana elegancija besprekorno spajaju. Velington, koji se nalazi na jugozapadnom rubu Severnog ostrva, dobro je pozicioniran izme\u0111u surovog planinskog venca Remutaka i prostranog Kukovog moreuza. Tre\u0107i po veli\u010dini grad na Novom Zelandu, administrativni je centar regiona Velington i najju\u017enija prestonica suverene dr\u017eave na svetu. Velington, sa svojom blagom priobalnom temperaturom, poznat je kao najvetrovitiji grad na svetu; ova osobina defini\u0161e njegovu privla\u010dnost i na\u010din \u017eivota.<\/p>","protected":false},"author":1,"featured_media":2787,"parent":9692,"menu_order":0,"comment_status":"closed","ping_status":"closed","template":"elementor_theme","meta":{"_eb_attr":"","footnotes":""},"class_list":["post-9749","page","type-page","status-publish","has-post-thumbnail"],"_links":{"self":[{"href":"https:\/\/travelshelper.com\/sr\/wp-json\/wp\/v2\/pages\/9749","targetHints":{"allow":["GET"]}}],"collection":[{"href":"https:\/\/travelshelper.com\/sr\/wp-json\/wp\/v2\/pages"}],"about":[{"href":"https:\/\/travelshelper.com\/sr\/wp-json\/wp\/v2\/types\/page"}],"author":[{"embeddable":true,"href":"https:\/\/travelshelper.com\/sr\/wp-json\/wp\/v2\/users\/1"}],"replies":[{"embeddable":true,"href":"https:\/\/travelshelper.com\/sr\/wp-json\/wp\/v2\/comments?post=9749"}],"version-history":[{"count":0,"href":"https:\/\/travelshelper.com\/sr\/wp-json\/wp\/v2\/pages\/9749\/revisions"}],"up":[{"embeddable":true,"href":"https:\/\/travelshelper.com\/sr\/wp-json\/wp\/v2\/pages\/9692"}],"wp:featuredmedia":[{"embeddable":true,"href":"https:\/\/travelshelper.com\/sr\/wp-json\/wp\/v2\/media\/2787"}],"wp:attachment":[{"href":"https:\/\/travelshelper.com\/sr\/wp-json\/wp\/v2\/media?parent=9749"}],"curies":[{"name":"wp","href":"https:\/\/api.w.org\/{rel}","templated":true}]}}