{"id":9692,"date":"2024-09-08T21:38:41","date_gmt":"2024-09-08T21:38:41","guid":{"rendered":"https:\/\/travelshelper.com\/staging\/?page_id=9692"},"modified":"2026-03-13T23:02:05","modified_gmt":"2026-03-13T23:02:05","slug":"novi-zeland","status":"publish","type":"page","link":"https:\/\/travelshelper.com\/sr\/destinations\/australia-and-oceania\/new-zealand\/","title":{"rendered":"Novi Zeland"},"content":{"rendered":"<p>Novi Zeland, koji se na maorskom jeziku naziva Aotearoa, je intrigantna ostrvska nacija sme\u0161tena u jugozapadnom Tihom okeanu. Poznat je po svojim zadivljuju\u0107im pejza\u017eima i dubokom kulturnom nasle\u0111u. Novi Zeland, koji se sastoji od dve glavne kopnene mase - Severnog ostrva (Te Ika-a-Maui) i Ju\u017enog ostrva (Te Vaipounamu) - i vi\u0161e od 700 manjih ostrva, rangiran je kao \u0161esta najve\u0107a ostrvska nacija po povr\u0161ini. Sme\u0161ten isto\u010dno od Australije preko Tasmanskog mora i ju\u017eno od Nove Kaledonije, Fid\u017eija i Tonge, odlikuje se raznovrsnim pejza\u017eom obele\u017eenim istaknutim planinskim vrhovima, posebno impresivnim Ju\u017enim Alpima. Ova posebna geografija je uglavnom rezultat tektonskog izdizanja i vulkanske aktivnosti koja je oblikovala teren tokom miliona godina.<\/p>\n<p>Glavni grad Novog Zelanda je Velington, iako je Okland najnaseljeniji grad. Ova metropolitanska podru\u010dja su \u017eivi centri kulture i trgovine, otelotvoruju\u0107i dinami\u010dan i rastu\u0107i identitet nacije. Uprkos svom savremenom statusu, Novi Zeland je bio poslednja ve\u0107a kopnena masa koju su naseljavali ljudi. Od 1280. do 1350. godine, polinezijski moreplovci su po\u010deli da naseljavaju ostrva, na kraju negovaju\u0107i jedinstvenu maorsku kulturu koja i danas predstavlja su\u0161tinski aspekt identiteta Novog Zelanda.<\/p>\n<p>Evropsko otkri\u0107e Novog Zelanda zapo\u010delo je sa holandskim avanturistom Abelom Tasmanom 1642. godine, koji je bio prvi Evropljanin koji je posmatrao i dokumentovao ostrva. Tek 1769. godine kapetan D\u017dejms Kuk, britanski istra\u017eiva\u010d, stigao je i kartografisao Novi Zeland, olak\u0161avaju\u0107i kasnije kontakte i kona\u010dnu kolonizaciju. Sporazum iz Vaitangija, potpisan 1840. godine izme\u0111u delegata Ujedinjenog Kraljevstva i poglavica Maora, predstavljao je prekretnicu u istoriji Novog Zelanda. Ovim sporazumom uspostavljena je osnova za britanski suverenitet i stvaranje Krunske kolonije Novi Zeland 1841. godine. Nakon toga, eru su karakterisali sporovi izme\u0111u kolonijalne administracije i plemena Maora, \u0161to je dovelo do otu\u0111enja i prisvajanja zna\u010dajne teritorije Maora.<\/p>\n<p>Napredak Novog Zelanda ka nezavisnosti bio je postepen. Status dominiona je stekao 1907. godine, a potpunu formalnu nezavisnost je stekao 1947. godine, dok je britanski monarh ostao na \u010delu dr\u017eave. Trenutno je Novi Zeland dinami\u010dna i kosmopolitska zemlja sa populacijom od oko 5,25 miliona ljudi. Preovla\u0111uju\u0107e stanovni\u0161tvo je evropskog porekla, pri \u010demu autohtoni Maori \u010dine najve\u0107u manjinsku grupu, a nasledile su ih azijske i pacifi\u010dke manjine. Raznovrstan demografski pejza\u017e se vidi u kulturi Novog Zelanda, koja prete\u017eno poti\u010de od maorskih obi\u010daja i ranih britanskih doseljenika, zajedno sa savremenim uticajima pove\u0107ane imigracije.<\/p>\n<p>Nacija priznaje tri zvani\u010dna jezika: engleski, maorski i novozelandski znakovni jezik, pri \u010demu je engleski dominantni jezik. Novi Zeland, kao napredna nacija, bio je lider u dru\u0161tvenom napretku. Bio je prva nacija koja je uspostavila minimalnu platu i dala pravo glasa \u017eenama. Zemlja konstantno posti\u017ee visoke rangove u globalnim procenama kvaliteta \u017eivota i ljudskih prava i prepoznata je po jednom od najni\u017eih nivoa percipirane korupcije u svetu. Ipak, ona i dalje se bori sa strukturnim razlikama, posebno izme\u0111u svoje maorske i evropske demografije.<\/p>\n<p>Tokom 1980-ih, Novi Zeland je do\u017eiveo zna\u010dajne ekonomske transformacije, prelaze\u0107i iz protekcionisti\u010dke ekonomije u liberalizovanu ekonomiju slobodne trgovine. Sektor usluga dominira nacionalnom ekonomijom, a nasledili su ga industrijski sektor i poljoprivreda. Me\u0111unarodni turizam slu\u017ei kao vitalni izvor prihoda. Novi Zeland je anga\u017eovani u\u010desnik u brojnim me\u0111unarodnim organizacijama, kao \u0161to su Ujedinjene nacije, Komonvelt nacija, ANZUS i Azijsko-pacifi\u010dka ekonomska saradnja. Odr\u017eava zna\u010dajno jake veze sa Sjedinjenim Dr\u017eavama, Ujedinjenim Kraljevstvom i drugim pacifi\u010dkim zemljama, obuhvataju\u0107i prepoznatljiv \u201etranstasmanski\u201c identitet koji deli sa Australijom.<\/p>\n<p>Novi Zeland funkcioni\u0161e u okviru parlamentarnog sistema koji karakteri\u0161e jednodomno zakonodavno telo. Na \u010delu administracije je premijer Kristofer Lakson. Suveren nacije je kralj \u010carls III, koga lokalno predstavlja generalna guvernerka Sindi Kiro. Novi Zeland je podeljen na 11 regionalnih ve\u0107a i 67 teritorijalnih vlasti za lokalnu upravu. Teritorija Novog Zelanda obuhvata ne samo njegova glavna ostrva, ve\u0107 i Tokelau, Kukova ostrva, Niue i zavisno ostrvo Ros na Antarktiku.<\/p>","protected":false},"excerpt":{"rendered":"<p>Novi Zeland, koji se na maorskom jeziku naziva Aotearoa, je intrigantna ostrvska nacija sme\u0161tena u jugozapadnom Tihom okeanu. Poznat je po svojim zadivljuju\u0107im pejza\u017eima i dubokom kulturnom nasle\u0111u. Novi Zeland, koji se sastoji od dve glavne kopnene mase - Severnog ostrva (Te Ika-a-Maui) i Ju\u017enog ostrva (Te Vaipounamu) - i vi\u0161e od 700 manjih ostrva, rangiran je kao \u0161esta najve\u0107a ostrvska nacija po povr\u0161ini. Sme\u0161ten isto\u010dno od Australije preko Tasmanskog mora i ju\u017eno od Nove Kaledonije, Fid\u017eija i Tonge, odlikuje se raznovrsnim pejza\u017eom obele\u017eenim istaknutim planinskim vrhovima, posebno impresivnim Ju\u017enim Alpima. Ova posebna geografija je uglavnom rezultat tektonskog izdizanja i vulkanske aktivnosti koja je oblikovala teren tokom miliona godina.<\/p>","protected":false},"author":1,"featured_media":4203,"parent":24105,"menu_order":0,"comment_status":"closed","ping_status":"closed","template":"elementor_theme","meta":{"_eb_attr":"","footnotes":""},"class_list":["post-9692","page","type-page","status-publish","has-post-thumbnail"],"_links":{"self":[{"href":"https:\/\/travelshelper.com\/sr\/wp-json\/wp\/v2\/pages\/9692","targetHints":{"allow":["GET"]}}],"collection":[{"href":"https:\/\/travelshelper.com\/sr\/wp-json\/wp\/v2\/pages"}],"about":[{"href":"https:\/\/travelshelper.com\/sr\/wp-json\/wp\/v2\/types\/page"}],"author":[{"embeddable":true,"href":"https:\/\/travelshelper.com\/sr\/wp-json\/wp\/v2\/users\/1"}],"replies":[{"embeddable":true,"href":"https:\/\/travelshelper.com\/sr\/wp-json\/wp\/v2\/comments?post=9692"}],"version-history":[{"count":0,"href":"https:\/\/travelshelper.com\/sr\/wp-json\/wp\/v2\/pages\/9692\/revisions"}],"up":[{"embeddable":true,"href":"https:\/\/travelshelper.com\/sr\/wp-json\/wp\/v2\/pages\/24105"}],"wp:featuredmedia":[{"embeddable":true,"href":"https:\/\/travelshelper.com\/sr\/wp-json\/wp\/v2\/media\/4203"}],"wp:attachment":[{"href":"https:\/\/travelshelper.com\/sr\/wp-json\/wp\/v2\/media?parent=9692"}],"curies":[{"name":"wp","href":"https:\/\/api.w.org\/{rel}","templated":true}]}}