{"id":9661,"date":"2024-09-08T21:01:07","date_gmt":"2024-09-08T21:01:07","guid":{"rendered":"https:\/\/travelshelper.com\/staging\/?page_id=9661"},"modified":"2026-03-13T23:10:04","modified_gmt":"2026-03-13T23:10:04","slug":"papua-nova-gvineja","status":"publish","type":"page","link":"https:\/\/travelshelper.com\/sr\/destinations\/australia-and-oceania\/papua-new-guinea\/","title":{"rendered":"Papua Nova Gvineja"},"content":{"rendered":"<p>Papua Nova Gvineja, poznata i kao Nezavisna Dr\u017eava Papua Nova Gvineja, nalazi se u Okeaniji. Zajedno sa isto\u010dnom polovinom ostrva Nova Gvineja, obuhvata nekoliko priobalnih ostrva u Melaneziji, podru\u010dju jugozapadnog Tihog okeana severno od Australije. Strate\u0161ki polo\u017eaj Papue Nove Gvineje stavlja je u blizinu nekoliko zna\u010dajnih suseda: Australije na jugu, Solomonskih Ostrva na istoku i Indonezije na zapadu. Port Moresbi, na ju\u017enoj obali, je glavni grad nacije i centar njene politike i poslovanja.<\/p>\n<p>Papua Nova Gvineja, tre\u0107a najve\u0107a ostrvska nacija na svetu, prostire se na 462.840 kvadratnih kilometara (178.700 kvadratnih milja). Od mangrova i priobalnih pla\u017ea do strmih brda i dubokih ki\u0161nih \u0161uma, mnoga mesta defini\u0161u ovo ogromno podru\u010dje. Osim \u0161to predstavlja zapanjuju\u0107i pejza\u017e, topografija zemlje je klju\u010dna za njenu biolo\u0161ku raznolikost, kao i za njenu kulturnu raznolikost.<\/p>\n<p>Va\u017eni svetski doga\u0111aji i kolonijalni uticaji oblikovali su istoriju Papue kao zemlje. Osamdesetih godina 19. veka, Nema\u010dka Nova Gvineja na severu i Britanska teritorija Papua na jugu razdvojile su zemlju. Nakon Prvog svetskog rata, cela teritorija je do\u0161la pod australijsku kontrolu nakon \u0161to je Teritorija Nove Gvineje osnovana kao misija Lige naroda iz nema\u010dke kolonije. Kao va\u017eno bojno polje, nacija je bila svedok \u017eestokih borbi koje su uticale na njenu savremenu istoriju tokom kampanje na Novoj Gvineji u Drugom svetskom ratu.<\/p>\n<p>Nakon sticanja nezavisnosti 1975. godine, Papua Nova Gvineja je postala zemlja Komonvelta pod vladavinom Elizabete II. Ovaj stav je ostao do njene smrti 2022. godine, kada ju je nasledio \u010carls III. Zbog svoje kolonijalne pro\u0161losti, politi\u010dki sistem i spoljna politika zemlje pokazuju njenu volju da bude glavni u\u010desnik u regionalnim i globalnim doga\u0111ajima.<\/p>\n<p>Jedna od najzna\u010dajnijih karakteristika Papue Nove Gvineje je njena jezi\u010dka raznolikost. Sa 840 poznatih jezika, uklju\u010duju\u0107i engleski, ova zemlja je najjezi\u010dki raznovrsnija na svetu. Ova jezi\u010dka raznolikost je dokaz i kulturne raznolikosti zemlje i istrajnosti njenog autohtonog stanovni\u0161tva. Iako postoji raznolikost, Papua Nova Gvineja je i dalje u su\u0161tini ruralna nacija; jedva 13,25% stanovni\u0161tva je \u017eivelo u gradovima od 2019. godine. \u017divot u tradicionalnim selima poma\u017ee ve\u0107ini stanovni\u0161tva da zadr\u017ei tradicionalni na\u010din \u017eivota koji je od vitalnog zna\u010daja za njihovu dru\u0161tvenu strukturu i identitet.<\/p>\n<p>\u0160to se ti\u010de broja stanovnika, Papua Nova Gvineja se mo\u017ee pohvaliti najve\u0107im brojem stanovnika od svih pacifi\u010dkih ostrvskih dr\u017eava. Prognoze za decembar 2022. godine pokazuju da bi broj stanovnika mogao biti bli\u017ei 17 miliona nego \u0161to je prethodna vladina procena iznosila 9,4 miliona. Ova razlika isti\u010de koliko je izazov prebrojati naciju sa tako raznovrsnom i slo\u017eenom topografijom. Upravljanje resursima i razvoj su u velikoj meri pod uticajem na\u010dina na koji se stanovni\u0161tvo zemlje pove\u0107ava i \u0161iri.<\/p>\n<p>Veliko obilje \u017eivotinja Papue Nove Gvineje je jo\u0161 jedna dobro poznata karakteristika. Neke procene svrstavaju raznovrsne ekosisteme zemlje u dom mnogih neotkrivenih biljnih i \u017eivotinjskih vrsta, \u0161to je \u010dini po\u017eeljnim mestom za biolo\u0161ka istra\u017eivanja i programe za\u0161tite. Ovo prirodno bogatstvo je i korist i problem, jer zahteva pa\u017eljivo upravljanje kako bi se uskladilo ekolo\u0161ko o\u010duvanje sa ekonomskim rastom.<\/p>\n<p>Me\u0111unarodni monetarni fond ocenjuje ekonomiju Papue Nove Gvineje kao ekonomiju u razvoju. Oko \u010detrdeset procenata pojedinaca radi kao poljoprivrednici koji proizvode svoje proizvode za \u017eivotnu sredinu, u su\u0161tini van monetarnog sistema. Posebno priznaju\u0107i i brane\u0107i ovaj tradicionalni na\u010din \u017eivota, Ustav Papue Nove Gvineje nagla\u0161ava vrednost tradicionalnih sela i zajednica kao funkcionalnih dru\u0161tvenih entiteta. Ovo ustavno priznanje podvla\u010di zna\u010daj autohtonih dru\u0161tvenih struktura u stalnom definisanju identiteta i vlade nacije.<\/p>\n<p>Na svetskoj sceni, Papua Nova Gvineja aktivno u\u010destvuje u nekoliko regionalnih i me\u0111unarodnih organizacija. Prvobitno dr\u017eava posmatra\u010d od 1976. godine, podnela je zahtev za punopravno \u010dlanstvo u Udru\u017eenju zemalja Jugoisto\u010dne Azije (ASEAN). Me\u0111u punopravnim \u010dlanicama koje priznaju Pacifi\u010dka zajednica, Forum pacifi\u010dkih ostrva, Komonvelt naroda i Ujedinjene nacije su... Ove veze pokazuju koliko je Papua Nova Gvineja posve\u0107ena regionalnoj saradnji i koliko \u017eeli da uti\u010de na svetske poslove.<\/p>","protected":false},"excerpt":{"rendered":"<p>Papua Nova Gvineja, poznata i kao Nezavisna Dr\u017eava Papua Nova Gvineja, nalazi se u Okeaniji. Zajedno sa isto\u010dnom polovinom ostrva Nova Gvineja, obuhvata nekoliko priobalnih ostrva u Melaneziji, podru\u010dju jugozapadnog Tihog okeana severno od Australije. Strate\u0161ki polo\u017eaj Papue Nove Gvineje stavlja je u blizinu nekoliko zna\u010dajnih suseda: Australije na jugu, Solomonskih Ostrva na istoku i Indonezije na zapadu. Port Moresbi, na ju\u017enoj obali, je glavni grad nacije i centar njene politike i poslovanja.<\/p>","protected":false},"author":1,"featured_media":3890,"parent":24105,"menu_order":0,"comment_status":"closed","ping_status":"closed","template":"elementor_theme","meta":{"_eb_attr":"","footnotes":""},"class_list":["post-9661","page","type-page","status-publish","has-post-thumbnail"],"_links":{"self":[{"href":"https:\/\/travelshelper.com\/sr\/wp-json\/wp\/v2\/pages\/9661","targetHints":{"allow":["GET"]}}],"collection":[{"href":"https:\/\/travelshelper.com\/sr\/wp-json\/wp\/v2\/pages"}],"about":[{"href":"https:\/\/travelshelper.com\/sr\/wp-json\/wp\/v2\/types\/page"}],"author":[{"embeddable":true,"href":"https:\/\/travelshelper.com\/sr\/wp-json\/wp\/v2\/users\/1"}],"replies":[{"embeddable":true,"href":"https:\/\/travelshelper.com\/sr\/wp-json\/wp\/v2\/comments?post=9661"}],"version-history":[{"count":0,"href":"https:\/\/travelshelper.com\/sr\/wp-json\/wp\/v2\/pages\/9661\/revisions"}],"up":[{"embeddable":true,"href":"https:\/\/travelshelper.com\/sr\/wp-json\/wp\/v2\/pages\/24105"}],"wp:featuredmedia":[{"embeddable":true,"href":"https:\/\/travelshelper.com\/sr\/wp-json\/wp\/v2\/media\/3890"}],"wp:attachment":[{"href":"https:\/\/travelshelper.com\/sr\/wp-json\/wp\/v2\/media?parent=9661"}],"curies":[{"name":"wp","href":"https:\/\/api.w.org\/{rel}","templated":true}]}}