{"id":9641,"date":"2024-09-08T20:35:23","date_gmt":"2024-09-08T20:35:23","guid":{"rendered":"https:\/\/travelshelper.com\/staging\/?page_id=9641"},"modified":"2026-03-13T23:10:46","modified_gmt":"2026-03-13T23:10:46","slug":"palau","status":"publish","type":"page","link":"https:\/\/travelshelper.com\/sr\/destinations\/australia-and-oceania\/palau\/","title":{"rendered":"Palau"},"content":{"rendered":"<p>Palau, zvani\u010dno poznat kao Republika Palau, je zadivljuju\u0107a ostrvska nacija sme\u0161tena u podregionu Okeanije u Mikroneziji, u zapadnom Tihom okeanu. Sastoje\u0107i se od oko 340 ostrva, ova \u010darobna republika stvara zapanjuju\u0107i arhipelag koji se prote\u017ee od zapadnog lanca Karolinskih ostrva sa delovima Federativnih Dr\u017eava Mikronezije. Iako mali, Palau je zemlja prepuna prirodnih lepota, istorije i kulture.<\/p>\n<p>Sa 466 kvadratnih kilometara (180 kvadratnih milja), Palau je \u010detvrta najmanja nacija na svetu. Iako mala po povr\u0161ini, ostrva imaju raznovrstan pejza\u017e, od besprekornih pla\u017ea do bogatih tropskih \u0161uma i \u017eivopisnih koralnih grebena. Koror, koji deli isto ime, je najnaseljenije ostrvo i nalazi se na najve\u0107em gradu u zemlji. Unutar dr\u017eave Melekeok, glavni grad Ngerulmud nalazi se na najve\u0107em ostrvu, Babeldaob. Strate\u0161ki polo\u017eaj Palaua postavlja ga blizu brojnih me\u0111unarodnih pomorskih granica; deli ih sa Federativnim Dr\u017eavama Mikronezije na istoku, Indonezijom na jugu i Filipinima na severozapadu.<\/p>\n<p>Palauova istorija je bogata i raznolika koliko i topografija. Prvobitno kolonizovana od strane imigranata iz pomorske jugoisto\u010dne Azije pre otprilike 3.000 godina, prepoznatljiva kulturna tapiserija ostrva Palau poti\u010de od ove rane zajednice. Zahvaljuju\u0107i radu boemskog misionara Pola Klajna, koji je zabele\u017eio ostrva na osnovu pri\u010da brodolomnika Palauanaca koji su stigli do filipinske obale na Samaru, ona su se prvi put pojavila na evropskoj mapi.<\/p>\n<p>Palau se pridru\u017eio \u0160panskim Isto\u010dnim Indijama 1885. godine, \u010dime je zapo\u010deo evropski uticaj. Ali, prema Nema\u010dko-\u0161panskom sporazumu, Nema\u010dka je kupila ostrva od \u0160panije nakon njenog poraza u \u0160pansko-ameri\u010dkom ratu 1898. godine. Tokom ovog perioda, ona su data pod upravu Nema\u010dke Nove Gvineje. Prema Mandatu Lige naroda za Ju\u017ena mora, ostrva su pre\u0161la pod japansku vlast nakon Prvog svetskog rata.<\/p>\n<p>Zbog te\u0161kih sukoba izme\u0111u ameri\u010dkih i japanskih snaga kao dela kampanje na Marijanskim i Palau ostrvima, Drugi svetski rat je doneo ozbiljne sukobe Palauu. Palau se pridru\u017eio povereni\u010dkoj teritoriji Pacifi\u010dkih ostrva pod upravom Sjedinjenih Dr\u017eava 1947. godine tokom Drugog svetskog rata. Palau se na referendumu 1978. godine izjasnio protiv pridru\u017eivanja Federativnim Dr\u017eavama Mikronezije, te je tako 1994. godine postigao potpuni suverenitet u skladu sa Sporazumom o slobodnom udru\u017eivanju sa Sjedinjenim Dr\u017eavama, \u0161to je bio izrazit pomak ka samoopredeljenju.<\/p>\n<p>Palau danas funkcioni\u0161e kao predsedni\u010dka republika u slobodnoj asocijaciji sa Sjedinjenim Dr\u017eavama. Ova veza garantuje da Sjedinjene Dr\u017eave obezbe\u0111uju odbranu, finansije i pristup socijalnim uslugama, stvaraju\u0107i tako stabilno politi\u010dko okru\u017eenje. Dvodomni Nacionalni kongres Palaua ima zakonodavnu vlast i stoga je prili\u010dno va\u017ean u formiranju politika zemlje.<\/p>\n<p>Ekonomski, Palau uglavnom zavisi od ribolova, poljoprivrede za \u017eivotne uslove i turizma. Zadivljuju\u0107a prirodna lepota njegovih ostrva - uklju\u010duju\u0107i mesta za ronjenje svetske klase - privla\u010di turiste iz svih krajeva. Odra\u017eavaju\u0107i vrednost globalnih saveza u odr\u017eavanju ekonomije Palaua, zna\u010dajan deo njegovog bruto nacionalnog proizvoda (BNP) dolazi od strane pomo\u0107i. Zvani\u010dna valuta je ameri\u010dki dolar, \u0161to ja\u010da veze sa ameri\u010dkom ekonomijom.<\/p>\n<p>Mikronezijski, melanezijski, azijski i zapadni elementi obiluju u kulturi Palaua. Etni\u010dki Palauanci \u2014 koji imaju me\u0161ano mikronezijsko, melanezijsko i austronezijsko poreklo \u2014 \u010dine ve\u0107inu stanovni\u0161tva. Jezi\u010dka scena nacije tako\u0111e odra\u017eava ovu raznolikost kultura. Zvani\u010dno engleski i palauanski, deo austronezijske jezi\u010dke porodice, priznati kao regionalni jezici tako\u0111e uklju\u010duju japanski, sonsorole\u0161ki i tobijanski, \u0161to isti\u010de kosmopolitski karakter nacije.<\/p>","protected":false},"excerpt":{"rendered":"<p>Palau, zvani\u010dno poznat kao Republika Palau, je zadivljuju\u0107a ostrvska nacija sme\u0161tena u podregionu Okeanije u Mikroneziji, u zapadnom Tihom okeanu. Sastoje\u0107i se od oko 340 ostrva, ova \u010darobna republika stvara zapanjuju\u0107i arhipelag koji se prote\u017ee od zapadnog lanca Karolinskih ostrva sa delovima Federativnih Dr\u017eava Mikronezije. Iako mali, Palau je zemlja prepuna prirodnih lepota, istorije i kulture.<\/p>","protected":false},"author":1,"featured_media":3589,"parent":24105,"menu_order":0,"comment_status":"closed","ping_status":"closed","template":"elementor_theme","meta":{"_eb_attr":"","footnotes":""},"class_list":["post-9641","page","type-page","status-publish","has-post-thumbnail"],"_links":{"self":[{"href":"https:\/\/travelshelper.com\/sr\/wp-json\/wp\/v2\/pages\/9641","targetHints":{"allow":["GET"]}}],"collection":[{"href":"https:\/\/travelshelper.com\/sr\/wp-json\/wp\/v2\/pages"}],"about":[{"href":"https:\/\/travelshelper.com\/sr\/wp-json\/wp\/v2\/types\/page"}],"author":[{"embeddable":true,"href":"https:\/\/travelshelper.com\/sr\/wp-json\/wp\/v2\/users\/1"}],"replies":[{"embeddable":true,"href":"https:\/\/travelshelper.com\/sr\/wp-json\/wp\/v2\/comments?post=9641"}],"version-history":[{"count":0,"href":"https:\/\/travelshelper.com\/sr\/wp-json\/wp\/v2\/pages\/9641\/revisions"}],"up":[{"embeddable":true,"href":"https:\/\/travelshelper.com\/sr\/wp-json\/wp\/v2\/pages\/24105"}],"wp:featuredmedia":[{"embeddable":true,"href":"https:\/\/travelshelper.com\/sr\/wp-json\/wp\/v2\/media\/3589"}],"wp:attachment":[{"href":"https:\/\/travelshelper.com\/sr\/wp-json\/wp\/v2\/media?parent=9641"}],"curies":[{"name":"wp","href":"https:\/\/api.w.org\/{rel}","templated":true}]}}