{"id":9611,"date":"2024-09-08T19:59:37","date_gmt":"2024-09-08T19:59:37","guid":{"rendered":"https:\/\/travelshelper.com\/staging\/?page_id=9611"},"modified":"2026-03-13T22:56:56","modified_gmt":"2026-03-13T22:56:56","slug":"marsalska-ostrva","status":"publish","type":"page","link":"https:\/\/travelshelper.com\/sr\/destinations\/australia-and-oceania\/marshall-islands\/","title":{"rendered":"Mar\u0161alska Ostrva"},"content":{"rendered":"<p>Mar\u0161alska Ostrva, na mar\u0161alskom jeziku poznata kao \u1e42aje\u1e37, zvani\u010dno poznata kao Republika Mar\u0161alska Ostrva (Aolep\u0101n Aor\u014dkin \u1e42aje\u1e37), su suverena ostrvska dr\u017eava koja se nalazi u regionu Mikronezije u severozapadnom Tihom okeanu. Sme\u0161tena zapadno od Me\u0111unarodne datumske linije i severno od ekvatora, Mar\u0161alska Ostrva su posebna dr\u017eava sa bogatom istorijom i jedinstvenim geografskim karakteristikama. Dr\u017eava se sastoji od 29 koralnih atola i pet ostrva, kategorisanih u dva ostrvska lanca: Ratak na istoku i Ralik na zapadu. Primetno je da 97,87% teritorije dr\u017eave \u010dini voda, \u0161to je \u010dini suverenom dr\u017eavom sa najve\u0107im odnosom vode i kopna.<\/p>\n<p>Mar\u0161alska Ostrva imaju pomorske granice sa vi\u0161e teritorija i dr\u017eava: ostrvom Vejk na severu, Kiribatima na jugoistoku, Nauruom na jugu i Federativnim Dr\u017eavama Mikronezije na zapadu. Mad\u017euro, glavni i najve\u0107i grad, sme\u0161ta oko pedeset procenata stanovni\u0161tva zemlje i funkcioni\u0161e kao politi\u010dki i ekonomski centar.<\/p>\n<p>Istorija Mar\u0161alskih Ostrva je fundamentalno utemeljena u austronezijskim migracijama koje su stigle na ostrva jo\u0161 u drugom milenijumu pre nove ere. Prvi imigranti su doneli useve jugoisto\u010dne Azije kao \u0161to su kokosi, ogromni mo\u010dvarni taro i hlebno drvo, kao i doma\u0107u \u017eivinu, \u010dine\u0107i ostrva trajno nastanjivim. Nekoliko \u0161panskih ekspedicija stiglo je do ostrva sredinom 16. veka; me\u0111utim, \u0161panske galeone su uglavnom plovile pacifi\u010dkim putem dalje na sever, zaobilaze\u0107i tako Mar\u0161alska Ostrva.<\/p>\n<p>Ostrva su dobila ime u \u010dast britanskog kapetana D\u017dona Mar\u0161ala, koji je sproveo istra\u017eivanje podru\u010dja 1788. godine. Pedesetih godina 19. veka, ameri\u010dki protestantski misionari i zapadni trgova\u010dki interesi po\u010deli su svoj dolazak, \u0161to je ozna\u010dilo po\u010detak zna\u010dajnog stranog uticaja. Sedamdesetih i osamdesetih godina 19. veka, nema\u010dki trgovci koprom dominirali su ekonomijom, \u0161to je rezultiralo aneksijom Mar\u0161alskih ostrva od strane Nema\u010dkog carstva kao protektorata 1885. godine. Tokom Prvog svetskog rata, Japansko carstvo je izvr\u0161ilo invaziju na ostrva, koja su potom postala deo japanskog mandata Ju\u017enih mora nakon rata. Nakon Drugog svetskog rata, Sjedinjene Dr\u017eave su preuzele vlast i upravljale ostrvima kao delom povereni\u010dke teritorije Pacifi\u010dkih ostrva. Od 1946. do 1958. godine, Sjedinjene Dr\u017eave su izvr\u0161ile 67 nuklearnih testova na atolu Bikini i atolu Enevetak, \u0161to je rezultiralo dubokim uticajem na ostrva.<\/p>\n<p>Te\u017enja ka samoupravi zapo\u010dela je osnivanjem Kongresa Mikronezije 1965. godine, sa ciljem da se pove\u0107a autonomija pacifi\u010dkih ostrva. U maju 1979. godine, Sjedinjene Dr\u017eave su priznale ustav Mar\u0161alskih Ostrva i njihovog predsednika, Amatu Kabua, \u010dime je naciji data nezavisnost. Potpuni suverenitet je postignut Sporazumom o slobodnom udru\u017eivanju sa Sjedinjenim Dr\u017eavama, koji je nudio odbranu, finansijsku podr\u0161ku i pristup ameri\u010dkim institucijama kao \u0161to su Federalna komisija za komunikacije i Po\u0161tanska slu\u017eba Sjedinjenih Dr\u017eava. Mar\u0161alska Ostrva su \u010dlan Pacifi\u010dke zajednice od 1983. godine, a postala su \u010dlan Ujedinjenih nacija 1991. godine.<\/p>\n<p>Ekonomija Mar\u0161alskih Ostrva je prete\u017eno orijentisana na usluge, dopunjena ribarstvom i poljoprivredom, sa zna\u010dajnom finansijskom pomo\u0107i Sjedinjenih Dr\u017eava koja \u010dini zna\u010dajan deo njihovog BDP-a. Finansijska pomo\u0107 koju je obezbedio Sporazum o slobodnom udru\u017eivanju, prvobitno planiran da se zavr\u0161i 2023. godine, produ\u017eena je za dodatnih 20 godina. Nacija koristi ameri\u010dki dolar kao svoju valutu i \u200b\u200b2018. godine je objavila nameru da implementira novu kriptovalutu kao legalni novac.<\/p>\n<p>Stanovni\u0161tvo Mar\u0161alskih Ostrva prvenstveno \u010dine pojedinci mar\u0161alskog porekla, uz manje imigrantske zajednice iz Sjedinjenih Dr\u017eava, Kine, Filipina i drugih pacifi\u010dkih ostrva. Mar\u0161alski i engleski jezik su zvani\u010dni jezici, otelotvoruju\u0107i kulturno nasle\u0111e i istorijske veze nacije. Religija je sastavni deo kulture, a skoro celokupno stanovni\u0161tvo se pridr\u017eava neke vrste sistema verovanja. Preovla\u0111uju\u0107e pripadnosti su Ujedinjenoj Hristovoj crkvi \u2013 Kongregacionalnoj na Mar\u0161alskim Ostrvima ili Skup\u0161tinama Bo\u017ejim.<\/p>","protected":false},"excerpt":{"rendered":"<p>Mar\u0161alska Ostrva, na mar\u0161alskom jeziku poznata kao \u1e42aje\u1e37, zvani\u010dno poznata kao Republika Mar\u0161alska Ostrva (Aolep\u0101n Aor\u014dkin \u1e42aje\u1e37), su suverena ostrvska dr\u017eava koja se nalazi u regionu Mikronezije u severozapadnom Tihom okeanu. Sme\u0161tena zapadno od Me\u0111unarodne datumske linije i severno od ekvatora, Mar\u0161alska Ostrva su posebna dr\u017eava sa bogatom istorijom i jedinstvenim geografskim karakteristikama. Dr\u017eava se sastoji od 29 koralnih atola i pet ostrva, kategorisanih u dva ostrvska lanca: Ratak na istoku i Ralik na zapadu. Primetno je da 97,87% teritorije dr\u017eave \u010dini voda, \u0161to je \u010dini suverenom dr\u017eavom sa najve\u0107im odnosom vode i kopna.<\/p>","protected":false},"author":1,"featured_media":3354,"parent":24105,"menu_order":0,"comment_status":"closed","ping_status":"closed","template":"elementor_theme","meta":{"_eb_attr":"","footnotes":""},"class_list":["post-9611","page","type-page","status-publish","has-post-thumbnail"],"_links":{"self":[{"href":"https:\/\/travelshelper.com\/sr\/wp-json\/wp\/v2\/pages\/9611","targetHints":{"allow":["GET"]}}],"collection":[{"href":"https:\/\/travelshelper.com\/sr\/wp-json\/wp\/v2\/pages"}],"about":[{"href":"https:\/\/travelshelper.com\/sr\/wp-json\/wp\/v2\/types\/page"}],"author":[{"embeddable":true,"href":"https:\/\/travelshelper.com\/sr\/wp-json\/wp\/v2\/users\/1"}],"replies":[{"embeddable":true,"href":"https:\/\/travelshelper.com\/sr\/wp-json\/wp\/v2\/comments?post=9611"}],"version-history":[{"count":0,"href":"https:\/\/travelshelper.com\/sr\/wp-json\/wp\/v2\/pages\/9611\/revisions"}],"up":[{"embeddable":true,"href":"https:\/\/travelshelper.com\/sr\/wp-json\/wp\/v2\/pages\/24105"}],"wp:featuredmedia":[{"embeddable":true,"href":"https:\/\/travelshelper.com\/sr\/wp-json\/wp\/v2\/media\/3354"}],"wp:attachment":[{"href":"https:\/\/travelshelper.com\/sr\/wp-json\/wp\/v2\/media?parent=9611"}],"curies":[{"name":"wp","href":"https:\/\/api.w.org\/{rel}","templated":true}]}}