{"id":9583,"date":"2024-09-08T19:33:00","date_gmt":"2024-09-08T19:33:00","guid":{"rendered":"https:\/\/travelshelper.com\/staging\/?page_id=9583"},"modified":"2026-03-13T23:17:37","modified_gmt":"2026-03-13T23:17:37","slug":"vanuatu","status":"publish","type":"page","link":"https:\/\/travelshelper.com\/sr\/destinations\/australia-and-oceania\/vanuatu\/","title":{"rendered":"Vanuatu"},"content":{"rendered":"<p>Vanuatu, zvani\u010dno poznat kao Republika Vanuatu, je intrigantna ostrvska dr\u017eava sme\u0161tena u centralnom regionu Melanezije, u ju\u017enom Tihom okeanu. Ovaj arhipelag, poznat po svojim vulkanskim poreklima, nalazi se 1.750 kilometara isto\u010dno od severne Australije, 540 kilometara severoisto\u010dno od Nove Kaledonije, isto\u010dno od Nove Gvineje, jugoisto\u010dno od Solomonskih Ostrva i zapadno od Fid\u017eija. Jedinstveni geografski polo\u017eaj Vanuatua doveo je do konvergencije kulturnih uticaja, \u0161to ga defini\u0161e kao istaknutu pacifi\u010dku zemlju.<\/p>\n<p>Istorija Vanuatua je usko isprepletena sa melanezijskim narodom koji se prvi put naselio na ostrvima pre hiljadama godina. Rani imigranti su doneli sofisticirane kulturne obi\u010daje i jezike koji su se odr\u017eali tokom vremena. Prvi evropski kontakt sa Vanuatuom dogodio se 1606. godine kada se \u0161panska ekspedicija uputila ka najve\u0107em ostrvu, Espiritu Santo, pod vo\u0111stvom portugalskog moreplovca Fernandesa de Keirosa. Inspirisan privla\u010dno\u0161\u0107u i mogu\u0107nostima ostrva, Keiros je proglasio suverenitet \u0160panije nad arhipelagom kao delom kolonijalnih \u0160panskih Isto\u010dnih Indija, \u010dime je nazvao arhipelag La Austrijalija del Espiritu Santo. Iako je bilo potrebno vekove da se zna\u010dajne kolonijalne aktivnosti pojave, ovo je ozna\u010dilo po\u010detak evropske interakcije sa ovim podru\u010djem.<\/p>\n<p>Krajem 19. veka, evropska interakcija sa pacifi\u010dkim ostrvima, uklju\u010duju\u0107i Vanuatu, bila je u porastu. Francuska i Ujedinjeno Kraljevstvo su polagale pravo na teritorije arhipelaga 1880-ih. Susret interesa stvorio je jedinstveni kolonijalni okvir 1906. godine, kada su se obe nacije slo\u017eile da zajedni\u010dki nadgledaju ostrva u okviru anglo-francuskog kondominijuma poznatog kao Novi Hebridi. Po\u0161to dve razli\u010dite kolonijalne sile \u2013 svaka od kojih se razlikuje po jedinstvenim jezicima, pravnim sistemima i administrativnim tehnikama \u2013 moraju da sara\u0111uju, ovaj aran\u017eman se isti\u010de u kolonijalnoj istoriji. Period kondominijuma pokazao je slo\u017eenu i \u010desto kontroverznu strukturu upravljanja koja je kona\u010dno postavila osnovu za modernu politi\u010dku scenu Vanuatua.<\/p>\n<p>Vanuatu nije bio izuzetak od ovog pravila, pa je sredina 20. veka bila period velikih previranja i promena koje je do\u017eiveo svet. Vo\u0111en rastu\u0107om sve\u0161\u0107u o nacionalnom identitetu i sna\u017enom \u017eeljom za samoopredeljenjem, pokret za nezavisnost pojavio se 1970-ih. Nagla\u0161avaju\u0107i posve\u0107enost ostrvljana sticanju slobode putem komunikacije i saradnje, pokret se jasno koncentrisao na nenasilne demonstracije i pregovore. Nakon godina rada, ovi napori su se ostvarili 1980. godine i nastala je Republika Vanuatu. Promena ka nezavisnosti do\u0161la je prili\u010dno prirodno, omogu\u0107avaju\u0107i novoj zemlji da brzo uspostavi svoj profil na svetskoj sceni.<\/p>\n<p>Vanuatu je metodi\u010dno sara\u0111ivao sa svetskom zajednicom od sticanja nezavisnosti, \u0161to potvr\u0111uje \u010dlanstvom u nekoliko zna\u010dajnih grupa. Ulaskom u Ujedinjene nacije, zemlja je dokazala svoju posve\u0107enost svetskom miru i grupnim projektima. Kao deo Komonvelta naroda, Vanuatu odr\u017eava jake veze sa drugim biv\u0161im britanskim kolonijama koriste\u0107i njihovu zajedni\u010dku kulturnu i istorijsku pozadinu. NJegovo \u010dlanstvo u Me\u0111unarodnoj organizaciji frankofonije tako\u0111e pokazuje njegove istorijske veze sa francuskim kolonijalizmom i kontinuirani uticaj francuskog jezika i kulture. Vanuatu je \u010dlan Foruma pacifi\u010dkih ostrva, regionalnog tela namenjenog promociji saradnje i razvoja me\u0111u zemljama pacifi\u010dkih ostrva.<\/p>\n<p>Jedna posebno izvanredna osobina Vanuatua je njegova velika kulturna raznolikost. Sa vi\u0161e od 100 autohtonih jezika, zemlja je me\u0111u jezi\u010dki najraznovrsnijim nacijama na svetu. Dinami\u010dan raspon kulturnih praksi, uklju\u010duju\u0107i i drevnu muziku i ples, kao i jedinstvene obrede i ceremonije, nagla\u0161ava jezi\u010dku raznolikost. Sa bogatim pra\u0161umama, besprekornim pla\u017eama i aktivnim vulkanima koji doprinose nizu neverovatnih okru\u017eenja i raznovrsnih ekosistema, prirodne lepote nacije sna\u017eno govore u prilog tome.<\/p>\n<p>Vanuatuova ekonomija je u su\u0161tini zasnovana na of\u0161or finansijskim uslugama, turizmu i poljoprivredi. Bogato vulkansko zemlji\u0161te olak\u0161ava uzgoj raznih useva, uklju\u010duju\u0107i kafu, kakao i kokose \u2013 a sve su to va\u017eni izvozni proizvodi. Posetioci koje privla\u010de neverovatne prirodne lepote ostrva, raznovrsno kulturno nasle\u0111e i mogu\u0107nosti za avanturu i razonodu pokre\u0107u rast turisti\u010dkog sektora.<\/p>","protected":false},"excerpt":{"rendered":"<p>Vanuatu, zvani\u010dno poznat kao Republika Vanuatu, je intrigantna ostrvska dr\u017eava sme\u0161tena u centralnom regionu Melanezije, u ju\u017enom Tihom okeanu. Ovaj arhipelag, poznat po svojim vulkanskim poreklima, nalazi se 1.750 kilometara isto\u010dno od severne Australije, 540 kilometara severoisto\u010dno od Nove Kaledonije, isto\u010dno od Nove Gvineje, jugoisto\u010dno od Solomonskih Ostrva i zapadno od Fid\u017eija. Jedinstveni geografski polo\u017eaj Vanuatua doveo je do konvergencije kulturnih uticaja, \u0161to ga defini\u0161e kao istaknutu pacifi\u010dku zemlju.<\/p>","protected":false},"author":1,"featured_media":4267,"parent":24105,"menu_order":0,"comment_status":"closed","ping_status":"closed","template":"elementor_theme","meta":{"_eb_attr":"","footnotes":""},"class_list":["post-9583","page","type-page","status-publish","has-post-thumbnail"],"_links":{"self":[{"href":"https:\/\/travelshelper.com\/sr\/wp-json\/wp\/v2\/pages\/9583","targetHints":{"allow":["GET"]}}],"collection":[{"href":"https:\/\/travelshelper.com\/sr\/wp-json\/wp\/v2\/pages"}],"about":[{"href":"https:\/\/travelshelper.com\/sr\/wp-json\/wp\/v2\/types\/page"}],"author":[{"embeddable":true,"href":"https:\/\/travelshelper.com\/sr\/wp-json\/wp\/v2\/users\/1"}],"replies":[{"embeddable":true,"href":"https:\/\/travelshelper.com\/sr\/wp-json\/wp\/v2\/comments?post=9583"}],"version-history":[{"count":0,"href":"https:\/\/travelshelper.com\/sr\/wp-json\/wp\/v2\/pages\/9583\/revisions"}],"up":[{"embeddable":true,"href":"https:\/\/travelshelper.com\/sr\/wp-json\/wp\/v2\/pages\/24105"}],"wp:featuredmedia":[{"embeddable":true,"href":"https:\/\/travelshelper.com\/sr\/wp-json\/wp\/v2\/media\/4267"}],"wp:attachment":[{"href":"https:\/\/travelshelper.com\/sr\/wp-json\/wp\/v2\/media?parent=9583"}],"curies":[{"name":"wp","href":"https:\/\/api.w.org\/{rel}","templated":true}]}}