{"id":9577,"date":"2024-09-08T19:25:43","date_gmt":"2024-09-08T19:25:43","guid":{"rendered":"https:\/\/travelshelper.com\/staging\/?page_id=9577"},"modified":"2026-03-13T23:08:33","modified_gmt":"2026-03-13T23:08:33","slug":"apia","status":"publish","type":"page","link":"https:\/\/travelshelper.com\/sr\/destinations\/australia-and-oceania\/samoa\/apia\/","title":{"rendered":"Apia"},"content":{"rendered":"<p>Sme\u0161ten na drugom najve\u0107em ostrvu Samoe, na centralnoj severnoj obali, Apija, energi\u010dni glavni grad, predstavlja posebnu me\u0161avinu kulturnog nasle\u0111a i modernog razvoja. Spadaju\u0107i u politi\u010dki okrug Tuamasaga, Apija je politi\u010dki, ekonomski i kulturni centar Samoe kao jedini grad tamo. Ovaj uvod se bavi topografijom, klimom, infrastrukturom i pacifi\u010dkim sredi\u0161tem aktivnosti koje karakteri\u0161u grad.<\/p>\n<p>Apija, sa populacijom od oko 35.974 stanovnika prema popisu iz 2021. godine, fizi\u010dke granice grada prote\u017eu se od sela Letogo na istoku do industrijalizovane oblasti sela Vaitele na zapadu. Strate\u0161ki sme\u0161ten na prirodnoj luci na u\u0161\u0107u reke Vaisigano, grad nudi zapanjuju\u0107u pozadinu sa planinom Vaea, poslednjim po\u010divali\u0161tem istaknutog pisca Roberta Luisa Stivensona, koja se veli\u010danstveno uzdi\u017ee na jugu. Dva velika grebena koja se prote\u017eu na jug sa obe strane reke defini\u0161u siluetu grada; putevi, uklju\u010duju\u0107i i Kros Ajland Roud, jednu od retkih saobra\u0107ajnica preko ostrva od severa do juga, prolaze preko ovih grebena.<\/p>\n<p>Apija spada pod Kepenovu klimatsku klasifikaciju kao \u201eAf\u201c i ima tropsko ki\u0161no okru\u017eenje. Konstantne temperature tokom cele godine, u proseku oko 26\u00b0C (79\u00b0F), defini\u0161u ovo okru\u017eenje. Grad ima jasnu vla\u017enu i su\u0161nu sezonu; jul i avgust su najsu\u0161niji meseci kada prose\u010dna koli\u010dina padavina iznosi oko 80 milimetara. Pore\u0111enja radi, najvla\u017eniji period traje od decembra do marta, a mese\u010dne padavine obi\u010dno prelaze 300 mililitara. Tropsko okru\u017eenje Apije ne defini\u0161e njenu klimu; ve\u0107 je oblikuju pasati i sporadi\u010dni cikloni, stvaraju\u0107i tako karakteristi\u010dne vremenske obrasce. Grad godi\u0161nje dobija oko 3.000 mililitara ki\u0161e, \u0161to podr\u017eava bogate ekosisteme i bujne biljke.<\/p>\n<p>Klju\u010dno va\u017ena za spoljnu trgovinu Samoe, luka Apija je najve\u0107a i najprometnija luka u zemlji. Zajedno sa trajektima koji povezuju Tokelau i Ameri\u010dku Samou, ona je pogodna za transport te\u010dnog naftnog gasa (TNG), goriva i kontejnerskih brodova. Ova prometna luka nagla\u0161ava zna\u010daj Apije kao vrata za ljude i trgovinu, omogu\u0107avaju\u0107i tako kulturnu interakciju i ekonomski razvoj.<\/p>\n<p>Gradska saobra\u0107ajna infrastruktura je prili\u010dno razvijena i karakteri\u0161e je tipi\u010dno dobro odr\u017eavan, temeljan putni sistem. Dok neasfaltirani putevi opslu\u017euju manje redovan saobra\u0107aj, ve\u0107ina glavnih puteva je zape\u010da\u0107ena. Prate\u0107i regionalne standarde, vozila voze levom stranom puta od septembra 2009. godine. Samoanska vlada je 2012. godine zapo\u010dela zna\u010dajnu rekonstrukciju magistralnih puteva koji okru\u017euju gradsko podru\u010dje Apije, postepeno pro\u0161iruju\u0107i va\u017ene autoputeve kako bi se nosili sa rastu\u0107im saobra\u0107ajnim optere\u0107enjem.<\/p>\n<p>Apiju opslu\u017euje velika, privatizovana mre\u017ea autobusa i taksija iako nema \u017eeleznice ili tramvaja. Unutar grada, hodanje je i dalje popularan oblik prevoza; ljudi rutinski prelaze male udaljenosti pe\u0161ke. Iako su motocikli i bicikli donekle retki, pove\u0107anje vlasni\u0161tva automobila izazvalo je zagu\u0161enje saobra\u0107aja i samim tim velike tro\u0161kove u putnoj infrastrukturi.<\/p>\n<p>Glavni strani ulaz u Samou je Me\u0111unarodni aerodrom Faleolo, \u010detrdeset minuta vo\u017enje zapadno od Apije. Veliki doma\u0107i prevoznici poput Polynesian Airlines i Talofa Airways pru\u017eaju usluge Samoi do \u0161ireg pacifi\u010dkog podru\u010dja i \u0161ire. Manji aerodrom u Fagaliju, aerodrom Fagali&#039;i, tako\u0111e je istorijski omogu\u0107avao unutra\u0161nje letove i neke me\u0111unarodne rute do Pago Pago u Ameri\u010dkoj Samoi, \u010dime je pobolj\u0161ana povezanost i za lokalno stanovni\u0161tvo i za posetioce.<\/p>","protected":false},"excerpt":{"rendered":"<p>Sme\u0161ten na drugom najve\u0107em ostrvu Samoe, na centralnoj severnoj obali, Apija, energi\u010dni glavni grad, predstavlja posebnu me\u0161avinu kulturnog nasle\u0111a i modernog razvoja. Spadaju\u0107i u politi\u010dki okrug Tuamasaga, Apija je politi\u010dki, ekonomski i kulturni centar Samoe kao jedini grad tamo. Ovaj uvod se bavi topografijom, klimom, infrastrukturom i pacifi\u010dkim sredi\u0161tem aktivnosti koje karakteri\u0161u grad.<\/p>","protected":false},"author":1,"featured_media":4230,"parent":9568,"menu_order":0,"comment_status":"closed","ping_status":"closed","template":"elementor_theme","meta":{"_eb_attr":"","footnotes":""},"class_list":["post-9577","page","type-page","status-publish","has-post-thumbnail"],"_links":{"self":[{"href":"https:\/\/travelshelper.com\/sr\/wp-json\/wp\/v2\/pages\/9577","targetHints":{"allow":["GET"]}}],"collection":[{"href":"https:\/\/travelshelper.com\/sr\/wp-json\/wp\/v2\/pages"}],"about":[{"href":"https:\/\/travelshelper.com\/sr\/wp-json\/wp\/v2\/types\/page"}],"author":[{"embeddable":true,"href":"https:\/\/travelshelper.com\/sr\/wp-json\/wp\/v2\/users\/1"}],"replies":[{"embeddable":true,"href":"https:\/\/travelshelper.com\/sr\/wp-json\/wp\/v2\/comments?post=9577"}],"version-history":[{"count":0,"href":"https:\/\/travelshelper.com\/sr\/wp-json\/wp\/v2\/pages\/9577\/revisions"}],"up":[{"embeddable":true,"href":"https:\/\/travelshelper.com\/sr\/wp-json\/wp\/v2\/pages\/9568"}],"wp:featuredmedia":[{"embeddable":true,"href":"https:\/\/travelshelper.com\/sr\/wp-json\/wp\/v2\/media\/4230"}],"wp:attachment":[{"href":"https:\/\/travelshelper.com\/sr\/wp-json\/wp\/v2\/media?parent=9577"}],"curies":[{"name":"wp","href":"https:\/\/api.w.org\/{rel}","templated":true}]}}