{"id":9568,"date":"2024-09-08T19:18:21","date_gmt":"2024-09-08T19:18:21","guid":{"rendered":"https:\/\/travelshelper.com\/staging\/?page_id=9568"},"modified":"2026-03-13T23:09:26","modified_gmt":"2026-03-13T23:09:26","slug":"samoa","status":"publish","type":"page","link":"https:\/\/travelshelper.com\/sr\/destinations\/australia-and-oceania\/samoa\/","title":{"rendered":"Samoa"},"content":{"rendered":"<p>Zvani\u010dno Nezavisna Dr\u017eava Samoa, Samoa je fascinantna polinezijska ostrvska nacija sa bogatom istorijom, kulturom i prirodnim lepotama. Odra\u017eavaju\u0107i svoju geografsku orijentaciju na Tihom okeanu, bila je poznata kao Zapadna Samoa do 1997. godine. Zajedno sa dva manja naseljena ostrva, Manono i Apolima, ova ostrvska nacija se sastoji od dva glavna ostrva: Savai&#039;i i Upolu; nekoliko nenaseljenih ostrva, posebno ostrva Aleipata - Nu&#039;utele, Nu&#039;ulua, Fanuatapu i Namua. Strate\u0161ki pozicionirana u Pacifiku, Samoa se nalazi 64 km zapadno od Ameri\u010dke Samoe i blizu drugih pacifi\u010dkih ostrva, uklju\u010duju\u0107i Tongu, Fid\u017ei, Valis i Futunu, slu\u017ee\u0107i kao centar istorijskog i kulturnog spoja.<\/p>\n<p>Centar Samoe je Apija, glavni grad, gde se savremena vlada me\u0161a sa drevnom kulturom. Pre oko 3.500 godina, narod Lapita \u2014 poznat po svojoj ve\u0161tini jedrenja \u2014 prvi je prona\u0161ao i naseljavao Samoanska ostrva. NJihovo postavljanje temelja za samoanski jezik i kulturni identitet \u2014 koji su izdr\u017eali vreme i spoljne uticaje \u2014 poma\u017ee nam da ih razumemo.<\/p>\n<p>Sa 11 administrativnih podela, svaka sa svojom kulturnom i ustavnom osnovom, Samoa funkcioni\u0161e kao jedinstvena parlamentarna demokratija. Put Samoe ka nezavisnosti, kao suverene dr\u017eave \u010dlanice Komonvelta naroda, dokaz je njene upornosti i autonomije. Od 1899. do 1915. godine bila je nema\u010dka kolonija; nakon toga, bila je pod zajedni\u010dkom britanskom i novozelandskom kontrolom sve dok nije stekla nezavisnost 1. januara 1962. godine. Vladin i dru\u0161tveni sistemi Samoe odra\u017eavaju ovo nasle\u0111e kolonijalnog uticaja, me\u0111utim, zadr\u017eala je svoj kulturni karakter.<\/p>\n<p>Poznat kao Fa\u02bba Samoa, tradicionalni samoanski na\u010din \u017eivota i dalje ima veliki uticaj na dru\u0161tvene, kao i na politi\u010dke sfere. Formiran pre vi\u0161e od 3.000 godina, njegov kulturni okvir isti\u010de porodicu, po\u0161tovanje i zajednicu. Fa\u02bba Samoa je zadr\u017eala svoje obi\u010daje, dru\u0161tvene institucije i jezik uprkos decenijama evropskog uticaja. Klju\u010dni temelji samoanskog identiteta su kulturni obi\u010daji, uklju\u010duju\u0107i \u201eceremoniju ava, tu\u017ean ritual za dodeljivanje titula poglavara matai\u201c i izradu fino ispredene \u201eie toge\u201c.<\/p>\n<p>Bogata bogovima, pri\u010dama o stvaranju i legendarnim li\u010dnostima poput Tagaloe i Nafanue \u2014 boginje rata \u2014 samoanska mitologija, zajedno sa hri\u0161\u0107anstvom, koje su Samoanci usvojili i doneli misionari, koegzistira. Iako stara verovanja i prakse i dalje cvetaju, posebno u vezi sa Fa\u02bba Samoom, danas se otprilike 98% Samoanaca identifikuje kao hri\u0161\u0107ani.<\/p>\n<p>Samoansko dru\u0161tvo je poznato po zajedni\u010dkom \u017eivotu; tradicionalni otvoreni stanovi, ili fale, najbolje oslikavaju ovaj na\u010din \u017eivota. Ove zgrade, bez zidova, stvaraju izolaciju i za\u0161titu \u017eivotne sredine koriste\u0107i listove kokosove palme. Mo\u0107ni plesovi sasa i fa&#039;ataupati prikazuju \u017eivopisan kulturni izraz samoanskog naroda, dok meki pokreti samoanskog plesa \u0161iva \u2013 koji pri\u010da pri\u010du \u2013 prikazuju njihove proslave i okupljanja zajednice koja se vrte oko ovih plesova zajedno sa ritmom smotanih prostirki ili drvenih bubnjeva.<\/p>\n<p>Jo\u0161 jedan dokaz bogatog kulturnog nasle\u0111a ostrva je gra\u0111evinska ve\u0161tina Tufuga fai fale, tradicionalnih samoanskih graditelja. Ovi graditelji tako\u0111e doprinose stvaranju \u0161ireg tkiva samoanskih kulturnih umetni\u010dkih oblika.<\/p>","protected":false},"excerpt":{"rendered":"<p>Zvani\u010dno Nezavisna Dr\u017eava Samoa, Samoa je fascinantna polinezijska ostrvska nacija sa bogatom istorijom, kulturom i prirodnim lepotama. Odra\u017eavaju\u0107i svoju geografsku orijentaciju na Tihom okeanu, bila je poznata kao Zapadna Samoa do 1997. godine. Zajedno sa dva manja naseljena ostrva, Manono i Apolima, ova ostrvska nacija se sastoji od dva glavna ostrva: Savai&#039;i i Upolu; nekoliko nenaseljenih ostrva, posebno ostrva Aleipata - Nu&#039;utele, Nu&#039;ulua, Fanuatapu i Namua. Strate\u0161ki pozicionirana u Pacifiku, Samoa se nalazi 64 km zapadno od Ameri\u010dke Samoe i blizu drugih pacifi\u010dkih ostrva, uklju\u010duju\u0107i Tongu, Fid\u017ei, Valis i Futunu, slu\u017ee\u0107i kao centar istorijskog i kulturnog spoja.<\/p>","protected":false},"author":1,"featured_media":3536,"parent":24105,"menu_order":0,"comment_status":"closed","ping_status":"closed","template":"elementor_theme","meta":{"_eb_attr":"","footnotes":""},"class_list":["post-9568","page","type-page","status-publish","has-post-thumbnail"],"_links":{"self":[{"href":"https:\/\/travelshelper.com\/sr\/wp-json\/wp\/v2\/pages\/9568","targetHints":{"allow":["GET"]}}],"collection":[{"href":"https:\/\/travelshelper.com\/sr\/wp-json\/wp\/v2\/pages"}],"about":[{"href":"https:\/\/travelshelper.com\/sr\/wp-json\/wp\/v2\/types\/page"}],"author":[{"embeddable":true,"href":"https:\/\/travelshelper.com\/sr\/wp-json\/wp\/v2\/users\/1"}],"replies":[{"embeddable":true,"href":"https:\/\/travelshelper.com\/sr\/wp-json\/wp\/v2\/comments?post=9568"}],"version-history":[{"count":0,"href":"https:\/\/travelshelper.com\/sr\/wp-json\/wp\/v2\/pages\/9568\/revisions"}],"up":[{"embeddable":true,"href":"https:\/\/travelshelper.com\/sr\/wp-json\/wp\/v2\/pages\/24105"}],"wp:featuredmedia":[{"embeddable":true,"href":"https:\/\/travelshelper.com\/sr\/wp-json\/wp\/v2\/media\/3536"}],"wp:attachment":[{"href":"https:\/\/travelshelper.com\/sr\/wp-json\/wp\/v2\/media?parent=9568"}],"curies":[{"name":"wp","href":"https:\/\/api.w.org\/{rel}","templated":true}]}}