{"id":9549,"date":"2024-09-08T18:35:53","date_gmt":"2024-09-08T18:35:53","guid":{"rendered":"https:\/\/travelshelper.com\/staging\/?page_id=9549"},"modified":"2026-03-13T23:18:06","modified_gmt":"2026-03-13T23:18:06","slug":"tuvalu","status":"publish","type":"page","link":"https:\/\/travelshelper.com\/sr\/destinations\/australia-and-oceania\/tuvalu\/","title":{"rendered":"Tuvalu"},"content":{"rendered":"<p>Tuvalu, ranije poznat kao Elis ostrva, je mala ostrvska nacija koja se nalazi u polinezijskoj podregionu Okeanija u Tihom okeanu. Strate\u0161ki sme\u0161tena na pola puta izme\u0111u Havaja i Australije, ova neobi\u010dna nacija predstavlja divan spoj geografskog i kulturnog zna\u010daja. Isto\u010dno-severoisto\u010dno od ostrva Santa Kruz \u2013 dela Solomonskih ostrva \u2013 Tuvalu se nalazi severoisto\u010dno od Vanuatua, jugoisto\u010dno od Naurua, ju\u017eno od Kiribatija, zapadno od Tokelaua, severozapadno od Samoe i Valisa i Futune i severno od Fid\u017eija. Za istorijska i moderna istra\u017eivanja, Tuvalu je vitalna ta\u010dka interesa, jer ga ova lokacija postavlja na raskrsnicu pacifi\u010dkih kultura i istorija.<\/p>\n<p>Sa tri grebenska ostrva i \u0161est atola koji se prostiru na geografskim \u0161irinama izme\u0111u 5\u00b0 i 10\u00b0 ju\u017ene geografske \u0161irine i geografskim du\u017einama izme\u0111u 176\u00b0 i 180\u00b0, zemlja nudi poseban vremenski polo\u017eaj u svetskoj geografiji jer se nalaze zapadno od Me\u0111unarodne datumske linije. Odmah iza Vatikana, Tuvalu je imao 10.645 stanovnika prema popisu iz 2017. godine, \u0161to ga \u010dini drugom najmanje naseljenom nacijom na svetu. To je najmanje naseljena nacija gde je engleski zvani\u010dni jezik; iako ima samo 26 kvadratnih kilometara (10 kvadratnih milja), kulturna i ekolo\u0161ka vrednost Tuvalua je velika uprkos njegovoj maloj veli\u010dini.<\/p>\n<p>Stigav\u0161i kao deo ve\u0107e migracije poline\u017eanskog naroda u Pacifik, pokreta koji je zapo\u010deo pre otprilike tri hiljade godina, Poline\u017eani su bili prvi stanovnici Tuvalua. Koriste\u0107i svoje talente za navigaciju izme\u0111u ostrva u dvostrukim jedrenjacima ili kanuima sa pomo\u0107nim trupom, ovi rani kolonisti su bili ve\u0161ti navigatori. Nau\u010dnici veruju da su Poline\u017eani migrirali iz Samoe i Tonge na tuvaluanske atole, deluju\u0107i kao odsko\u010dna daska za dalje migracije u poline\u017eanska podru\u010dja u Melaneziji i Mikroneziji. U \u0161irem okviru poline\u017eanskih istra\u017eivanja i \u0161irenja kulture, ovo bogato nasle\u0111e navigacije i naseljavanja nagla\u0161ava zna\u010daj Tuvalua.<\/p>\n<p>Kada je \u0161panski avanturista i kartograf Alvaro de Mendanja postao prvi Evropljanin za koga se zna da je pro\u0161ao kroz arhipelag, uo\u010div\u0161i ostrvo Nui tokom svoje misije u potrazi za Terra Australis, evropska interakcija sa Tuvaluom po\u010dela je 1569. godine. Kasnije je ostrvo Funafuti nazvano Elisovo ostrvo 1819. godine; engleski hidrolog Aleksandar D\u017dord\u017e Findli je kasnije celu grupu nazvao Elis ostrvima. Velika Britanija je polagala pravo na Elis ostrva krajem 19. veka, uklju\u010div\u0161i ih tako u svoju sferu uticaja. Kapetan Herbert Gibson sa broda HMS Curacoa ozna\u010dio je svako Elis ostrvo britanskim protektoratom izme\u0111u 9. i 16. oktobra 1892. godine. Kao deo Britanskih zapadnopacifi\u010dkih teritorija (BWPT), Britanija je imenovala stalnog komesara da nadgleda ostrva; od 1916. do 1975. godine, bila su pod kolonijalnom kontrolom.<\/p>\n<p>Godine 1974, referendum koji je imao za cilj da odlu\u010di da li Gilbertova i Elis ostrva treba da imaju odvojene vlade ozna\u010dio je prekretnicu u istoriji Tuvalua. Rezultat je doveo do pravnog raspu\u0161tanja kolonije Gilbertova i Elis ostrva 1. oktobra 1975. godine. Zvani\u010dno podeljena 1. januara 1976. godine, vlada je osnovala dve odvojene britanske kolonije - Kiribati i Tuvalu. 1. oktobra 1978. Tuvalu je postao potpuno nezavisan kao suverena dr\u017eava unutar Komonvelta; to je ustavna monarhija na \u010delu sa kraljem \u010carlsom III. Status Tuvalua kao nezavisne zemlje na me\u0111unarodnoj sceni oja\u010dan je kada je postao 189. \u010dlan Ujedinjenih nacija 5. septembra 2000. godine.<\/p>\n<p>Iako Tuvalu ima malu povr\u0161inu i malo resursa, ribolov i uvoz defini\u0161u veliki deo njegove ekonomije. Ostrva imaju malo zemlji\u0161ta, pa je poljoprivreda ote\u017eana. Licenciranje ribolovnih dozvola stranim preduze\u0107ima, grantovi i projekti pomo\u0107i, kao i doznake tuvaluanskih pomoraca koji upravljaju teretnim brodovima, stoga podr\u017eavaju ekonomiju. Kao nisko locirana ostrvska nacija, Tuvalu je veoma podlo\u017ean efektima klimatskih promena, posebno porastu nivoa mora. Kao deo Saveza malih ostrvskih dr\u017eava, nacija aktivno u\u010destvuje u me\u0111unarodnim pregovorima o klimi, zala\u017eu\u0107i se za ve\u0107e akcije \u0161irom sveta za re\u0161avanje klimatskih promena i njihovih posledica po nerazvijene zemlje poput Tuvalua.<\/p>","protected":false},"excerpt":{"rendered":"<p>Tuvalu, ranije poznat kao Elis ostrva, je mala ostrvska nacija koja se nalazi u polinezijskoj podregionu Okeanija u Tihom okeanu. Strate\u0161ki sme\u0161tena na pola puta izme\u0111u Havaja i Australije, ova neobi\u010dna nacija predstavlja divan spoj geografskog i kulturnog zna\u010daja. Isto\u010dno-severoisto\u010dno od ostrva Santa Kruz \u2013 dela Solomonskih ostrva \u2013 Tuvalu se nalazi severoisto\u010dno od Vanuatua, jugoisto\u010dno od Naurua, ju\u017eno od Kiribatija, zapadno od Tokelaua, severozapadno od Samoe i Valisa i Futune i severno od Fid\u017eija. Za istorijska i moderna istra\u017eivanja, Tuvalu je vitalna ta\u010dka interesa, jer ga ova lokacija postavlja na raskrsnicu pacifi\u010dkih kultura i istorija.<\/p>","protected":false},"author":1,"featured_media":3712,"parent":24105,"menu_order":0,"comment_status":"closed","ping_status":"closed","template":"elementor_theme","meta":{"_eb_attr":"","footnotes":""},"class_list":["post-9549","page","type-page","status-publish","has-post-thumbnail"],"_links":{"self":[{"href":"https:\/\/travelshelper.com\/sr\/wp-json\/wp\/v2\/pages\/9549","targetHints":{"allow":["GET"]}}],"collection":[{"href":"https:\/\/travelshelper.com\/sr\/wp-json\/wp\/v2\/pages"}],"about":[{"href":"https:\/\/travelshelper.com\/sr\/wp-json\/wp\/v2\/types\/page"}],"author":[{"embeddable":true,"href":"https:\/\/travelshelper.com\/sr\/wp-json\/wp\/v2\/users\/1"}],"replies":[{"embeddable":true,"href":"https:\/\/travelshelper.com\/sr\/wp-json\/wp\/v2\/comments?post=9549"}],"version-history":[{"count":0,"href":"https:\/\/travelshelper.com\/sr\/wp-json\/wp\/v2\/pages\/9549\/revisions"}],"up":[{"embeddable":true,"href":"https:\/\/travelshelper.com\/sr\/wp-json\/wp\/v2\/pages\/24105"}],"wp:featuredmedia":[{"embeddable":true,"href":"https:\/\/travelshelper.com\/sr\/wp-json\/wp\/v2\/media\/3712"}],"wp:attachment":[{"href":"https:\/\/travelshelper.com\/sr\/wp-json\/wp\/v2\/media?parent=9549"}],"curies":[{"name":"wp","href":"https:\/\/api.w.org\/{rel}","templated":true}]}}