{"id":9534,"date":"2024-09-08T17:58:51","date_gmt":"2024-09-08T17:58:51","guid":{"rendered":"https:\/\/travelshelper.com\/staging\/?page_id=9534"},"modified":"2026-03-13T23:07:31","modified_gmt":"2026-03-13T23:07:31","slug":"tonga","status":"publish","type":"page","link":"https:\/\/travelshelper.com\/sr\/destinations\/australia-and-oceania\/tonga\/","title":{"rendered":"Tonga"},"content":{"rendered":"<p>Sme\u0161tena u sredi\u0161tu Polinezije, podregiona Okeanije, Tonga je zanimljiva ostrvska nacija, formalno poznata kao Kraljevina Tonga. Tonga je prelepa i bogatog kulturnog nasle\u0111a. Sastoji se od 171 ostrva, od kojih je samo 45 naseljeno, i prote\u017ee se na velikoj udaljenosti preko ju\u017enog Tihog okeana. Ukupna povr\u0161ina Tonge je samo oko 750.000 kvadratnih kilometara (290.000 kvadratnih milja), ali su njena ostrva ra\u0161trkana na neverovatnih 700.000 kvadratnih kilometara (270.000 kvadratnih milja). Od 2021. godine, oko 70% od 104.494 stanovnika Tonge \u017eivi na glavnom ostrvu, Tongatapuu.<\/p>\n<p>Geografski gledano, Tonga je jedinstveni arhipelag koji se prostire otprilike 800 kilometara (500 milja) od severa do juga. Me\u0111u susedima su Valis i Futuna (Francuska), Fid\u017ei na severozapadu, Samoa na severoistoku, Vanuatu i Nova Kaledonija (Francuska) na zapadu, Niue na istoku i Kermadek (Novi Zeland) na jugozapadu. Na oko 1.800 kilometara (1.100 milja) od Severnog ostrva Novog Zelanda, Tonga je zna\u010dajan deo slo\u017eenog geopoliti\u010dkog terena Pacifika.<\/p>\n<p>Koliko god topografija Tonge bila zanimljiva, toliko je i njena istorija. Civilizacija Lapita, grupa poline\u017eanskih imigranata, prvi put je naselila ostrva pre oko 2.500 godina, pripremaju\u0107i tako temelje za budu\u0107i tonganski narod. Postepenim stvaranjem posebnog etni\u010dkog identiteta, jezika i kulture, ovi imigranti su postali prili\u010dno istaknuti u Ju\u017enom Pacifiku. Poznato kao Tui Tonga carstvo, prvi tonganski kralj, Ahoeitu, vladao je tokom ove ere tonganske kolonizacije i ekspanzionizma.<\/p>\n<p>Pod \u02bbAho\u02bbeituom i njegovim naslednicima, Tonga se razvila u talasokratiju i regionalnu silu sa \u0161irokim uticajem na Pacifik. Od delova Solomonskih Ostrva i cele Nove Kaledonije i Fid\u017eija na zapadu do Samoe, Niuea, pa \u010dak i delova dana\u0161nje Francuske Polinezije na istoku, Tui Tonga carstvo je pot\u010dinilo i upravljalo zna\u010dajnom teritorijom. Carstvo je postalo poznato po svom ekonomskom, etni\u010dkom i kulturnom uticaju, koji se nastavio dugo nakon Samoanske pobune u 13. veku i kona\u010dnog otkri\u0107a ostrva od strane Evrope 1616. godine.<\/p>\n<p>Jedinstveni odnos Tonge sa kolonijalnim silama defini\u0161e njenu modernu istoriju. Od 1900. do 1970. godine, Tonga je bila britanska za\u0161ti\u0107ena dr\u017eava, pokrivena Ugovorom o prijateljstvu. Iako Tonga nikada nije predala svoj suverenitet stranoj zemlji, Ujedinjeno Kraljevstvo je nadgledalo njenu spoljnu politiku u ovom periodu. Ova neumorna posve\u0107enost suverenitetu je dokaz volje tonganskog naroda da o\u010duva svoju slobodu.<\/p>\n<p>Tonga se zna\u010dajno pomerila ka modernoj vladi 2010. godine prelaskom sa konvencionalne apsolutne monarhije na poluustavnu monarhiju. Ova promena je delom nastala zahvaljuju\u0107i zakonodavnim reformama koje su otvorile put za prve delimi\u010dno reprezentativne izbore za zemlju. Ova politi\u010dka evolucija pokazuje kontinuiranu posve\u0107enost Tonge balansiranju modernizma sa nasle\u0111em, odr\u017eavaju\u0107i tako relevantnost i funkcionalnost svojih vladinih sistema u dvadeset prvom veku.<\/p>\n<p>Tongino svetsko prisustvo se ogleda u njenom \u010dlanstvu u nekoliko zna\u010dajnih grupa. Deo je Ujedinjenih nacija, Foruma pacifi\u010dkih ostrva, Saveza malih ostrvskih dr\u017eava i Komonvelta naroda. Ovi savezi pokazuju anga\u017eovanje Tonge u regionalnim i globalnim poslovima, kao i njenu posve\u0107enost re\u0161avanju specifi\u010dnih izazova sa kojima se suo\u010davaju male ostrvske nacije.<\/p>","protected":false},"excerpt":{"rendered":"<p>Sme\u0161tena u sredi\u0161tu Polinezije, podregiona Okeanije, Tonga je zanimljiva ostrvska nacija, formalno poznata kao Kraljevina Tonga. Tonga je prelepa i bogatog kulturnog nasle\u0111a. Sastoji se od 171 ostrva, od kojih je samo 45 naseljeno, i prote\u017ee se na velikoj udaljenosti preko ju\u017enog Tihog okeana. Ukupna povr\u0161ina Tonge je samo oko 750.000 kvadratnih kilometara (290.000 kvadratnih milja), ali su njena ostrva ra\u0161trkana na neverovatnih 700.000 kvadratnih kilometara (270.000 kvadratnih milja). Od 2021. godine, oko 70% od 104.494 stanovnika Tonge \u017eivi na glavnom ostrvu, Tongatapuu.<\/p>","protected":false},"author":1,"featured_media":4050,"parent":24105,"menu_order":0,"comment_status":"closed","ping_status":"closed","template":"elementor_theme","meta":{"_eb_attr":"","footnotes":""},"class_list":["post-9534","page","type-page","status-publish","has-post-thumbnail"],"_links":{"self":[{"href":"https:\/\/travelshelper.com\/sr\/wp-json\/wp\/v2\/pages\/9534","targetHints":{"allow":["GET"]}}],"collection":[{"href":"https:\/\/travelshelper.com\/sr\/wp-json\/wp\/v2\/pages"}],"about":[{"href":"https:\/\/travelshelper.com\/sr\/wp-json\/wp\/v2\/types\/page"}],"author":[{"embeddable":true,"href":"https:\/\/travelshelper.com\/sr\/wp-json\/wp\/v2\/users\/1"}],"replies":[{"embeddable":true,"href":"https:\/\/travelshelper.com\/sr\/wp-json\/wp\/v2\/comments?post=9534"}],"version-history":[{"count":0,"href":"https:\/\/travelshelper.com\/sr\/wp-json\/wp\/v2\/pages\/9534\/revisions"}],"up":[{"embeddable":true,"href":"https:\/\/travelshelper.com\/sr\/wp-json\/wp\/v2\/pages\/24105"}],"wp:featuredmedia":[{"embeddable":true,"href":"https:\/\/travelshelper.com\/sr\/wp-json\/wp\/v2\/media\/4050"}],"wp:attachment":[{"href":"https:\/\/travelshelper.com\/sr\/wp-json\/wp\/v2\/media?parent=9534"}],"curies":[{"name":"wp","href":"https:\/\/api.w.org\/{rel}","templated":true}]}}