{"id":9478,"date":"2024-09-08T13:33:24","date_gmt":"2024-09-08T13:33:24","guid":{"rendered":"https:\/\/travelshelper.com\/staging\/?page_id=9478"},"modified":"2026-03-13T13:04:51","modified_gmt":"2026-03-13T13:04:51","slug":"belize-siti","status":"publish","type":"page","link":"https:\/\/travelshelper.com\/sr\/destinations\/north-america\/belize\/belize-city\/","title":{"rendered":"Beli\u017ee Siti"},"content":{"rendered":"<p>Belize Siti, najva\u017enija pomorska kapija nacije i nekada\u0161nje sedi\u0161te kolonijalne administracije, ima 63.999 stanovnika prema popisu iz 2022. godine i prostire se na \u0161est milja dugom delu Zapadnog autoputa i pet milja dugom delu Severnog autoputa na karipskoj obali gde se Haulover Krik spaja sa morem.<\/p>\n<p>Od svog nastanka kao skromne majanske enklave poznate kao Holzuz, ovo naselje je dobilo novi zna\u010daj 1638. godine kada su engleski seka\u010di drveta osnovali \u201eBelize Taun\u201c na prirodnom estuarskom zalivu \u2013 idealnom kanalu za izvoz drveta i mahagonija. U tom formativnom dobu, guste mangrove i borove \u0161ume u unutra\u0161njosti popustile su pred naglim upadima \u010damaca i jedraca, dok je prisilni rad afri\u010dkih zarobljenika, koje su uvezli Englezi, a kasnije i Kruna posle 1707. godine, bio temelj procvataju\u0107e \u0161umarske ekonomije. Tokom narednih decenija, ono \u0161to je po\u010delo kao utilitarno upori\u0161te steklo je administrativne obele\u017eja imperije: sudnice i kolonijalne kancelarije, privla\u010de\u0107i magistrate i trgovce koji su kodifikovali uredbe u primorskim komorama. Prkos potencijalnim osvaja\u010dima u bici 1798. godine kod ostrva Sent D\u017dord\u017e \u2013 koordinisan sa same ove obale \u2013 urezao je borbenu tradiciju u svest grada i potvrdio njegov primat kao komandnog centra kolonije.<\/p>\n<p>Vremenske promene u upravljanju nisu odmah umanjile prevlast grada. Kada je uragan Heti, u oktobru 1961. godine, uni\u0161tio ve\u0107inu drvenih ku\u0107a \u2013 od kojih je ve\u0107ina stajala na stubovima ili palisadama \u2013 imperativ preseljenja glavnog grada doneo je Belmopan 1970. godine. Pa ipak, uprkos odlasku ministarskih kancelarija u unutra\u0161njost, pa\u017enja gra\u0111ana je ostala usmerena na primorsku metropolu. Politi\u010dke li\u010dnosti poput Antonija Soberanisa Gomeza, D\u017dord\u017ea Prajsa i Evana Eks Hajda dobile su podr\u0161ku javnosti u ovim oblastima, \u010dak i kada se demografski mozaik nacije pro\u0161irio i obuhvatio Garifunu, Mestizo i druge etni\u010dke zajednice \u0161irom terena. Tokom dvadesetog veka, po\u017eari \u2013 najzna\u010dajniji 1999. i ponovo 2004. godine \u2013 zahvatili su naselja i na severnoj i na ju\u017enoj strani grada, samo da bi bili ugu\u0161eni upornim naporima op\u0161tinske vatrogasne brigade koja je postepeno usavr\u0161avala svoje metode i opremu. \u0160tavi\u0161e, nizinska topografija grada u\u010dinila ga je ranjivim na sezonske poplave, dok su uragani Ri\u010dard (2010) i Erl (2016) uzastopno podse\u0107ali na njegovu izlo\u017eenost tropskim ekstremima.<\/p>\n<p>Urbani otisak se deli na severnu stranu \u2014 obele\u017eenu vijugavom krivom Haulover Krika i zavr\u0161avaju\u0107i se kod uglednog podru\u010dja Fort D\u017dord\u017e \u2014 i ju\u017enu stranu, koja se pru\u017ea ka luci i stambenim \u010detvrtima koje okru\u017euju mangrove i plimne kanale. Politi\u010dki, deset izbornih jedinica mapira ove okruge. Fritaun, na zapadnoj ivici severne strane, obuhvata predgra\u0111a Belama, Koral Grouv, Batonvud Bej i Vista del Mar, prote\u017eu\u0107i se u unutra\u0161njost prema biv\u0161em imanju Tehni\u010dkog koled\u017ea Belize. Karipske obale, koje se nalaze severno i zapadno od Fritaun Rouda, doma\u0107ini su Kings Parku, kao i Zapadnom Landivaru, koji podr\u017eava dva gradska kampusa Univerziteta u Belizeu, pored enklave veli\u010danstvenih vila u Univerzitetskom Hajtsu. Pikstok se prote\u017ee du\u017e obala Haulover Krika, gde se ugledna katedrala Svetog Jovana \u2014 njene narand\u017easte cigle su pre\u0161le Atlantik kao balast \u2014 nalazi kao najstarija anglikanska gra\u0111evina u Centralnoj Americi; NJegovo osve\u0107enje, zapo\u010deto 1812. i zavr\u0161eno 1820. godine, zave\u0161talo je jedinstveno svetili\u0161te gde su se nekada obavljala krunisanja. Sam Fort D\u017dord\u017e \u010duva spomenike iz kolonijalnog doba: Memorijalni park, grobnicu i svetionik barona Blisa i Muzej Belizea sa svojim kolekcijama pretkolumbovskih artefakata i arhivskih zapisa.<\/p>\n<p>Sautsajd predstavlja \u0161areniju topografiju bogatstva. Jezero Independens, Kolet i Port Lojola sme\u0161taju mnoge od ekonomski najugro\u017eenijih porodica u gradu, gde improvizovani mostovi od drvenih paleta \u2013 podsme\u0161ljivo nazvani \u201elondonski mostovi\u201c \u2013 povezuju stambene objekte preko plitkih potoka, a rudimentarni stubovi za struju vise ispod vla\u017enog vazduha. Isto\u010dno od Centralnoameri\u010dkog bulevara, naselja Mesopotamije, Kvins skvera i Alberta nude postepeno pobolj\u0161ani stambeni fond; Albert avenija i Rid\u017eent ulica \u010dine komercijalno jezgro grada, gde se kancelarijske kule finansijskih institucija \u2013 uklju\u010duju\u0107i Centralnu banku i sve glavne doma\u0107e banke \u2013 uzdi\u017eu pored osiguravaju\u0107ih agencija, veleprodajnih pijaca i tezgi prodavaca.<\/p>\n<p>Gradski cirkulatorni sistem obuhvata \u010detiri glavna mosta: Okretni most na Trgu Market (jedina ru\u010dno upravljana struktura te vrste u globalnom pogonu); pokretni most Bel\u010dina u ulici Daglas D\u017douns; most Belkan koji povezuje Centralnoameri\u010dki bulevar sa kru\u017enim tokom na Severnom autoputu; i nedavno zavr\u0161eni raspon koji spaja Fabersov put sa predgra\u0111ima Belamom i severozapadom. Pored toga, manji prelazi se prote\u017eu kroz pojedina\u010dne trake preko tri glavna kanala - Haulover Krika, Burdon kanala i Kolet kanala - \u010dije spore struje presecaju ju\u017enu stranu, hrane\u0107i slane mo\u010dvare i podr\u017eavaju\u0107i zanatski ribolov. Ove hidrauli\u010dke saobra\u0107ajnice, vi\u0161e nego ostaci kolonijalnih drena\u017enih sistema, ostaju sastavni deo i gradskih strategija za ubla\u017eavanje poplava i njegovog kulturnog identiteta, \u0161to se odra\u017eava u ritmi\u010dnom prolasku piroga.<\/p>\n<p>Klimatski, Belize Siti podle\u017ee tropskom monsunskom re\u017eimu: dugotrajnoj ki\u0161noj sezoni od maja do februara, isprekidanoj kratkim periodom relativne suvo\u0107e u martu i aprilu. Neuobi\u010dajeno je da padavine ne prestaju u potpunosti tokom dva nominalno su\u0161na meseca; zapravo, najsu\u0161niji mesec u gradu - mart - daje prose\u010dno 48 milimetara (1,9 in\u010da) padavina, \u0161to prkosi tipi\u010dnim o\u010dekivanjima za obale pogo\u0111ene monsunima. Termometrijski, dnevne i sezonske fluktuacije su minimalne: prose\u010dne temperature variraju izme\u0111u 24 i 28 \u00b0C (75,2 i 82,4 \u00b0F), obezbe\u0111uju\u0107i stalnu toplinu koja isti\u010de i lenjost podneva i blage budnosti ve\u010dernje trgovine.<\/p>\n<p>Kulturni ritmovi u Belize Sitiju podse\u0107aju na one u drugim karipskim prestonicama \u2014 Sent D\u017dord\u017eu u Grenadi i D\u017dord\u017etaunu u Gvajani \u2014 gde dnevna vreva koegzistira sa dostojanstvenim popodnevnim zati\u0161jima. Godi\u0161nje proslave isprekidaju kalendar: Dan naselja Garifuna 19. novembra odaje po\u010dast afro-autohtonom nasle\u0111u kroz muziku i ples; karneval u Belize Sitiju svakog septembra pretvara ulice u prolaze maskarada i udaraljki; Dan barona Blisa 9. marta odaje po\u010dast dobrotvoru \u010dija je zadu\u017ebina osnovala javne institucije. Mno\u0161tvo muzeja \u2014 Institut Blis, Umetni\u010dka fondacija i galerija Image Factory, Pomorski muzej i Muzej Belizea \u2014 u\u010dvr\u0161\u0107uje novu umetni\u010dku scenu, dok Festival uli\u010dne umetnosti o\u017eivljava fasade muralima koji razgovaraju u hromatskom dijalogu.<\/p>\n<p>Ekonomski, grad funkcioni\u0161e kao nacionalni oslonac za doma\u0107i i me\u0111unarodni tranzit: brodovi za krstarenje pristaju uz obalu, a njihovi putnici se iskrcavaju lokalnim \u010damcima; Me\u0111unarodni aerodrom Filip SV Goldson, koji se nalazi u Lejdivilu na severozapadu, usmerava vazdu\u0161ni saobra\u0107aj izvan op\u0161tinskih granica; a op\u0161tinski aerodrom u Belize Sitiju prima manje avione unutar samog grada. Perspektivni infrastrukturni projekti - a najzna\u010dajnije predlo\u017eene \u017eelezni\u010dke pruge jugozapadno do Spani\u0161 Lukauta preko Belmopana i severno prema Orind\u017e Vok Taunu - ostaju predmet studija izvodljivosti koje sprovodi CRECG, uz obe\u0107anje pove\u0107anja kopnene povezanosti.<\/p>\n<p>U svojoj istoriji, Belize Siti je izdr\u017eao razaranja prirode i nevolje carstva, ali je opstao kao energi\u010dno sredi\u0161te trgovine, upravljanja i kulture zemlje. NJegove ulice, izgrebane uraganima i po\u017earima, svedo\u010de o rekonstrukciji koja je i pragmati\u010dna i ambiciozna. NJegovi mostovi i kanali evociraju in\u017eenjersko nasle\u0111e koje po\u0161tuje ritmove plime i oseke. NJegovi festivali i galerije artikuli\u0161u slo\u017eeni identitet, u kome se kolonijalno nasle\u0111e i kreolske, majanske i garifuna tradicije spajaju u \u017eivopisnoj koegzistenciji. Kroz kadencu svojih godi\u0161njih doba \u2013 i obilnih ki\u0161a i suncem obasjanih intervala \u2013 grad ostaje simbol otpornosti, \u010dija se pri\u010da nastavlja odvijati du\u017e obala prekrivenih koralima i u srcima onih koji ga zovu domom.<\/p>","protected":false},"excerpt":{"rendered":"<p>Biv\u0161i glavni grad Britanskog Hondurasa, Belize Siti, nudi mesto susreta modernizma, istorije i kulture. Sa populacijom od 61.461 stanovnika, popis iz 2010. godine utvr\u0111uje grad kao glavno sredi\u0161te aktivnosti kako za ljude koji tamo \u017eive, tako i za turiste.<\/p>","protected":false},"author":1,"featured_media":3113,"parent":9438,"menu_order":0,"comment_status":"closed","ping_status":"closed","template":"elementor_theme","meta":{"_eb_attr":"","footnotes":""},"class_list":["post-9478","page","type-page","status-publish","has-post-thumbnail"],"_links":{"self":[{"href":"https:\/\/travelshelper.com\/sr\/wp-json\/wp\/v2\/pages\/9478","targetHints":{"allow":["GET"]}}],"collection":[{"href":"https:\/\/travelshelper.com\/sr\/wp-json\/wp\/v2\/pages"}],"about":[{"href":"https:\/\/travelshelper.com\/sr\/wp-json\/wp\/v2\/types\/page"}],"author":[{"embeddable":true,"href":"https:\/\/travelshelper.com\/sr\/wp-json\/wp\/v2\/users\/1"}],"replies":[{"embeddable":true,"href":"https:\/\/travelshelper.com\/sr\/wp-json\/wp\/v2\/comments?post=9478"}],"version-history":[{"count":0,"href":"https:\/\/travelshelper.com\/sr\/wp-json\/wp\/v2\/pages\/9478\/revisions"}],"up":[{"embeddable":true,"href":"https:\/\/travelshelper.com\/sr\/wp-json\/wp\/v2\/pages\/9438"}],"wp:featuredmedia":[{"embeddable":true,"href":"https:\/\/travelshelper.com\/sr\/wp-json\/wp\/v2\/media\/3113"}],"wp:attachment":[{"href":"https:\/\/travelshelper.com\/sr\/wp-json\/wp\/v2\/media?parent=9478"}],"curies":[{"name":"wp","href":"https:\/\/api.w.org\/{rel}","templated":true}]}}