{"id":9454,"date":"2024-09-08T12:54:10","date_gmt":"2024-09-08T12:54:10","guid":{"rendered":"https:\/\/travelshelper.com\/staging\/?page_id=9454"},"modified":"2026-03-13T14:12:08","modified_gmt":"2026-03-13T14:12:08","slug":"san-ignasio","status":"publish","type":"page","link":"https:\/\/travelshelper.com\/sr\/destinations\/north-america\/belize\/san-ignacio\/","title":{"rendered":"San Ignasio"},"content":{"rendered":"<p>San Ignasio i Santa Elena, gradovi blizanci povezani ne samo geografijom ve\u0107 i slo\u017eenom prepleteno\u0161\u0107u istorije i ljudskog kretanja, \u010dine tre\u0107u najve\u0107u urbanu aglomeraciju u Belizeu - zemlji skromne veli\u010dine i obilne slo\u017eenosti. Sme\u0161ten otprilike 63 milje zapadno od Belize Sitija i samo 22 milje od glavnog grada Belmopana, ovaj zapadni ispostavljeni polo\u017eaj dom je skoro 26.000 stanovnika. Prostiru\u0107i se na kompaktnih 6,5 kvadratnih kilometara du\u017e obala reke Makal, San Ignasio funkcioni\u0161e kao kulturno i ekonomsko jezgro okruga Kajo. NJegova uzdignutost od kolonijalnog drvenog ispostavljenog polo\u017eaja do vi\u0161eslojnog urbanog centra nudi sa\u017eetu naraciju o samoj evoluciji Belizea - gde su topografija, etni\u010dka pripadnost i carstvo ostavili svoj utisak na pejza\u017e i kolektivno pam\u0107enje.<\/p>\n<p>Ono \u0161to danas \u010dini \u201eGradove blizance\u201c nekada je po\u010delo kao geografski pogre\u0161an naziv. Prvobitni \u0161panski naziv, El Kajo \u2013 \u0161to zna\u010di \u201eostrvo\u201c \u2013 inspirisan je uskim potokom koji je nekada spajao reke Makal i Mopan, okru\u017euju\u0107i kopnenu masu koja je nakratko odgovarala klasi\u010dnoj definiciji. Iako se potok osu\u0161io i potom ispunio kre\u010dnjakom, \u010dine\u0107i ostrvsku fikciju zastarelom, ime je ostalo, relikt topografskih uslova koji su odavno izbrisani. Taj prolazni vodeni put je nekada zahtevao veliki drveni most za prolaz, ali njegov nestanak je ovde simbol \u0161ire teme: prolaznost forme u suprotnosti sa trajno\u0161\u0107u identiteta.<\/p>\n<p>Podru\u010dje je naseljeno najmanje od 1200. godine pre nove ere, prvo od strane Maja \u010dije arhitektonsko i ritualno nasle\u0111e opstaje u kamenu i ti\u0161ini. Jedan kilometar ju\u017eno od modernog San Ignasija nalazi se Kahal Pe\u010d, kompaktan, ali zna\u010dajan skup ru\u0161evina napu\u0161tenih u devetom veku. Nakon njegovog propadanja, Maje su se ponovo uspostavile devet kilometara ju\u017enije u Tipuu, re\u010dnom naselju koje \u0107e se u \u0161esnaestom veku suo\u010diti sa odlu\u010dnim upadima \u0161panskih misionara. Ovi rani evropski napori da stvore hri\u0161\u0107ansku enklavu unutar majanske vlasti nai\u0161li su na otpor; El Kajo, kako su \u0160panci nazivali svoje novo naselje, kona\u010dno je napu\u0161ten 1638. godine nakon stalnih ustanaka. Kada su se \u0160panci vratili 1707. godine - ovog puta oja\u010dani vojnom snagom - potisnuli su Maje na zapad u Gvatemalu. Iako mape iz 1787. godine ozna\u010davaju ponovni pojavu imena \u201eSan Ignasio\u201c, tek 19. oktobra 1904. britanska kolonijalna vlada je formalno proglasila naselje gradom, urednije ga uvrstiv\u0161i u carsku knjigu.<\/p>\n<p>Drvo, posebno mahagoni, i va\u0111enje \u010dikla \u2014 nekada neophodnog za proizvodnju \u017evaka\u0107ih guma \u2014 bili su temelj rane kolonijalne ekonomije grada. Ove industrije su privla\u010dile me\u0161avinu radnika iz celog Belizea i \u0161ire, postepeno slojevito ispunjavaju\u0107i naselje stepenom kulturne raznolikosti koja je retka u tako skromnom urbanom prostoru. Danas je demografski sastav prete\u017eno mestizo, zatim kriolski, sa manjim zajednicama Libanaca, Mopan Maja i zna\u010dajnom kineskom populacijom \u2014 ova druga uglavnom poti\u010de iz Guangd\u017eoua u migracionim talasima koji su dostigli vrhunac sredinom dvadesetog veka. Odmah izvan grada, menonitska enklava Spani\u0161 Lukaut odra\u017eava drugi kulturni sloj: zajednicu agrarnih pacifista \u010dija disciplinovana produktivnost stoji u tihom kontrastu sa komercijalnim eklekticizmom centra San Ignasija.<\/p>\n<p>Santa Elena, nekada posebno naselje na isto\u010dnoj obali reke, vremenom je postala nerazlu\u010diva od svog pandana. Administrativnu i infrastrukturnu konsolidaciju najjasnije simbolizuje trio mostova koji premo\u0161\u0107uju Makal: jednotra\u010dni most Hoksvort \u2013 vise\u0107i most zavr\u0161en 1949. godine i jedini te vrste u Belizeu \u2013 slu\u017ei za odlazni saobra\u0107aj; drugi, niski drveni most omogu\u0107ava dolazni prolaz; a od 2018. godine, dvotra\u010dni most Santa Elena nudi modernu alternativu ovim istorijskijim prelazima. Iako San Ignasio ostaje ve\u0107i i ekonomski centralniji od njih dva, naziv \u201eGradovi blizanci\u201c odra\u017eava zajedni\u010dki identitet stvoren kroz blizinu i zajedni\u010dku funkciju.<\/p>\n<p>Politi\u010dki teren je definisan trostranim predstavljanjem u Predstavni\u010dkom domu Belizea - Kajo Central, Kajo Sever i Kajo Severoistok - od kojih svaka kanali\u0161e glasove regiona u nacionalni diskurs. U me\u0111uvremenu, op\u0161tinska uprava je u rukama gradskog ve\u0107a na \u010delu sa gradona\u010delnikom, trenutno povezanim sa Ujedinjenom demokratskom strankom, \u010diji se izborni ciklusi odr\u017eavaju svake tri godine i na kojima se takmi\u010de oba glavna politi\u010dka entiteta Belizea.<\/p>\n<p>Poljoprivreda je zamenila drvnu gra\u0111u kao ekonomski oslonac podru\u010dja, ali je turizam, u poslednjim decenijama, suptilno preusmerio kompas San Ignasija ka spolja\u0161njosti. Grad slu\u017ei kao logisti\u010dka i kulturna baza za izlete u najpoznatija arheolo\u0161ka i ekolo\u0161ka nalazi\u0161ta Belizea. Sa stanovi\u0161ta San Ignasija, majanska pro\u0161lost zemlje nije apstraktna naracija ve\u0107 opipljiva geografija: Karakol - duboko u \u0161umi \u010cikibul - Ksunantuni\u010d, vidljiv sa trajektnog prelaza preko reke Mopan; Kahal Pe\u010d, kao \u0161to je pomenuto, na pe\u0161a\u010dkoj udaljenosti; i El Pilar, koji se nalazi na granici Gvatemale i kojim se zajedni\u010dki upravlja preko nacionalnih linija. Svako mesto svedo\u010di o arhitektonskoj o\u0161troumnosti i duhovnoj kosmologiji civilizacije \u010diji potomci nastavljaju da \u017eive u regionu.<\/p>\n<p>Podzemni svet nije ni\u0161ta manje evokativan. Pe\u0107ina Aktun Tuni\u010dil Muknal \u2013 do koje se mo\u017ee do\u0107i kratkom vo\u017enjom i pe\u0161a\u010dkom \u0161etnjom \u2013 sadr\u017ei kalcifikovane skelete, ceremonijalnu keramiku i petroglife, sve sahranjeno u sistemu pe\u0107ina \u010dije odaje zahtevaju fizi\u010dku posve\u0107enost i pobo\u017eno uzdr\u017eavanje. Pe\u0107ina Barton Krik, plovila bi kanuom, nudi spokojnije iskustvo, njeni kre\u010dnja\u010dki svodovi reflektuju svetlost baklji i rituale iz vremena. Za neustra\u0161ive, Kristalna pe\u0107ina u crkvi Svetog Hermana, ponekad nazivana i Pe\u0107ina Planinske Krave, predstavlja strmiji izazov, zahtevaju\u0107i spu\u0161tanje od 4,5 metara pre nego \u0161to se otkriju njene kristalne formacije, ceremonijalne jame za vatru i oko\u0161tali ostaci majanskih \u017ertvenih obreda.<\/p>\n<p>Okolna visoravni i rezervati poja\u010davaju privla\u010dnost regiona. Rezervat \u0161ume Mauntin Pajn Rid\u017e \u2013 koji karakteri\u0161u granitni izdanci, borovi \u0161umarci i strmi vodopadi \u2013 doma\u0107in je nizu atrakcija, uklju\u010duju\u0107i pe\u0107inu Rio Frio i fotogeni\u010dnu kaskadu kod vodopada Big Rok. Rezervat prirode \u010caa Krik, iako ure\u0111eniji, \u010duva zna\u010dajan deo pra\u0161ume i sme\u0161ta i ekolo\u0161ke i kulturne interpretativne centre. Ove lokacije, sve na razumljivoj udaljenosti od San Ignasija, omogu\u0107avaju ne samo pasivno posmatranje ve\u0107 i aktivno u\u010de\u0161\u0107e \u2013 planinarenje, jahanje, vo\u017enju kajakom \u2013 unutar biodiverziteta Belizea.<\/p>\n<p>Saobra\u0107ajna infrastruktura, iako skromna po me\u0111unarodnim standardima, pokazala se dovoljno efikasnom. Zapadni autoput \u2013 potpuno asfaltiran i uglavnom bez rupica \u2013 povezuje San Ignasio sa Belize Sitijem za manje od tri sata vo\u017enje drumom. Autobusi druge klase, iako nemaju dovoljno sadr\u017eaja, nude redovne usluge i \u0161irok pristup, zaustavljaju\u0107i se na bezbroj ta\u010daka du\u017e rute. Radi ve\u0107e lako\u0107e, privatni \u0161atlovi \u2013 koji \u010desto polaze sa aerodroma ili iz priobalnih gradova \u2013 olak\u0161avaju direktan transfer. Tropik Er obavlja letove sa glavnih doma\u0107ih \u010dvori\u0161ta do obli\u017enje piste za sletanje poznate kao Majan Flets, pru\u017eaju\u0107i pogled iz vazduha na seoski krajolik usput. Unutar grada, razmere su humane: ve\u0107ina destinacija se nalazi na kratkoj pe\u0161a\u010dkoj udaljenosti, iako taksiji i zajedni\u010dki \u201ekolektivi\u201c nude jeftinu mobilnost, posebno do udaljenih sela kao \u0161to je Bulet Tri Fols.<\/p>\n<p>Iako istorijska ma\u0161ta mo\u017ee ostati vezana za pretkolumbovske ru\u0161evine i kolonijalne ostatke koji su razbacani po okolnim brdima, savremena stvarnost San Ignasija je sinteza: ljudi, ciljeva i pro\u0161losti. Tezge na pijaci su pune proizvoda sa menonitskih farmi, kineske prodavnice namirnica se nalaze du\u017e glavnih avenija, a ritmovi svakodnevnog \u017eivota odvijaju se na raznim jezicima, od belizejskog kreolskog do \u0161panskog i mandarinskog. Pija\u010dni trg, posebno subotom, slu\u017ei kao neformalna agora - podjednako trgovina i zajedni\u010dki ritual - gde slojevitost kulturnih tekstura postaje ne apstrakcija, ve\u0107 senzorna \u010dinjenica.<\/p>\n<p>Ako je autoput izgra\u0111en 1930. godine u\u010dinio San Ignasio pristupa\u010dnim obali, onda ga dana\u0161nje u\u0161\u0107e drumskih, re\u010dnih i vazdu\u0161nih puteva pozicionira kao \u010dvor kroz koji se mogu upoznati razli\u010diti stanovnici Belizea. I iako trka kanuom \u201eLa Ruta Maja\u201c nostalgi\u010dno o\u017eivljava dane pre asfalta i motora \u2013 kada je reka Makal slu\u017eila kao jedina arterijska veza izme\u0111u unutra\u0161njosti i obale \u2013 ona tako\u0111e suptilno podvla\u010di dublji kontinuitet: re\u010dni puls koji je, otkako su Maje prvi put naselile njene obale, diktirao tempo \u017eivota u ovom varljivo malom, ali simboli\u010dno prostranom kutku Centralne Amerike.<\/p>","protected":false},"excerpt":{"rendered":"<p>Sme\u0161teni u zapadnom Belizeu, gradovi blizanci San Ignasio i Santa Elena \u010dine glavno sredi\u0161te kulturnih i poslovnih aktivnosti. Prvobitno centar za proizvodnju mahagonija i \u010dikla tokom britanske kolonizacije, San Ignasio, glavni grad u okrugu Kajo, evoluirao je u dinami\u010dan grad obele\u017een kulturnom raznoliko\u0161\u0107u.<\/p>","protected":false},"author":1,"featured_media":2915,"parent":9438,"menu_order":0,"comment_status":"closed","ping_status":"closed","template":"elementor_theme","meta":{"_eb_attr":"","footnotes":""},"class_list":["post-9454","page","type-page","status-publish","has-post-thumbnail"],"_links":{"self":[{"href":"https:\/\/travelshelper.com\/sr\/wp-json\/wp\/v2\/pages\/9454","targetHints":{"allow":["GET"]}}],"collection":[{"href":"https:\/\/travelshelper.com\/sr\/wp-json\/wp\/v2\/pages"}],"about":[{"href":"https:\/\/travelshelper.com\/sr\/wp-json\/wp\/v2\/types\/page"}],"author":[{"embeddable":true,"href":"https:\/\/travelshelper.com\/sr\/wp-json\/wp\/v2\/users\/1"}],"replies":[{"embeddable":true,"href":"https:\/\/travelshelper.com\/sr\/wp-json\/wp\/v2\/comments?post=9454"}],"version-history":[{"count":0,"href":"https:\/\/travelshelper.com\/sr\/wp-json\/wp\/v2\/pages\/9454\/revisions"}],"up":[{"embeddable":true,"href":"https:\/\/travelshelper.com\/sr\/wp-json\/wp\/v2\/pages\/9438"}],"wp:featuredmedia":[{"embeddable":true,"href":"https:\/\/travelshelper.com\/sr\/wp-json\/wp\/v2\/media\/2915"}],"wp:attachment":[{"href":"https:\/\/travelshelper.com\/sr\/wp-json\/wp\/v2\/media?parent=9454"}],"curies":[{"name":"wp","href":"https:\/\/api.w.org\/{rel}","templated":true}]}}