{"id":9438,"date":"2024-09-08T11:53:45","date_gmt":"2024-09-08T11:53:45","guid":{"rendered":"https:\/\/travelshelper.com\/staging\/?page_id=9438"},"modified":"2026-03-13T13:05:13","modified_gmt":"2026-03-13T13:05:13","slug":"belize","status":"publish","type":"page","link":"https:\/\/travelshelper.com\/sr\/destinations\/north-america\/belize\/","title":{"rendered":"Belize"},"content":{"rendered":"<p>Belize, nacija sa 397.483 stanovnika prema popisu iz 2022. godine, prostire se na 22.970 kvadratnih kilometara na severoisto\u010dnoj obali Centralne Amerike. Grani\u010di se sa meksi\u010dkom dr\u017eavom Kintana Roo na severu, departmanima Peten i Izabal u Gvatemali na zapadu i jugu, a okru\u017eena Karipskim morem sa pomorskom granicom sa Hondurasom na jugoistoku, ova zemlja zauzima strate\u0161ki polo\u017eaj izme\u0111u ameri\u010dkog i karipskog sveta i predstavlja jedino dru\u0161tvo Komonvelta na centralnoameri\u010dkoj prevlaci.<\/p>\n<p>Mnogo pre nego \u0161to su evropski brodovi obi\u0161li njegovu obalu po\u010detkom \u0161esnaestog veka, nizijske \u0161ume i kre\u010dnja\u010dka brda svedo\u010dili su usponu majanskih gradova-dr\u017eava izme\u0111u 1500. godine pre nove ere i 300. godine nove ere, \u010diji su ceremonijalni centri cvetali do otprilike 1200. godine nove ere. Dolazak ekspedicije Kristofora Kolumba 1502\u20131504. godine nagovestio je povremene \u0161panske pretenzije, ali su engleski doseljenici, koji su stigli 1638. godine, postavili temelje kolonijalnog prisustva koje je pre\u017eivelo \u0161panske izazove tek nakon bitke kod ostrva Sent D\u017dord\u017e 1798. godine. Britanska kruna je formalizovala svoju kontrolu do 1862. godine, a Belize je postigao suvereni status 21. septembra 1981. godine, izabrav\u0161i da zadr\u017ei britanskog monarha kao \u0161efa dr\u017eave preko generalnog guvernera.<\/p>\n<p>Teren nacije je istovremeno raznolik i neobi\u010dno bogat: gotovo romboidna kopnena masa koja se prote\u017ee oko 280 kilometara od severa ka jugu i otprilike 100 kilometara od istoka ka zapadu, uokvirena zmijolikim tokovima reka Hondo i Sarstun du\u017e njenih granica. Dok severni sektor obuhvata ravne, mo\u010dvarne priobalne ravnice isprekidane mangrovskim \u0161ipra\u017ejem, jug se uzdi\u017ee u planine Maja, gde se vrhovi poput Dojlovog zanosa uzdi\u017eu do 1.124 metra. Izme\u0111u ovih krajnosti, bezbrojne lagune \u2013 posebno rasprostranjene u severnoj unutra\u0161njosti \u2013 smanjuju susednu parcelu zemlji\u0161ta na pribli\u017eno 21.400 kvadratnih kilometara, ozna\u010davaju\u0107i Belize kao najmanje gusto naseljenu teritoriju u regionu.<\/p>\n<p>Du\u017e svojih 386 kilometara obale, drugi najdu\u017ei koralni greben na svetu pru\u017ea se paralelno sa obalom, odr\u017eavaju\u0107i izvanredno morsko carstvo \u010diji koralni atoli, korita morske trave i korenje mangrova slu\u017ee kao klju\u010dni \u010dvorovi unutar mezoameri\u010dkog biolo\u0161kog koridora. Kopnene \u0161ume - od \u0161irokolisnih zimzelenih nizija do suptropskih borova na vi\u0161im nadmorskim visinama - kriju endemsku floru i faunu, dok jaguari, tapiri i mno\u0161tvo vrsta ptica lutaju kro\u0161njama drve\u0107a. Ovo ekolo\u0161ko bogatstvo stavlja Belize u prvi plan napora za o\u010duvanje prirode, \u010dak i kada su ga njegova ostrvska prirodna lokacija i neravna unutra\u0161njost nekada \u010dinili kanalom za trgovce narkoticima koji su tra\u017eili prolaz u Meksiko.<\/p>\n<p>Klimatski, Belize do\u017eivljava izra\u017eene oscilacije izme\u0111u sezone optere\u0107ene vlagom, koja se prote\u017ee otprilike od maja do novembra, i relativno su\u0161nog intervala od decembra do aprila. Priobalni regioni registruju prose\u010dne mese\u010dne temperature od 24 \u00b0C u januaru do 27 \u00b0C u julu, ubla\u017eene severoisto\u010dnim pasatima sa Kariba; unutra\u0161nje nizije su neznatno toplije, dok visoravni Mauntin Pajn Rid\u017ea u\u017eivaju u primetno hladnijim uslovima. Padavine naglo variraju - od oko 1.350 milimetara godi\u0161nje u severnim nizijama do preko 4.500 milimetara na krajnjem jugu - sa kratkim \u201emalo suvim\u201c periodom sredinom leta koji obele\u017eava glavni ki\u0161ni ciklus.<\/p>\n<p>Demografija Belizea odra\u017eava zamr\u0161enu tapiseriju nasle\u0111a: potomci Maja preovla\u0111uju na severu i zapadu, zajednice Garifuna \u2013 koje nose afroameri\u010dke indijanske tradicije \u2013 naseljavaju karipsko priobalje, a kreolske, mestizo i evropsko-menonitske enklave utkane su u nacionalno tkivo. Stabilna demografska promena od 1980-ih dovela je do toga da hispano-mestizo stanovnici posti\u017eu broj\u010danu primat, podstaknuta migracijama i pove\u0107anom stopom nataliteta, dok su se kreoli u zna\u010dajnom broju preselili u Sjedinjene Dr\u017eave. Danas je vi\u0161ejezi\u010dnost uobi\u010dajena: engleski vlada kao zvani\u010dni medij, ali kreolski i \u0161panski pro\u017eimaju svakodnevni \u017eivot, dopunjeni majanskim dijalektima i jezikom Garifuna.<\/p>\n<p>Ekonomska aktivnost ostaje utemeljena u poljoprivredi i agroindustriji, pri \u010demu \u0161e\u0107erna trska \u2013 koja podse\u0107a na kolonijalne obrasce \u2013 \u010dini skoro polovinu izvoznih prihoda, a banane slu\u017ee kao glavni izvor zapo\u0161ljavanja u ruralnim podru\u010djima. Papaja se nalazi me\u0111u tri najve\u0107a svetska izvozna proizvoda Belizea, dok industrijski minerali, sirova nafta (koja proizvodi oko 2.000 barela dnevno od 2017. godine) i nafta doprinose skromnom, ali raznovrsnom portfoliju. Turizam i gra\u0111evinarstvo su do\u017eiveli porast poslednjih decenija, katalizovani krhkim, ali rasko\u0161nim ekosistemima zemlje; odmarali\u0161ta na obali, splavarenje i vo\u0111ene \u0161etnje do arheolo\u0161kih ostataka zadovoljavaju tr\u017ei\u0161te ekoturizma koje je vlada dala prioritet jo\u0161 od poljoprivrede.<\/p>\n<p>Valuta \u2014 vezana za ameri\u010dki dolar \u2014 i liberalni bankarski propisi su, na\u017ealost, u\u010dinili Belize podlo\u017enim pranju novca, \u0161to je dovelo do toga da SAD 2014. godine budu ozna\u010dene kao \u201eglavna zemlja za pranje novca\u201c. Predlo\u017eene su kontramere usmerene na po\u0161tovanje poreskih propisa i kontrolu rashoda, iako infrastrukturni deficiti \u2014 najupe\u010datljiviji visoki tro\u0161kovi elektri\u010dne energije i nerazvijene transportne mre\u017ee \u2014 i dalje optere\u0107uju konkurentnost. Glavni trgovinski partneri obuhvataju Sjedinjene Dr\u017eave, Meksiko, Ujedinjeno Kraljevstvo, Evropsku uniju i zemlje KARIKOM-a.<\/p>\n<p>Sociokulturni ritmovi Belizea naj\u017eivlje se otkrivaju tokom godi\u0161njih septembarskih proslava, kojima se obele\u017eava bitka kod ostrva Svetog \u0110or\u0111a i Dan nezavisnosti, dok sinkopirani puls punta muzike isti\u010de identitet Garifuna du\u017e karipske obale. Porodi\u010dni obroci se \u010desto zasnivaju na pirin\u010du i pasulju kuvanom u kokosovom mleku, dinstanoj piletini, tamalesu i eskabe\u010deu, sa pr\u017eenim d\u017eek pomfritom ili tortiljama od bra\u0161na za doru\u010dak i ereba - hlebom od kasave - me\u0111u osnovnim jelima kuhinje Garifuna. Gradski restorani i tezge pored puta podjednako slu\u017ee ova jela po pristupa\u010dnim cenama, iako preovla\u0111uju regionalne razlike: majanske zajednice se oslanjaju na kukuruz, pasulj i bundeve, dok se ju\u017eni okruzi gozbe na vo\u0107u pra\u0161ume i slatkovodnoj ribi.<\/p>\n<p>Turisti\u010dka statistika iz 2012. godine zabele\u017eila je skoro 918.000 posetilaca - vi\u0161e od polovine iz Sjedinjenih Dr\u017eava - \u0161to je generisalo prihod od preko 1,3 milijarde dolara. Nakon poreme\u0107aja izazvanih globalnom pandemijom, Belize je postao prva karipska nacija koja je dozvolila vakcinisanim putnicima ulazak bez testiranja, u\u010dvr\u0161\u0107uju\u0107i svoj ugled kao sigurno uto\u010di\u0161te za morske i kopnene avanture. Ronjenje me\u0111u koralnim vrhovima, vo\u017enja kajakom skrivenim vodenim putevima i preleti vrhova obasjanih ki\u0161om o\u010daravaju one koji tra\u017ee intimno zajedni\u0161tvo sa mnogobrojnim izrazima prirode.<\/p>\n<p>Me\u0111u ovim kulturnim strujama izdvajaju se menonitska naselja osnovana od 1958. godine, \u010diji su stanovnici putovali iz Evrope i Severne Amerike u skladu sa sporazumima koji dozvoljavaju poljoprivrednu autonomiju i obrazovne izuzetke. NJihove zajednice \u2013 prepoznatljive po konzervativnoj ode\u0107i i dijalektima nema\u010dkog porekla \u2013 pokrenule su proizvodnju mleka, \u017eivine i \u017eitarica, unose\u0107i jedinstven agrarni dinamizam u ekonomski mozaik Belizea. Menonitsko zanatstvo u stolariji i mehanici tako\u0111e je podr\u017ealo egzistenciju na selu.<\/p>\n<p>Ukupno gledano, Belize predstavlja studiju kontrasta: gde se magloviti planinski grebeni spajaju sa suncem obasjanim koralnim atolima; gde se vekovni tragovi Maja zadr\u017eavaju usred \u0161kola na engleskom jeziku; gde ekonomija utemeljena u \u0161e\u0107ernim planta\u017eama sada privla\u010di eko-preduzetnike; gde skromna populacija od manje od \u010detiri stotine hiljada podr\u017eava preveliku posve\u0107enost o\u010duvanju prirodnog nasle\u0111a. Usred ovih isprepletenih narativa, zemlja potvr\u0111uje svoj karakter kroz otporne tradicije, jezi\u010dki pluralitet i geografiju koja i \u0161titi i izaziva njene ljude \u2013 poziv da se pristupi svakoj stazi, svakom grebenu, svakom selu, sa spremno\u0161\u0107u da se duboko posmatra i reaguje sa po\u0161tovanjem.<\/p>","protected":false},"excerpt":{"rendered":"<p>With 397,484 people as of 2022 spread across 22,970 square kilometers of various terrain, Belize sits on the northeastern coast of Central America. This country presents an interesting place for research given its unique geography and long history.<\/p>","protected":false},"author":1,"featured_media":4052,"parent":24084,"menu_order":0,"comment_status":"closed","ping_status":"closed","template":"elementor_theme","meta":{"_eb_attr":"","footnotes":""},"class_list":["post-9438","page","type-page","status-publish","has-post-thumbnail"],"_links":{"self":[{"href":"https:\/\/travelshelper.com\/sr\/wp-json\/wp\/v2\/pages\/9438","targetHints":{"allow":["GET"]}}],"collection":[{"href":"https:\/\/travelshelper.com\/sr\/wp-json\/wp\/v2\/pages"}],"about":[{"href":"https:\/\/travelshelper.com\/sr\/wp-json\/wp\/v2\/types\/page"}],"author":[{"embeddable":true,"href":"https:\/\/travelshelper.com\/sr\/wp-json\/wp\/v2\/users\/1"}],"replies":[{"embeddable":true,"href":"https:\/\/travelshelper.com\/sr\/wp-json\/wp\/v2\/comments?post=9438"}],"version-history":[{"count":0,"href":"https:\/\/travelshelper.com\/sr\/wp-json\/wp\/v2\/pages\/9438\/revisions"}],"up":[{"embeddable":true,"href":"https:\/\/travelshelper.com\/sr\/wp-json\/wp\/v2\/pages\/24084"}],"wp:featuredmedia":[{"embeddable":true,"href":"https:\/\/travelshelper.com\/sr\/wp-json\/wp\/v2\/media\/4052"}],"wp:attachment":[{"href":"https:\/\/travelshelper.com\/sr\/wp-json\/wp\/v2\/media?parent=9438"}],"curies":[{"name":"wp","href":"https:\/\/api.w.org\/{rel}","templated":true}]}}