{"id":9282,"date":"2024-09-07T20:34:39","date_gmt":"2024-09-07T20:34:39","guid":{"rendered":"https:\/\/travelshelper.com\/staging\/?page_id=9282"},"modified":"2026-03-13T15:01:15","modified_gmt":"2026-03-13T15:01:15","slug":"kostarika","status":"publish","type":"page","link":"https:\/\/travelshelper.com\/sr\/destinations\/north-america\/costa-rica\/","title":{"rendered":"Kostarika"},"content":{"rendered":"<p>Kostarika, nacija od jedva pedeset hiljada kvadratnih kilometara, a opet prepuna ekolo\u0161ke i kulturne raznolikosti, odr\u017eava ne\u0161to vi\u0161e od pet miliona stanovnika na svom zelenom terenu - a ipak, samo u San Hozeu, vi\u0161e od trista pedeset hiljada du\u0161a svakodnevno se okuplja u ritmu gradskog \u017eivota, dok skoro dva miliona \u017eivi u \u0161irem metropolitanskom zagrljaju. Sme\u0161tena izme\u0111u valovitih brda Nikaragve na severu i tropskih nizija Paname na jugoistoku, okru\u017eena karipskom i pacifi\u010dkom obalom na istoku i zapadu, ova vitka republika vlada i kontinentalnom raskrsnicom i ostrvskim suverenitetom, pro\u0161iruju\u0107i svoj pomorski domen \u010dak i do ostrva Kokos, gde se granica Ekvadora pomera ka jugu. Stabilna predsedni\u010dka demokratija, koju finansira radna snaga slavna po svojim akademskim dostignu\u0107ima - obrazovanje zahteva skoro sedam procenata javnih sredstava u odnosu na globalni prosek od ne\u0161to vi\u0161e od \u010detiri - Kostarika se metamorfozirala iz agrarne ekonomije u mozaik finansija, farmaceutskih proizvoda, korporativnih usluga i ekoturizma, a sve to podr\u017eavaju poreski povla\u0161\u0107ene zone slobodne trgovine.<\/p>\n<p>U ovom kratkom uvodu le\u017ei su\u0161tina jedinstvenosti Kostarike: zemlje koja je ukinula vojsku 1949. godine nakon kratkog gra\u0111anskog sukoba, odabrav\u0161i umesto toga da ula\u017ee u ljudski razvoj, za\u0161titu \u017eivotne sredine i dru\u0161tvenu koheziju. Od tada, Kosta Rika je utabala neobi\u010dan put me\u0111u svojim susedima \u2013 izbegavaju\u0107i oru\u017eane snage, neguju\u0107i ustavnu demokratiju i uzdi\u017eu\u0107i ljudsko blagostanje na gotovo sveti nivo. NJen indeks ljudskog razvoja svrstava je me\u0111u \u0161ezdeset najboljih zemalja sveta, dok je u Latinskoj Americi na petom mestu, presti\u017eu\u0107i zemlje sa uporedivim prihodima i u razvoju i u ravnopravnosti. Progla\u0161ena najsre\u0107nijom nacijom od strane razli\u010ditih indeksa, njeni gra\u0111ani prihvataju frazu \u201ePura Vida\u201c ne kao slogan sa nalepnice na braniku, ve\u0107 kao \u017eivu filozofiju, svedo\u010danstvo svakodnevne radosti neokaljane pritiscima uobi\u010dajenim drugde.<\/p>\n<p>Puls potkontinenta \u010desto se usporava tamo gde se uzdi\u017eu planine, a u srcu Kostarike se otvara Centralna dolina - ogromna kolevka gradova i visoravni uzgajanih kafom, okru\u017eenih vulkanima. Ovde San Hose vlada ne kao udaljena prestonica, ve\u0107 kao lonac nacionalnog identiteta: niz avenija sa drvoredom, pozori\u0161ta iz kolonijalnog doba i muzeja koji prate putanju republike od \u0161panske kolonije do moderne dr\u017eave. Alahuela, Kartago - nekada nacionalno sedi\u0161te - Eredija i San Ramon upotpunjuju kvartet gradova koji dominiraju dolinom, svaki nose\u0107i svoje nasle\u0111e: barokna bazilika Kartaga, kapije aerodroma u Alahueli, planta\u017ee kafe u Erediji, poljoprivredni sajmovi u San Ramonu. Iza ovih urbanih centara, zemlja se prostire prema Pacifiku u regionu Gvanakaste, gde suve \u0161ume tiho ustupaju mesto ravnicama isprekidanim kaktusima i obalama okru\u017eenim talasima; prema Limonu na karipskom krilu, gde afro-karipski ritmovi i jezici pokazuju heterogene korene nacije; i prema planinskom severu, gde se savr\u0161eni vrh Arenala nalazi nad toplim izvorima i maglovitim \u0161umama.<\/p>\n<p>Kostarika, uzvi\u0161eno zemlji\u0161te koje se uzdi\u017ee na tri hiljade osamsto devetnaest metara nadmorske visine vulkana Sero \u010ciripo, tako\u0111e krije visok vrh vulkana Irazu, dok jezero Arenal ogleda nebo preko mirne povr\u0161ine ro\u0111ene iz tektonske drame. Od \u010detrnaest imenovanih vulkana, polovina se pokrenula u poslednje tri \u010detvrtine veka, a svaka erupcija urezuje nove konture na zemljino platno. Klima zemlje, strogo tropska, deli godinu izme\u0111u su\u0161nih i vla\u017enih sezona - od sve\u017eih decembarskih jutara do aprilskih podneva obasjanih suncem, a zatim do ki\u0161a koje traju do novembarskog povla\u010denja. Pa ipak, takve binarnosti odaju nijanse: nesezonski pljuskovi isprekidaju su\u0161ne mesece, a u vla\u017enoj sezoni, prolazni sun\u010dani izlivi re\u017eu duge po nebu optere\u0107enom ki\u0161om.<\/p>\n<p>Topografija i istorijska putanja Kostarike usmerili su ekonomsku vitalnost u Centralnu dolinu, ali njeno pravo bogatstvo le\u017ei u skoro dvadeset sedam procenata njene teritorije izdvojene kao nacionalni parkovi i rezervati \u2013 najve\u0107i udeo za\u0161ti\u0107enog zemlji\u0161ta bilo gde na svetu. Unutar ovih sveti\u0161ta, samo 0,03 procenta globalnog terena sme\u0161ta skoro pet procenata svih vrsta, od blistavih kecala u maglovitim \u0161umama Monteverdea do ko\u017eastih kornja\u010da koje se gnezde na crnope\u0161\u010danim pla\u017eama Tortugera. Padine d\u017eungle Manuel Antonija spu\u0161taju se prema moru, dok udaljena divljina Korkovada pru\u017ea dom tapirima, jaguarima i crvenim arama \u2013 odjecima antike kada su se mezoameri\u010dke i ju\u017enoameri\u010dke kulture srele na poluostrvu Nikoja, utisnuv\u0161i prehispanski pe\u010dat na ove obale.<\/p>\n<p>Mnogo pre nego \u0161to su konkvistadori stigli u \u0161esnaestom veku, poglavice su trgovale zlatom, keramikom i solju du\u017e ovih obala; \u0161panska kruna je svoju koloniju svela na periferni status, dozvoljavaju\u0107i samo retka naselja. Sa nezavisno\u0161\u0107u 1821. godine, prvo kao deo Meksi\u010dkog carstva Agustina de Iturbidea, a zatim u okviru prolazne centralnoameri\u010dke federacije, Kostarika je kona\u010dno potvrdila puni suverenitet 1847. godine. Usledio je vek obele\u017een izvozom kafe, stranim \u017eelezni\u010dkim poduhvatima i postepenim usponom kafe elite koja je zase\u0107ivala pismenost i gra\u0111anske institucije. Pa ipak, pravi raskol dogodio se 1948. godine, kada se jedanaestodnevna izborna kriza pretvorila u gra\u0111anski rat; njen zavr\u0161etak je rezultirao ustavom koji je zabranio vojsku, preusmerio resurse ka \u0161kolama i bolnicama i zave\u0161tao naciji njen moderni etos mira.<\/p>\n<p>U pedeset godina od te odluke, Kostarika je izgradila sna\u017enu demokratiju. NJena slobodna \u0161tampa je me\u0111u najslobodnijima u svetu, izborni procesi su nepogre\u0161ivo transparentni, a institucije, od pravosu\u0111a do nezavisnih nadzornih organa, u\u017eivaju poverenje javnosti. Ovo poverenje je osnova kontinuiranog u\u010dinka zemlje na globalnim indeksima: rangiranje me\u0111u prvih dvadeset pet po slobodi \u0161tampe, visoki rezultati u merama upravljanja i stalno priznanje za subjektivno blagostanje gra\u0111ana. Dok su druge centralnoameri\u010dke dr\u017eave posrnule usred politi\u010dkog nasilja i ekonomskih turbulencija, Kostarika je odr\u017eala stabilnost, privla\u010de\u0107i strane investicije u svoje visokotehnolo\u0161ke parkove i farmaceutske klastere.<\/p>\n<p>Ipak, prosperitet nije u\u010dinio Kostariku imunom na ekolo\u0161ku krhkost. Rastu\u0107e temperature ugro\u017eavaju ekosisteme na velikim nadmorskim visinama, dok porast nivoa mora zadire na obe obale. Izmenjeni obrasci padavina ugro\u017eavaju \u017eetve kafe u Tarazuu i planta\u017ee banana u Limonu; poplave, klizi\u0161ta, cikloni i su\u0161e sada isprekidaju ono \u0161to je nekada bila predvidljiva sezonska promena. Skoro \u010detiri od pet Kostarikanaca \u017eive u zonama koje su sve vi\u0161e sklone takvim opasnostima, a sli\u010dan udeo nacionalnog BDP-a zavisi od sektora koji su osetljivi na klimatske promene. Odgovor vlade uklju\u010divao je ambiciozne politike dekarbonizacije, sa ciljem neto nulte emisije do sredine veka, i gotovo univerzalno oslanjanje na obnovljive izvore energije \u2013 devedeset pet procenata elektri\u010dne energije sada poti\u010de iz vode, geotermalne toplote, vetra, sun\u010devog zra\u010denja i biomase. Pa ipak, 2024. godine, racionalizacija izazvana su\u0161om otkrila je krhkost sistema koji je jo\u0161 uvek vezan za hidrolo\u0161ke cikluse.<\/p>\n<p>Konture dru\u0161tva odra\u017eavaju njegovo okru\u017eenje: podaci popisa iz 2022. godine, prvi koji je popisao etni\u010dki identitet u devedeset pet godina, bele\u017ee mno\u017einu belaca i mestiza pored zajednica mulata, afro-karipskog, starosedela\u010dkog, kineskog i drugih predaka. Nasle\u0111e uticaja \u010dib\u010de i navatla traje u arheolo\u0161kim nalazi\u0161tima i narodnim tradicijama, dok afro-kostarikanska populacija Limona \u010duva kreolski jezik zasnovan na engleskom jeziku, ro\u0111en iz jamaj\u010danskih radnih migracija u devetnaestom veku. \u0160panski jezik i katoli\u010dki obredi preovla\u0111uju \u2013 odjeci kolonijalne ere \u2013 ipak je kulturna tapiserija nacije utkala niti iz Afrike, Azije i Amerike u njenu kuhinju, muziku i svakodnevni \u017eivot.<\/p>\n<p>Muzika marimbe odjekuje gradskim trgovima; soka, salsa, kumbija i ba\u010data o\u017eivljavaju plesne podijume, mada, \u010dudno, me\u0111u starijim generacijama, a ne me\u0111u mladima. Gitara ostaje sveprisutni pratilac narodnih igara, ali marimba, sa svojim drvenim dirkama i rezonantnim tonskim komorama, stoji kao nacionalni instrument \u2013 njene melodije su zvu\u010dni simbol kostarikanskog identiteta. Institucionalna podr\u0161ka umetnosti dolazi iz Odeljenja za kulturu, omladinu i sport, podeljenog na odeljenja koja nadgledaju vizuelne i scenske umetnosti, muziku, nasle\u0111e i biblioteke; Nacionalni simfonijski i omladinski orkestri predstavljaju sinergiju kulture i anga\u017eovanja mladih.<\/p>\n<p>Na tanjiru, Kostarika nudi jela koja govore o slojevitoj istoriji: autohtone tamalese pored \u017eitarica i mesa koje su uveli \u0160panci; kasniji karipski i afri\u010dki uticaji se manifestuju u za\u010dinima i \u010dorbama. Pirina\u010d i pasulj \u2013 galjo pinto \u2013 \u010dine nacionalni doru\u010dak, dok kasadosi kombinuju meso, banane i salate u podnevnom obroku. Gazirana pi\u0107a pored ulice slu\u017ee sve\u017ee sevi\u010de i empanade, a priobalni gradovi nude morske plodove sa kokosom koji imaju ukus salamure i sunca. Svaki recept nosi odjeke migracije i adaptacije, dru\u0161tva koje je do\u010dekalo nove sastojke \u2013 i nove ljude \u2013 bez odustajanja od svojih osnovnih ukusa.<\/p>\n<p>Turisti sada hrle u naciju koju je National Geographic hvalio kao najsre\u0107niju na svetu, gde \u201ePura Vida\u201c funkcioni\u0161e i kao pozdrav i kao mantra, podsetnik da jednostavna zadovoljstva \u2013 pla\u017ee obasjane suncem, maglom obavijene obla\u010dne \u0161ume, pogled na crvenog ara u letu \u2013 nadma\u0161uju teret modernog \u017eivota. Od koralnih grebena Kahuite do vetrom izba\u010denog vrha \u010ciripoa; od udaljenosti ostrva Kokos do rasko\u0161nih koridora Korkovada, Kostarika nudi put koji prevazilazi konvencionalni turizam. Rute poput Kamino de Kosta Rika prelaze prevlaku od Atlantika do Pacifika, dok vo\u017enje preko Kamino del Sijelo i Kolibrijes otkrivaju pti\u010dji spektakl du\u017e planinskih grebena.<\/p>\n<p>Ipak, najve\u0107i dar zemlje ostaje njena posve\u0107enost harmoniji \u2013 izme\u0111u ljudi, upravljanja i prirode \u2013 ravnote\u017ei postignutoj nakon gra\u0111anskih sukoba, osve\u0161tanoj ukidanjem oru\u017eja i odr\u017eavanoj kroz generacije savesnog upravljanja. To je mala republika po kopnu, ali ogromna po viziji: \u017eiva laboratorija gde demokratija, razvoj i biodiverzitet koegzistiraju. U Kostariki, \u017eivot se odvija u ljudskim razmerama, meren ritmom pesme ptica i tokom reka, a ne zveckanjem oru\u017eja \u2013 nesumnjiv dokaz da prava bezbednost ne le\u017ei u bedemima ve\u0107 u \u0161kolama, bolnicama i o\u010duvanju divljine. I usred prolaska i opadanja godi\u0161njih doba, njeni gra\u0111ani nastavljaju da potvr\u0111uju, iz dana u dan, jednostavno kredo Pura Vida \u2013 \u010dist \u017eivot \u2013 i time trasiraju put koji inspiri\u0161e i van njihovih granica.<\/p>","protected":false},"excerpt":{"rendered":"<p>Kostarika, zvani\u010dno poznata kao Republika Kostarika, je zadivljuju\u0107a zemlja koja se nalazi u centralnoameri\u010dkom regionu Severne Amerike. NJeno ime, koje se prevodi kao \u201eBogata obala\u201c, odra\u017eava bogatu prirodnu lepotu i resurse zemlje. Grani\u010di se sa Nikaragvom na severu, Karipskim morem na severoistoku, Panamom na jugoistoku i Tihim okeanom na jugozapadu, a Kostarika tako\u0111e deli pomorsku granicu sa Ekvadorom na jugu od ostrva Kokos. Ovaj geografski polo\u017eaj obdario je Kostariku raznovrsnim ekosistemima i bogatim biodiverzitetom koji privla\u010di ljubitelje prirode iz celog sveta.<\/p>","protected":false},"author":1,"featured_media":4241,"parent":24084,"menu_order":0,"comment_status":"closed","ping_status":"closed","template":"elementor_theme","meta":{"_eb_attr":"","footnotes":""},"class_list":["post-9282","page","type-page","status-publish","has-post-thumbnail"],"_links":{"self":[{"href":"https:\/\/travelshelper.com\/sr\/wp-json\/wp\/v2\/pages\/9282","targetHints":{"allow":["GET"]}}],"collection":[{"href":"https:\/\/travelshelper.com\/sr\/wp-json\/wp\/v2\/pages"}],"about":[{"href":"https:\/\/travelshelper.com\/sr\/wp-json\/wp\/v2\/types\/page"}],"author":[{"embeddable":true,"href":"https:\/\/travelshelper.com\/sr\/wp-json\/wp\/v2\/users\/1"}],"replies":[{"embeddable":true,"href":"https:\/\/travelshelper.com\/sr\/wp-json\/wp\/v2\/comments?post=9282"}],"version-history":[{"count":0,"href":"https:\/\/travelshelper.com\/sr\/wp-json\/wp\/v2\/pages\/9282\/revisions"}],"up":[{"embeddable":true,"href":"https:\/\/travelshelper.com\/sr\/wp-json\/wp\/v2\/pages\/24084"}],"wp:featuredmedia":[{"embeddable":true,"href":"https:\/\/travelshelper.com\/sr\/wp-json\/wp\/v2\/media\/4241"}],"wp:attachment":[{"href":"https:\/\/travelshelper.com\/sr\/wp-json\/wp\/v2\/media?parent=9282"}],"curies":[{"name":"wp","href":"https:\/\/api.w.org\/{rel}","templated":true}]}}