{"id":9270,"date":"2024-09-07T20:16:52","date_gmt":"2024-09-07T20:16:52","guid":{"rendered":"https:\/\/travelshelper.com\/staging\/?page_id=9270"},"modified":"2026-03-13T15:35:22","modified_gmt":"2026-03-13T15:35:22","slug":"kajo-giljermo","status":"publish","type":"page","link":"https:\/\/travelshelper.com\/sr\/destinations\/north-america\/cuba\/cayo-guillermo\/","title":{"rendered":"Kajo Giljermo"},"content":{"rendered":"<p>Kajo Giljermo se nalazi na \u010delu severne obale Kube kao vitki kej unutar arhipelaga Hardines del Rej, sme\u0161ten izme\u0111u valovitih talasa Atlantskog okeana i mirnog zaliva poznatog kao Baija de Peros. NJegova stanovni\u010dka zajednica je skromna - uglavnom je \u010dine hotelski zaposleni koji svakodnevno putuju iz Morona ili Sijega de Avile - i nije zabele\u017een sveobuhvatni popis za ovu primorsku enklavu, koja se prote\u017ee otprilike pet kilometara obale, uklju\u010duju\u0107i i njen zapadni dragulj, Plaju Pilar. Neprekinuta traka peska, obojena slonova\u010dom dinama oblikovanim vetrom, uokviruje ostrvsku teritoriju kojom upravlja op\u0161tina Moron u provinciji Sijego de Avila. Zanemaren tokom ve\u0107eg dela svoje rane istorije, kej sada podr\u017eava prosperitetan turisti\u010dki sektor, privla\u010de\u0107i posetioce svojim kristalnim vodama i tihim horizontima u istoj meri.<\/p>\n<p>Mnogo pre nego \u0161to se transformisao u odmarali\u0161te, Kajo Giljermo je bio uto\u010di\u0161te za izdr\u017eljive stanovnike obale \u010diji su se izvori prihoda vrteli oko morskih i \u0161umskih resursa. U svojim po\u010detnim godinama, male grupe ribara su postavljale jednostavna skloni\u0161ta na njegovom pesku, izvla\u010de\u0107i mre\u017ee u zoru; drugi su sekli drvo u unutra\u0161njosti, proizvode\u0107i \u0107umur koji su prevozili nazad na kopno radi prodaje. Do 1960-ih, me\u0111u ljubiteljima sportskog ribolova pro\u0161irila se vest da ove okolne vode vrve od \u0161ljun\u010darki i marlina, \u0161to je iznedrilo posebnu grupu ribolovaca na dubokom moru koji su se upu\u0161tali u potragu za trofejnim ulovima. NJihove ekspedicije, sprovedene pod horizontom obasjanim ekvatorijalnim suncem, ubrizgale su ostrvo novootkrivenu slavu - ipak, pejza\u017e je zadr\u017eao svoju prvobitnu ti\u0161inu, koju je isprekidala samo silueta usamljenog krstare\u0107eg broda na plavom prostranstvu.<\/p>\n<p>Prvi poku\u0161aj turizma na ostrvu dogodio se 1993. godine otvaranjem njegovog prvog turisti\u010dkog kompleksa, epohe koju \u0107e kriti\u010dari kasnije nazvati \u201eturisti\u010dkim aparthejdom\u201c, budu\u0107i da je kubanskim dr\u017eavljanima bio zabranjen ulazak u njegove granice osim ako nisu bili zaposleni na uslu\u017enim pozicijama ili im je data posebna izuze\u0107a. Mre\u017ea brodova-\u0161atlova i zvani\u010dnih dozvola regulisala je pristup, \u010duvaju\u0107i enklavu isklju\u010divo orijentisanu na me\u0111unarodne posetioce. Takva segregacija je trajala do zore dvadeset prvog veka, kada su politi\u010dke reforme ukinule zabranu; do 2001. godine lokalni stanovnici koji su posedovali motorni prevoz mogli su slobodno da pre\u0111u nasip i zatra\u017ee svoje mesto na pesku Plaja Pilar. Evolucija ostrva od izolovanog uto\u010di\u0161ta do inkluzivnije destinacije ostaje simbol \u0161irih promena u kubanskom pristupu slobodnom vremenu i ekonomskom otvaranju.<\/p>\n<p>Svaka zora nad Kajo Giljermom najavljuje tihi balet putnika: autobusi koji prevoze hotelsko osoblje iz Morona i Sijega de Avile vijugaju preko nasipa, a njihov dolazak najavljuju tiho zujanje motora i obe\u0107anje doru\u010dka obasjanog zorom. Ovi mu\u0161karci i \u017eene, dovedeni iz obli\u017enjih gradova koje \u010desto karakteri\u0161u zelene nizije i poljoprivredna preduze\u0107a, doprinose podtonu lokalne vitalnosti. Oni odr\u017eavaju deset hotelskih objekata na ostrvu - me\u0111u kojima su Kajo Giljermo Rizort Kempinski, Gran Mutu Imperijal, Gran Mutu Rejnbou Hotel, Grand Mutu Kajo Giljermo, Hotel Kamino del Mar (ranije Melia Kajo Giljermo), Hotel Vigia (nekada Sol Kajo Giljermo), Iberostar Daikiri, Iberostar Selek\u0161n Plaja Pilar, Islazul Vilja Gregorio i Starfi\u0161 Kajo Giljermo (ranije Vilja Kohimar). NJihove rutine, iako ograni\u010dene radnim rasporedima, vezuju ostrvo za ritmove kopna.<\/p>\n<p>Pristup ovom peskovitom uto\u010di\u0161tu olak\u0161an je i vazduhom i kopnom. Aerodrom Hardines del Rej (IATA: CCC; ICAO: MUCC) nudi redovne letove koji se spu\u0161taju na moderni terminal udaljen jedva deset kilometara, odakle \u0161atl linije prevoze goste preko ravnog prostranstva priobalnih mo\u010dvara. Nasip se nadvija preko tirkiznog pli\u0107aka, prvo spajaju\u0107i ostrvo sa susednim Kajo Koko pre nego \u0161to se grana u kra\u0107i deo koji kulminira na Kajo Giljermu. Usput putnici posmatraju rubove mangrova i jezerca napajana slanom vodom, njihove mirne povr\u0161ine uznemirava samo povremeno prskanje tarpona u ska\u010du ili klizanje krila ibisa. Ova arterija povezuje ostrvo sa nacijom, spajaju\u0107i pristupa\u010dnost sa ose\u0107ajem i\u0161\u010dekivanja ro\u0111enim od skidanja poslednjeg vela morskog vazduha.<\/p>\n<p>Arhipelag Hardines del Rej, \u010dije ime podse\u0107a na kraljevske vrtove, jedna je od najdinami\u010dnije razvijaju\u0107ih turisti\u010dkih destinacija Kube, a njegov master plan cilja preko dvadeset hiljada soba na vi\u0161e ostrva. Region je ve\u0107 dom nauti\u010dkih baza koje primaju privatne jahte i ronila\u010dke ekskurzije, modernih lu\u010dkih objekata za krstarenja i ekoturisti\u010dkih inicijativa u okviru za\u0161ti\u0107enih rezervata na susednim ostrvima. Dugoro\u010dne projekcije predvi\u0111aju pro\u0161irene mre\u017ee staza kroz priobalne \u0161ume, osmatra\u010dnice za posmatranje ptica i interpretativne centre koji prikazuju endemsku floru i faunu. Iza ovog razvojnog cilja le\u017ei pa\u017eljiva ambicija: uravnote\u017eiti ambicioznu infrastrukturu sa o\u010duvanjem pejza\u017ea koji su se malo promenili otkako su najraniji posetioci ostrva kro\u010dili u potrazi za ribom i ogrevnim drvetom.<\/p>\n<p>Uzak dvotra\u010dni put vodi svoje poreklo do Turiguana u severnom delu provincije Sijego de Avila - podru\u010dja poznatog po svojim blistavim lagunama, gde ribolov pastrmke u\u017eiva kult me\u0111u ribolovcima koji cene ruralne vidike regiona. Od kopnene ivice, trotoar se prote\u017ee ka moru, provijaju\u0107i se kroz plimne ravnice i slane bazene pre nego \u0161to se penje da bi se susreo sa niskim lukom nasipa iznad kanala. Du\u017e ovog koridora, kokosove palme uokviruju prizore belih pe\u0161\u010danih pla\u017ea; dalje, okean prosipa penu\u0161avu \u010dipku preko grebena koji se nalaze odmah pri obali. Putovanje trenira oko na promenljivim panoramama: u jednom trenutku, mo\u010dvare obrubljene rogozom koje vrve od barskih ptu\u0161ka; u slede\u0107em, otvoreno prostranstvo blistave vode presavijene koralnim grebenima.<\/p>\n<p>Iako malog obima, ostrvo se mo\u017ee pohvaliti nizom hotelskih sadr\u017eaja dizajniranih da zadovolje sva\u010diji ukus, od intimnih butik hotela do prostranih kompleksa sa svim uslugama koje uklju\u010duju. Ve\u0161ta\u010dka jezera odra\u017eavaju nijansu neba, njihove mirne povr\u0161ine razbijaju mlazevi vode ili povremene patke koje klize izme\u0111u zelenih ostrvaca. Bazeni - neki okru\u017eeni barovima u kojima se mo\u017ee doplivati, drugi okru\u017eeni palmama - nude osve\u017eenje pod neumoljivim pogledom sunca. Celodnevni program kre\u0107e se od \u010dasova plesa na otvorenim terasama do seansi joge u zalazak sunca sa pogledom na more; no\u0107i donose \u017eivu muziku ispod ukra\u0161enih kro\u0161nji, zvuci gitare ili udaraljki nose se na toplom povetarcu. Sve ove karakteristike se besprekorno integri\u0161u u pejza\u017e koji ljudske ruke samo lagano dodiruju, tako da \u010dak i najslo\u017eenije komponente odmarali\u0161ta deluju obuhva\u0107ene nepromenljivim tropskim okvirom.<\/p>\n<p>Obale na Kajo Giljermu defini\u0161u se kroz me\u0111usobno delovanje peska, vetra i vode. Pet kilometara pla\u017ea prote\u017ee se du\u017e padina ostrva, ali nijedna ne uliva toliko po\u0161tovanja kao Plaja Pilar na njegovom krajnjem zapadnom vrhu. Ovde se dine prote\u017eu na visini od \u0161esnaest metara, a njihove strme padine oblikovane su pasatima u talasaste terase od slonova\u010devog peska. Uski hodnik se prote\u017ee izme\u0111u ovih prirodnih bedema i ivice vode, gde se Atlantik otkriva u spektru od bledo tirkizne do kobaltne boje. U zoru svetlost prelazi preko talasa u pesku, bacaju\u0107i filigranske senke koje prate zakrivljenost svake dine; kasnije, pod podnevnim sjajem, obala blista poput lima kovanog srebra.<\/p>\n<p>Poznatost Plaje Pilar ne po\u010diva samo na njenim izvajanim konturama, ve\u0107 i na kristalnoj bistrini njenih voda, koje pulsiraju \u017eivotom me\u0111u obli\u017enjim koralnim formacijama. Okru\u017eni grebeni nalaze se na samo nekoliko koraka od pla\u017ee, a njihove koralne glave pore\u0111ane su poput podvodnih katedrala. Ronioci lebde iznad ovog prostranstva, posmatraju\u0107i papagajske ribe koje se probijaju kroz korale veli\u010dine stena i jata morskih vodnika koji \u0161ire svoje pruge. Bazeni plime i oseke, izlo\u017eeni pri niskom vodostaju, otkrivaju morske zvezde koje se dr\u017ee za stene pregrejane suncem; kada se talasi povu\u010de, ostavljaju za sobom male pe\u0107ine u kojima se kre\u0107u \u0161kampi i mladi rakovi. Takvi intimni susreti sa morskim carstvom nagla\u0161avaju dvostruki identitet ostrva kao prefinjenog uto\u010di\u0161ta i prirodnog svetili\u0161ta.<\/p>\n<p>Podmorsko carstvo Kajo Giljerma zaslu\u017eilo je pore\u0111enja sa ogromnim akvarijumom, nude\u0107i vidljivost koja se prote\u017ee preko dvadeset metara tokom mirnih dana. Ronila\u010dki centri koji se nalaze u blizini nasipa nude vo\u0111ene izlete do zidova za odrone gde se gorgonije i morske lepeze nji\u0161u sa strujom, dok napredni ronioci istra\u017euju dublje vrhove koji odjekuju kirvinom i \u0161karpicom. Kursevi obuke za po\u010detnike nagla\u0161avaju kontrolu plovnosti iznad krhkih grebenskih struktura, neguju\u0107i kulturu upravljanja me\u0111u po\u010detnicima u podvodnim istra\u017eivanjima. No\u0107ni ronjenja otkrivaju alternativni univerzum: jastozi izlaze iz pukotina, hobotnice lutaju u potrazi za plenom, a bioluminiscentni plankton lepr\u0161a poput zvezdanih bljeskova u snopu baterijske lampe. U svakom trenutku ispod povr\u0161ine, ostrvo otkriva aspekt \u017eivopisan kao bilo koji koji ple\u0161u suncem obasjani talasi.<\/p>\n<p>Kulturni odjek ostrva prote\u017ee se izvan njegovih prirodnih bogatstava, nose\u0107i otisak Ernesta Hemingveja i njegove kasnije \u017eelje za putovanjima. Pla\u017ea Pilar je dobila ime po krstare\u0107em brodu kojim je upravljao pisac, \u010diji poslednji roman, \u201eOstrva u potoku\u201c, donosi svoje kulminacione scene u vode ba\u0161 kod ovog ostrva. Posetioci mogu stajati na istom pesku gde se njegov protagonista suo\u010dio sa gubitkom i iskupljenjem, dok pasati pomeraju palme iznad autorskog nasle\u0111a koje se zadr\u017eava poput odjeka. Takve knji\u017eevne veze produbljuju po\u0161tovanje mesta, pozivaju\u0107i na razmi\u0161ljanje o me\u0111uigri ljudskog narativa i elementarne geografije. U tom prostoru izme\u0111u autora i okru\u017eenja, istorija poprima opipljivo prisustvo \u2013 svaki korak na pla\u017ei je suptilna oma\u017e jednoj pri\u010di o pro\u0161losti.<\/p>\n<p>U promerenom prelasku od koliba od \u0107umura i mre\u017ea natopljenih katranom do modernih hotela i ugla\u010danih ronila\u010dkih brodova, Kajo Giljermo je sa\u010duvao su\u0161tinu ro\u0111enu iz samo\u0107e i slanog vazduha. Turisti dolaze tra\u017ee\u0107i razonodu - odmor ispru\u017eenih nogu na verandama, tropske koktele ispod slamnatih palata - ali odlaze sa vi\u0161e od ko\u017ee opale od sunca. Sa sobom nose utiske dina koje se uzdi\u017eu uz nebo, prigu\u0161enu buku talasa u sumrak i trenutke tihog dru\u017eenja sa morskim svetom bezvremenskim kao i samo more. Upravo ovde, u ovom spoju ekolo\u0161ke \u010disto\u0107e i pa\u017eljivo izra\u0111enog gostoprimstva, ostrvo otkriva svoj najdublji kvalitet: poziv da se nastani geografija koja je i neposredna i neopisivo transcendentna.<\/p>\n<p>Tako Kajo Giljermo opstaje kao svedo\u010danstvo umetnosti ne\u017ene transformacije, gde zahtevi turizma dvadeset prvog veka koegzistiraju sa ekolo\u0161kom suptilno\u0161\u0107u. Stoji kao lirski stih u koralima i pesku, ispisan vetrovima i plimom, \u010dekaju\u0107i korak svakog novog putnika koji \u0107e, zauzvrat, ispisati svoj stih na njegovim obalama.<\/p>","protected":false},"excerpt":{"rendered":"<p>Kajo Giljermo je zna\u010dajan ostrvski zaliv u arhipelagu Hardines del Rej, koji se nalazi na severnoj obali Kube. Ovo prelepo ostrvo nalazi se izme\u0111u Atlantskog okeana i Zaliva pasa (Baija de Peros). Kajo Giljermo, koji se nalazi u provinciji Sijego de Avila, spada pod jurisdikciju op\u0161tine Moron, podru\u010dja poznatog po svojim zna\u010dajnim prirodnim lepotama i kulturnom zna\u010daju.<\/p>","protected":false},"author":1,"featured_media":4644,"parent":9209,"menu_order":0,"comment_status":"closed","ping_status":"closed","template":"elementor_theme","meta":{"_eb_attr":"","footnotes":""},"class_list":["post-9270","page","type-page","status-publish","has-post-thumbnail"],"_links":{"self":[{"href":"https:\/\/travelshelper.com\/sr\/wp-json\/wp\/v2\/pages\/9270","targetHints":{"allow":["GET"]}}],"collection":[{"href":"https:\/\/travelshelper.com\/sr\/wp-json\/wp\/v2\/pages"}],"about":[{"href":"https:\/\/travelshelper.com\/sr\/wp-json\/wp\/v2\/types\/page"}],"author":[{"embeddable":true,"href":"https:\/\/travelshelper.com\/sr\/wp-json\/wp\/v2\/users\/1"}],"replies":[{"embeddable":true,"href":"https:\/\/travelshelper.com\/sr\/wp-json\/wp\/v2\/comments?post=9270"}],"version-history":[{"count":0,"href":"https:\/\/travelshelper.com\/sr\/wp-json\/wp\/v2\/pages\/9270\/revisions"}],"up":[{"embeddable":true,"href":"https:\/\/travelshelper.com\/sr\/wp-json\/wp\/v2\/pages\/9209"}],"wp:featuredmedia":[{"embeddable":true,"href":"https:\/\/travelshelper.com\/sr\/wp-json\/wp\/v2\/media\/4644"}],"wp:attachment":[{"href":"https:\/\/travelshelper.com\/sr\/wp-json\/wp\/v2\/media?parent=9270"}],"curies":[{"name":"wp","href":"https:\/\/api.w.org\/{rel}","templated":true}]}}