{"id":9165,"date":"2024-09-07T15:39:47","date_gmt":"2024-09-07T15:39:47","guid":{"rendered":"https:\/\/travelshelper.com\/staging\/?page_id=9165"},"modified":"2026-03-13T16:03:17","modified_gmt":"2026-03-13T16:03:17","slug":"san-kristobal","status":"publish","type":"page","link":"https:\/\/travelshelper.com\/sr\/destinations\/north-america\/dominican-republic\/san-cristobal\/","title":{"rendered":"San Kristobal"},"content":{"rendered":"<p>San Kristobal, sme\u0161ten u ju\u017enim delovima Dominikanske Republike, zauzima plodnu dolinu u podno\u017eju Centralnih Kordiljera, sme\u0161ten izme\u0111u krivudavih tokova reka Nigva i Nizao, oko trideset kilometara zapadno du\u017e autoputa DR-2 od glavnog grada. Kao op\u0161tinski na\u010delnik istoimene pokrajine, predsedava jedinim podre\u0111enim okrugom Hato Damas. NJegova tropska monsunska klima, obele\u017eena toplotom tokom cele godine i buji\u010dnim ki\u0161ama od maja do novembra, oblikuje i ritam svakodnevnog \u017eivota i konture njegovog zelenog, valovitog terena.<\/p>\n<p>Od svojih najranijih dana, San Kristobal je bio svedok epoha transformacije. Drugo putovanje Kristofora Kolumba 1493. godine usmerilo je pogled Evropljana na ove padine, a u narednom veku ran\u010devi i hacijende \u0161e\u0107erne trske po\u010deli su da se \u0161ire du\u017e plodnih ravnica izme\u0111u Haine i Nigve. Predanje ka\u017ee da je Migel Dijaz, begunac od strogih kazni La Izabele, otkrio nalazi\u0161ta zlata ovde uz vo\u0111stvo svoje starosedela\u010dke supruge, Kataline. NJegov povratak u La Izabelu katalizovao je odluku \u0161panske krune da osnuje tvr\u0111avu Buenaventura - ubrzo preimenovanu u San Kristobal u \u010dast admirala - \u010dime je postavljen temelj za naselje \u010dija parohijska crkva, San Gregorio de Nigva, podignuta 1782. godine, ostaje me\u0111u njegovim najstarijim gra\u0111evinama.<\/p>\n<p>Devetnaesti vek je dodao slojeve istorijskog zna\u010daja. Godine 1844. ustav novonastale Dominikanske Republike sve\u010dano je usvojen u okviru San Kristobala, u\u010dvr\u0161\u0107uju\u0107i njegovu ulogu kao kuvale nacionalnog suvereniteta. Zbijene ulice i trgovi grada bili su svedoci tog vatrenog okupljanja delegata, a njihovi potpisi su bili neizbrisiv dokaz odlu\u010dnosti mlade nacije. Unutar ovih okvira, sve\u010dana sala koja je ugostila potpisnike opstaje u kolektivnom se\u0107anju, \u010dak i dok su okolne strukture rekonfigurisane stalnim protokom vremena.<\/p>\n<p>Ipak, dvadeseti vek \u010desto baca najdu\u017eu senku. Godine 1891, Rafael Leonidas Truhiljo Molina, koji \u0107e se uzdi\u0107i na tridesetogodi\u0161nju autoritarnu vladavinu, ro\u0111en je u granicama San Kristobala. Diktatorovo prisustvo je utisnulo gradski pejza\u017e spomenicima i grandioznim i rasko\u0161nim \u2013 me\u0111u njima su Balneario La Toma, turisti\u010dki kompleks zami\u0161ljen kao izlog rekreativne modernosti, i Park Pijedras Vivas, kolonada od kamenja sakupljenog iz svake dominikanske provincije, podignuta u znak samohvalisanja. Privatna imanja vezana za njegovu porodicu \u2013 El Kastiljo El Sero, La Kasa de Plaja de Nahajo (\u010desto nazivana Kasa de Marfil), La Hacijenda Marija ili Kasa Blanka i rasko\u0161na Kasa de Kaoba \u2013 nekada su simbolizovala njegovu vlast; danas, iako postoje\u0107e, ove gra\u0111evine nose posledice zanemarivanja, njihove fasade se ru\u0161e poput ostataka poglavlja za koje mnogi \u017eele da nikada nisu napisani.<\/p>\n<p>Truhiljova smrt 1961. godine \u2014 ubijen od strane grupe zaverenika na putu za San Kristobal \u2014 donela je nagli kraj autoritarnoj vladavini, ali njegovo arhitektonsko nasle\u0111e ostaje utkano u urbano tkivo. Dok odmarali\u0161te u La Tomi i dalje privla\u010di turiste iznutra koji tra\u017ee brzo olak\u0161anje na obali, a park \u017divog kamenja stoji kao nenamerni spomenik i oholosti i jedinstvu, bezbroj manjih preduze\u0107a ni\u010du du\u017e glavnih avenija, signaliziraju\u0107i gra\u0111anski impuls da se povrate i prenamene prostori iz te\u0161ke pro\u0161losti.<\/p>\n<p>Geografski gledano, San Kristobal predstavlja raznoliku sliku. Doline, navodnjavane pritokama koje se ulivaju u Nizao, neguju male planta\u017ee - leje luka u ravnicama Nahajo-Palenke, planta\u017ee kafe na bli\u017eim planinskim padinama i parcele citrusa u Vilji Altagrasiji. Iza poljoprivrednog pojasa, industrijski koridor pulsira aktivno\u0161\u0107u. Nestleova fabrika Magi, fabrika za preradu Goja Fuds i pogoni grupe Sansela porodice zauzimaju istaknute stanice, a pridru\u017euju im se industrijski park stakla, fabrika cevi CEDELCA i radionice za mermer i plo\u010dice pod zastavom Marmoteka, Teknotilesa i Star Marbla. Zona slobodna od oru\u017earstva i razne linije za proizvodnju rasvete upotpunjuju mozaik. Pa ipak, zbog blizine Santo Dominga, zna\u010dajan deo stanovni\u0161tva svakodnevno putuje ka prestonici ili susednim \u010dvori\u0161tima kao \u0161to su Baho de Haina i Nigva, a njihov egzodus je svakodnevni dokaz magnetizma metropolitana.<\/p>\n<p>Ekonomski, San Kristobal je peti po veli\u010dini me\u0111u urbanim centrima u zemlji \u2013 \u0161to se ogleda u \u0161irokom spektru trgovine. Industrija u op\u0161tini i susednim slobodnim zonama koegzistira sa poljoprivrednim poduhvatima i lu\u010dkim operacijama u Baho de Haini i Palenkeu. Prepuna skladi\u0161ta u slobodnim zonama, gde se roba orijentisana na izvoz kre\u0107e u urednoj povorci, kriju tihu marljivost poljoprivrednika koji mame plodove kafe sa \u0161umovitih visina ili se grupi\u0161u u ne\u017enim izdancima polja luka. Suprotstavljanje te\u0161ke industrije i skromne obrade zemlje defini\u0161e uravnote\u017eenu ekonomiju, onu koja ne te\u017ei isklju\u010divo megaprojektima niti opstaje samo na oseci i oseci sezonskih prinosa.<\/p>\n<p>Turizam, prvenstveno doma\u0107i, donosi dodatnu vitalnost. Pla\u017ea u Nahaju poziva porodice da se opu\u0161taju na njenom pesku i da se upuste u tople morske talase, dok obala Palenkea nudi osamljenije uto\u010di\u0161te. U unutra\u0161njosti, bazeni i mesta za piknik Balnearios de La Toma privla\u010de izletnike, a Kuevas del Pomijer - mre\u017ea pe\u0107ina ispresecanih pretkolumbovskim petroglifima - pru\u017ea uvid u drevne stanovnike ostrva. Reke Haina i Nizao, koje vijugaju kroz kanjone u hladu manga i seibe, pru\u017eaju prirodne amfiteatre za pliva\u010de i ribolovce, a njihove bistre struje podse\u0107aju na vreme kada je dolina odjekivala samo glasovima ptica.<\/p>\n<p>U skladu sa svojim raznovrsnim poduhvatima, San Kristobal je razvio sna\u017ene telekomunikacije. Glavni nacionalni telefonski operateri odr\u017eavaju pune operacije, a kablovske i satelitske televizijske usluge su \u0161iroko dostupne, omogu\u0107avaju\u0107i stanovnicima da ostanu ne samo povezani unutar republike, ve\u0107 i upoznati sa globalnim diskursima. U kafi\u0107ima i skromnim prodavnicama, gra\u0111ani koriste laptopove i mobilne ure\u0111aje, pro\u0161iruju\u0107i domet doline van njenih fizi\u010dkih granica putem digitalnih arterija.<\/p>\n<p>Tokom svoje evolucije, San Kristobal je apsorbovao uzastopne slojeve identiteta \u2013 pretkolonijalna naselja, kolonijalnu poljoprivredu, revolucionarno \u017eari\u0161te, diktatorski izlog, industrijsku silu i doma\u0107e uto\u010di\u0161te. Svaki sloj dopunjuje, a ne bri\u0161e ostale, stvaraju\u0107i palimpsest koji se opire povr\u0161noj karakterizaciji. Moglo bi se pro\u0161etati Avenijom Espanja i pre\u0107i sa ukra\u0161ene, iako tro\u0161ne, fasade Truhiljove biv\u0161e rezidencije na blistave proizvodne trake moderne proizvodnje, pri \u010demu je prelaz toliko nagli da podsti\u010de na razmi\u0161ljanje o mnogostrukim putanjama napretka i mo\u0107i.<\/p>\n<p>U polumraku zore, dolina zra\u010di gotovo meditativnim smirenjem. Trgovci se spremaju da otpreme tovare luka namenjene udaljenim pijacama; fabri\u010dke kapije se otvaraju dok se radnici okupljaju ispod transparenata koji objavljuju promene smena; vode Nizaoa, svilenkaste pod ranim suncem, \u017eubore o kamenje izgla\u010dano vekovima prolaska. Do podneva, metropola bruji punim kapacitetom, a do ve\u010deri, obale reka ispunjavaju se smehom i pesmom. Takav je cikli\u010dni balet San Kristobala: grada \u010dije su konture definisane vodom i grebenom, \u010dija je pri\u010da ispisana na kamenju i \u017eivom i davno palom, i \u010dija budu\u0107nost ostaje \u017eiva i nepredvidiva kao i brzaci koji seku njegove granice.<\/p>\n<p>Putovanje kroz San Kristobal zna\u010di susret sa sinhronicitetom motiva \u2013 politi\u010dke geneze, kolonijalnog poduhvata, ostataka despotizma, industrijske snage i turisti\u010dkog olak\u0161anja \u2013 utkanih u tapiseriju koja je istovremeno drevna i nova. Dolina, okru\u017eena planinama i vo\u0111ena rekama, sme\u0161ta stanovni\u0161tvo \u010diji su rad i slobodno vreme neraskidivo vezani za zemlju. Ovde su potpisnici ustava nekada zavetovali slobodu; ovde je diktator gradio spomenike svojoj slici o sebi; ovde zanatlije oblikuju mermerne plo\u010de dok porodice sade sadnice kafe. Upravo u ovom preplitanju nasle\u0111a i zamaha San Kristobal otkriva svoju su\u0161tinu: mesto koje je istovremeno reflektivno i i\u0161\u010dekivalo, gde te\u017eina istorije podupire obe\u0107anje sutra\u0161njice.<\/p>","protected":false},"excerpt":{"rendered":"<p>San Kristobal je dinami\u010dan grad sme\u0161ten u ju\u017enom delu Dominikanske Republike. Grad funkcioni\u0161e kao op\u0161tinski centar provincije San Kristobal, sme\u0161tene u \u017eivopisnoj dolini u podno\u017eju Centralnih Kordiljera, oivi\u010dene rekama Nigva i Nizao. Ova op\u0161tina sadr\u017ei op\u0161tinski okrug koji se naziva Hato Damas.<\/p>","protected":false},"author":1,"featured_media":3743,"parent":9128,"menu_order":0,"comment_status":"closed","ping_status":"closed","template":"elementor_theme","meta":{"_eb_attr":"","footnotes":""},"class_list":["post-9165","page","type-page","status-publish","has-post-thumbnail"],"_links":{"self":[{"href":"https:\/\/travelshelper.com\/sr\/wp-json\/wp\/v2\/pages\/9165","targetHints":{"allow":["GET"]}}],"collection":[{"href":"https:\/\/travelshelper.com\/sr\/wp-json\/wp\/v2\/pages"}],"about":[{"href":"https:\/\/travelshelper.com\/sr\/wp-json\/wp\/v2\/types\/page"}],"author":[{"embeddable":true,"href":"https:\/\/travelshelper.com\/sr\/wp-json\/wp\/v2\/users\/1"}],"replies":[{"embeddable":true,"href":"https:\/\/travelshelper.com\/sr\/wp-json\/wp\/v2\/comments?post=9165"}],"version-history":[{"count":0,"href":"https:\/\/travelshelper.com\/sr\/wp-json\/wp\/v2\/pages\/9165\/revisions"}],"up":[{"embeddable":true,"href":"https:\/\/travelshelper.com\/sr\/wp-json\/wp\/v2\/pages\/9128"}],"wp:featuredmedia":[{"embeddable":true,"href":"https:\/\/travelshelper.com\/sr\/wp-json\/wp\/v2\/media\/3743"}],"wp:attachment":[{"href":"https:\/\/travelshelper.com\/sr\/wp-json\/wp\/v2\/media?parent=9165"}],"curies":[{"name":"wp","href":"https:\/\/api.w.org\/{rel}","templated":true}]}}