{"id":9146,"date":"2024-09-07T14:47:02","date_gmt":"2024-09-07T14:47:02","guid":{"rendered":"https:\/\/travelshelper.com\/staging\/?page_id=9146"},"modified":"2026-03-13T16:03:47","modified_gmt":"2026-03-13T16:03:47","slug":"puerto-plata","status":"publish","type":"page","link":"https:\/\/travelshelper.com\/sr\/destinations\/north-america\/dominican-republic\/puerto-plata\/","title":{"rendered":"Puerto Plata"},"content":{"rendered":"<p>San Felipe de Puerto Plata je glavna luka i prestonica pokrajine na severnoj obali Dominikanske Republike, a njegovo urbano tkivo se odvija oko prirodne luke ispod vrha Piko Izabel de Tores, visokog 793 metra. Grad trajne vitalnosti, ima preko sto hiljada kreveta u odmarali\u0161tima i pionirsku \u017ei\u010daru u regionu. NJegovu obalu okru\u017euju Plaja Dorada i Kosta Dorada na istoku. Puerto Plata se pojavljuje kao centar istorije, trgovine i razonode.<\/p>\n<p>Od trenutka kada su \u0161panski kolonisti prvi put kro\u010dili na njegove obale po\u010detkom \u0161esnaestog veka, Puerto Platu su oblikovale struje ambicija i neda\u0107a. U to doba, naselje je slu\u017eilo kao glavni pomorski izlaz Santo Dominga, olak\u0161avaju\u0107i protok robe i ideja izme\u0111u Evrope i Novog sveta. Pa ipak, 1605. godine, kraljevski dekret pod Filipom III najavio je njegov privremeni kraj, jer su vlasti sravnjile grad sa zemljom kako bi odbranile upade engleskih gusara. \u010citav vek je zaliv le\u017eao tih, skladi\u0161ta napu\u0161tena, a ulice prekrivene \u017ebunjem, sve dok farmeri sa Kanarskih ostrva nisu udahnuli novi \u017eivot zemlji jednostavnim imanjima i poljima. Taj povratak \u010dove\u010danstva ozna\u010dio je prvu od mnogih renesansa, jer \u0107e u svojim kasnijim poglavljima Puerto Plata pretrpeti okupaciju, razaranje i ponovno ro\u0111enje u ritmovima koji su odra\u017eavali burnu pro\u0161lost samog ostrva.<\/p>\n<p>Geografski, konture grada su definisane naglom topografijom. Na severu, nemirne plime Atlantika zapljuskuju zaliv \u010diji su za\u0161titni rukavi nekada \u0161titili \u0161panske galije. Ju\u017eno, padine Izabel de Tores se o\u0161tro uzdi\u017eu, pru\u017eaju\u0107i naselju impozantan pogled \u2013 vidljiv gotovo u celosti sa kejeva ispod. Ova planina, izdvojena iz Kordiljera Septentrional, uzdi\u017ee se na skoro osamsto metara nadmorske visine, a njena kruna je obavijena maglom koja je ranije inspirisala Kolumba da je krsti Monte de Plata, ili Srebrna planina, po luminescentnom velu koji je prekrivao njen vrh u zoru. Danas se posetioci penju \u017ei\u010darom otvorenom 1975. godine, skromnim vozom \u010dije trinaestominutno putovanje prevozi sedamnaest putnika preko panoramskih vidika, sme\u0161taju\u0107i ih u tropskoj botani\u010dkoj ba\u0161ti koja na sedam hektara ima \u0161est stotina vrsta flore.<\/p>\n<p>Odjeci tog kolonijalnog nasle\u0111a ostaju utkani u urbanu tapiseriju Puerto Plate. Tvr\u0111ava San Felipe, zavr\u0161ena 1577. godine i nazvana po kralju Filipu II, stoji stra\u017earski iznad obale - njeni debeli zidovi od zidova i nepravilni bastioni trajno svedo\u010de o vojni\u010dkom poreklu grada. Unutar istorijskog jezgra, ne\u017ena simetrija viktorijanskih fasada otkriva ambicije Evropljana iz devetnaestog veka koji su stigli nakon Dominikanskog rata za restauraciju. Francuski, italijanski, nema\u010dki i engleski imigranti uveli su drvene rezbarene balkone i re\u0161etkaste verande, stvaraju\u0107i lokalni idiom koji spaja karipsku lako\u0107u sa evropskim ornamentom. Dalji slojevi stilske evolucije stigli su pod ameri\u010dkom okupacijom po\u010detkom dvadesetog veka, kada je izgradnja cementnih blokova uvela aerodinami\u010dne zgrade koje se i dalje ni\u017eu ulicama nazvanim po politi\u010dkim herojima i lokalnim uglednicima.<\/p>\n<p>Te ulice vrve od kulturne vitalnosti. Krajem zime, karnevalske povorke o\u017eivljavaju avenije sa Taimaskaro \u0111avolima \u010dije maske evociraju Taino bo\u017eanstva, prekrivene trakama koje podse\u0107aju na \u0161pansku pompu i afri\u010dki ritam. Parade oslikanih povorki i plesa\u010da koji obuhvataju rogove od \u0161koljki spajaju se u proslavi koja se prote\u017ee od pristani\u0161ta do svake sporedne ulice, obele\u017eavaju\u0107i neprekinutu tradiciju koja datira iz devetnaestog veka. Svake godine veselje kruni\u0161e kralja Moma, simboli\u010dnog monarha zadu\u017eenog za o\u010duvanje identiteta predaka kroz bubnjeve i pojanje koje odjekuje uz viktorijanske zabatne zidove.<\/p>\n<p>Izvan istorijskog okruga, pomorska trgovina te\u010de bez prekida. Luksuzni brodovi pristaju u Amber Kouv, terminalu vrednom osamdeset pet miliona dolara koji je otvorila kompanija Carnival Cruise Line 2015. godine, dok obli\u017enji terminal za kruzere Taino Bej, otvoren u decembru 2021. godine, opslu\u017euje brodove koji tra\u017ee intimniji pristup jezgru grada. Brodovi za generalni teret pristaju u zonama slobodnim od carine, utovaruju\u0107i banane, \u0161e\u0107er, rum i tekstil koji je namenjen udaljenim pijacama. Lokalna akvakultura i mali zanatski ribolov tako\u0111e odr\u017eavaju lokalne pijace, gde ribari u ranu zoru izvla\u010de \u017eute ribe i kirvine, dok se njihovi \u010damci nji\u0161u uz siluetu Isle Izabel, stenovitog izboja uz obalu.<\/p>\n<p>Uz obalu, od same luke, vode kristalno tirkizne kolevke prostiru se uz proteze zlatnog peska - Plaja Dorada i Kosta Dorada su me\u0111u njima najva\u017enije. U prvoj zori, ove krivine obale blistaju pod suncem obasjanim ekvatorijalnom toplinom; pri izlasku meseca svetlucaju odsjajima koji podse\u0107aju na Kolumbove prve utiske o srebru. U unutra\u0161njosti se nalazi Ou\u0161n Vorld, avanturisti\u010dki park vredan dvadeset sedam miliona dolara, sme\u0161ten usred grebena pla\u017ee Kofresi. Ovde marina za jahte ugo\u0161\u0107uje devetnaest zato\u010denih delfina, dok malajski tigrovi lutaju simuliranim proplancima d\u017eungle, a tropske ptice kru\u017ee iznad akvarijuma koji bele\u017ee kaleidoskop karipske ihtiofaune. Za porodice i morske nau\u010dnike, park predstavlja spoj spektakla i obrazovanja, a njegovi tamniji uglovi podse\u0107aju posetioca na me\u0111uzavisnost vrsta unutar promenljivih priobalnih ekosistema.<\/p>\n<p>Vodeni tokovi me\u0111u brdima i ravnicama pokrajine Puerto Plata prate mre\u017eu reka i potoka \u010dija imena zvu\u010de kao poezija \u2014 Kamu del Norte, San Markos, Korozo, Munjoz i Maimon \u2014 svaki se vijuga kroz polja \u0161e\u0107erne trske i gajeve citrusa pre nego \u0161to se ulije u okean. Manje re\u010dice, Fu, Blanko, Kabaljo i Kulebra, hrane zelene doline gde banane i kafa pu\u0161taju koren, a njihovi plodovi podsti\u010du lokalna agrobiznis preduze\u0107a koja su temelj ekonomije. Tropska monsunska klima regiona registruje dva godi\u0161nja doba: sparno leto obele\u017eeno umerenim ki\u0161ama i zimu koju najavljuju severni hladni frontovi koji donose pljuskove i sve\u017e povetarac sa hispaniolskih visoravni. Ovi meteorolo\u0161ki ritmovi diktiraju cikluse sadnje i kalendare festivala, pozivaju\u0107i na odmereni tempo koji je u kontrastu sa oscilacijama Kariba.<\/p>\n<p>U okviru gradske ekonomske industrije, turizam je vrhovni, ali niz prate\u0107ih industrija odr\u017eava egzistenciju stanovnika. Tekstilna i laka proizvodnja zauzimaju prigradske parcele, dok brodogradili\u0161ta du\u017e zaliva oblikuju i remontuju brodove koji plove priobalnim rutama. Zona bez carine u blizini La Unije usmerava uvoz koji podr\u017eava gra\u0111evinski i sektor robe \u0161iroke potro\u0161nje \u0161irom pokrajine. \u0160tavi\u0161e, Me\u0111unarodni aerodrom Gregorio Luperon, koji se nalazi oko petnaest kilometara isto\u010dno od San Felipea, povezuje destinaciju sa trinaest putni\u010dkih i tri teretna prevoznika, dovode\u0107i putnike \u017eeljne pogodnosti i kvarljivi izvoz sa jednakom brzinom.<\/p>\n<p>Muzeji \u010duvaju kulturno nasle\u0111e grada. U Vili Benc, elegantnoj vili iz 1918. godine koju je projektovao \u0161panski arhitekta Marin Galart i Kantu, nalazi se Muzej Dominikanskog ambara (Museo del \u00c1mbar Dominicano). Od svog osnivanja 1982. godine od strane porodi\u010dne kulturne kompanije Alda Koste, muzej je izlo\u017eio neuporedivu kolekciju fosilizovane smole - \u0107ilibarskog kamenja koje \u010duva praistorijske insekte i fragmente biljaka u zlatnoj \u010disto\u0107i. Svaka izlo\u017eba poziva na razmi\u0161ljanje o dubokom vremenu i ekolo\u0161kim promenama koje su oblikovale biodiverzitet Kariba.<\/p>\n<p>Manje formalne, ali ne manje evokativne, jesu Viktorijanske ku\u0107e (Casas Victorianas) u Zoni Kolonijalnoj (Zona Colonial). Podignute od 1879. godine nadalje, ove drvene rezidencije imaju \u010dipkaste ukrase i visoke plafone prilago\u0111ene tropskoj klimi, a njihove proporcije odra\u017eavaju doba kada su zanatstvo i ornamentika bili ozna\u010ditelji te\u017enji. Usred ovih stanova, Most Gvineje nudi prelaz sa jednim rasponom preko kanalskog basena, a njegov blago zakrivljeni oblik podse\u0107a na \u017eilave krivine gvozdenih radova iz devetnaestog veka.<\/p>\n<p>Ju\u017eno od grada, gvozdeni svetionik izliven 1879. godine probija horizont iz zidane osnove sa dorskim stubovima. Sa visinom od \u010detrdeset dva metra, upozorava mornare na plitke grebene koji \u010duvaju prilaz zalivu. Do prelaska u novi milenijum, korozija je svela strukturu na nesigurne ru\u0161evine, zbog \u010dega je 2000. godine uvr\u0161tena na Svetsku listu za\u0161tite spomenika. Partnerstvo sa kompanijom American Express finansiralo je temeljnu restauraciju, zavr\u0161enu 2004. godine, koja je vratila svetioniku njegov nekada\u0161nji zna\u010daj i podstakla revitalizaciju okolnog istorijskog okruga.<\/p>\n<p>Pri\u010da o Puerto Plati je neodvojiva od njenih ponavljaju\u0107ih ciklusa razaranja i obnove. Tokom Kvazi-rata krajem osamnaestog veka, marinci Sjedinjenih Dr\u017eava iskrcali su se du\u017e luke, ga\u0111aju\u0107i topove Fortaleze San Felipe nakon \u0161to su zarobili francuskog gusara po imenu Sendvi\u010d. Godine 1863, grad je spaljen tokom Dominikanskog rata za obnavljanje, samo da bi se njegovi stanovnici podigli iz pepela dve godine kasnije, podi\u017eu\u0107i nove gra\u0111evine koje su spojile evropski dizajn sa lokalnom domi\u0161ljato\u0161\u0107u. Takva upornost pronalazi svoj mo\u017eda najdirljiviji simbol na vrhu Piko Izabel de Tores, gde mala replika Hrista Spasitelja iz Rio de \u017daneira predsedava zelenim vrtovima, s pogledom na metropolu koja je odbila da se pokori vremenu ili plimi.<\/p>\n<p>Pla\u017ee oko grada \u0161apu\u0107u pri\u010de o starosedela\u010dkim kanuistima i gusarima koji su nekada istra\u017eivali ove vode u potrazi za blagom. U La Poza del Kastiljo, strane ostrige se dr\u017ee potopljene keramike, dok se u zalivima Kofresi ribari se\u0107aju legendi o lokalnom piratu \u010dije su skrivene riznice izmicale svakom konkvistadoru. Long Bi\u010d, Marapika, Maimon i Bergantin poseduju svaki poseban karakter - neki nude mirne koralne grebene za ronioce, drugi talase pogodne za surfovanje koji se nadvijaju snagom Atlantika. Posetioci sakupljaju \u0161koljke i naplavljeno drvo, zvuci merengea i ba\u010date me\u0161aju se sa kricima galebova dok se sumrak spu\u0161ta na pesak.<\/p>\n<p>Saobra\u0107ajne arterije spajaju ove razli\u010dite oblasti. Autoput Don Hose \u0110inebra vijuga od San Markosa preko Pjedra Kandele i El Krusea, penju\u0107i se do asfaltiranog uspona koji vodi do bazne stanice \u017ei\u010dare. Odatle, elektrohidrauli\u010dni sistem prevozi putnike ka nebu u kabinama sa staklenim zidovima, pru\u017eaju\u0107i skoro osam minuta neprekidnog spektakla. U istaknutim trenucima, \u010dovek mo\u017ee da vidi orhideje botani\u010dke ba\u0161te postavljene pored klastera urbanog \u0161irenja, podsetnik da priroda i kultura koegzistiraju u svakom kadru panorame ovog grada.<\/p>\n<p>\u041a\u0430\u043a\u043e \u0441\u0435 \u0441\u0443\u043c\u0440\u0430\u043a \u043f\u0440\u043e\u0434\u0443\u0431\u0459\u0443\u0458\u0435, \u043e\u0431\u0430\u043b\u0430 \u043f\u043e\u043f\u0440\u0438\u043c\u0430 \u0431\u043b\u0430\u0436\u0443 \u043d\u0438\u0458\u0430\u043d\u0441\u0443. \u0422\u0432\u0440\u0452\u0430\u0432\u0430 \u0421\u0430\u043d \u0424\u0435\u043b\u0438\u043f\u0435 \u0458\u0435 \u043e\u0431\u0430\u0441\u0458\u0430\u043d\u0430 \u045b\u0438\u043b\u0438\u0431\u0430\u0440\u043d\u043e\u043c \u0441\u0432\u0435\u0442\u043b\u043e\u0448\u045b\u0443, \u045a\u0435\u043d\u0438 \u0437\u0443\u043f\u0446\u0438 \u043f\u0440\u043e\u0458\u0435\u043a\u0442\u0443\u0458\u0443 \u0441\u0435\u043d\u043a\u0435 \u043a\u043e\u0458\u0435 \u043f\u043b\u0435\u0448\u0443 \u043d\u0430 \u043f\u043b\u0438\u043c\u0438. \u041c\u0443\u0437\u0438\u043a\u0430 \u0441\u0435 \u0448\u0438\u0440\u0438 \u0438\u0437 \u043a\u0440\u043e\u0432\u043d\u0438\u0445 \u0442\u0430\u0432\u0435\u0440\u043d\u0438 \u0433\u0434\u0435 \u0433\u043e\u0441\u0442\u0438 \u0438\u0441\u043f\u0438\u0458\u0430\u0458\u0443 \u0445\u043b\u0430\u0434\u043d\u0430 \u043f\u0438\u0432\u0430 Presidente, \u0430 \u043c\u0438\u0440\u0438\u0441 \u043f\u0435\u0447\u0435\u043d\u0435 \u0440\u0438\u0431\u0435 \u043c\u0435\u0448\u0430 \u0441\u0435 \u0441\u0430 \u0441\u043e\u0459\u0443 \u0438 \u043e\u043b\u0435\u0430\u043d\u0434\u0435\u0440\u043e\u043c. \u0425\u043e\u0442\u0435\u043b\u0441\u043a\u0438 \u043b\u043e\u0431\u0438\u0458\u0438 \u043e\u0434\u0458\u0435\u043a\u0443\u0458\u0443 \u0432\u0438\u0448\u0435\u0458\u0435\u0437\u0438\u0447\u043d\u0438\u043c \u0430\u043a\u0446\u0435\u043d\u0442\u0438\u043c\u0430 - \u0444\u0440\u0430\u043d\u0446\u0443\u0441\u043a\u0435 \u043f\u043e\u0440\u043e\u0434\u0438\u0446\u0435 \u043e\u0431\u0438\u043b\u0430\u0437\u0435 \u041c\u0443\u0437\u0435\u0458 \u045b\u0438\u043b\u0438\u0431\u0430\u0440\u0430, \u043a\u0430\u043d\u0430\u0434\u0441\u043a\u0438 \u043f\u0435\u043d\u0437\u0438\u043e\u043d\u0435\u0440\u0438 \u043a\u043e\u0458\u0438 \u0441\u0435 \u0443\u043a\u0440\u0446\u0430\u0432\u0430\u0458\u0443 \u0438\u0437 \u0437\u0430\u043b\u0438\u0432\u0430 \u045b\u0438\u043b\u0438\u0431\u0430\u0440\u0430 \u0438 \u0440\u0430\u0434\u043e\u0437\u043d\u0430\u043b\u0438 \u0434\u043e\u043c\u0438\u043d\u0438\u043a\u0430\u043d\u0446\u0438 \u043a\u043e\u0458\u0438 \u0441\u0435 \u0432\u0440\u0430\u045b\u0430\u0458\u0443 \u0441\u0442\u043e\u043f\u0430\u043c\u0430 \u043f\u0440\u0435\u0434\u0430\u043a\u0430. \u041a\u0440\u043e\u0437 \u0441\u0432\u0435 \u045a\u0438\u0445, \u041f\u0443\u0435\u0440\u0442\u043e \u041f\u043b\u0430\u0442\u0430 \u043e\u0442\u043a\u0440\u0438\u0432\u0430 \u0441\u0432\u043e\u0458 \u0458\u0435\u0434\u0438\u043d\u0441\u0442\u0432\u0435\u043d\u0438 \u0438\u0434\u0435\u043d\u0442\u0438\u0442\u0435\u0442: \u043c\u0435\u0441\u0442\u043e \u0433\u0434\u0435 \u0441\u0435 \u043d\u0430\u0441\u043b\u0435\u0452\u0435 \u0446\u0430\u0440\u0441\u0442\u0432\u0430 \u0438 \u0435\u0433\u0437\u0438\u043b\u0430 \u0441\u043f\u0430\u0458\u0430 \u043f\u043e\u0434 \u0458\u0435\u0434\u043d\u0438\u043c \u043d\u0435\u0431\u0435\u0441\u043a\u0438\u043c \u0441\u0432\u043e\u0434\u043e\u043c.<\/p>\n<p>\u0423 \u043f\u0443\u043d\u043e\u045b\u0438 \u0441\u0432\u043e\u0458\u0438\u0445 \u0441\u043b\u043e\u0458\u0435\u0432\u0430 \u2013 \u0438\u0441\u0442\u043e\u0440\u0438\u0458\u0441\u043a\u0438\u0445, \u0430\u0440\u0445\u0438\u0442\u0435\u043a\u0442\u043e\u043d\u0441\u043a\u0438\u0445, \u0435\u043a\u043e\u043b\u043e\u0448\u043a\u0438\u0445 \u0438 \u043a\u043e\u043c\u0435\u0440\u0446\u0438\u0458\u0430\u043b\u043d\u0438\u0445 \u2013 \u041f\u0443\u0435\u0440\u0442\u043e \u041f\u043b\u0430\u0442\u0430 \u043d\u0435 \u0441\u0442\u043e\u0458\u0438 \u043a\u0430\u043e \u0441\u0442\u0430\u0442\u0438\u0447\u043d\u0430 \u0440\u0435\u043b\u0438\u043a\u0432\u0438\u0458\u0430 \u0432\u0435\u045b \u043a\u0430\u043e \u0436\u0438\u0432\u0438 \u043f\u0430\u043b\u0438\u043c\u043f\u0441\u0435\u0441\u0442. \u0421\u0432\u0430\u043a\u0438 \u0443\u043b\u0438\u0447\u043d\u0438 \u0443\u0433\u0430\u043e \u0438 \u0443\u0432\u0430\u043b\u0430 \u043d\u0430 \u043e\u0431\u0430\u043b\u0438 \u0447\u0443\u0432\u0430\u0458\u0443 \u0434\u043e\u043a\u0430\u0437\u0435 \u043f\u0440\u043e\u0448\u043b\u0438\u0445 \u043f\u0440\u0435\u0432\u0438\u0440\u0430\u045a\u0430 \u0438 \u0442\u0440\u0438\u0458\u0443\u043c\u0444\u0430, \u043d\u0443\u0434\u0435\u045b\u0438 \u043f\u043e\u0437\u0438\u0432 \u043e\u043d\u0438\u043c\u0430 \u0441\u0430 \u043e\u0447\u0438\u043c\u0430 \u0443\u0441\u043c\u0435\u0440\u0435\u043d\u0438\u043c \u043d\u0430 \u043d\u0438\u0458\u0430\u043d\u0441\u0435. \u0418\u0441\u043a\u0443\u0441\u043d\u043e\u043c \u043f\u0443\u0442\u043d\u0438\u043a\u0443, \u0441\u0442\u0440\u0443\u0447\u045a\u0430\u043a\u0443 \u0437\u0430 \u043a\u043e\u043b\u043e\u043d\u0438\u0458\u0430\u043b\u043d\u0435 \u043f\u043e\u0434\u0443\u0445\u0432\u0430\u0442\u0435, \u043a\u0430\u043e \u0438 \u0459\u0443\u0431\u0438\u0442\u0435\u0459\u0443 \u0441\u0443\u043d\u0446\u0435\u043c \u043e\u0431\u0430\u0441\u0458\u0430\u043d\u0438\u0445 \u043e\u0431\u0430\u043b\u0430, \u0433\u0440\u0430\u0434 \u043f\u0440\u0443\u0436\u0430 \u0433\u0435\u0441\u0442 \u0434\u043e\u0431\u0440\u043e\u0434\u043e\u0448\u043b\u0438\u0446\u0435, \u043e\u0431\u0435\u045b\u0430\u0432\u0430\u0458\u0443\u045b\u0438 \u043e\u0442\u043a\u0440\u0438\u045b\u0430 \u0443\u0441\u0440\u0435\u0434 \u043f\u043e\u0437\u043d\u0430\u0442\u0438\u0445 \u0445\u043e\u0440\u0438\u0437\u043e\u043d\u0442\u0430. \u041e\u0432\u0434\u0435, \u0433\u0434\u0435 \u0441\u0435 \u0410\u0442\u043b\u0430\u043d\u0442\u0438\u043a \u0438 \u043f\u043b\u0430\u043d\u0438\u043d\u0430 \u0441\u0443\u0441\u0440\u0435\u045b\u0443, \u041f\u0443\u0435\u0440\u0442\u043e \u041f\u043b\u0430\u0442\u0430 \u043e\u043f\u0441\u0442\u0430\u0458\u0435 \u043a\u0430\u043e \u0441\u0432\u0435\u0434\u043e\u0447\u0430\u043d\u0441\u0442\u0432\u043e \u043e\u0442\u043f\u043e\u0440\u043d\u043e\u0441\u0442\u0438 \u0438 \u043f\u0440\u0435\u043e\u0431\u043b\u0438\u043a\u043e\u0432\u0430\u045a\u0430.<\/p>","protected":false},"excerpt":{"rendered":"<p>Puerto Plata, formalno poznata kao San Felipe de Puerto Plata (francuski: Port-de-Plate), je zna\u010dajan primorski grad u Dominikanskoj Republici i sedi\u0161te provincije Puerto Plata. Ovaj dinami\u010dan grad slu\u017ei kao glavna trgova\u010dka luka i istaknuta turisti\u010dka destinacija, uklju\u010duju\u0107i nekoliko atrakcija i usluga za turiste iz celog sveta.<\/p>","protected":false},"author":1,"featured_media":3255,"parent":9128,"menu_order":0,"comment_status":"closed","ping_status":"closed","template":"elementor_theme","meta":{"_eb_attr":"","footnotes":""},"class_list":["post-9146","page","type-page","status-publish","has-post-thumbnail"],"_links":{"self":[{"href":"https:\/\/travelshelper.com\/sr\/wp-json\/wp\/v2\/pages\/9146","targetHints":{"allow":["GET"]}}],"collection":[{"href":"https:\/\/travelshelper.com\/sr\/wp-json\/wp\/v2\/pages"}],"about":[{"href":"https:\/\/travelshelper.com\/sr\/wp-json\/wp\/v2\/types\/page"}],"author":[{"embeddable":true,"href":"https:\/\/travelshelper.com\/sr\/wp-json\/wp\/v2\/users\/1"}],"replies":[{"embeddable":true,"href":"https:\/\/travelshelper.com\/sr\/wp-json\/wp\/v2\/comments?post=9146"}],"version-history":[{"count":0,"href":"https:\/\/travelshelper.com\/sr\/wp-json\/wp\/v2\/pages\/9146\/revisions"}],"up":[{"embeddable":true,"href":"https:\/\/travelshelper.com\/sr\/wp-json\/wp\/v2\/pages\/9128"}],"wp:featuredmedia":[{"embeddable":true,"href":"https:\/\/travelshelper.com\/sr\/wp-json\/wp\/v2\/media\/3255"}],"wp:attachment":[{"href":"https:\/\/travelshelper.com\/sr\/wp-json\/wp\/v2\/media?parent=9146"}],"curies":[{"name":"wp","href":"https:\/\/api.w.org\/{rel}","templated":true}]}}