{"id":9122,"date":"2024-09-07T12:25:07","date_gmt":"2024-09-07T12:25:07","guid":{"rendered":"https:\/\/travelshelper.com\/staging\/?page_id=9122"},"modified":"2026-03-13T16:29:14","modified_gmt":"2026-03-13T16:29:14","slug":"santa-ana","status":"publish","type":"page","link":"https:\/\/travelshelper.com\/sr\/destinations\/north-america\/el-salvador\/santa-ana\/","title":{"rendered":"Santa Ana"},"content":{"rendered":"<p>Santa Ana je drugi najve\u0107i grad u Salvadoru, posle glavnog grada, San Salvadora. Santa Ana, koja se nalazi 64 kilometra severozapadno od San Salvadora, dinami\u010dan je grad sa procenjenim brojem stanovnika od 277.264 zaklju\u010dno sa 2020. godinom. Funkcioni\u0161e kao glavni grad departmana Santa Ana i sedi\u0161te je istoimene op\u0161tine. Op\u0161tina je zvani\u010dno podeljena na 35 kolonija i 318 manjih naselja, \u0161to ilustruje njen raznolik i ekstenzivan karakter.<\/p>\n<p>Primarna ekonomska aktivnost Santa Ane je prerada zrna kafe, zna\u010dajan sektor u El Salvadoru. Grad je doma\u0107in zna\u010dajnog pogona za preradu koji je temelj ovog su\u0161tinskog ekonomskog sektora. Ova industrija nudi mogu\u0107nosti za zapo\u0161ljavanje brojnim pojedincima i doprinosi izvoznom profitu zemlje.<\/p>\n<p>Poslednjih godina, Santa Ana je postala istaknuta turisti\u010dka atrakcija, privla\u010de\u0107i ljude \u017eeljne da iskuse salvadorsku kulturu i obi\u010daje. Bogata istorija grada, zajedno sa njegovim kulturnim sadr\u017eajima, \u010dini ga atraktivnom destinacijom kako za doma\u0107e tako i za strane putnike. Aktuelni gradona\u010delnik, Gustavo Asevedo, iz stranke Nove ideje, odigrao je klju\u010dnu ulogu u unapre\u0111enju turisti\u010dkih i kulturnih inicijativa u gradu.<\/p>\n<p>Santa Ana se geografski nalazi na visoravni na nadmorskoj visini od oko 665 metara. Ova nadmorska visina omogu\u0107ava konstantno toplu sredinu, sa prose\u010dnom temperaturom od oko 25 \u00b0C. Reka Gvahojo, zna\u010dajna pritoka reke Lempa, proti\u010de kroz grad. Na reci se nalazi zna\u010dajna hidroelektrana koja snabdeva elektri\u010dnom energijom zna\u010dajan deo zapadnog regiona zemlje.<\/p>\n<p>Grad je okru\u017een \u017eivopisnim zelenim brdima, me\u0111u kojima su posebno brdo Tekana i brda Santa Lusija. Vulkan Ilamatepek, najvi\u0161i vulkan u Salvadoru, nalazi se u ju\u017enom delu op\u0161tine. Vulkan je do\u017eiveo umerenu erupciju 2005. godine, \u0161to je rezultiralo dvama smrtnim slu\u010dajevima. U blizini se nalazi istaknuti vulkan Izalko, koji su pomorci sredinom 19. i po\u010detkom 20. veka istorijski nazivali \u201eSvetionik Pacifika\u201c zbog svojih ponovljenih erupcija.<\/p>\n<p>Ekonomiju Santa Ane pokre\u0107u maloprodajni i proizvodni sektori. Severni i zapadni sektori grada doma\u0107ini su raznim kompanijama i monta\u017enim pogonima, od kojih su mnogi u stranom vlasni\u0161tvu. Ju\u017eni region grada je komercijalno napredniji, sa nizom restorana, finansijskih institucija, hotela i maloprodajnih centara. Metrocentro je najve\u0107i tr\u017eni centar u gradu, koji funkcioni\u0161e kao zna\u010dajan maloprodajni centar i za lokalno stanovni\u0161tvo i za posetioce.<\/p>\n<p>Grad ima dve glavne pijace: pijacu Kolon i Centralnu pijacu. Pijace, sme\u0161tene samo nekoliko blokova jedna od druge, nude raznovrstan asortiman artikala i slu\u017ee kao \u017eivahna sredi\u0161ta trgovine i svakodnevnog \u017eivota u Santa Ani.<\/p>\n<p>Turisti\u010dki sektor u Santa Ani oboga\u0107en je brojnim istorijskim gra\u0111evinama i kulturnim znamenitostima. Istaknute karakteristike su Katedrala Santa Ane, Op\u0161tinska tvr\u0111ava Santa Ane i Pozori\u0161te Santa Ane. Ove lokacije pru\u017eaju uvid u arhitektonsko nasle\u0111e i kulturnu pro\u0161lost grada.<\/p>\n<p>Santa Ana ima Oksidentalni regionalni muzej, ili Muzej Zapada, koji je jedini muzej u gradu koji je priznala Konkultura. El Museo Aha oboga\u0107uje kulturnu ponudu grada. Akva parkovi Apanteos i Sihuateuakan nude odli\u010dne aktivnosti za slobodno vreme za porodice i goste.<\/p>\n<p>Fiestas Julias, tradicionalna proslava, jedan je od najzna\u010dajnijih kulturnih doga\u0111aja Santa Ane, koji se odr\u017eava svake godine od 15. do 31. jula. Proslave se \u010desto odr\u017eavaju na stadionu Oskar Kitenjo i predstavljaju zna\u010dajan doga\u0111aj u kulturnom kalendaru grada, privla\u010de\u0107i zna\u010dajnu publiku i obuhvataju\u0107i mnoge doga\u0111aje i aktivnosti.<\/p>","protected":false},"excerpt":{"rendered":"<p>Santa Ana je drugi najve\u0107i grad u Salvadoru, posle glavnog grada, San Salvadora. Santa Ana, koja se nalazi 64 kilometra severozapadno od San Salvadora, dinami\u010dan je grad sa procenjenim brojem stanovnika od 277.264 zaklju\u010dno sa 2020. godinom. Funkcioni\u0161e kao glavni grad departmana Santa Ana i sedi\u0161te je istoimene op\u0161tine. Op\u0161tina je zvani\u010dno podeljena na 35 kolonija i 318 manjih naselja, \u0161to ilustruje njen raznolik i ekstenzivan karakter.<\/p>","protected":false},"author":1,"featured_media":4401,"parent":9069,"menu_order":0,"comment_status":"closed","ping_status":"closed","template":"elementor_theme","meta":{"_eb_attr":"","footnotes":""},"class_list":["post-9122","page","type-page","status-publish","has-post-thumbnail"],"_links":{"self":[{"href":"https:\/\/travelshelper.com\/sr\/wp-json\/wp\/v2\/pages\/9122","targetHints":{"allow":["GET"]}}],"collection":[{"href":"https:\/\/travelshelper.com\/sr\/wp-json\/wp\/v2\/pages"}],"about":[{"href":"https:\/\/travelshelper.com\/sr\/wp-json\/wp\/v2\/types\/page"}],"author":[{"embeddable":true,"href":"https:\/\/travelshelper.com\/sr\/wp-json\/wp\/v2\/users\/1"}],"replies":[{"embeddable":true,"href":"https:\/\/travelshelper.com\/sr\/wp-json\/wp\/v2\/comments?post=9122"}],"version-history":[{"count":0,"href":"https:\/\/travelshelper.com\/sr\/wp-json\/wp\/v2\/pages\/9122\/revisions"}],"up":[{"embeddable":true,"href":"https:\/\/travelshelper.com\/sr\/wp-json\/wp\/v2\/pages\/9069"}],"wp:featuredmedia":[{"embeddable":true,"href":"https:\/\/travelshelper.com\/sr\/wp-json\/wp\/v2\/media\/4401"}],"wp:attachment":[{"href":"https:\/\/travelshelper.com\/sr\/wp-json\/wp\/v2\/media?parent=9122"}],"curies":[{"name":"wp","href":"https:\/\/api.w.org\/{rel}","templated":true}]}}