{"id":9116,"date":"2024-09-07T12:13:02","date_gmt":"2024-09-07T12:13:02","guid":{"rendered":"https:\/\/travelshelper.com\/staging\/?page_id=9116"},"modified":"2026-03-13T16:29:43","modified_gmt":"2026-03-13T16:29:43","slug":"san-salvador","status":"publish","type":"page","link":"https:\/\/travelshelper.com\/sr\/destinations\/north-america\/el-salvador\/san-salvador\/","title":{"rendered":"San Salvador"},"content":{"rendered":"<p>San Salvador, pulsiraju\u0107e srce El Salvadora, nalazi se u basenu okru\u017eenom vulkanskim stra\u017earima i na prose\u010dnoj nadmorskoj visini od 659 metara; njegovih 525.990 stanovnika unutar op\u0161tinskih granica doprinosi metropolitanskoj aglomeraciji od 2.404.097 du\u0161a, raspore\u0111enoj na otprilike 600 kvadratnih kilometara u centralnim planinama zemlje, gde se susre\u0107u politi\u010dki mandati, kulturne struje, nau\u010dne aktivnosti i finansijska razmena.<\/p>\n<p>U ranom svetlu, kada strme padine vulkana Bokeron bacaju izdu\u017eene senke preko El Pika\u010da i grebena planinskog venca Balsamo, San Salvador se otkriva i kao \u017eari\u0161te istorije i kao metropola u razvoju. NJegov teren, ispresecan rekama poput Aseluate i San Antonio, i o\u0161te\u0107en seizmi\u010dkim epizodama koje su dolini donele epitet Pipil \u201eDolina Hamakas\u201c, oblikovao je urbani rast sa insistiranjem koje nijedan urbanista ne bi mogao pore\u0107i. Od visokih padina Sero El Pika\u010da, \u010diji vrh na 1.931 metar probija horizont, do niskih sektora blizu 596 metara, konture grada govore o okru\u017eenju koje je i velikodu\u0161no u svojim vidicima i zahtevno u svojim zahtevima. Ostaci kamenoloma i ostaci pro\u0161lih erupcija zadr\u017eavaju se u kamenu trgova i malteru kolonijalnih zidova.<\/p>\n<p>Unutar ove kolevke od vatre i kamena, uzdi\u017eu se gra\u0111evine upravljanja: Savet ministarstava, Zakonodavna skup\u0161tina, Vrhovni sud i predsedni\u010dka rezidencija, svaka u prostoru gde se barok prepli\u0107e sa neoklasi\u010dnim stubovima i reljefima renesanse. Nacionalna palata, zami\u0161ljena izme\u0111u 1905. i 1911. godine pod vo\u0111stvom in\u017eenjera Hosea Emilija Alkainea, odvija svoju naraciju kroz \u010detiri glavne prostorije - svaka preplavljena svojom paletom - dok 101 me\u0111usobna soba \u0161apu\u0107e o diplomatskim ritualima i te\u017eini dr\u017eavni\u010dkog ume\u0107a. Granit i bronza, uvezeni iz Nema\u010dke i Italije, \u010dine strukturni leksikon mo\u0107i i protokola, svedo\u010danstvo ambicija elite s po\u010detka dvadesetog veka.<\/p>\n<p>Nedaleko odatle, Metropolitanska katedrala odaje po\u010dast i liturgijskoj tradiciji i mu\u010deni\u0161tvu dvadesetog veka. Unutar njene stroge modernisti\u010dke fasade nalazi se grobnica nadbiskupa Oskara Romera, \u010dija se odanost presekla sa politikom na dan njegovog atentata 1980. godine. Hodo\u010dasnici prolaze pored njegovog sarkofaga, zastaju\u0107i ispod vitra\u017ea koji filtriraju podnevnu svetlost u bazene sve\u010danog po\u0161tovanja. Trg ispred katedrale bio je svedok tragedije i trijumfa: pogrebne povorke obele\u017eene nasiljem 31. marta 1980. i, nekoliko godina kasnije, likuju\u0107ih kongregacija koje su proslavile mirovne sporazume iz 1992. Kerami\u010dki mural Fernanda LJorta nekada je o\u017eivljavao spolja\u0161njost sve do njegovog naglog uklanjanja u decembru 2012. godine, \u010dina koji je ponovo rasplamsao debate o se\u0107anju i op\u0161tinskoj vlasti.<\/p>\n<p>Nekoliko blokova dalje, Nacionalni teatar stoji kao enklava umetni\u010dkih te\u017enji. Otvoren 1917. godine i oblikovan prema koncepciji francuske renesanse Danijela Bejlarda, njegova svodna kupola i kristalni luster nadvisuju auditorijum sa petsto mesta. Balkoni se uzdi\u017eu u tri nivoa, krunisani Predsedni\u010dkom lo\u017eom - enklavom dr\u017eavnih svedo\u010denja. Veliki foaje i Kamerna sala, izra\u0111eni u rokoko i art nuvo filigranu, doma\u0107ini su drama, opera i recitala koji produ\u017eavaju kulturne zabave u no\u0107i kada tropski povetarac uzdahne kroz ulicu Kalje Delgado. Progla\u0161enje pozori\u0161ta za nacionalni spomenik 1979. godine potvr\u0111uje njegovu ulogu i kao relikvije i kao \u017eive scene.<\/p>\n<p>Pored spomenika vere i upravljanja, gradske arterije pulsiraju trgovinom i komemoracijama. Avenija Arse, nedavno pe\u0161a\u010dka zona radi negovanja dru\u017eeljubivih \u0161etali\u0161ta, jo\u0161 uvek \u010duva svoje anti\u010dke uli\u010dne lampe iz Madrida iz oko 1900. godine, dok pro\u0161ireni trotoari sada imaju rampe za pristup invalidskim kolicima. Na raskrsnicama, plo\u010de podse\u0107aju na Manuela Hosea Arsea, prvog saveznog predsednika Centralne Amerike, podse\u0107aju\u0107i prolaznike da su revolucija i republikanski eksperiment nekada pulsirali kroz ove avenije. Trgovi Barios, Libertad i Morasan funkcioni\u0161u kao gradski amfiteatri: prvim dominira bronzana statua konjanika Herarda Bariosa, drugim An\u0111eo slobode na vrhu stogodi\u0161njeg obeliska, tre\u0107im mermerno lice Fransiska Morasana, a svaki trg je doma\u0107in politi\u010dkih skupova, verskih procesija i nacionalnih festivala.<\/p>\n<p>Nekoliko blokova isto\u010dno, Kasa Duenjas, sa svojim neoklasi\u010dnim tremom i ba\u0161tama, nosi otisak bogatstva kafe i diplomatske odanosti. Tokom decenija, bila je dom meksi\u010dkih i ameri\u010dkih legata, skloni\u0161te za dostojanstvenike od Ri\u010darda Niksona do Lindona B. D\u017donsona, pre nego \u0161to je postala profesionalni aneks i, nedavno, kandidat za restauraciju. NJena \u0161tuko zgrada, progla\u0161ena kulturnim dobrom 1985. godine, \u010deka o\u017eivljavanje kao riznica doma\u0107eg se\u0107anja - kontrapunkt neboderima koji sada ispunjavaju horizont.<\/p>\n<p>Kulturna skladi\u0161ta prote\u017eu se do Nacionalnog muzeja antropologije, osnovanog 1883. godine, gde arheolo\u0161ki nalazi i poljoprivredni ostaci koegzistiraju sa zanatskim proizvodima, pozivaju\u0107i Salvadorce i posetioce da razmi\u0161ljaju o milenijumima ljudskih naselja. U blizini, Muzej umetnosti El Salvadora, otvoren 2003. godine, uokviruje umetni\u010dki luk nacije od narodnih prikaza devetnaestog veka do savremene apstrakcije. Privremene izlo\u017ebe su u ove dvorane pozvale Pikasa, Rembranta i Dalija, podsti\u010du\u0107i dijalog izme\u0111u lokalnih stvaralaca i me\u0111unarodnih majstora. Za mlade umove, De\u010dji muzej Tin Marin, koji se nalazi pored parka Kuskatlan, organizuje interaktivno u\u010denje kroz kabinu aviona, maketu prodavnice namirnica i planetarijum koji im omogu\u0107ava da do\u017eive kosmos.<\/p>\n<p>Klima San Salvadora uskla\u0111uje ekvatorijalnu toplinu sa nadmorskom visinom. Vetarci tokom su\u0161ne sezone, od novembra do februara, smanjuju dnevne temperature na 22,2 \u00b0C, dok april i maj dosti\u017eu prose\u010dne maksimume od 32,2 \u00b0C, a njihova popodneva su pro\u0161arana konvektivnim olujama koje nestaju do zore. Rekordni ekstremi - 38,5 \u00b0C na gornjem pragu, 8,2 \u00b0C na donjem - svedo\u010de o dnevnoj \u0161irini koja prati 658 metara nadmorske visine. Slojevi zemlji\u0161ta regosola, latosola i andosola poti\u010du od andezitnih i bazaltnih mati\u010dnih stena, oblikuju\u0107i vegetaciju na padinama i uti\u010du\u0107i na napore za ozelenjavanje gradova u parkovima i du\u017e sredi\u0161njih zona bulevara.<\/p>\n<p>Hidrologija pro\u017eima gradski narativ \u010dak i dok se vodeni tokovi povla\u010de ispod betonskih kanala. Reka Aseluate, nekada vitalni izvor krajem devetnaestog i po\u010detkom dvadesetog veka, sada te\u010de kroz urbane otpadne vode. Potoci koji silaze iz kaldere jezera Ilopango povremeno se pojavljuju, a njihova bistrina je prigu\u0161ena muljem i sedimentima. Sam Ilopango, koji se nalazi odmah izvan op\u0161tinskog perimetra, ozna\u010dava najve\u0107i prirodni rezervoar u zemlji - 72 kvadratna kilometra planinske vode zarobljene unutar kaldere koja je poslednji put eruptirala 1880. godine. Na severnom horizontu, rezervoar Seron Grande, oblikovan pregradom reke Lempa, proizvodi elektri\u010dnu energiju \u010dak i dok njegova mirna povr\u0161ina prikriva pomeranje koje je izazvao.<\/p>\n<p>Saobra\u0107ajna infrastruktura se zra\u010di iz centra grada u ure\u0111enim mre\u017eama ulica i avenija. Koridori istok-zapad nose parne brojeve ulica na jugu i neparne na severu; bulevari sever-jug prate inverzni paritet. Panameri\u010dki autoput (CA-1) preseca metropolu, spajaju\u0107i se sa Bulevarom Arturo Kasteljanos, dok RN-5 i RN-21 stvaraju veze sa Antigvo Kuskatlanom i Santa Teklom. Na magistralnim putevima, ograni\u010denje od 60 km\/h ustupa mesto 90 km\/h na autoputevima; u\u017ee trake u istorijskim sektorima name\u0107u ograni\u010denje od 40 km\/h. Taksiji, uglavnom Tojota Korola obojena u \u017euto, voze po fiksnim cenama, bez ograni\u010denja brojila, ali kalibrisani po zonama.<\/p>\n<p>Javni prevoz prevozi skoro dvesta hiljada putnika dnevno na mre\u017ei privatnih autobusa i linija kojima upravljaju op\u0161tine. Sistem SITRAMSS, pokrenut 2013. godine kao javno-privatni poduhvat podr\u017ean kreditom od pedeset miliona dolara od Me\u0111uameri\u010dke razvojne banke, imao je za cilj harmonizaciju protoka saobra\u0107aja du\u017e ruta od San Martina preko Sojapanga i Antigvo Kuskatlana do Santa Tekle; autobusi sa 160 mesta za putovanje u intervalima od deset minuta prelazili su gradsko jezgro, prevoze\u0107i oko dvadeset hiljada putnika pre podneva. Besplatna usluga rezervisana za starije osobe, trudnice i osobe sa invaliditetom ostaje jedinstvena u Centralnoj Americi, potvr\u0111uju\u0107i posve\u0107enost grada inkluzivnoj mobilnosti.<\/p>\n<p>\u017delezni\u010dki saobra\u0107aj, nekada neaktivan, ponovo se pojavio 2007. godine pod okriljem kompanije FENADESAL, povezuju\u0107i San Salvador sa Apopom sve do obustave 2013. godine. Planovi za ponovno povezivanje sa Nehapom i Kuskatansingom su odugovla\u010dili, dok izleti u istorijsko nasle\u0111e renoviranim vagonima iz 1960-ih pozivaju putnike da do\u017eive ritmove ranijeg doba.<\/p>\n<p>Vazdu\u0161ni pristup je 1980. godine preme\u0161ten sa Ilopanga na Me\u0111unarodni aerodrom Monsenjor Oskar Arnulfo Romero, koji se nalazi 40 kilometara ju\u017enije na ravnom terenu pogodnom za budu\u0107e pro\u0161irenje. Godine 2008, preko dva miliona putnika je pro\u0161lo kroz njegove terminale, \u0161to ga \u010dini tre\u0107im najprometnijim u Centralnoj Americi; aerodrom Ilopango, prenamenjen za vojne i \u010darter operacije, ponovo je otvoren 2009. godine i sada je doma\u0107in godi\u0161njeg aeromitinga.<\/p>\n<p>Demografski, San Salvador odra\u017eava mestizo ve\u0107inu od 72,3 odsto, uz belu manjinu od 25,8 odsto, \u010dije \u0161pansko, francusko i nema\u010dko poreklo opstaje u prezimenima i u svodnim dvoranama kolonijalnih zgrada. \u0160panski preovladava kao lingva franka, dok engleski dobija na zna\u010daju zahvaljuju\u0107i uticaju medija i povratku emigranata. Projektovani broj stanovnika za 2015. godinu procenjuje se na 257.754 u op\u0161tini - 4 odsto od ukupnog broja stanovnika na nacionalnom nivou - i 1.767.102 u metropolitanskom regionu - 27,4 odsto stanovni\u0161tva El Salvadora - \u0161to isti\u010de nesrazmernu te\u017einu grada.<\/p>\n<p>Ekonomski gledano, metropolitanska zona obuhvata samo 3 procenta teritorije zemlje, ali privla\u010di oko 70 procenata javnih i privatnih investicija. Usluge, privatno obrazovanje, bankarstvo, sedi\u0161ta kompanija i laka proizvodnja \u010dine njenu fiskalnu okosnicu, dok doznake iz inostranstva nadma\u0161uju industrijsku proizvodnju u odr\u017eavanju prihoda doma\u0107instava. Usvajanje ameri\u010dkog dolara 2001. godine signaliziralo je ulaz u strani kapital, spre\u010davaju\u0107i investitore da konvertuju valute, ali vezuju\u0107i monetarnu politiku za spoljne kurseve.<\/p>\n<p>U istorijskom centru grada \u2013 nekada\u0161njem sedi\u0161tu kolonijalne vlasti od \u0161esnaestog veka \u2013 zemljotresi su vi\u0161e puta brisali strukture iz \u0161panskog doba, ostavljaju\u0107i me\u0111uprostorne d\u017eepove arhitekture s kraja devetnaestog i po\u010detka dvadesetog veka kao svedoke. Pod gradona\u010delnikom Normanom Kihanom, tranzitne arterije su preusmerene kako bi se za\u0161titilo jezgro od nametljivih autobuskih traka; uli\u010dni prodavci su preme\u0161teni na odre\u0111ene pijace; a saose\u0107ajna restauracija fasada i javne rasvete imala je za cilj da o\u017eivi trgove gde se odr\u017eavaju festivali osnovnih proizvoda, vojne parade i avgustovski praznik Bo\u017eanskog Spasitelja.<\/p>\n<p>Danas se uz niske modernisti\u010dke kancelarije uzdi\u017eu impozantni kondominijumi sa dizajnom otpornim na zemljotrese, otelotvoruju\u0107i oprezni optimizam da seizmi\u010dka istorija vi\u0161e ne\u0107e ograni\u010davati te\u017enje. U naseljima kao \u0161to su San Benito, Eskalon, San Francisko i Santa Elena, avenije sa drvoredom sme\u0161taju luksuzne hotele, butike i ambasade, a njihove uzvi\u0161ene ta\u010dke nude panoramski pogled na dolinu ispod. Zatvorene zajednice sa parkovima, bazenima i fitnes centrima name\u0161taju porodice srednje klase, dok se sirotinjska naselja grupi\u0161u na periferiji grada, svedo\u010de\u0107i o trajnim nejednakostima.<\/p>\n<p>Dok popodnevne grmljavine ustupaju mesto vedrom nebu, silueta grada se rastvara u pocrneli kupasti vrh Bokerona i nazubljeni vrh oboda Ilopanga. Uli\u010dne lampe trepere du\u017e avenija Prado, a zvona katedrale zvone na indigo pozadini. U ovim satima, dualnosti San Salvadora - modernost i tradicija, prosperitet i siroma\u0161tvo, spokoj i previranja - uskla\u0111uju se u ritmu nasle\u0111enom i od vulkana i od doline. Kroz uzastopne erupcije, zemljotrese i ljudske peripetije, grad je oblikovao svoj karakter u bazaltu i politici, na mermernim trgovima i prepunim pijacama. NJegova naracija opstaje ne kao stati\u010dki spomenik ve\u0107 kao \u017eivi rukopis, pisan svakog dana u ritmu saobra\u0107aja, vikama uli\u010dnih prodavaca, sve\u010danosti sudnica i tihom po\u0161tovanju katedralskih klupa. Ovde, u ovom gorskom \u017earu, sada\u0161njost i pro\u0161lost Salvadora se spajaju, spremne da oblikuju jo\u0161 nepisana poglavlja.<\/p>","protected":false},"excerpt":{"rendered":"<p>San Salvador je glavni i najve\u0107i grad El Salvadora, kao i njegov istoimeni departman. Ipak, to je najve\u0107a aglomeracija u zemlji i funkcioni\u0161e kao politi\u010dko, kulturno, obrazovno i finansijsko sredi\u0161te El Salvadora. Od 2024. godine, op\u0161tina San Salvador ima 525.990 stanovnika, dok Metropolitansko podru\u010dje San Salvadora, koje obuhvata glavni grad i 13 drugih op\u0161tina, ima ukupno 2.404.097 stanovnika. Urbano podru\u010dje ima 1.600.000 stanovnika.<\/p>","protected":false},"author":1,"featured_media":4217,"parent":9069,"menu_order":0,"comment_status":"closed","ping_status":"closed","template":"elementor_theme","meta":{"_eb_attr":"","footnotes":""},"class_list":["post-9116","page","type-page","status-publish","has-post-thumbnail"],"_links":{"self":[{"href":"https:\/\/travelshelper.com\/sr\/wp-json\/wp\/v2\/pages\/9116","targetHints":{"allow":["GET"]}}],"collection":[{"href":"https:\/\/travelshelper.com\/sr\/wp-json\/wp\/v2\/pages"}],"about":[{"href":"https:\/\/travelshelper.com\/sr\/wp-json\/wp\/v2\/types\/page"}],"author":[{"embeddable":true,"href":"https:\/\/travelshelper.com\/sr\/wp-json\/wp\/v2\/users\/1"}],"replies":[{"embeddable":true,"href":"https:\/\/travelshelper.com\/sr\/wp-json\/wp\/v2\/comments?post=9116"}],"version-history":[{"count":0,"href":"https:\/\/travelshelper.com\/sr\/wp-json\/wp\/v2\/pages\/9116\/revisions"}],"up":[{"embeddable":true,"href":"https:\/\/travelshelper.com\/sr\/wp-json\/wp\/v2\/pages\/9069"}],"wp:featuredmedia":[{"embeddable":true,"href":"https:\/\/travelshelper.com\/sr\/wp-json\/wp\/v2\/media\/4217"}],"wp:attachment":[{"href":"https:\/\/travelshelper.com\/sr\/wp-json\/wp\/v2\/media?parent=9116"}],"curies":[{"name":"wp","href":"https:\/\/api.w.org\/{rel}","templated":true}]}}