{"id":9104,"date":"2024-09-07T11:31:28","date_gmt":"2024-09-07T11:31:28","guid":{"rendered":"https:\/\/travelshelper.com\/staging\/?page_id=9104"},"modified":"2026-03-13T16:30:12","modified_gmt":"2026-03-13T16:30:12","slug":"la-palma","status":"publish","type":"page","link":"https:\/\/travelshelper.com\/sr\/destinations\/north-america\/el-salvador\/la-palma\/","title":{"rendered":"La Palma"},"content":{"rendered":"<p>La Palma se izdi\u017ee iz maglovito obavijenih visoravni severnog El Salvadora kao naselje \u010dije skromne dimenzije kriju preveliki odjek u kulturnoj i politi\u010dkoj tapiseriji nacije. Zauzimaju\u0107i otprilike 135,6 kvadratnih kilometara usred valovitih grebena planinskog venca Sero El Pital, La Palma je dom zajednice od oko 24.000 du\u0161a (oko 2006. godine), \u010diji se \u017eivoti odvijaju na visinama koje privla\u010de hladan povetarac i zelene \u0161ume. Sme\u0161tena blizu granice sa Hondurasom, njene administrativne granice - koje se prote\u017eu severno do San Ignasija i ju\u017eno do Agva Kalijentea, isto\u010dno okru\u017eene prostranim op\u0161tinama San Fernando, San Francisko Morasan i La Reina, a na zapadu okru\u017eene Metapanom i Sitalom - oblikovane su vijugavim tokom reke Lempa. Ova planinska enklava, koju odlikuje umerena klima kakva se retko vi\u0111a drugde u tropskim nizijama, postala je sinonim i za zanatsku domi\u0161ljatost i za klju\u010dne trenutke u modernoj istoriji El Salvadora.<\/p>\n<p>Poreklo La Palme se\u017ee u kolonijalno doba, kada je malo selo \u2013 poznato kao Palmita \u2013 niklo pored neuporedivog toka reke Nonuapa. Godine 1882, poplava je preplavila ta rana naselja, primoravaju\u0107i pre\u017eivele da osnuju novo mesto na vi\u0161em terenu. Taj \u010din kolektivne odlu\u010dnosti utemeljio je grad \u010dije \u0107e ime 1959. godine dobiti status op\u0161tine putem zakonske uredbe, kojom su kantoni Los Horkones, Los Planes, Las Granadiljas, El Gramal, San Hose Sakare, El Tunel, El Agvakatal i San Hosekalera uspostavljeni pod jedinstvenom gra\u0111anskom jurisdikcijom. Prelazak iz krhkog sela Palmite u punopravnu op\u0161tinu naglasio je sposobnost njenih stanovnika da uspostave red usred hirova prirode.<\/p>\n<p>Ipak, upravo u \u017earu gra\u0111anskog rata u El Salvadoru, slava La Palme prevazi\u0161la je geografsku marginalnost. Od 1980. godine pa nadalje, neravni teren je \u0161titio ideolo\u0161ke kanale pobunjeni\u010dkih snaga. Doline i grebeni postali su u\u010dionice za gerilsku doktrinu, a \u0161umovite padine slu\u017eile su i kao uto\u010di\u0161te i kao boji\u0161te kada su vladine trupe napredovale. Op\u0161tina je tako preuzela dvostruki identitet: inkubator revolucionarne misli i pozornicu oru\u017eanog sukoba. NJen zna\u010daj se kristalisao 15. oktobra 1984. godine, kada se predsednik Hose Napoleon Duarte tajno sastao sa liderima Fronta Farabundo Marti za Nacionalno oslobo\u0111enje u okvirima La Palme, otvaraju\u0107i pregovore koji \u0107e kulminirati mirovnim sporazumom u \u010capultepeku. U tom prolaznom \u010dinu dijaloga \u2013 no\u0161enom nadom da bi dijalog mogao da ubla\u017ei nasilje \u2013 La Palma je otelotvorila paradoksalnu alhemiju: \u017eari\u0161te sukoba pretvoreno je u \u017eari\u0161te pomirenja.<\/p>\n<p>Topografija koja je nekada skrivala gerilske logore sada podr\u017eava naprednu zanatsku ekonomiju. Danas, oko tri \u010detvrtine stanovnika La Palme zara\u0111uje zanatima i mno\u0161tvom posetilaca koje privla\u010di njihova slava. Po\u010detkom 1970-ih, vizionarski umetnik Fernando LJort uveo je narodnu estetiku koja je spojila autohtone motive sa modernisti\u010dkom geometrijom, katalizuju\u0107i ono \u0161to \u0107e postati jedinstvena zanatska industrija u El Salvadoru. Radionice su procvetale u \u0161est gradskih okruga grada i pro\u0161irile se na njegovih osamdeset sedam ruralnih kaserija, na kraju broje\u0107i blizu stotinu zanatskih objekata - od kojih se polovina bavila izvozom robe koja se kre\u0107e od ru\u010dno oslikane keramike do zamr\u0161eno tkanog tekstila. Zamr\u0161eni \u0161are LJortovog porekla snabdevaju i doma\u0107a tr\u017ei\u0161ta i galerije u inostranstvu predmetima koji nose nepogre\u0161iv pe\u010dat La Palme. Prihod od ovih preduze\u0107a - delimi\u010dno podstaknut kulturnim turizmom - sada je osnova fiskalne stabilnosti op\u0161tine, o\u0161tro se odvajaju\u0107i od \u0161ire nacionalne ekonomije gde zanati retko preuzimaju takav primat.<\/p>\n<p>Preostala \u010detvrtina radne snage La Palme te\u017ei zemlji\u0161tu i planta\u017eama kafe koje se dr\u017ee pristupa\u010dnih padina. Povr\u0107e, kukuruz i pasulj zauzimaju ni\u017ee parcele, dok \u017ebunje kafe \u2013 koje je nekada 1988. godine \u010dinilo preko polovine izvoznih prihoda zemlje \u2013 sada predstavlja smanjeni izvor prihoda, ostvaruju\u0107i jedva sedam procenata izvoznih prihoda do 2004. godine zbog me\u0111unarodne konkurencije. Me\u0111utim, \u010dak i dok se ba\u0161te kafe smanjuju, one opstaju kao ostaci nekada dominantne industrije, ispunjavaju\u0107i pejza\u017e urednim redovima zimzelenog \u017ebunja \u010dije se bobice kafe crvene na smaragdnom pojasu kro\u0161nje.<\/p>\n<p>Pored svojih ljudskih poduhvata, La Palma obuhvata niz prirodnih atrakcija koje nagra\u0111uju istra\u017eivanje. Trinaest kilometara vo\u017enje od centra grada uspinje se do \u0161ume Miramundo, gde nadmorska visina od oko 2.400 metara donosi prose\u010dnu temperaturu od samo dvanaest stepeni Celzijusa. Tamo, borovi i hrastovi obasjani oblacima stoje kao stra\u017eari nad stazama koje pozivaju na kontemplativna lutanja. Spu\u0161taju\u0107i se prema dnu doline, nailazi se na San Ignasio na 1.010 metara nadmorske visine - zaselak \u010diji skromni hoteli i vo\u0111ene ekskurzije sme\u0161taju putnike koji \u017eele da upoznaju i hladnu klimu regiona i njegove re\u010dne \u010dari. Kratko putovanje ka severu vodi do toka reke Lempa, gde se grad \u010citala nalazi poput stra\u017eara na njenim obalama, nude\u0107i miran kontrast u odnosu na brdske vidike.<\/p>\n<p>Dalje du\u017e planinskih puteva, Las Pilas se pojavljuje kao enklava \u010dija klima pada \u010dak i ni\u017ee od one u Miramundu, daju\u0107i lokalnim proizvo\u0111a\u010dima uslove idealne za kupine, jagode i breskve, zajedno sa lisnatim povr\u0107em poput zelene salate i kupusa. Obilje ovih vo\u0107njaka i polja odra\u017eava prilagodljivost poljoprivrednih praksi mikroklimama izazvanim nadmorskom visinom, a staza od La Palme do Las Pilasa nudi i \u017eivopisna \u010duda i uvid u poljoprivredni \u017eivot na velikim nadmorskim visinama.<\/p>\n<p>Na granici izme\u0111u naroda, \u010detiri kilometra iza San Ignasija, kamen Kajahuanka se uzdi\u017ee na oko 1.550 metara nadmorske visine. Ovaj izbo\u010dina, koja ozna\u010dava salvadorsko-hondura\u0161ku granicu, pru\u017ea panoramski pogled na smaragdne grebene obe zemlje. Tokom Strasne nedelje, lokalne porodice i hodo\u010dasnici se okupljaju na njegovoj \u0161irokoj povr\u0161ini kako bi posmatrali sumrak koji se spu\u0161ta preko horizonta podeljenog tankom linijom u steni \u2013 godi\u0161nji obred zajedni\u010dkog okupljanja koji traje i nakon crkvenih obreda, simboli\u010dan za zajedni\u010dko kulturno nasle\u0111e koje premo\u0161\u0107uje nacionalne podele.<\/p>\n<p>Najvi\u0161i vrh na salvadorskom tlu, Sero El Pital, nalazi se otprilike dvanaest kilometara od La Palme. Sa 2.730 metara, probija sloj oblaka i nadvisuje \u0161umu koja odr\u017eava prose\u010dnu godi\u0161nju temperaturu od deset stepeni Celzijusa. Hladni zagrljaj planine povremeno donosi fenomene koji zapanjuju \u010dak i dugogodi\u0161nje stanovnike: 13. aprila 2004. godine, spustio se neo\u010dekivani mraz i neravnomerni ledeni pokriva\u010di, \u0161to je izazvalo zaprepa\u0161\u0107ene uzvike \u201enevada\u201c i prolazno obra\u0107anje lokalnim predanjima u nastojanju da se objasni meteorolo\u0161ki doga\u0111aj redak na ovim geografskim \u0161irinama. Takvi trenuci isti\u010du hirovitost planinskog vremena i skromnost koju ono uliva u one koji \u017eive u njegovim podno\u017ejima.<\/p>\n<p>Administrativno, osam kantona La Palme i njihovih sedamdesetak kaserija uokviruju tapiseriju ruralnih naselja koja su me\u0111usobno povezana i formiraju \u010dvr\u0161\u0107e jezgro op\u0161tine od \u0161est urbanih okruga. Popisi stanovni\u0161tva ilustruju zajednicu koja je porasla sa 5.337 du\u0161a sredinom 1956. godine \u2013 gotovo podjednako podeljenih izme\u0111u 2.780 mu\u0161karaca i 2.957 \u017eena \u2013 na kolektiv od oko 24.000 u 2006. godini, \u0161to svedo\u010di i o prirodnom prira\u0161taju i o migracionim tokovima koji su spojili urbani i ruralni na\u010din \u017eivota u jedinstveni regionalni identitet.<\/p>\n<p>U ovom okru\u017eenju, zanatske radionice slu\u017ee ne samo kao ekonomski motori ve\u0107 i kao skladi\u0161ta kulturnog pam\u0107enja, prenose\u0107i motive izvedene iz autohtone simbolike, verske ikonografije i \u017eivopisne flore i faune obla\u010dne \u0161ume. Svaki oslikani tanjir, svaka rezbarena figurica, nosi u minijaturi teksture palmi pored reke, perje tropskih ptica i konture vulkanskih vrhova, podse\u0107aju\u0107i na izgubljenu re\u010dnu obalu Palmite \u010dak i dok slavi \u010dvrstinu svog naslednika, La Palme.<\/p>\n<p>Vredi razmisliti o tome da su iste padine koje su bile svedoci pucnjave i tajnih strate\u0161kih sesija prenamenjene u platna za umetnost i trgovinu. Gerilske staze, kojima su nekada prolazili borci, sada vijugaju pored studija sa zidovima od \u0107erpi\u010da \u010dije fasade nose murale u naivnom stilu koji je pionir LJort. Ovde posetioci mogu posmatrati zanatlije kako raste\u017eu geso preko drveta, melju prirodne pigmente ili precrtavaju geometrijske \u0161are na kerami\u010dke tacne, stvaraju\u0107i veze izme\u0111u lokalne tradicije i globalnih tr\u017ei\u0161ta. Zanatstvo i sukob \u2013 dva aspekta ljudskog poduhvata \u2013 spojili su se na La Palmi tako da je duh otpornosti koji su prouzrokovale te\u0161ko\u0107e postao neodvojiv od kreativnog impulsa koji danas defini\u0161e grad.<\/p>\n<p>Dok svi\u0107e nad El Pitalom, osvetljavaju\u0107i maglu vlaknima ru\u017ee i zlata, La Palma stoji kao mikrokosmos \u0161ire naracije El Salvadora: zemlje gde prirodne lepote koegzistiraju sa burnom pro\u0161lo\u0161\u0107u, gde kulturni izraz izvire iz neda\u0107a i gde veze zajednice \u2013 oja\u010dane zajedni\u010dkom istorijom \u2013 trasiraju put ka obnovi. Hladni planinski vazduh nosi \u0161apat pro\u0161lih bitaka i poteza \u010detkice koji tek treba da se ispri\u010daju, o pregovorima o sporazumima koji su se nekada vodili pod ovim nebom i o zanatlijama koji sada oblikuju sudbinu grada. Za putnika koji se usudi da krene u ovu brdsko-planinsku op\u0161tinu, susret prevazilazi puko posmatranje \u017eivopisnih pejza\u017ea; on postaje uranjanje u \u017eivu hroniku u kojoj svaki zanat, svako obra\u0111eno polje i svaka staza prekrivena mahovinom pri\u010da pri\u010du o transformaciji i upornosti.<\/p>\n<p>U kona\u010dnoj analizi, La Palma se ne otkriva ni kao stati\u010dna relikvija ni kao sterilizovani muzej nacionalnog se\u0107anja, ve\u0107 kao dinami\u010dno naselje gde su istorija i umetnost u stalnom dijalogu. Prate\u0107i njeno poreklo od re\u010dnog zaseoka do \u017eari\u0161ta politi\u010dkog dogovora i dalje do svetionika zanatske izvrsnosti, uo\u010dava se kontinuitet \u2013 narativ koji povezuje migracije izazvane poplavama, me\u0111usobne sukobe i zajedni\u010dku te\u017enju da se lepota stvori od gline ljudskog iskustva. Upravo du\u017e ovih padina, usred odjeka reke i grebena, La Palma nastavlja da pi\u0161e svoje poglavlje u pri\u010di El Salvadora.<\/p>","protected":false},"excerpt":{"rendered":"<p>La Palma, \u017eivopisna op\u0161tina koja se nalazi u departmanu \u010calatenango u Salvadoru, predstavlja primer bogatog istorijskog i kulturnog nasle\u0111a ove centralnoameri\u010dke zemlje. La Palma, koja se prostire na povr\u0161ini od 135,60 kvadratnih kilometara, nalazi se u brdovitom regionu poznatom po svojim prirodnim lepotama i dinami\u010dnoj zanatskoj zajednici. Godine 2006, ova op\u0161tina je imala preko 24.000 stanovnika, \u0161to pokazuje \u017eivopisnu kombinaciju gradskog i seoskog na\u010dina \u017eivota.<\/p>","protected":false},"author":1,"featured_media":3498,"parent":9069,"menu_order":0,"comment_status":"closed","ping_status":"closed","template":"elementor_theme","meta":{"_eb_attr":"","footnotes":""},"class_list":["post-9104","page","type-page","status-publish","has-post-thumbnail"],"_links":{"self":[{"href":"https:\/\/travelshelper.com\/sr\/wp-json\/wp\/v2\/pages\/9104","targetHints":{"allow":["GET"]}}],"collection":[{"href":"https:\/\/travelshelper.com\/sr\/wp-json\/wp\/v2\/pages"}],"about":[{"href":"https:\/\/travelshelper.com\/sr\/wp-json\/wp\/v2\/types\/page"}],"author":[{"embeddable":true,"href":"https:\/\/travelshelper.com\/sr\/wp-json\/wp\/v2\/users\/1"}],"replies":[{"embeddable":true,"href":"https:\/\/travelshelper.com\/sr\/wp-json\/wp\/v2\/comments?post=9104"}],"version-history":[{"count":0,"href":"https:\/\/travelshelper.com\/sr\/wp-json\/wp\/v2\/pages\/9104\/revisions"}],"up":[{"embeddable":true,"href":"https:\/\/travelshelper.com\/sr\/wp-json\/wp\/v2\/pages\/9069"}],"wp:featuredmedia":[{"embeddable":true,"href":"https:\/\/travelshelper.com\/sr\/wp-json\/wp\/v2\/media\/3498"}],"wp:attachment":[{"href":"https:\/\/travelshelper.com\/sr\/wp-json\/wp\/v2\/media?parent=9104"}],"curies":[{"name":"wp","href":"https:\/\/api.w.org\/{rel}","templated":true}]}}