{"id":9038,"date":"2024-09-06T23:20:14","date_gmt":"2024-09-06T23:20:14","guid":{"rendered":"https:\/\/travelshelper.com\/staging\/?page_id=9038"},"modified":"2026-03-13T16:26:37","modified_gmt":"2026-03-13T16:26:37","slug":"grad-gvatemala","status":"publish","type":"page","link":"https:\/\/travelshelper.com\/sr\/destinations\/north-america\/guatemala\/guatemala-city\/","title":{"rendered":"Grad Gvatemala"},"content":{"rendered":"<p>Gvatemala Siti stoji usred doline Ermita\u017e, njegovih tri miliona stanovnika ra\u0161irenih po prostranstvu koje izrezbaruju planine u ju\u017eno-centralnoj Gvatemali; rangiran je kao najve\u0107a urbana aglomeracija u Centralnoj Americi. Osnovan 1776. godine u podno\u017eju Sijera Madre nakon propasti svog kolonijalnog prethodnika, Antigve, on je nemi svedok epoha od majanske veli\u010dine do modernog preporoda. Slu\u017ei kao politi\u010dko jezgro nacije, ekonomski motor i kulturna veza - entitet koji pulsira odjecima predaka i metropolitanskim ambicijama. Mesto planinskog vazduha i neo\u010dekivane topline. Prestonica definisana otporno\u0161\u0107u.<\/p>\n<p>Mnogo pre \u0161panskih upada, u visoravni se nalazio Kaminald\u017euju, majansko naselje naseljeno od 1500. godine pre nove ere do oko 1200. godine nove ere. Zemljani radovi, humke i ceremonijalni trgovi nekada su se uzdizali ovde ispod seibe i njenog hlada; trgova\u010dki putevi su prolazili kroz visoravan i slali egzoti\u010dne \u0161koljke i \u017ead u srce planine. Sa svojim kamenim platformama i vodovodom, Kaminald\u017euju je postao oslonac \u017eivota Maja na brdima \u2013 dokaz slo\u017eenog upravljanja, ritualne preciznosti i ekonomije isprepletene sa udaljenim carstvima. Danas, ispod asfalta i neona zona 7 i 11, arheolo\u0161ka iskopavanja otkrila su fragmente tog nestalog grada, pozivaju\u0107i posetioca da razmotri slojeve ljudskog napora zakopane pod asfaltom i modernom trgovinom.<\/p>\n<p>\u0160pansko osnivanje sada\u0161njeg grada Gvatemale odvijalo se nakon katastrofe. U julu 1773. godine, seizmi\u010dki doga\u0111aj u Santa Marti i njegovi potresi uni\u0161tili su tada\u0161nju prestonicu koja se nalazila u Antigvi Gvatemali, primoravaju\u0107i kolonijalne vlasti da potra\u017ee sigurnije tlo. Do decembra te godine, planeri su se zagledali u \u0161iroku dolinu i skicirali pravolinijske ulice inspirisane idealima reda iz doba prosvetiteljstva - urbanu mre\u017eu koja je crpela iz pariskih presedana i novozami\u0161ljenih avenija Va\u0161ingtona. Redovi ku\u0107a od \u0107erpi\u010da i crkvenih gra\u0111evina izdizali su se iz pepela sa tremovima, crepnim krovovima i dvori\u0161tima koja \u0107e kasnije podlegnuti zemljotresima koje su sami stvorili.<\/p>\n<p>Na pragu modernosti, septembar 1821. doneo je trenutak otkrovenja. Unutar gradskih zgrada, elitni delegati su stavili svoje pe\u010date na Zakon o nezavisnosti Centralne Amerike, prekidaju\u0107i veze sa \u0161panskom krunom. 15. septembra te godine, uz zvuke truba i zvona katedrale, po\u010deo je Dijas Patrios - ritualna komemoracija koja se i dalje obele\u017eava sa gra\u0111anskom pompom i sve\u010dano\u0161\u0107u. Gvatemala Siti je tada postao srce Ujedinjenih provincija Centralne Amerike, prolazne federacije koja je te\u017eila ujedinjenju prevlake. Poduhvat je propao usred regionalnih rivalstava, a u avgustu 1847. Gvatemala je proglasila suverenitet republike. Od tog trenutka pa nadalje, grad je potvrdio svoj primat kao nacionalna prestonica.<\/p>\n<p>Veliki zemljotresi 1917\u201318. godine naneli su razaranje ulicama i trgovima. Mesecima su naknadni potresi pro\u017eimali dolinu, ru\u0161e\u0107i fasade i pucaju\u0107i temelje. Rekonstrukcija se odvijala sa trezvenim pragmatizmom: bulevari su pro\u0161ireni, tehnike zidanja pobolj\u0161ane, a gra\u0111evinski zastoji sprovedeni. U decenijama koje su usledile, plan mre\u017ee se pro\u0161irio ka obodnim brdima i biv\u0161im planta\u017eama kafe, prilago\u0111avaju\u0107i se talasima seoskih migranata privu\u010denih prilikama. Ti novoprido\u0161lice su promenile profil grada \u2013 urbano \u0161irenje koje je spajalo visoke kancelarijske zgrade sa favelama, jezike predaka sa \u0161panskim slengom.<\/p>\n<p>Klimatski, grad prkosi svojoj tropskoj geografskoj \u0161irini. Sme\u0161ten na otprilike 1.500 metara nadmorske visine, u\u017eiva u gotovo ve\u010dnom prole\u0107u. Dnevne temperature se kre\u0107u od 22 \u00b0C do 28 \u00b0C; no\u0107i se hlade izme\u0111u 12 \u00b0C i 17 \u00b0C. Vla\u017enost pada sa jutarnje skoro zasi\u0107ene na udoban nivo do ve\u010deri, a vetrovi \u010desto duvaju sa trgova, dr\u017ee\u0107i vru\u0107inu pod kontrolom. Suva sezona preovladava od novembra do aprila, pri \u010demu april ima najvi\u0161e termometre. Ki\u0161a pada obilno od maja do oktobra, povezuju\u0107i ritam grada sa atlantskim olujama koje lebde uz karipsku obalu.<\/p>\n<p>Dana\u0161nji demografski mozaik odra\u017eava vekove raseljavanja, spajanja i migracija. Mestizo i porodice \u0161panskog porekla \u010dine ve\u0107inu, njihove tradicije su zapisane u gra\u0111anske ceremonije i privatne obrede. Istovremeno, skoro svaka od 23 majanske grupe u Gvatemali ima \u010detvrt u kojoj se njen jezik i dalje \u010duje \u2013 me\u0111u njima su ki\u010de, kak\u010dikel, mam i kek\u010di. Uli\u010dni prodavci se cenkaju na mamskom; parohijski sve\u0161tenici dr\u017ee propovedi na ki\u010deu. Mala dijaspora iseljenika \u2013 diplomata, preduzetnika, humanitarnih radnika \u2013 dodaje dodatnu nijansu poliglotskom karakteru grada, ali oni \u010dine samo deli\u0107 tkanja stanovni\u0161tva.<\/p>\n<p>Nedelje u Centralnom parku svedo\u010de o ovom spajanju naroda. Kako pada ve\u010de, porodice se kre\u0107u ka Trgu ustavnosti u zonama 1 i 4, deca jure golubove pod svetlo\u0161\u0107u baklji, stariji lutaju me\u0111u klupama se\u0107aju\u0107i se epoha pre automobila. Barokna fasada katedrale stoji kao stra\u017ear; Nacionalna palata svetli okerom naspram sumraka. Stotine ljudi se okuplja, njihov razgovor je tihi mrmljaj na \u0161panskom isprepleten sa majanskim slogovima. Prodavci nude markize i atole - slatki\u0161e na bazi kukuruza - dok uli\u010dni muzi\u010dari \u0161timuju gitare za tradicionalne sone. To je trenutak zajedni\u010dke umetnosti koji obuhvata stalnu po\u010dast grada nasle\u0111u.<\/p>\n<p>Religiozna arhitektura nudi dodatna svedo\u010danstva o slojevima verovanja i osvajanja. Na brdu Serito del Karmen, bela kapela gleda na prostranstvo, njene ni\u0161e i vitra\u017ei posve\u0107eni su i devici i mu\u010deniku. U Zoni 1, Katedrala Santijago de Gvatemala privla\u010di vernike ispod svodnih plafona i pozla\u0107enih oltara postavljenih nakon njenog osve\u0107enja 1815. godine. Od Kalvarijskih stanica krstnog puta do vitkih tornjeva Crkve Santo Domingo, do oker bedema Jurite i rasko\u0161nog baroka La Merseda, svako svetili\u0161te predstavlja poglavlje u svetoj geografiji grada.<\/p>\n<p>Umetnost i se\u0107anje koegzistiraju unutar muzejskih zidova. Nacionalna palata kulture, nekada\u0161nje sedi\u0161te izvr\u0161ne vlasti, otkriva freske i velike dvorane tokom vo\u0111enih turi svakih petnaest minuta. Statua sa ru\u017eom u rukama obele\u017eava kraj gra\u0111anskog rata u njenom unutra\u0161njem dvori\u0161tu. U blizini, Mapa en Relieve u parku Minerva nudi trodimenzionalni prikaz raznovrsnog terena Gvatemale - ogroman reljef isklesan 1904. godine pre nego \u0161to su postojali snimci iz vazduha. Popnite se na osmatra\u010dnicu da biste cenili vulkanske kupe i re\u010dne doline zamrznute u obojenom malteru.<\/p>\n<p>LJubitelji zoolo\u0161kih vrtova i prirodnjaci pronalaze uto\u010di\u0161te u zoolo\u0161kom vrtu La Aurora, gde ptice peva\u010dice lepr\u0161aju kroz kro\u0161nje, a izlo\u017ebe jaguara ukazuju na divlje poreklo. Botani\u010dari lutaju Botani\u010dkim vrtovima u Zoni 10 \u2013 prvoj botani\u010dkoj ba\u0161ti Gvatemale \u2013 me\u0111u orhidejama, visokim helikonijama i lekovitim biljkama koje je katalogizovao Prirodnja\u010dki muzej. Svaka vrsta nosi oznaku koja se odnosi na prehispansku upotrebu, evociraju\u0107i ekolo\u0161ki kontinuum koji prethodi kolonijalnoj taksonomiji.<\/p>\n<p>Drevno kamenje mame unutar gradskih granica. U Arheolo\u0161kom parku Kaminal \u017duju u Zoni 7, humke i rezbarene stele izranjaju iz ure\u0111enih travnjaka gde vo\u0111ene ture otkrivaju majansko nasle\u0111e grada. To mesto, u mnogo \u010demu, podse\u0107a na svoje zakopano podru\u010dje ispod ulica Zone 11, gde podzemna iskopavanja otkrivaju trgove obele\u017eene ritualnim skladi\u0161tima \u017eada i krhotina grn\u010darije.<\/p>\n<p>Umetni\u010dke galerije i kulturni centri dodatno oboga\u0107uju tkivo prestonice. Nacionalni muzej arheologije i etnologije na Aveniji 7 \u010duva legendarnu Tikal masku - artefakt ukra\u0161en smaragdima \u010dije je lice nekada krasilo gor\u0161ta\u010dkog kralja. Nekoliko blokova dalje, Nacionalni muzej moderne umetnosti \u201eKarlos Merida\u201c suo\u010dava savremena platna sa arheolo\u0161kim fragmentima. U okviru Univerziteta Fransisko Marokin, Muzej autohtonog tekstila i ode\u0107e Ik\u0161el prikazuje uipile vezene ikonografijom predaka, pra\u0107ene obja\u0161njenjima na \u0161panskom i engleskom jeziku - i pa\u017eljivo odabranu prodavnicu zanatskog tekstila. Preko puta kampusa nalazi se Muzej Popol Vuh, njegove galerije obuhvataju prehispanske antikvitete i kolonijalne relikvije, nude\u0107i narativ koji prevazilazi bilo koju pojedina\u010dnu kulturnu epohu.<\/p>\n<p>Dalje, ali potpuno unutar gradskih granica, Muzej Miraflores u Zoni 11 fokusira se na ponovo otkrivene oblasti Kaminaljua, izla\u017eu\u0107i keramiku i se\u010diva od opsidijana. U Zoni 6, Muzej Karlosa F. Novele prati uspon cementne industrije, sme\u0161ten u prenamenjenom industrijskom kompleksu. \u010cak i \u017eelezni\u010dka istorija nalazi svoj glas u \u017delezni\u010dkom muzeju FEGUA, gde parne lokomotive po\u010divaju ispod visokih \u0161upa, a zna\u010dke konduktera le\u017ee u vitrinama.<\/p>\n<p>Rekreativni poduhvati se prostiru izvan izgra\u0111enog okru\u017eenja. Avanturisti se penju na padine vulkana Agva i Pakaja, svaki uspon je test izdr\u017eljivosti i nadmorske visine koji nagra\u0111uje pogledom na dolinu i jezero Atitlan. LJubitelji vode gravitiraju ka zapadu, ka povetarcu Atitlana - jedrenje na dasci i vo\u017enja kajakom me\u0111u ostrvcima i selima pored puta okru\u017eenim vulkanima. Jo\u0161 bli\u017ee, op\u0161tinski bazeni i objekti kantri kluba pozivaju pliva\u010de i ljubitelje sunca na vikend odmor.<\/p>\n<p>Sumrak zove u kvartovima 4 Grados Norte i Zona Viva, gde pe\u0161a\u010dke ulice vrve galerijama, kraft pivarama, restoranima sa fuzijskom muzikom i mestima sa \u017eivom muzikom. Ovde se ubrzava mladala\u010dki puls grada: d\u017eez trija nastupaju u zasvo\u0111enim podrumima, di-d\u017eejevi organizuju elektronske setove na krovovima barova. Usred ove kosmopolitske energije, tradicionalni plesovi izbijaju na povr\u0161inu kulturnih centara, osiguravaju\u0107i da narodno nasle\u0111e nastavlja da informi\u0161e avangardu.<\/p>\n<p>U gradskim podzemljima lutaju legende o El Kadehu i La LJoroni, utvare \u0161apu\u0107u po kaldrmisanim sokacima i kroz tu\u017ebalice u predgra\u0111ima. Roditelji uti\u0161avaju decu pri\u010dama o spektralnim psima - glasnicima sudbine - i tu\u017enim kricima \u017eena koje \u010deznu za izgubljenim potomstvom. Ovi mitovi povezuju gradsko prostranstvo sa ruralnim predanjima, podse\u0107aju\u0107i stanovnike da granica izme\u0111u pro\u0161losti i sada\u0161njosti ostaje porozna.<\/p>\n<p>Danju i no\u0107u, Gvatemala Siti funkcioni\u0161e kao operativno srce republike. Autobusi i tuk-tukovi se staju na autobuskim terminalima koji idu ka Antigvi, Kobanu ili pacifi\u010dkoj obali. U ambasadama i konzulatima, diplomate pregovaraju o trgovinskim sporazumima; u nevladinim organizacijama se odvijaju planovi razvoja; u korporativnim kulama, transakcije odre\u0111uju regionalnu sudbinu. Kroz njegove ulice te\u010de trgovina kafom, tekstilom, telekomunikacijama \u2013 obele\u017ejima grada koji je utemeljeno nacionalno stremljenje.<\/p>\n<p>Pro\u017eet milenijumima ljudskog napora, ali obele\u017een o\u017eiljcima previranja, Gvatemala Siti opstaje kao mozaik u evoluciji. NJegove avenije prikazuju kolonijalne vizije i seizmi\u010dke preporode; njegovi trgovi su doma\u0107ini gra\u0111anskih rituala i narodnih proslava; njegovi muzeji i parkovi \u010duvaju fragmente vremena. Kroz razli\u010dite jezike, od \u0161panskog do ki\u010dea, glavni grad artikuli\u0161e zajedni\u010dko nasle\u0111e. Unutar njegovih dolina, ispod njegovih silueta, opstaje \u017eiva naracija \u2013 ona definisana adaptacijom, se\u0107anjem i energi\u010dnim ritmom naroda koji je svakodnevno iznova oblikuje.<\/p>","protected":false},"excerpt":{"rendered":"<p>Gvatemala Siti (\u0161panski: Ciudad de Guatemala), ponekad nazivan i Gvatemala, je glavni i najnaseljeniji grad Gvatemale. Slu\u017ei kao op\u0161tinsko sedi\u0161te departmana Gvatemala i najnaseljenija je urbana regija u Centralnoj Americi. Grad se nalazi u ju\u017eno-centralnom delu zemlje, u planinskoj dolini poznatoj kao Valje de la Ermita.<\/p>","protected":false},"author":1,"featured_media":3887,"parent":9021,"menu_order":0,"comment_status":"closed","ping_status":"closed","template":"elementor_theme","meta":{"_eb_attr":"","footnotes":""},"class_list":["post-9038","page","type-page","status-publish","has-post-thumbnail"],"_links":{"self":[{"href":"https:\/\/travelshelper.com\/sr\/wp-json\/wp\/v2\/pages\/9038","targetHints":{"allow":["GET"]}}],"collection":[{"href":"https:\/\/travelshelper.com\/sr\/wp-json\/wp\/v2\/pages"}],"about":[{"href":"https:\/\/travelshelper.com\/sr\/wp-json\/wp\/v2\/types\/page"}],"author":[{"embeddable":true,"href":"https:\/\/travelshelper.com\/sr\/wp-json\/wp\/v2\/users\/1"}],"replies":[{"embeddable":true,"href":"https:\/\/travelshelper.com\/sr\/wp-json\/wp\/v2\/comments?post=9038"}],"version-history":[{"count":0,"href":"https:\/\/travelshelper.com\/sr\/wp-json\/wp\/v2\/pages\/9038\/revisions"}],"up":[{"embeddable":true,"href":"https:\/\/travelshelper.com\/sr\/wp-json\/wp\/v2\/pages\/9021"}],"wp:featuredmedia":[{"embeddable":true,"href":"https:\/\/travelshelper.com\/sr\/wp-json\/wp\/v2\/media\/3887"}],"wp:attachment":[{"href":"https:\/\/travelshelper.com\/sr\/wp-json\/wp\/v2\/media?parent=9038"}],"curies":[{"name":"wp","href":"https:\/\/api.w.org\/{rel}","templated":true}]}}