{"id":9021,"date":"2024-09-06T21:55:50","date_gmt":"2024-09-06T21:55:50","guid":{"rendered":"https:\/\/travelshelper.com\/staging\/?page_id=9021"},"modified":"2026-03-13T16:27:58","modified_gmt":"2026-03-13T16:27:58","slug":"gvatemala","status":"publish","type":"page","link":"https:\/\/travelshelper.com\/sr\/destinations\/north-america\/guatemala\/","title":{"rendered":"Gvatemala"},"content":{"rendered":"<p>Gvatemala, dom oko 17,6 miliona du\u0161a, prostire se preko kopnenog mosta u Centralnoj Americi \u2014 okru\u017eena Meksikom na severu i zapadu, Belizeom na severoistoku, Hondurasom i El Salvadorom na istoku, sa Tihim okeanom koji pritiska njenu ju\u017enu stranu i Honduraskim zalivom koji grli njen severoistok. Ova republika, \u010diji se teren smenjuje izme\u0111u vulkanskih visoravni, plodnih pacifi\u010dkih ravnica i smaragdnih d\u017eungli Petena, otkriva istovremeno drevnu kolevku civilizacije i pozornicu za burne moderne drame. NJena pri\u010da, urezana u kamen i zemlju, tka jedinstvenu tapiseriju prirodnih \u010duda i ljudske odlu\u010dnosti.<\/p>\n<p>Od trenutka kada su prvi majanski gradovi-dr\u017eave nikli iz nizija Petena do visokih piramida Tikala, region koji je danas Gvatemala slu\u017eio je kao oslonac mezoameri\u010dke domi\u0161ljatosti. Vekovima pre nego \u0161to je Kolumbo pre\u0161ao Atlantik, ogromne mre\u017ee trgova\u010dkih puteva nosile su kakao i opsidijan, dok su sve\u0161tenici mapirali kretanje Venere i ritmove kukuruza. Dolazak \u0161panskih konkvistadora po\u010detkom 16. veka ozna\u010dio je raskid, jer su poru\u010dnici Ernana Kortesa, a kasnije i Pedro de Alvarado, pokoravali grad za gradom, spajaju\u0107i majanski domen sa vicekraljevstvom Nove \u0160panije. Pa ipak, Maje nisu nestale: njihovi jezici opstaju u hiljadama sela, njihovi duhovi naseljavaju svete senote, a njihovi kameni hramovi i dalje prodiru kroz kro\u0161nje d\u017eungle.<\/p>\n<p>Nezavisnost je stigla u septembru 1821. godine, prvobitno podeljena sa Meksikom, a zatim potvr\u0111ena u okviru Savezne Republike Centralne Amerike od 1823. godine sve do raspada te krhke konfederacije 1841. godine. Ostatak devetnaestog veka pokazao se ni\u0161ta manje nestabilnim. Mo\u0107nici i kaudilosi su brzo preuzimali kontrolu, \u010desto uz podr\u0161ku stranih interesa zainteresovanih za koncesije u vezi sa kafom i bananama. Dvadeseti vek je po\u010deo pod nizom mo\u0107nika, od kojih je svaki bio zadu\u017een geopoliti\u010dkim planovima Va\u0161ingtona i komercijalnim imperativima kompanije United Fruit i njenih naslednika. Godine 1944, kada je general Horhe Ubiko svrgnut sa vlasti od strane koalicije vojnih oficira i civila, osvanula je kratka decenija reformi: preraspodela poljoprivrednog zemlji\u0161ta, za\u0161tita radnika i embrionalna mre\u017ea socijalne sigurnosti obe\u0107avali su inkluzivniju politiku. Ali pu\u010d iz 1954. godine \u2013 koji su organizovali ameri\u010dki operativci i konzervativni zemljoposednici \u2013 sru\u0161io je civilnu vladu i vratio oligarhijsku vladavinu.<\/p>\n<p>Usledio je gra\u0111anski rat jezive brutalnosti, od 1960. do mirovnog sporazuma iz 1996. godine, koji je doneo krhki mir. Vladine snage, \u010desto vo\u0111ene doktrinama protiv pobunjenika stranih vojnih savetnika, sprovele su politiku spaljene zemlje u majanskim brdskim zaseocima, ostavljaju\u0107i desetine hiljada mrtvih ili nestalih. Dana\u0161nji mir po\u010diva na krhkim temeljima: ekonomski rast je nastavljen, a uzastopni izbori svedo\u010de o demokratskim te\u017enjama, ali bezazlena vera u institucije je i dalje oskudna. Endemsko siroma\u0161tvo poga\u0111a vi\u0161e od polovine stanovni\u0161tva; skoro \u010detvrtina se suo\u010dava sa hroni\u010dnom gla\u0111u; a ilegalne mre\u017ee trguju drogom, seju nasilje i potkopavaju poverenje javnosti.<\/p>\n<p>Uprkos ovoj pozadini isku\u0161enja, ekosistemi Gvatemale cvetaju. Od maglovitih \u0161uma zapadnih visoravni gde kecal lepr\u0161a izme\u0111u grana prekrivenih bromelijama, do sezonski poplavljenih savana Petena bogatih jaguarima i tapirima, republika je jedno od glavnih \u017eari\u0161ta biodiverziteta Mezoamerike. Reke kratko vijugaju prema Tihom okeanu, ali se pretvaraju u gromoglasne arterije u karipskom basenu - me\u0111u njima su Motagva, Polo\u010dik i Usumasinta, koja grani\u010di sa \u010cijapasom. Jezero Izabal, koje napaja reka Dulse, svetluca poput ogledala okru\u017eenog ki\u0161nom \u0161umom; njegove slatke vode odr\u017eavaju lamantine i kajmane, dok se na njegovim obalama nalaze kolonijalne tvr\u0111ave i ribarska sela.<\/p>\n<p>Urbani \u017eivot se stapa u visoravni, gde se Gvatemala Siti prostire preko planinske doline, u kome se nalaze Nacionalni arhiv, Nacionalna biblioteka i Muzej arheologije i etnologije, riznica \u017eadanih maski i kerami\u010dkih figura koje \u0161apu\u0107u o kraljevskim dinastijama. Odmah iza prestonice nalazi se Antigva Gvatemala, dragulj iz osamnaestog veka sa re\u0161etkastim balkonima i raspadaju\u0107im baroknim crkvama - muzej na otvorenom seizmi\u010dkih o\u017eiljaka i vulkanskog pepela. Dalje na zapad, jezero Atitlan - okru\u017eeno majanskim selima i vulkanima - privla\u010di putnike koji plove u drvenim \u010damcima du\u017e mirnih voda, otkrivaju\u0107i tragove drevnih obreda u svakom rezbarenom dovratniku.<\/p>\n<p>Kulinarski obi\u010daji, kao i sama kultura, poti\u010du jo\u0161 od temelja Maja. Kukuruz ostaje suveren \u2013 nikstamalizovan u tortilje i tamale, fermentisan u atole, presovan u sveto testo za fiambre na Dan Svih svetih. \u010cili papri\u010dice o\u017eivljavaju kak&#039;ik na bazi paradajza sa \u0107uretinom; crni pasulj se kr\u010dka pored kosido me\u0161avine korenastog povr\u0107a i mesa. U zoru na Antigvi, uli\u010dne tezge prodaju \u010du\u010ditose \u2013 male tamale prelivene salsom od paradajza \u2013 ili slatke kesice pire krompira koje nestaju do sredine jutra. S dolaskom decembra, doma\u0107instva se ispunjavaju mirisom pon\u010dea \u2013 kuvanog vo\u0107a u za\u010dinjenoj te\u010dnosti \u2013 i mukotrpnim radom tamaladora koji pripremaju gomile mase umotane u listove banane.<\/p>\n<p>\u0160est regiona republike predstavljaju takve kontraste da jedno putovanje mo\u017ee da pre\u0111e klimatske ekstreme. U Centralnom gorju, vulkani se uzdi\u017eu iznad 3.000 metara, zapra\u0161eni oblacima no\u0161enim vetrom i hla\u0111eni no\u0107nim mrazom. Zapadno gorje, ispresecano majanskim zaseocima, pru\u017ea vidike terasastih polja i pe\u0161a\u010dkih staza koje se vijugaju ka skrivenim svetili\u0161tima. Isto\u010dna Gvatemala, u\u017eivaju\u0107i u su\u0161nosti, nudi ran\u010dere i hispanske gradove gde kravlja ko\u017ea lepr\u0161a u podnevnoj vru\u0107ini. Du\u017e karipske obale, estuari mangrova i palmine pla\u017ee otvaraju se prema mezoameri\u010dkom koralnom grebenu; dalje u unutra\u0161njosti, Petenska pra\u0161uma je doma\u0107in stelama i trgovima El Mirador i Nakum, spomenicima preklasi\u010dnoj slavi. Pacifi\u010dke nizije, blagi pad od Sijera Madre, otkrivaju crnope\u0161\u010dane pla\u017ee u Monteriku - gde morske kornja\u010de dolaze u hordama obasjanim mese\u010dinom da se gnezde.<\/p>\n<p>Me\u0111u bezbrojnim arheolo\u0161kim nalazi\u0161tima, Tikal vlada vrhovno: grad nekada dom desetinama hiljada ljudi, njegov rezervoar Izgubljenog sveta odra\u017eava dva vrha Hrama I i Centralnog Akropolja. U mirnijem dru\u0161tvu nalaze se I\u0161im\u010de - nekada prestonica Kak\u010dikela i dostupna jednodnevnim izletom iz Antigve ili Gvatemala Sitija - i Agvateka, gde raspadaju\u0107i bedemi stoje kao stra\u017eari iznad arheolo\u0161kih rovova koji i dalje pru\u017eaju krhotine grn\u010darije i se\u010diva od opsidijana. Manje utabana staza do El Miradora zahteva nedelje penjanja kroz netaknutu \u0161umu, ali nagra\u0111uje neustra\u0161ive Velikom piramidom La Dante - jednom od najve\u0107ih ljudskih gra\u0111evina po zapremini.<\/p>\n<p>Priroda nudi svoje katedrale od kamena i vode. Semuk \u010campej, u Alta Verapazu, zadivljuje pogled: kaskada \u017eadastih bazena sme\u0161tenih na vrhu kre\u010dnja\u010dkog mosta, izvajanih rekom koja se ponire pod zemlju samo da bi se vratila u promenljivim nijansama tirkizne boje. U blizini, Lankin raste oko ogromnog otvora kre\u010dnja\u010dkih grotla koje odjekuju kapanjem stalaktita. Na Rio Dulseu, krivudavom vodenom putu koji se prote\u017ee izme\u0111u Belizea i Hondurasa, putnici se zaustavljaju kod Finke Paraiso - toplih izvora koji prskaju poput osamljene banje - pre nego \u0161to obi\u0111u Kastiljo San Felipe de Lara, tvr\u0111avu iz sedamnaestog veka \u010diji oker zidovi svetlucaju nasuprot jezeru.<\/p>\n<p>Za one koje privla\u010di vulkanska drama, vulkan Pakaja ostaje pravi obred prelaska. Do njega se mo\u017ee do\u0107i iz Antigve, a penjanje do vrha traje preko dva sata uz znojni uspon \u2013 dve rute se odvajaju od obli\u017enjih El Sedra i San Franciska, koje se razlikuju uglavnom po nagibu. \u010cuvari parka i vojnici patroliraju stazama, dok lokalni vodi\u010di, licencirani od strane nacionalnog parka, prolaze kroz pukotine pune pare. Danima kada aktivnost dozvoljava, posetioci su nekada pekli mar\u0161melou iznad rastopljenih otvora; danas se zadovoljavaju sjajem u\u017earene stene, umotani u jakne kako bi odbili hladne vetrove sa vrha.<\/p>\n<p>\u010cak i dok turizam podsti\u010de rast \u2013 unose\u0107i oko 1,8 milijardi ameri\u010dkih dolara u ekonomiju 2008. godine i privla\u010de\u0107i oko dva miliona posetilaca godi\u0161nje \u2013 Gvatemala se bori sa izrazitim nejednakostima. NJen BDP (paritet kupovne mo\u0107i) po glavi stanovnika pribli\u017eava se 10.998 ameri\u010dkih dolara, ali vi\u0161e od polovine svih doma\u0107instava \u017eivi ispod praga siroma\u0161tva, a formalna nezaposlenost kre\u0107e se oko 3 procenta. Kriminal i korupcija nagrizaju vladavinu prava; seoske porodice se suo\u010davaju sa nesigurno\u0161\u0107u u snabdevanju hranom \u010dak i usred plodnog tla, optere\u0107enog istorijskim obrascima raspodele zemlji\u0161ta.<\/p>\n<p>Me\u0111utim, muzeji prestonice svedo\u010de o kulturnoj obnovi. Muzej autohtonog tekstila i ode\u0107e u Ik\u0161elu prikazuje uipile istkane sa preda\u010dkim dizajnom. Muzej Popol Vuh predstavlja \u017eadaste pogrebne maske, \u0161tuko reljefe i kodekse prelivene u trodimenzionalne diorame. U manjim gradovima \u2013 jednom ili vi\u0161e u svakoj od 329 op\u0161tina \u2013 kustosi organizuju izlo\u017ebe autohtone flore, crkvene umetnosti i oru\u0111a svakodnevnog rada, \u010duvaju\u0107i pri\u010de koje bi ina\u010de mogle da padnu u zaborav.<\/p>\n<p>Usred ovih nasle\u0111a, Gvatemala otkriva svoj pravi kompas: otpornost. Majanski kalendar, uklesan u svetili\u0161tima osvetljenim sumrakom, podse\u0107a posetioce da sezone cvetanja slede nakon kampanja sukoba. Preko poplavljenih savana i vulkanskih izbo\u010dina, izme\u0111u kolonijalnih fasada i seoskih trgova gde pijace pulsiraju kukuruzom i kafom, republika opstaje kao posuda se\u0107anja. Pre\u0107i njenim putevima zna\u010di kretati se kroz epohe: ti\u0161ina d\u017eungle, zveckanje horova u oslikanim kapelama, tutnjava tektonskih plo\u010da pod va\u0161im nogama. To zna\u010di stajati na spoju drevnog proro\u010danstva i modernih te\u017enji, gde kamen - do poslednjeg komadi\u0107a opsidijana - svedo\u010di o jedinstvenom poglavlju u ljudskoj istoriji.<\/p>","protected":false},"excerpt":{"rendered":"<p>Gvatemala, sa procenjenom populacijom od oko 17,6 miliona, je najnaseljenija nacija u Centralnoj Americi. Zvani\u010dno poznata kao Republika Gvatemala, Honduras se grani\u010di sa njom na istoku, Meksikom na severu i zapadu, Belizeom na severoistoku i El Salvadorom na jugoistoku. Hidrolo\u0161ki, Honduraski zaliv je grani\u010di sa severoistokom, a Tihi okean sa juga.<\/p>","protected":false},"author":1,"featured_media":4397,"parent":24084,"menu_order":0,"comment_status":"closed","ping_status":"closed","template":"elementor_theme","meta":{"_eb_attr":"","footnotes":""},"class_list":["post-9021","page","type-page","status-publish","has-post-thumbnail"],"_links":{"self":[{"href":"https:\/\/travelshelper.com\/sr\/wp-json\/wp\/v2\/pages\/9021","targetHints":{"allow":["GET"]}}],"collection":[{"href":"https:\/\/travelshelper.com\/sr\/wp-json\/wp\/v2\/pages"}],"about":[{"href":"https:\/\/travelshelper.com\/sr\/wp-json\/wp\/v2\/types\/page"}],"author":[{"embeddable":true,"href":"https:\/\/travelshelper.com\/sr\/wp-json\/wp\/v2\/users\/1"}],"replies":[{"embeddable":true,"href":"https:\/\/travelshelper.com\/sr\/wp-json\/wp\/v2\/comments?post=9021"}],"version-history":[{"count":0,"href":"https:\/\/travelshelper.com\/sr\/wp-json\/wp\/v2\/pages\/9021\/revisions"}],"up":[{"embeddable":true,"href":"https:\/\/travelshelper.com\/sr\/wp-json\/wp\/v2\/pages\/24084"}],"wp:featuredmedia":[{"embeddable":true,"href":"https:\/\/travelshelper.com\/sr\/wp-json\/wp\/v2\/media\/4397"}],"wp:attachment":[{"href":"https:\/\/travelshelper.com\/sr\/wp-json\/wp\/v2\/media?parent=9021"}],"curies":[{"name":"wp","href":"https:\/\/api.w.org\/{rel}","templated":true}]}}