{"id":8979,"date":"2024-09-06T18:08:34","date_gmt":"2024-09-06T18:08:34","guid":{"rendered":"https:\/\/travelshelper.com\/staging\/?page_id=8979"},"modified":"2026-03-13T21:30:51","modified_gmt":"2026-03-13T21:30:51","slug":"istina-ili-posledice","status":"publish","type":"page","link":"https:\/\/travelshelper.com\/sr\/destinations\/north-america\/united-states\/truth-or-consequences\/","title":{"rendered":"Istina ili Posledice"},"content":{"rendered":"<p>Istina ili posledice je prepoznatljiv grad sme\u0161ten u ameri\u010dkoj dr\u017eavi Novi Meksiko, koji funkcioni\u0161e kao sedi\u0161te okruga Sijera. Prema popisu iz 2020. godine, Istina ili posledice ima 6.052 stanovnika. Grad je uglavnom poznat po svom jedinstvenom imenu, koje je izabrano u martu 1950. godine po popularnoj radio emisiji \u201eIstina ili posledice\u201c. Iako zvani\u010dnom imenu nedostaje interpunkcija, promena ovog imena obi\u010dno rezultira crticom (Istina-ili-posledice, T-ili-P) radi bolje jasno\u0107e.<\/p>\n<p>Podru\u010dje koje obuhvata \u201eIstinu ili posledice\u201c obiluje toplim izvorima. Krajem 19. veka, ran\u010d D\u017don Kros \u2013 iznad izvora D\u017deronimo \u2013 osnovao je prvo javno kupatilo u tom podru\u010dju. Topli izvori se nalaze unutar arte\u0161kog basena toplih izvora. Uprkos prisustvu prirodnih toplih izvora, razvoj zna\u010dajnih naselja u tom podru\u010dju je zna\u010dajno odlo\u017een sve dok nisu izgra\u0111eni brana i rezervoar Elefant Bjut, po\u010dev od 1912. godine, a zavr\u0161etak je zavr\u0161en 1916. godine. Odobren Zakonom o rekultivaciji NJulendsa iz 1902. godine, projekat Rio Grande bio je veliki rani poduhvat u navodnjavanju velikih razmera koje je zavisno od brane. Zvani\u010dno osnovan kao Topli izvori 1916. godine, grad je kasnije postao sedi\u0161te okruga Sijera 1937. godine. Uglavnom uslu\u017euju\u0107i goste, Topli izvori su do kraja 1930-ih imali \u010detrdeset razli\u010ditih banja sa prirodnim toplim izvorima.<\/p>\n<p>Takmi\u010denje u radio programu dovelo je do promene imena grada iz Vru\u0107i izvori u Istina ili posledice. Ralf Edvards, voditelj kviza \u201eIstina ili posledice\u201c na NBC radiju, rekao je u martu 1950. godine da \u0107e emitovati program na njegovu desetu godi\u0161njicu iz prvog grada koji je odlu\u010dio da se preimenuje po emisiji. Vru\u0107i izvori su zvani\u010dno promenili ime 31. marta 1950. godine; program je emitovan sa lokacije slede\u0107e ve\u010deri. Edvards je pose\u0107ivao grad tokom prvog vikenda maja narednih 50 godina; ovaj doga\u0111aj je postao poznat kao Fijesta. Fijesta je na kraju uklju\u010divala scenski nastup, izbor lepote i povorku. Proslavljaju\u0107i lokalne dostojanstvenike, kraljicu izbora za Mis Fieste iz pro\u0161le godine i pobednicu izbora za kraljicu Ha\u010d \u010cilija, grad je doma\u0107in Fieste svakog prvog vikenda maja. Fiesta je plesni doga\u0111aj koji se odr\u017eava u parku Ralf Edvards.<\/p>\n<p>Zajedno, topli izvori u Trut or Konsekvenses pokazuju protok od skoro 99 litara (26 ameri\u010dkih galona) svake sekunde. Trut or Konsekvenses je imao skoro \u010detrdeset banja sa toplim izvorima pre Drugog svetskog rata. Udru\u017eenje toplih izvora u Trut or Konsekvenses imalo je deset banjskih objekata kao \u010dlanove od 2008. godine. Pet od ovih lokacija - La Paloma Hot Springs &amp; Spa (ranije Mar\u0161al Hot Springs), Riverbend Hot Springs, Indijan Springs Bat Haus, Artezijan Bat Haus i Hej-Jo-kej Hot Springs - crpili su vodu iz slobodno teku\u0107ih toplih izvora; pet od njih - bunara.<\/p>\n<p>Dva demonstraciona projekta geotermalne energije koje je sprovelo Ministarstvo energetike, minerala i prirodnih resursa Novog Meksika u Trut ili Konsekvensesu tokom 1980-ih. Prvobitno posve\u0107ena pomaganju deci sa fizi\u010dkim invaliditetom, bolnica Keri Tingli je koristila dr\u017eavni novac da pokrene program fizikalne terapije u Trut ili Konsekvensesu; ali, ovaj program je od tada preme\u0161ten u Albukerki. Geotermalni sistem grejanja prostora koristi obli\u017enjem Centru za starije gra\u0111ane.<\/p>\n<p>A city marked by historical importance and an unusual name that captures its unique appeal is Truth or Consequences. From its beginnings as a hot spring destination to its modern Fiesta celebrations, which regularly draw people through its natural beauty and cultural events, the city has changed. Whether one is savoring the therapeutic advantages of their hot springs or participating in the annual Fiesta, Truth or Consequences offers a special mix of relaxation, historical relevance, and community involvement, so establishing its uniqueness in New Mexico.\u2026<\/p>","protected":false},"excerpt":{"rendered":"<p>Istina ili posledice je prepoznatljiv grad sme\u0161ten u ameri\u010dkoj dr\u017eavi Novi Meksiko, koji funkcioni\u0161e kao sedi\u0161te okruga Sijera. Prema popisu iz 2020. godine, Istina ili posledice ima 6.052 stanovnika. Grad je uglavnom poznat po svom jedinstvenom imenu, koje je izabrano u martu 1950. godine po popularnoj radio emisiji \u201eIstina ili posledice\u201c. Iako zvani\u010dnom imenu nedostaje interpunkcija, promena ovog imena obi\u010dno rezultira crticom (Istina-ili-posledice, T-ili-P) radi bolje jasno\u0107e.<\/p>","protected":false},"author":1,"featured_media":23485,"parent":8072,"menu_order":0,"comment_status":"closed","ping_status":"closed","template":"elementor_theme","meta":{"_eb_attr":"","footnotes":""},"class_list":["post-8979","page","type-page","status-publish","has-post-thumbnail"],"_links":{"self":[{"href":"https:\/\/travelshelper.com\/sr\/wp-json\/wp\/v2\/pages\/8979","targetHints":{"allow":["GET"]}}],"collection":[{"href":"https:\/\/travelshelper.com\/sr\/wp-json\/wp\/v2\/pages"}],"about":[{"href":"https:\/\/travelshelper.com\/sr\/wp-json\/wp\/v2\/types\/page"}],"author":[{"embeddable":true,"href":"https:\/\/travelshelper.com\/sr\/wp-json\/wp\/v2\/users\/1"}],"replies":[{"embeddable":true,"href":"https:\/\/travelshelper.com\/sr\/wp-json\/wp\/v2\/comments?post=8979"}],"version-history":[{"count":0,"href":"https:\/\/travelshelper.com\/sr\/wp-json\/wp\/v2\/pages\/8979\/revisions"}],"up":[{"embeddable":true,"href":"https:\/\/travelshelper.com\/sr\/wp-json\/wp\/v2\/pages\/8072"}],"wp:featuredmedia":[{"embeddable":true,"href":"https:\/\/travelshelper.com\/sr\/wp-json\/wp\/v2\/media\/23485"}],"wp:attachment":[{"href":"https:\/\/travelshelper.com\/sr\/wp-json\/wp\/v2\/media?parent=8979"}],"curies":[{"name":"wp","href":"https:\/\/api.w.org\/{rel}","templated":true}]}}