{"id":8967,"date":"2024-09-06T17:40:05","date_gmt":"2024-09-06T17:40:05","guid":{"rendered":"https:\/\/travelshelper.com\/staging\/?page_id=8967"},"modified":"2026-03-13T18:09:05","modified_gmt":"2026-03-13T18:09:05","slug":"pagosa-springs","status":"publish","type":"page","link":"https:\/\/travelshelper.com\/sr\/destinations\/north-america\/united-states\/pagosa-springs\/","title":{"rendered":"Pagosa Springs"},"content":{"rendered":"<p>Pagosa Springs je mala planinska zajednica u jugozapadnom Koloradu. NJeno stanovni\u0161tvo se kretalo oko sredine 16. veka prema popisu iz 2020. godine, a do 2025. godine poraslo je na otprilike 1.877 stanovnika. Demografija grada odra\u017eava mladala\u010dku bazu (srednja starost ~34,5 godina) i zna\u010dajno prisustvo Hispanoamerikanaca\/Latinoamerikanaca (oko 43% stanovnika). Ekonomski, Pagosa Springs u velikoj meri zavisi od turizma i penzionerskih prihoda. Srednji prihod doma\u0107instava je skroman (oko 36.700 dolara), sa otprilike 23% porodica ispod granice siroma\u0161tva. Mnoga doma\u0107instva se oslanjaju na uslu\u017ene delatnosti, rekreaciju na otvorenom i ugostiteljstvo. Ova ekonomija se stabilizovala poslednjih decenija, jer su \u010duveni topli izvori i skijali\u0161te grada privukli posetioce.<\/p>\n<p>Pagosa Springs le\u017ei u surovim zapadnim planinama San Huan u Koloradu, oko 56 kilometara severno od granice sa Novim Meksikom. Sme\u0161ten na 2126 metara nadmorske visine na zapadnoj padini kontinentalne podele, zauzima visoku pustinjsku visoravan okru\u017eenu \u0161umama i vrhovima prekrivenim snegom. Reka San Huan te\u010de u blizini, napajana topljenjem planinskog snega. Borove \u0161ume i \u017ealfija okru\u017euju grad, koji u\u017eiva u neobi\u010dno sun\u010danoj klimi - otprilike 300 sun\u010danih dana godi\u0161nje. Zime su hladne, ali relativno blage za ovu nadmorsku visinu, a leta su topla i uglavnom suva. Ova kombinacija planinskih i visokih pustinjskih elemenata daje Pagosa Springsu poseban ambijent za razliku od ni\u017eih ravnica Kolorada. Okru\u017een sa tri strane nacionalnom \u0161umom, grad deluje udaljeno, ali \u017eivi u okru\u017eenju koje podr\u017eava \u010detiri pune sezone rekreacije.<\/p>\n<p>Mnogo pre dolaska Evropljana, podru\u010dje Pagose bilo je sveta za narod Ute, koji je izvore nazivao Pagosa, \u0161to zna\u010di \u201elekovita ili klju\u010dala voda\u201c. Plemena Ute i Navaho povremeno su koristila ovo podru\u010dje, a sukobi oko izvora rasplamsali su se krajem 19. veka. Godine 1880. vlada SAD je preuzela kontrolu nad izvorima, a ubrzo nakon toga beli doseljenici su polagali pravo na njih. Izvori Pagose su naseljeni 1883. godine, a 1891. godine su progla\u0161eni gradom.<\/p>\n<p>Prvobitno se ekonomija fokusirala na zlato, drvo i sto\u010darstvo, jer su pioniri sekli \u0161ume i eksploatisali na obli\u017enjim padinama. Po\u010detkom 20. veka, promoteri grada poku\u0161ali su da izgrade turisti\u010dki posao oko toplih izvora, ali je grad ostao udaljen decenijama. Velika prekretnica dogodila se nakon projekta skladi\u0161tenja reke Kolorado 1950-ih i 60-ih, koji je doneo struju i puteve. Do 1970-ih, Pagosa Springs je aktivno razvijao svoja izvorna odmarali\u0161ta. Jedna jedinstvena kulturna prekretnica bio je \u201eCrveni jaha\u010d\u201c, rodeo i parada povodom Dana \u010detvrtog jula, zapo\u010deti 1950-ih u \u010dast lokalne kaubojske kulture. Vremenom je Pagosa Springs tako\u0111e stekao priznanje kao zajednica \u201eSa\u010duvajmo Ameriku\u201c (2006) zbog za\u0161tite svog istorijskog karaktera.<\/p>\n<p>Pagosa Springs zadr\u017eava atmosferu malog zapadnja\u010dkog grada. Engleski je glavni jezik, ali skoro polovina stanovni\u0161tva ima hispanske korene (\u0161to odra\u017eava regionalno nasle\u0111e). Me\u0161tani su skloni neformalnom i dobrosusedskom na\u010dinu \u017eivota; sto\u010darstvo i tradicije starosedelaca se me\u0161aju sa modernim na\u010dinom \u017eivota na otvorenom. Tempo \u017eivota je opu\u0161ten: letnji dani se provode u planinarenju, raftingu ili kupanju u izvorima, dok zimi skija\u0161i dolaze u obli\u017enja odmarali\u0161ta. Doga\u0111aji u zajednici odra\u017eavaju njegovo me\u0161ano nasle\u0111e: na primer, svakog jula, me\u0161tani i posetioci obla\u010de kaubojske \u0161e\u0161ire za paradu Red Rajder Rodeo. U jesen grad je doma\u0107in Kolorfesta, festivala balona\u0161a, vina i trka. Me\u0111u dugogodi\u0161njim stanovnicima i novim doseljenicima, ljubaznost je stvar ponosa \u2013 to je mesto gde stranac dobija znak po\u0161tovanja kod bazena sa toplim izvorima, a prodavci znaju kupce po imenu. Uprkos tome \u0161to je turisti\u010dki grad, centar Pagose deluje iznena\u0111uju\u0107e neobi\u010dno, sa glavnom ulicom kojom se mo\u017ee pe\u0161a\u010diti, umetni\u010dkim galerijama i nekoliko taverni gde me\u0161tani i posetioci \u0107askaju uz lokalna piva.<\/p>\n<p>Glavna atrakcija su termalni izvori Pagose. Napajani dubokim geotermalnim izvorima, \u201eMaj\u010din izvor\u201c klju\u010da na oko 62\u00b0C i puni nekoliko javnih i privatnih bazena za kupanje. Posetioci dolaze da se kupaju tokom cele godine, \u010dak i po sne\u017enom vremenu. Samo nekoliko minuta vo\u017enje od grada nalazi se skijali\u0161te Volf Krik, poznato po obilnim sne\u017enim padavinama (u proseku oko 115 cm godi\u0161nje, najvi\u0161e od bilo kog odmarali\u0161ta u Koloradu) i porodi\u010dnim padinama.<\/p>\n<p>Priroda je na pragu Pagose. Isto\u010dno od grada, vodopad Tre\u017eer se obru\u0161ava 33 metra laganom \u0161umskom \u0161etnjom. Druge obli\u017enje kaskade uklju\u010duju vodopade Pijedra i Formajl, do kojih se sti\u017ee rusti\u010dnim stazama kroz borovu \u0161umu. Pagosa je tako\u0111e blizu Nacionalnog spomenika \u010cimni Rok, lokaliteta predaka Puebla sa dramati\u010dnim kamenim tornjevima i kivama koji datiraju iz perioda od 950. do 1150. godine nove ere. Ture koje vode rend\u017eeri obja\u0161njavaju astronomski polo\u017eaj lokaliteta. Reka San Huan, koja proti\u010de kroz Pagosu, poznata je po ribolovu mu\u0161i\u010darenjem osvajaju\u0107em zlatne medalje, plus letnje vo\u017enje gumenim vo\u017enjom i blagim rafting stazama.<\/p>\n<p>U gradu, pored samih izvora, postoji nekoliko specijalizovanih atrakcija. Umetni\u010dki muzej Freda Harmana (poznat i kao Muzej Red Rajdera) slavi ilustratora stripova koji je Pagosu u\u010dinio svojim domom. Lokalni prodavci opreme iznajmljuju gumene \u010damce i kajake na reci, a prodavnice planinarske opreme nude jahanje konjima i opremu. Tokom cele godine, zanatski sajmovi, pijace i umetni\u010dke izlo\u017ebe privla\u010de publiku. Veliki deo \u0161arma Pagose le\u017ei na otvorenom: \u017eivopisne vo\u017enje vode do alpskih jezera (kao \u0161to su Vilijams, Kvarc), a \u010dak i restorani i kafi\u0107i imaju panoramski pogled na planine. Za posetioce, ono \u0161to morate da uradite je jasno: opustite se u vreloj mineralnoj vodi, a zatim udahnite \u010dist planinski vazduh.<\/p>\n<p>Pagosa Springs nema ve\u0107i aerodrom ili \u017eelezni\u010dku stanicu. Najbli\u017ei komercijalni aerodrom je aerodrom okruga Durango-La Plata (DRO), oko 60 milja zapadno, sa dnevnim letovima za Denver, Dalas i sezonskim linijama za Finiks, Solt Lejk Siti i Las Vegas. Od aerodroma u Finiksu ili Denveru, vo\u017enja je otprilike 5-6 sati; od Albukerkija oko 4 sata severno. Posetioci \u010desto iznajmljuju automobile; ameri\u010dki autoput 160 povezuje Pagosu istok-zapad preko prevoja Volf Krik. (Imajte na umu da je prevoj Volf Krik visokoplaninski put \u2013 uslovi mogu biti opasni zimi. Voza\u010di bi trebalo da proveravaju a\u017euriranja u realnom vremenu.)<\/p>\n<p>Centar grada Pagosa je kompaktan (centar grada se lako pe\u0161ice mo\u017ee do\u0107i), ali mnoge znamenitosti se nalaze u kanjonu ili u \u0161umama. Sistem Mauntin Ekspres Tranzit pru\u017ea lokalni autobuski prevoz, uklju\u010duju\u0107i fiksnu rutu kroz Pagosa Springs i udaljene zajednice, i veze do Duranga. Ova usluga je jeftina ili besplatna za starije osobe. Me\u0111utim, prostrane \u0161ume i planine su dostupne samo automobilom, terenskim vozilima ili pe\u0161ke, tako da je iznajmljivanje vozila ili organizovanje vo\u0111enih tura uobi\u010dajeno. Parkiranje u centru grada je ograni\u010deno, ali je generalno lak\u0161e nego u velikim gradovima; glavne ulice su pune pe\u0161aka, posebno letnjim vikendom.<\/p>\n<p>Valuta je ameri\u010dki dolar, a engleski se govori svuda; \u0161panski se tako\u0111e \u0161iroko govori me\u0111u mnogim lokalnim stanovni\u0161tvom. Zbog velike nadmorske visine, novi posetioci bi trebalo da izdvoje vreme da se prilagode \u2013 \u010dak i kratke \u0161etnje mogu biti naporne na preko 2100 metara. Zime mogu doneti zale\u0111ene puteve i obilne snegove; letnji dani mogu doneti intenzivno sunce, pa se savetuje krema za sun\u010danje i hidratacija. Posetioci bi trebalo da daju bak\u0161i\u0161 konobarima i vodi\u010dima (15\u201320%) kao i u drugim destinacijama u SAD. Bonton je neformalan: uobi\u010dajeno je brzo \u201ezdravo\u201c ili klimanje glavom od strane prolaznika. Bezbednost u Pagosi je generalno dobra: zajednica je mala i mirna. Va\u017ee mere predostro\u017enosti zasnovane na zdravom razumu \u2013 pazite na divlje \u017eivotinje (medvede ili losove u kampovima, zve\u010darke u vru\u0107ini) i poslu\u0161ajte vremenske savete, posebno zimi.<a href=\"https:\/\/travelshelper.com\/sr\/destinacije\/severna-amerika\/sjedinjene-americke-drzave\/berkli-springs\/\" target=\"_self\" aria-labelledby=\"uael-post-8997\"><br \/>\n<\/a><\/p>","protected":false},"excerpt":{"rendered":"<p>Pagosa Springs, poznat kao Pagvoosa na jeziku Ute i To Sido Haalli\u0301 na jeziku Navaho, je \u017eivahna i prepoznatljiva zajednica koja se nalazi u srcu okruga Ar\u010duleta u Koloradu. Kao sedi\u0161te okruga i najnaseljeniji grad u tom podru\u010dju, Pagosa Springs je jedinstven kako po svojoj prirodnoj lepoti, tako i po velikoj istorijskoj i kulturnoj vrednosti. Sa populacijom od 1.571 stanovnika prema popisu iz 2020. godine, ova samoupravna op\u0161tina je prili\u010dno tra\u017eena i za ljude i za turiste. Nudi pristup velikim divljim podru\u010djima, zajedno sa privla\u010dno\u0161\u0107u malog grada.<\/p>","protected":false},"author":1,"featured_media":17607,"parent":8072,"menu_order":0,"comment_status":"closed","ping_status":"closed","template":"elementor_theme","meta":{"_eb_attr":"","footnotes":""},"class_list":["post-8967","page","type-page","status-publish","has-post-thumbnail"],"_links":{"self":[{"href":"https:\/\/travelshelper.com\/sr\/wp-json\/wp\/v2\/pages\/8967","targetHints":{"allow":["GET"]}}],"collection":[{"href":"https:\/\/travelshelper.com\/sr\/wp-json\/wp\/v2\/pages"}],"about":[{"href":"https:\/\/travelshelper.com\/sr\/wp-json\/wp\/v2\/types\/page"}],"author":[{"embeddable":true,"href":"https:\/\/travelshelper.com\/sr\/wp-json\/wp\/v2\/users\/1"}],"replies":[{"embeddable":true,"href":"https:\/\/travelshelper.com\/sr\/wp-json\/wp\/v2\/comments?post=8967"}],"version-history":[{"count":0,"href":"https:\/\/travelshelper.com\/sr\/wp-json\/wp\/v2\/pages\/8967\/revisions"}],"up":[{"embeddable":true,"href":"https:\/\/travelshelper.com\/sr\/wp-json\/wp\/v2\/pages\/8072"}],"wp:featuredmedia":[{"embeddable":true,"href":"https:\/\/travelshelper.com\/sr\/wp-json\/wp\/v2\/media\/17607"}],"wp:attachment":[{"href":"https:\/\/travelshelper.com\/sr\/wp-json\/wp\/v2\/media?parent=8967"}],"curies":[{"name":"wp","href":"https:\/\/api.w.org\/{rel}","templated":true}]}}