{"id":8958,"date":"2024-09-06T16:54:54","date_gmt":"2024-09-06T16:54:54","guid":{"rendered":"https:\/\/travelshelper.com\/staging\/?page_id=8958"},"modified":"2026-03-13T18:09:26","modified_gmt":"2026-03-13T18:09:26","slug":"ouraj","status":"publish","type":"page","link":"https:\/\/travelshelper.com\/sr\/destinations\/north-america\/united-states\/ouray\/","title":{"rendered":"Ouraj"},"content":{"rendered":"<p>Sme\u0161ten duboko u planinama San Huan u jugozapadnom Koloradu, Urej je mali grad sa veli\u010danstvenim pejza\u017eima. To je sedi\u0161te okruga Urej i dugo se naziva \u201e\u0160vajcarskom Amerike\u201c. Prema popisu iz 2020. godine, grad je imao samo 898 stanovnika, \u0161to ga \u010dini blisko povezanom zajednicom. Sme\u0161ten na nadmorskoj visini od oko 2.375 metara, grad je sme\u0161ten u uskom kanjonu reke Ankompagre, sa strmim liticama crvenih stena koje se uzdi\u017eu sa tri strane. Slikovita glavna ulica je oblo\u017eena ciglenim zgradama iz viktorijanskog doba, \u0161to podse\u0107a na rudarske korene grada. Ekonomija Ureja danas se zasniva na turizmu (rekreacija na otvorenom i istorijski turizam), nakon \u0161to se okrenula od svojih rudarskih porekla iz 19. veka. Zapravo, prema podacima dr\u017eavnog turisti\u010dkog odbora, stotine hiljada posetilaca svake godine dolaze u Urej, privu\u010deni njegovim alpskim okru\u017eenjem. Uprkos svojoj maloj veli\u010dini, grad podr\u017eava sme\u0161taj, restorane, banje i prodavnice kako bi slu\u017eio ovim posetiocima.<\/p>\n<p>Klima u Ureju je karakteristi\u010dno alpska. Leta su uglavnom topla i blaga, sa prose\u010dnom temperaturom od 15 do 25\u00b0C, ali \u010dak i no\u0107i u junu i julu mogu pasti i do 4\u00b0C. Rana jesen \u010desto donosi jasike jarkih boja. Prole\u0107e je kratko i prili\u010dno hladno; krajem maja i dalje mogu biti obilne sne\u017ene padavine u kasnoj sezoni. Zime su veoma hladne, a ceo region postaje sne\u017ena \u010darolija. Sneg obi\u010dno pada obilno od novembra do marta; Urej \u010desto bele\u017ei vi\u0161e stopa snega zimi. Suv planinski vazduh zna\u010di da je dnevno sunce jako (ponesite kremu za sun\u010danje). U svim godi\u0161njim dobima, vreme se mo\u017ee brzo promeniti: toplo jutro mo\u017ee se pretvoriti u belo do popodneva u prole\u0107e ili jesen. LJubitelji prirode se prilago\u0111avaju nose\u0107i dodatne slojeve ode\u0107e i pa\u017eljivo proveravaju\u0107i prognozu.<\/p>\n<p>Samo po brojevima, Urej je vi\u0161e alpsko selo nego grad. NJegova stalna populacija od oko 900 \u010dini ga najmanje naseljenim gradom u dr\u017eavi Kolorado. Broj stanovnika raste tokom turisti\u010dkih sezona \u2013 leti i zimi \u2013 kada je mo\u017eda prisutno nekoliko hiljada posetilaca istovremeno. Ekonomski, Urej je gotovo u potpunosti zavisan od turizma. Nakon \u0161to je srebrna kriza 1893. godine propala, rudarstvo je propalo, lokalni pristalice su davno ta\u010dno predvidele da je \u201eUrej nenadma\u0161an... Bi\u0107e poznat kao planinsko odmarali\u0161te\u201c. Nadimak grada, \u201e\u0160vajcarska Amerike\u201c, podr\u017eavaju gradska vlast i turisti\u010dki vodi\u010di, nagla\u0161avaju\u0107i njegov alpski polo\u017eaj i tople izvore. Zaista, godi\u0161nji bud\u017eet Ureja se uglavnom finansira porezima na sme\u0161taj i naknadama za rekreaciju. Ovde ima vrlo malo proizvodnje ili poljoprivrede; osim poslova vezanih za turizam (hoteli, vodi\u010di, restorani), ve\u0107ina stanovnika putuje u obli\u017enje gradove ili radi udaljene poslove. Ekonomiju podr\u017eavaju sportovi po hladnom vremenu (penjanje po ledu i vo\u017enja motornih sanki) i letnje planinarenje, plus atrakcije poput d\u017eip tura i galerija.<\/p>\n<p>Urej se nalazi na zapadnoj ivici planinskog venca San Huan u Koloradu, dela Stenovitih planina. Nalazi se u jugozapadnom uglu dr\u017eave, oko 128 kilometara ju\u017eno od Montrouza i 160 kilometara severno od Duranga. Koordinate grada su otprilike 38,03\u00b0 severne geografske \u0161irine, 107,67\u00b0 zapadne geografske du\u017eine. Geografski, zauzima kanjon na \u010delu uske doline. Na zapadu se nadvijaju vrhovi visoki vi\u0161e hiljada stopa (Viler, Jejl, itd.), a na istoku visoki greben amfiteatarskih litica. Predeo je dramati\u010dan: strmi zidovi divljine, visoki alpski cirkusi i nadmorska visina koja zna\u010di da je nebo intenzivno plave boje.<\/p>\n<p>Ovo planinsko okru\u017eenje oblikuje \u017eivot. Sve rute u i iz prate konture terena. Ameri\u010dki put 550 (autoput od milion dolara) je jedini asfaltirani put koji povezuje Urej sa spoljnim svetom. Spu\u0161ta se ka jugu preko in\u017eenjerskih \u010duda do Silvertona i kona\u010dno Novog Meksika, a zatim ide na sever kroz uske prevoje (prevoj Molas na 3.250 metara) do raskrsnice kod Montrouza. Ne postoji direktna \u017eelezni\u010dka ili vazdu\u0161na linija; najbli\u017ei aerodrom je Montrouz Regional (udaljen oko 64 kilometra). Leti planine cvetaju divljim cve\u0107em; zimi litice formiraju ledene vodopade. Grad ima oko 200 sun\u010danih dana godi\u0161nje, ali zime su izuzetno hladne i vetrovite. Prole\u0107e i jesen su relativno kratka prelazna godi\u0161nja doba.<\/p>\n<p>Pri\u010da o Ureju je ukorenjena u rudarskom nasle\u0111u. Lokalitet je prvobitno bio teritorija Juta, a grad je dobio ime po poglavici Ureju, po\u0161tovanom vo\u0111i Juta koji je te\u017eio mirnim odnosima sa belim doseljenicima. Godine 1875. traga\u010di zlata otkrili su zlato i srebro u kanjonima iznad; 1876. osnovali su naselje. Do oktobra 1876. godine, Urej je progla\u0161en gradom. Rani doseljenici su gradili kolibe i \u0161atore, a do 1877. godine broj stanovnika je dostigao oko 400. Bogata nalazi\u0161ta srebra ubrzo su ga transformisala u grad u procvatu. Tokom 1880-ih i 1890-ih, broj stanovnika je porastao (na preko 2.500 do 1890. godine), a preduze\u0107a su procvetala. Grad je rano investirao u infrastrukturu (elektri\u010dna svetla do 1885. godine, me\u0111u prvima na zapadu).<\/p>\n<p>\u017deleznica je stigla 1887. godine, povezuju\u0107i Urej sa linijom Denver i Rio Grande. Ovo je olak\u0161alo teretni saobra\u0107aj za rudnike i u\u010dinilo grad pristupa\u010dnijim. Me\u0111utim, kriza cene srebra 1893. godine skoro je uni\u0161tila ekonomiju. Rudnici su zatvoreni, a mnogi gradovi u San Huanu pretvorili su se u gradove duhova. Zanimljivo je da je Urej pre\u017eiveo zahvaljuju\u0107i preusmeravanju: obli\u017enja otkri\u0107a zlata, pa \u010dak i nekoliko rudnika srebra koji su jo\u0161 uvek sadr\u017eali sadr\u017eaj zlata, zadr\u017eali su radnike zaposlenima. Urej je tako\u0111e postepeno kapitalizovao svoju \u017eivopisnu lepotu i tople izvore. Kako je 20. vek odmicao, rudarstvo tvrdih stena ustupilo je mesto turizmu. Gosti su dolazili da se kupaju u vodama toplih izvora (moderni bazen toplih izvora Urej otvoren je 1927. godine) i da u\u017eivaju u planinskom vazduhu. Put \u201eMilion dolara autoput\u201c izgra\u0111en je 1920-ih i 1930-ih du\u017e starog puta sa naplatom putarine, dodatno povezuju\u0107i Urej sa spolja\u0161njo\u0161\u0107u.<\/p>\n<p>Poslednjih decenija, Urej je izgradio svoju ni\u0161u kao raj za prirodu. Doma\u0107in je godi\u0161njeg Festivala leda (februar) koji privla\u010di ljubitelje penjanja po ledu iz celog sveta, kao i jesenjeg D\u017dip D\u017demborija na svojim neravnim putevima u zaba\u010denim krajevima. Istorijske viktorijanske zgrade (hotel Bomont, opera Rajt) su obnovljene, a novi sme\u0161tajni objekti poput butik gostionica i pansiona su ispunjeni glavnom ulicom. Stanovni\u0161tvo grada je i dalje ispod 1.000, ali klju\u010dne prekretnice uklju\u010duju 1876. (osnivanje), 1887. (dolazak \u017eeleznice), 1893. (pad srebrnog broda) i 1927. (otvaranje modernog bazena sa toplim izvorima). Kroz sve uspone i padove, jedna konstanta stoji: trajna reputacija Ureja kao \u017eivopisnog dragulja sa energi\u010dnim stanovnicima \u2013 ose\u0107aj koji je zabele\u017een u predvi\u0111anju CL Hola iz 1898. da je \u201eUrej nenadma\u0161an... poznat kao planinsko odmarali\u0161te\u201c.<\/p>\n<p>Kultura Oureja je senzibilitet malog alpskog odmarali\u0161ta. Zamislite srda\u010dne planinare sa ljubavlju prema prirodi i avanturama. Razgovori ovde \u010desto po\u010dinju o vremenu ili divljim \u017eivotinjama \u2013 i \u010desto se okre\u0107u planovima za boravak u prirodi (\u201eDa li \u017eelite danas da planinarite u Jenki Boj Bejsinu ili da se penjete po stenama?\u201c). Engleski jezik vlada; \u0161panski se mo\u017ee \u010duti me\u0111u nekim me\u0161tanima, ali nema posebnih lokalnih dijalekata osim blagog naglaska Stenovitih planina. Me\u0161tani su prijateljski nastrojeni i opu\u0161teni. Stranac koji prolazi ulicom \u010desto se pozdravlja mahanjem ili \u201eZdravo\u201c. To je jedno od onih mesta gde ljudi vremenom nau\u010de va\u0161e ime. Kodeks obla\u010denja je le\u017eerno za napolju: bilo kog dana \u0107ete videti flis jakne, planinarske cipele i kaubojske \u0161e\u0161ire \u010dak i u gradu.<\/p>\n<p>Tradicije se vrte oko prirodnog okru\u017eenja. Postoje godi\u0161nji doga\u0111aji u zajednici poput D\u017dip D\u017demborija (prole\u0107ni ral terenskih vozila po neravnim brdima) i Letnji festival toplih izvora (u \u010dast geotermalnih izvora koji defini\u0161u grad). Svake zime, na zidovima kanjona postavlja se ledeni park Urej i odr\u017eava se takmi\u010denje u penjanju po ledu. Sam grad se zimi obla\u010di u blistava svetla (postoji \u010dak i prazni\u010dna predstava \u201eLedena balerina\u201c u operskoj ku\u0107i Rajt). Leti se odr\u017eavaju koncerti na travnjaku, umetni\u010dke izlo\u017ebe u istorijskoj zgradi Vels Fargo i vatromet za \u010cetvrti jul iznad reke.<\/p>\n<p>Urej ima atmosferu divljeg opu\u0161tanja. No\u0107u, gasne uli\u010dne lampe osvetljavaju tihu glavnu ulicu; zvezdano nebo ispunjava dvori\u0161ta. LJudi \u010desto zavr\u0161avaju dan kupaju\u0107i se u bazenima sa toplim izvorima (velika atrakcija grada) ili \u0107askaju\u0107i na tremu sa pogledom na litice amfiteatra. Postoji zajedni\u010dki ose\u0107aj boravka na ovom prelepom mestu. Bez anonimnosti velikog grada, na\u010din \u017eivota ovde deluje li\u010dnije i opu\u0161tenije. Posetioci komentari\u0161u \u0161arm grada (\u201evreme ovde kao da usporava\u201c), gostoprimstvo (me\u0161tani do\u010dekuju planinare na stazi) i izolaciju \u2013 dovoljno je osamljen da za mobilni telefon ili ve\u0107u kupovinu mo\u017eda treba da vozite 30 minuta do Montrouza. Ukratko, Urej deluje kao istinski planina, kombinuju\u0107i ponos iz doba frontira sa tihom sofisticirano\u0161\u0107u ro\u0111enom kao odmarali\u0161te tokom cele godine.<\/p>\n<p>Uprkos svojoj veli\u010dini, Urej obiluje iskustvima koja morate videti. Najva\u017eniji je bazen sa toplim izvorima Urej \u2013 prostrani kompleks bazena sa prirodnim izvorima u gradu. Ovde se posetioci i me\u0161tani opu\u0161taju u vodi temperature od 27 do 38\u00b0C, dok se oko njih uzdi\u017eu planine. Izvori privla\u010de ljude vekovima, a objekat datira iz 1927. godine. U hladnim ve\u010derima, para se di\u017ee sa vode dok zvezde sijaju iznad glave \u2013 jedinstveno spa iskustvo na velikoj nadmorskoj visini.<\/p>\n<p>Odmah izvan grada nalazi se park vodopada Boks Kanjon. Ovaj lako dostupan dr\u017eavni park karakteri\u0161e vodopad visok 84 metra koji se obru\u0161ava kroz usku kvarcitnu klisuru. Poplo\u010dana staza (sa centrom za posetioce) vodi vas 150 metara u kanjon da biste videli vodopade direktno, \u0161to je kratka i porodi\u010dna \u0161etnja. Hu\u010dni vodopadi i visoki zidovi kanjona su spektakularni objekti za fotografisanje. Odeljenje za parkove opisuje Boks Kanjon kao \u201esvetsko \u010dudo samog Ureja\u201c.<\/p>\n<p>Za avanturisti\u010dke posetioce, Ledeni park Urej (milju ju\u017eno od grada) je svetski poznat. To je odr\u017eavano igrali\u0161te za penjanje po ledu na strmoj litici, sa desetinama zale\u0111enih vodopada razli\u010dite te\u017eine. Iako nije \u201eatrakcija\u201c u smislu razgledanja, svake zime privla\u010di hiljade penja\u010da. Leti je popularan obli\u017enji prilaz Jenki Boj Bejsin: uski put sa visokim profilom vodi do alpskih livada sa divljim cve\u0107em i terasastih planinskih jezera. Planinari kre\u0107u da vide vodopade i \u017eivopisne \u017eute gajeve jasike u jesen.<\/p>\n<p>Centar grada Ureja je sam po sebi atrakcija. Ciglene fasade u Glavnoj ulici sme\u0161tene su na umetni\u010dkim galerijama, prodavnicama opreme za aktivnosti na otvorenom i udobnim restoranima poput Alpin Institut Deli ili pivare Urej (zanatska piva). Restaurirana opera Rajt (1890) je doma\u0107in pozori\u0161nih predstava i povremenih koncerata. Istorijski muzej okruga Urej (u kre\u010dnja\u010dkoj zgradi na Glavnoj ulici) ima rudarske artefakte i pri\u010da pri\u010du grada. Golferi se upu\u0107uju na slikovito golf igrali\u0161te Urej sa 9 rupa, koje se nalazi iznad grada. Perimetarska staza \u2013 kru\u017ena planinarska staza oko Ureja \u2013 omogu\u0107ava vam da pobegnete od gradske vreve za pet minuta i nai\u0111ete na losove i priobalsku \u0161umu.<\/p>\n<p>Na kraju, za one koji jednostavno \u017eele da u\u017eivaju u veli\u010dini: krenite na kratku pe\u0161a\u010dku tura do vidikovca sa visokih Alpina. Sa raznih vidikovaca u kanjonu (kao \u0161to je staza Amfiteatar Pik), mo\u017ee se videti Urej u patuljastom polo\u017eaju u odnosu na okolne vrhove. Zimi, \u017eivopisne vo\u017enje autoputem US550 (autoput Milion Dolar) severno ili ju\u017eno nude zadivljuju\u0107e planinske vidike. Za jedno popodne mo\u017eete se odvezti do In\u017eenjerskog prevoja ili prevoja Imod\u017ein, starih rudarskih ruta koje su sada otvorene za d\u017eipove, a koje se izdi\u017eu visoko iznad Ureja. Nijedna od njih nije \u201eadrenalinska atrakcija\u201c \u2013 ve\u0107 su glavne atrakcije Ureja njegovi vidici i prirodne karakteristike. Posetioci vi\u0161e puta napominju da je panoramski pogled niz dolinu (grad ispod, vrhovi iznad) nezaboravan.<\/p>\n<p>Urej je udaljen. Jedini prakti\u010dan na\u010din da se do\u0111e je automobilom. Glavna ruta je ameri\u010dki autoput 550, takozvani autoput od milion dolara. Ovaj \u017eivopisni, krivudavi put dolazi sa severa preko Montrouza (me\u0111udr\u017eavni put 70) ili sa juga preko Duranga i Silvertona. Vijuga\u0107ete kroz visoke planinske prevoje \u2013 Molas Pas (10.900\u2032) u pravcu severa, Red Mauntin Pas (11.018\u2032) u pravcu juga \u2013 zato izdvojite dovoljno vremena. Autobuski prevoz je minimalan; Durango nudi \u0161atl kombije leti. Najbli\u017ei ve\u0107i aerodrom je Montrouz Regional (MTJ), otprilike 1 sat vo\u017enje severno; odatle putnici obi\u010dno iznajmljuju automobil ili koriste \u0161atl. Me\u0111unarodni aerodrom Denver je udaljen oko 6 sati severno automobilom, \u0161to neki mogu koristiti za povezivanje sa letovima Montrouza.<\/p>\n<p>Kada stignete u Urej, mala veli\u010dina grada \u010dini ga izuzetno pogodnim za pe\u0161a\u010denje. Istorijski centar grada, gradski park i sme\u0161tajni objekti nalaze se na manje od jedne kvadratne milje. Ne postoji javni prevoz. Ve\u0107ina posetilaca parkira kod hotela ili blizu toplih izvora i hoda. Ako vozite u okolna podru\u010dja, preporu\u010duju se vozila sa pogonom na sva \u010detiri to\u010dka ili barem vozila sa visokim klirensom posle autoputa 550, posebno za neure\u0111ene sporedne puteve. Unutar grada, putevi su asfaltirani, ali zimi mogu biti zale\u0111eni. Terenska vozila (ATV\/UTV) su dozvoljena u odre\u0111enim podru\u010djima i na stazama. Glavnom ulicom se mo\u017ee voziti pa\u017eljivo, ali pe\u0161aci imaju prednost prolaza jer svi o\u010dekuju da \u0161etaju.<\/p>\n<p>Valuta je ameri\u010dki dolar, a engleski je jezik trgovine. Usluga mobilne telefonije je slaba \u2013 neki operateri imaju pokrivenost, ali postoje mrtve zone na planinskim putevima. Obla\u010dite se slojevito tokom cele godine: \u010dak i letnji dani mogu po\u010deti na 0\u00b0C, a zavr\u0161iti se na 15\u00b0C. Kada planinarite ili pecate, pazite na efekte nadmorske visine (kratak dah, opekotine od sunca) \u2013 koristite kremu za sun\u010danje i pijte puno vode. Bonton: Na\u0161i stanovnici su navikli na turiste, ali prijateljski klimanje glavom ili pozdrav u prolazu je dobrodo\u0161ao. Napojnica u restoranima (15\u201320%) je standardna. Po\u0161to grad zavisi od posetilaca, gostoprimstvo u prodavnicama i restoranima je iskreno; o\u010dekivanje ljubaznosti malog grada, a ne anonimnosti velikog grada, dobro \u0107e vam poslu\u017eiti.<\/p>\n<p>Glavna opasnost je \u017eivotna sredina, a ne kriminal. Vreme se mo\u017ee naglo promeniti \u2013 letnje popodnevne grmljavine ili zimske me\u0107ave mogu se pojaviti bez upozorenja. Ako planinarite, recite nekome svoju rutu. Zimi su putevi o\u010di\u0161\u0107eni, ali mogu biti zale\u0111eni; ve\u017eite se lancima ako uslovi zahtevaju. Divlje \u017eivotinje (losovi, jeleni) ponekad prelaze puteve, zato vozite pa\u017eljivo u sumrak. Reka mo\u017ee biti veoma hladna i brza nakon topljenja snega \u2013 nemojte plivati. U gradu su sitne kra\u0111e izuzetno retke. Uz ove mere predostro\u017enosti, Urej je bezbedan za putnike. Sna\u017eno prisustvo posetilaca zna\u010di da je pomo\u0107 (i mno\u0161tvo drugih posetilaca) u blizini ako je potrebno.<\/p>\n<p>Ukratko, putovanje u Urej je podjednako jednostavnost koliko i sjaj. Sam grad ima ose\u0107aj ranijeg doba \u2013 gasne uli\u010dne lampe, jedan semafor u Glavnoj ulici i ljubazan prodavac u prodavnici. Prakti\u010dnost je jednostavna, sadr\u017eaji u gradu su osnovni, ali \u010disti, a najva\u017eniji savet je da do\u0111ete spremni za planinske uslove. Uradite to i bi\u0107ete nagra\u0111eni toplim kupanjem u mineralnom bazenu i alpskim rajem bez premca u Donjih 48 planina.<a href=\"https:\/\/travelshelper.com\/sr\/destinacije\/severna-amerika\/sjedinjene-americke-drzave\/berkli-springs\/\" target=\"_self\" aria-labelledby=\"uael-post-8997\"><br \/>\n<\/a><\/p>","protected":false},"excerpt":{"rendered":"<p>Urej je prelepa samoupravna op\u0161tina sme\u0161tena u planinama San Huan u Koloradu, Sjedinjene Ameri\u010dke Dr\u017eave. Prema popisu iz 2020. godine, ovaj mali grad - sedi\u0161te okruga Urej - ima 898 stanovnika. Po\u0161tanski broj kojim upravlja po\u0161ta u Ureju je 81427. Na neverovatnoj visini od 2.375 metara, Urej sa svojim veli\u010danstvenim alpskim okru\u017eenjem i zadivljuju\u0107im pogledima s pravom se kvalifikuje kao \u201e\u0160vajcarska Amerike\u201c.<\/p>","protected":false},"author":1,"featured_media":23306,"parent":8072,"menu_order":0,"comment_status":"closed","ping_status":"closed","template":"elementor_theme","meta":{"_eb_attr":"","footnotes":""},"class_list":["post-8958","page","type-page","status-publish","has-post-thumbnail"],"_links":{"self":[{"href":"https:\/\/travelshelper.com\/sr\/wp-json\/wp\/v2\/pages\/8958","targetHints":{"allow":["GET"]}}],"collection":[{"href":"https:\/\/travelshelper.com\/sr\/wp-json\/wp\/v2\/pages"}],"about":[{"href":"https:\/\/travelshelper.com\/sr\/wp-json\/wp\/v2\/types\/page"}],"author":[{"embeddable":true,"href":"https:\/\/travelshelper.com\/sr\/wp-json\/wp\/v2\/users\/1"}],"replies":[{"embeddable":true,"href":"https:\/\/travelshelper.com\/sr\/wp-json\/wp\/v2\/comments?post=8958"}],"version-history":[{"count":0,"href":"https:\/\/travelshelper.com\/sr\/wp-json\/wp\/v2\/pages\/8958\/revisions"}],"up":[{"embeddable":true,"href":"https:\/\/travelshelper.com\/sr\/wp-json\/wp\/v2\/pages\/8072"}],"wp:featuredmedia":[{"embeddable":true,"href":"https:\/\/travelshelper.com\/sr\/wp-json\/wp\/v2\/media\/23306"}],"wp:attachment":[{"href":"https:\/\/travelshelper.com\/sr\/wp-json\/wp\/v2\/media?parent=8958"}],"curies":[{"name":"wp","href":"https:\/\/api.w.org\/{rel}","templated":true}]}}