{"id":8949,"date":"2024-09-06T15:29:24","date_gmt":"2024-09-06T15:29:24","guid":{"rendered":"https:\/\/travelshelper.com\/staging\/?page_id=8949"},"modified":"2026-03-13T17:49:35","modified_gmt":"2026-03-13T17:49:35","slug":"glenvud-springs","status":"publish","type":"page","link":"https:\/\/travelshelper.com\/sr\/destinations\/north-america\/united-states\/glenwood-springs\/","title":{"rendered":"Glenvud Springs"},"content":{"rendered":"<p>Glenvud Springs je mali grad u Koloradu sa oko 10.000 stanovnika, ali sa velikom reputacijom u Stenovitim planinama. Nalazi se na oko 1760 metara nadmorske visine u \u201edolini Roaring Fork\u201c u zapadnom Koloradu, gde se spajaju reke Kolorado i Roaring Fork. Ekonomija i na\u010din \u017eivota Glenvud Springsa dugo su se fokusirali na turizam i rekreaciju na otvorenom. Poznat je kao dom najve\u0107eg bazena sa mineralnim toplim izvorima na svetu (nasle\u0111e iz banjske kulture iz 19. veka). Kao mali grad, njegov BDP po glavi stanovnika je skroman; srednji prihod doma\u0107instva je oko 87.000 dolara (vi\u0161e nego u mnogim turisti\u010dkim gradovima u Koloradu), dok je stopa siroma\u0161tva relativno niska. Zna\u010dajnih 37% stanovnika se identifikuje kao Hispanoamerikanci ili Latinoamerikanci, \u0161to odra\u017eava \u017eivu latino zajednicu, a oko 62% su belci (nehispanoamerikanci). Sa starijom srednjom staro\u0161\u0107u (oko sredine 40-ih) i uglavnom lokalnom radnom snagom, Glenvud Springs se ose\u0107a kao samostalni planinski grad \u2013 njegove glavne industrije su zdravstvena za\u0161tita (bolnica Vali Vju je veliki poslodavac), ugostiteljstvo (sme\u0161taj, obroci) i turizam na otvorenom (skijali\u0161ta, kompanije za rafting).<\/p>\n<p>Glenvud Springs se nalazi u centralnom Koloradu, otprilike 240 kilometara zapadno od Denvera, du\u017e me\u0111udr\u017eavnog puta 70. Sme\u0161ten je u neravnom kanjonu Glenvud - slikovitom koridoru reke Kolorado okru\u017eenom visokim zidinama crvenih litica. Grad je zapadna kapija ka spletu dolina: odavde jedan autoput vodi na jug do Aspena (divno skijanje), drugi na severozapad prema Vejlu, a me\u0111udr\u017eavni put 70 na istok do visoke pustinje. Okolni pejza\u017e je klasi\u010dan visoki predeo: planinski obronci sa borovima i hrastovima, dramati\u010dne pe\u0161\u010dane mese i gle\u010derski izrezbareno slivno podru\u010dje Vise\u0107eg jezera na severoistoku. Geologija regiona je aktivna - topli izvori bukvalno izbijaju kroz rasede i kre\u010dnja\u010dke stene. Klima Glenvuda je kontinentalna planinska: zime su hladne i sne\u017ene (mada bla\u017ee nego na Prednjem vencu Kolorada), a leta su topla i relativno suva. Oko grada postoji niz mikroklima - podru\u010dja blizu reke imaju tendenciju da budu hladnija i zelenija od su\u0161nijih vrhova mesa. Generalno, ipak, mo\u017ee se o\u010dekivati intenzivno sun\u010dano vreme tokom dana, hladne no\u0107i i mogu\u0107nost popodnevne grmljavine leti. Prole\u0107e i jesen su \u010desto kratka prelazna godi\u0161nja doba. U praksi, vreme je uglavnom dovoljno blago za turizam tokom cele godine: planinari, skija\u0161i i posetioci banja svi se ovde okupljaju u razli\u010ditim godi\u0161njim dobima.<\/p>\n<p>Istorija Glenvud Springsa isprepletena je pri\u010dama o pionirima i grani\u010darima. Prvobitno nazvan \u201eBarlou\u201c po traga\u010du minerala D\u017dejkobu Barlou (koji je otkrio \u010duvene tople izvore 1883. godine), grad je preimenovan 1884. godine po Barlouovom rodnom gradu Glenvudu u Ajovi. Brzo se razvio oko lekovitih izvora: bogati posetioci su izgradili velike hotele, a \u017eelezni\u010dka linija Denver i Rio Grande povezala ga je sa ostatkom Kolorada. Zapravo, predsednik Teodor Ruzvelt je 1905. godine proveo svoj poznati odmor u Glenvud Springsu, \u0161to je doprinelo da se on prepozna kao nacionalno uto\u010di\u0161te. Grad je osnovan 1886. godine i postao je transportno \u010dvori\u0161te u Stenovitim planinama.<\/p>\n<p>Klju\u010dne prekretnice uklju\u010duju razvoj hidroenergije po\u010detkom 20. veka (brana u kanjonu Glenvud donela je elektri\u010dnu energiju 1909. godine) i kasniju izgradnju glavnih autoputeva. Krajem 20. veka, identitet Glenvuda se donekle promenio od banjskog odmarali\u0161ta do rekreativne baze. Nove atrakcije poput avanturisti\u010dkog parka Glenvud Kaverns (otvorenog 1990-ih na Ajron Mauntinu iznad grada) i pretvaranje nekih kupatila u mesta za zabavu diverzifikovale su njegovu privla\u010dnost. Va\u017eno je napomenuti da se Glenvud Springs nikada nije potpuno zatvarao zimi (za razliku od nekih skija\u0161kih gradova), pa je razvio stabilnu ekonomiju vo\u0111enu stanovnicima. Ukratko, od svojih korena kao banjskog grada iz 19. veka do sada\u0161nje uloge kapije za skijanje i planinarenje, istorija Glenvud Springsa je istorija stalnog preoblikovanja. Danas njegovo nasle\u0111e iz 20. veka opstaje u zgradama kupatila od cigle i drveta na Bathaus Rou, u hotelima starim nekoliko vekova i u etosu zajednice koji ceni i nasle\u0111e i \u017eivot na otvorenom.<\/p>\n<p>Glenvud Springs ima karakter malog grada, zapadnja\u010dkog karaktera, sa prijateljskim, otvorenim prizvukom. Zvani\u010dni jezik je engleski, a sa 37% latinoameri\u010dkog stanovni\u0161tva, \u0161panski se tako\u0111e prili\u010dno \u010desto \u010duje. Zajednica slavi poznatu lokalnu tradiciju: festival Dani jagoda, vi\u0161ednevni letnji doga\u0111aj osnovan 1898. godine, koji je najstarija op\u0161tinska proslava u Koloradu. (Naziv festivala odra\u017eava istorijske farme jagoda u dolini.) Pored toga, lokalna kultura me\u0161a klasi\u010dne elemente planinskih gradova \u2013 malo kaubojsko-rodeo duha, rudarske istorije i predanja o pograni\u010dnim podru\u010djima \u2013 sa kulturom skija\u0161a i re\u010dnih vodi\u010da. Svakodnevni \u017eivot ovde prati opu\u0161teni planinski ritam: ljudi se \u010desto vi\u0111aju u le\u017eernoj ode\u0107i za aktivnosti na otvorenom (planinarske cipele ili majice sa skija\u0161kim logotipima), a dru\u0161tveni centri su kafi\u0107i pored reke, pivare i parkovi, a ne barovi ili no\u0107ni klubovi. \u0160etnja niz Grand aveniju (\u017eivopisna glavna ulica) otkriva umetni\u010dke galerije, knji\u017eare i me\u0161avinu starih ro\u0161tiljnica i novih gurmanskih bistroa \u2013 pokazuju\u0107i kako grad balansira tradiciju i trendove.<\/p>\n<p>Stanovnici su obi\u010dno dru\u0161tveni i gostoljubivi. Biciklisti, penja\u010di i \u0161eta\u010di pasa \u010desto se zaustavljaju da \u0107askaju. Glenvudove dvospratne zgrade i ulice sa drvoredom stvaraju atmosferu ljudskih razmera. Tempo je spor: obilne sne\u017ene padavine zna\u010de da ljudi planiraju spore zimske projekte, dok duge letnje ve\u010deri podsti\u010du okupljanja uz ro\u0161tiljanje i besplatne koncerte na otvorenom. Mo\u017eda zbog istorije lekovitih izvora, postoji i holisti\u010dka podstruja \u2013 lokalne klinike i studiji za jogu koegzistiraju sa opremom za mu\u0161i\u010darenje. Sve u svemu, \u201eose\u0107aj\u201c Glenvud Springsa je ose\u0107aj blagostanja i avanture: mesto gde porodice \u017eive generacijama, ali gde novoprido\u0161lice privla\u010de nebesko plave reke, skijanje u roku od sat vremena i reputacija dobrog zdravlja i zabave na otvorenom.<\/p>\n<p>Najzanimljivije atrakcije Glenvud Springsa koje morate videti povezane su sa njegovim vodama i planinama. Odmarali\u0161te Glenvud Hot Springs je legendarno: sadr\u017ei \u201eVeliki bazen\u201c koji je me\u0111unarodno poznat kao najve\u0107i bazen sa mineralnim toplim izvorima na svetu. Napajan prirodnim izvorima temperature 49\u00b0C i hla\u0111en na blagih 40\u00b0C za kupanje, Glavni bazen sadr\u017ei preko milion galona mineralne vode. Kupanje u ovim termalnim vodama je ritual koji datira jo\u0161 od Indijanaca Ute i ranih doseljenika. Pored, istorijski Jampah Spa &amp; Vapor Kejvs nudi jo\u0161 jedno jedinstveno iskustvo: zatvorene termalne pe\u0107ine gde vla\u017ean, topao vazduh i mineralne pare stvaraju prirodnu saunu. Za razgledanje, uzmite \u017ei\u010daru do Avanturisti\u010dkog parka Glenvud Kaverns. Sme\u0161ten na vrhu Ajron Mauntina (na 2100 metara), ovaj tematski park nudi obilaske pe\u0107ina kroz drevne kre\u010dnja\u010dke pe\u0107ine i uzbudljive vo\u017enje (tobogan i d\u017einovska ljulja\u0161ka) sa spektakularnim pogledom na kanjon.<\/p>\n<p>Kratka vo\u017enja dovodi vas do Vise\u0107eg jezera, jedne od najpoznatijih planinarskih staza u Koloradu. Uska staza od 1,2 milje penje se oko 300 metara do bistrog, tirkiznog jezera okru\u017eenog vodopadima i bidrenim stenama. (Potrebne su dozvole za planinarenje, jer je jezero za\u0161ti\u0107eni nacionalni prirodni spomenik.) Druge atrakcije na otvorenom uklju\u010duju Sanlajt Mauntin Resort (lokalno skijali\u0161te severoisto\u010dno od grada) i rafting svetske klase na brzacima na reci Kolorado kroz kanjon Glenvud (slikoviti brzaci okru\u017eeni crvenim liticama). U gradu, \u0161etnja Grand avenijom otkriva viktorijansku arhitekturu kupatila, lokalne prodavnice i kafi\u0107e. Ne propustite Hans Pik Park u centru grada \u2013 to je mali, ali klasi\u010dan planinski park pored reke.<\/p>\n<p>Glenvud Springs tako\u0111e ima kulturne atrakcije: istorijski hotel Kolorado (gde je Tedi Ruzvelt nekada odseo) sadr\u017ei muzej lokalne istorije. Glenvud Vodvil revju je popularno pozori\u0161te sa ve\u010derom koje do\u010darava \u0161arm starog Glenvuda. A ljubitelji prirode trebalo bi da u\u017eivaju u novoj rekreativnoj stazi kanjona Glenvud \u2013 asfaltiranoj stazi za vo\u017enju biciklom du\u017e reke Kolorado. Ukratko, \u201eglavne atrakcije\u201c Glenvuda izgra\u0111ene su oko vode i avanture: izvori, planinske panorame, alpske pe\u0107ine i staze. Zbog toga se \u010dak i ovaj mali grad ose\u0107a kao sveobuhvatni odmor.<\/p>\n<p>Glenvud Springs nema svoj glavni aerodrom. Najbli\u017ei komercijalni letovi su do aerodroma Denver Interna\u0161onal (oko 355 kilometara) ili Kolorado Springsa (340 kilometara). Me\u0111utim, radi bli\u017eeg pristupa zimi, putnici \u010desto lete do aerodroma okruga Igl (Vejl) ili aerodroma okruga Aspen\/Pitkin, a zatim voze 1-1,5 sat me\u0111udr\u017eavnim putem 70 i visokoplaninskim putevima. Automobilom je lako do\u0107i do Glenvuda: nalazi se na izlazu 116 sa me\u0111udr\u017eavnog puta 70, 90 minuta isto\u010dno od Grand D\u017dank\u0161na i 25 minuta zapadno od Vejla\/Aspena preko dr\u017eavnog autoputa 82. Amtrakov voz Kalifornija Zefir staje u Glenvud Springsu, nude\u0107i slikovitu opciju vo\u017enje vozom iz Denvera ili oblasti zaliva San Franciska. Bustang, dr\u017eavna autobuska linija Kolorada, i skija\u0161ki \u0161atlovi tako\u0111e opslu\u017euju grad.<\/p>\n<p>Centar Glenvud Springsa je prili\u010dno kompaktan i veoma pogodan za pe\u0161a\u010denje. Besplatan gradski autobus (\u201eRide Glenwood\u201c) saobra\u0107a svakih 30 minuta kru\u017eno kroz grad, povezuju\u0107i stambene zone, prodavnice i tople izvore. Leti i zimi, mno\u0161tvo biciklista se mo\u017ee videti na \u0161irokim trotoarima ili biciklisti\u010dkoj stazi pored reke. Ve\u0107ina posetilaca, me\u0111utim, iznajmljuje automobil da bi se upustila u okolne planine (osim ako ne odsedaju u skijali\u0161tu sa sopstvenim prevozom). Zimski putevi mogu biti klizavi po snegu, pa je pogon na sva \u010detiri to\u010dka ili zimske gume pametno koristiti kada se vozite do ve\u0107ih nadmorskih visina. Neke atrakcije (kao \u0161to je po\u010detak staze Hanging Lejk) sada zahtevaju prevoz ili pla\u0107eni parking; mnogi oprema\u010di i hoteli pru\u017eaju uslugu prevoza za skija\u0161e i planinare.<\/p>\n<p>Valuta je ameri\u010dki dolar. Engleski se govori svuda, ali zbog velike hispanske populacije, \u010desto mo\u017eete \u010duti \u0161panski. Napojnica od ~18% u restoranima i za vodi\u010de je standardna. Odevanje je le\u017eerno za boravak u prirodi tokom cele godine: razmi\u0161ljajte o slojevima zimi (planinsko sunce i dalje mo\u017ee biti jako), a \u0161orc\/majicu leti (ali ponesite jaknu za hladne no\u0107i). Po\u0161tujte boravak u prirodi: ostanite na stazama, dr\u017eite se na bezbednoj udaljenosti od divljih \u017eivotinja (planinski lavovi i medvedi naseljavaju \u0161ume) i proverite vremensku prognozu pre alpskih planinarenja \u2013 oluje mogu brzo da do\u0111u. Zimi, budite svesni lavina ako se upu\u0161tate van utvr\u0111enih podru\u010dja. Planinsko sunce je intenzivno na nadmorskoj visini; krema za sun\u010danje i \u0161e\u0161iri su neophodni. Na kraju, iako je Glenvud Springs relativno bezbedan, imajte na umu da su autoputevi (posebno I-70) zauzeti kamionima. Koristite pe\u0161a\u010dke prelaze u gradu i uvek se ve\u017eite.<a href=\"https:\/\/travelshelper.com\/sr\/destinacije\/severna-amerika\/sjedinjene-americke-drzave\/berkli-springs\/\" target=\"_self\" aria-labelledby=\"uael-post-8997\"><br \/>\n<\/a><\/p>","protected":false},"excerpt":{"rendered":"<p>Glenvud Springs, \u017eivahna samoupravna op\u0161tina koja slu\u017ei kao okrug Garfild, sedi\u0161te okruga Kolorado, sme\u0161tena je na u\u0161\u0107u reka Roaring Fork i Kolorado. Sa 9.963 stanovnika prema popisu stanovni\u0161tva Sjedinjenih Dr\u017eava iz 2020. godine, ovaj mali, ali zna\u010dajan grad je centar regiona. Glenvud Springs je centralno mesto izme\u0111u doline Roaring Fork i niza manjih gradova ra\u0161trkanih du\u017e reke Kolorado; njegova strate\u0161ka lokacija poma\u017ee da se objasni i njegov istorijski i moderni zna\u010daj.<\/p>","protected":false},"author":1,"featured_media":17477,"parent":8072,"menu_order":0,"comment_status":"closed","ping_status":"closed","template":"elementor_theme","meta":{"_eb_attr":"","footnotes":""},"class_list":["post-8949","page","type-page","status-publish","has-post-thumbnail"],"_links":{"self":[{"href":"https:\/\/travelshelper.com\/sr\/wp-json\/wp\/v2\/pages\/8949","targetHints":{"allow":["GET"]}}],"collection":[{"href":"https:\/\/travelshelper.com\/sr\/wp-json\/wp\/v2\/pages"}],"about":[{"href":"https:\/\/travelshelper.com\/sr\/wp-json\/wp\/v2\/types\/page"}],"author":[{"embeddable":true,"href":"https:\/\/travelshelper.com\/sr\/wp-json\/wp\/v2\/users\/1"}],"replies":[{"embeddable":true,"href":"https:\/\/travelshelper.com\/sr\/wp-json\/wp\/v2\/comments?post=8949"}],"version-history":[{"count":0,"href":"https:\/\/travelshelper.com\/sr\/wp-json\/wp\/v2\/pages\/8949\/revisions"}],"up":[{"embeddable":true,"href":"https:\/\/travelshelper.com\/sr\/wp-json\/wp\/v2\/pages\/8072"}],"wp:featuredmedia":[{"embeddable":true,"href":"https:\/\/travelshelper.com\/sr\/wp-json\/wp\/v2\/media\/17477"}],"wp:attachment":[{"href":"https:\/\/travelshelper.com\/sr\/wp-json\/wp\/v2\/media?parent=8949"}],"curies":[{"name":"wp","href":"https:\/\/api.w.org\/{rel}","templated":true}]}}