{"id":8925,"date":"2024-09-06T14:36:18","date_gmt":"2024-09-06T14:36:18","guid":{"rendered":"https:\/\/travelshelper.com\/staging\/?page_id=8925"},"modified":"2026-03-13T17:42:55","modified_gmt":"2026-03-13T17:42:55","slug":"jurika-springs","status":"publish","type":"page","link":"https:\/\/travelshelper.com\/sr\/destinations\/north-america\/united-states\/eureka-springs\/","title":{"rendered":"Jurika Springs"},"content":{"rendered":"<p>Jureka Springs je mali, ali \u0161armantan grad u planinama Ozark na severozapadu Arkanzasa. NJegova populacija je mala \u2013 ovde \u017eivi oko 2.200 ljudi \u2013 ali je povr\u0161ina grada ve\u0107a od ve\u0107ine gradova te veli\u010dine, jer se njegov istorijski okrug penje uz strme brda sa krivudavim ulicama. Demografski, Jureka Springs je prete\u017eno bela\u010dki (nehispanskog porekla) \u2013 oko 85% stanovnika \u2013 dok Afroamerikanci, Indijanci, Azijati i Hispanoamerikanci \u010dine ostatak (Hispanoamerikanci \u010dine otprilike 6% stanovni\u0161tva). Grad ima stariju srednju starost (oko 51 godine), \u0161to odra\u017eava njegovu popularnost me\u0111u penzionerima i umetnicima. Srednji prihod doma\u0107instva je oko 41.800 dolara, \u0161to je ne\u0161to ispod nacionalnog proseka. Jureka Springs nema te\u0161ku industriju; lokalna ekonomija se oslanja na turizam, umetnost i mala preduze\u0107a. Mnogi stanovnici rade u ugostiteljstvu (hoteli, restorani, galerije) ili putuju na posao u obli\u017enje gradove (Fajetvil, Springfild).<\/p>\n<p>Jureka Springs se nalazi u planinama Ozark (deo ameri\u010dkih unutra\u0161njih visoravni). Le\u017ei na oko 433 metra nadmorske visine, dovoljno visoko da zime mogu biti hladne. Okolni pejza\u017e je gusto po\u0161umljen, sa kre\u010dnja\u010dkim brdima i potocima koji se napajaju izvorima. Ulice grada vijugaju du\u017e kontura brda, daju\u0107i mu jedinstven ose\u0107aj grada \u201ena tr\u010da\u0107oj stazi\u201c (jedna glavna ulica, Spring Strit, penje se uz mnoge blokove). Kroz grad ne proti\u010de reka; umesto toga, prirodni izvori izbijaju u parkovima i podrumima. Klima je vla\u017ena suptropska sa jakim sezonskim promenama: leta su vru\u0107a i vla\u017ena (maksimalne temperature u julu su u proseku oko 32\u00b0C), a zime su hladne (dnevne temperature u decembru i januaru su samo u gornjim granicama od 3\u00b0C, oko 3\u20134\u00b0C). Sneg je \u010dest zimi. Jesen donosi \u0161areno li\u0161\u0107e u Ozarku, a prole\u0107e mo\u017ee biti prijatno toplo. Generalno, planinsko okru\u017eenje Jureke zna\u010di da se ose\u0107a umerenije nego u nizijskom Arkanzasu \u2013 hladnija leta i hladnije zime nego, recimo, u Litl Roku.<\/p>\n<h2>Jurika Springs u brojkama (Stanovni\u0161tvo, Demografija, Ekonomija)<\/h2>\n<p>Jurika Springs je poznat po svojoj maloj veli\u010dini: prema popisu iz 2020. godine, broj stanovnika je bio 2.166 (nedavne procene su veoma sli\u010dne, oko 2.200). Ova populacija je raspore\u0111ena na otprilike 17,9 km\u00b2 gradske povr\u0161ine, \u0161to je \u010dini retko naseljenom. Srednja starost je neobi\u010dno visoka (oko 50,9 godina) zbog velikog broja penzionera i vlasnika ku\u0107a za odmor. Grad je zabele\u017eio spor rast ili \u010dak blagi pad broja stanovnika tokom poslednjih decenija \u2013 delom zbog visokih tro\u0161kova stanovanja u ovom turisti\u010dkom gradu. Rasni sastav je prete\u017eno bela\u010dki (oko 84\u201386%). Hispanoamerikanci\/Latinoamerikanci \u010dine otprilike 5\u20136% stanovni\u0161tva (\u010desto sa korenima u lokalnoj poljoprivredi i uslu\u017enim poslovima). Postoji rasut i crna\u010dki, ameri\u010dki i azijski stanovnici. \u0160to se ti\u010de prihoda, srednji prihod doma\u0107instva u Juriki je oko 41.800 dolara, \u0161to je ispod nacionalnog medijana. Tro\u0161kovi \u017eivota su relativno visoki za Arkanzas (zahvaljuju\u0107i kirijama i komunalnim uslugama zasnovanim na turizmu), tako da mnogi radnici \u017eive van grada ili putuju na posao. Oko 10\u201311% stanovnika je ispod granice siroma\u0161tva, \u0161to je ni\u017ee od nacionalne stope.<\/p>\n<p>Jureka Springs ima malo velikih poslodavaca. NJegova ekonomija se vrti oko turizma: hoteli, pansioni, restorani, umetni\u010dke galerije i maloprodajne radnje. Leti, ekonomija cveta zahvaljuju\u0107i turisti\u010dkom poslovanju; zimi, grad usporava (mada i dalje do\u010dekuje goste za Novu godinu i lokalne doga\u0111aje). Umetnost i zanati su kulturno va\u017eni: postoje desetine galerija i studija, koji se obra\u0107aju turistima. Jedinstveni deo ekonomije je alternativna energija: Jureka Springs ima mnogo ku\u0107a na solarni pogon i rano je usvojio zelenu gradnju (delimi\u010dno zahvaljuju\u0107i \u0161umaru iz Ozarka i gradskom vizionarcu D\u017donu Tajleru). \u0160to se ti\u010de obrazovanja, postoji mali sistem javnih \u0161kola, a postoji i nekoliko specijalizovanih \u0161kola (npr. za umetnost ili holisti\u010dke studije). Ekonomija Jureke je eklekti\u010dna i prvenstveno orijentisana na usluge \u2013 grad gde je \u0161armantni istorijski \u0161arm postao glavni izvozni proizvod.<\/p>\n<h2>Lokacija (region, pejza\u017e, klima)<\/h2>\n<p>Jurika Springs se nalazi u planinama Ozark na Srednjem zapadu, u okrugu Kerol u severozapadnom Arkanzasu. Nalazi se na koordinatama 36\u00b024\u2032 severne \u0161irine, 93\u00b044\u2032 zapadne geografske du\u017eine, na granici sa Misurijem. Grad je poznat po tome \u0161to je izgra\u0111en na padini strmog brda, tako da mnoge adrese koriste opise lifta ili stepenica umesto numeracije ulica (na primer, \u201eNa ivici grada \u010dovek prodaje lubenice u 30. zapadnoj\u201c, isti\u010du\u0107i kako se mre\u017ea ulica raspada). \u010citav centralni okrug je Nacionalni istorijski spomenik izgra\u0111en na vrhovima brda iznad \u201eBejsin Springsa\u201c, popularnog kru\u017enog trga. Isto\u010dno i zapadno od grada nalaze se \u0161umoviti grebeni i doline. Glavna geografska karakteristika je Tarner Vord Nob, ta\u010dka na grebenu zapadno od grada koja gleda na pet dr\u017eava po vedrom danu (Misuri, Kanzas, Oklahoma, Arkanzas i ugao Tenesija), iako se sam Tarner Vord Nob nalazi na privatnom zemlji\u0161tu.<\/p>\n<p>\u0160to se ti\u010de klime, Jurika Springs ima vla\u017enu suptropsku (Cfa) klimu sa veoma izra\u017eenim godi\u0161njim dobima. Leta su vru\u0107a i vla\u017ena \u2013 u julu i avgustu najvi\u0161e temperature u proseku iznose oko 32\u00b0C, a vla\u017enost vazduha mo\u017ee u\u010diniti da se ose\u0107a toplije. No\u0107i leti su tople (\u010desto ne mnogo ispod 21\u00b0C). Jesen donosi olak\u0161anje sa hladnijim danima i sve\u017eim no\u0107ima. Zime su hladne i povremeno sne\u017ene: najvi\u0161e temperature u decembru i januaru su u proseku oko 4\u00b0C, a najni\u017ee oko -6\u00b0C. Sneg se mo\u017ee nakupljati, ali se obi\u010dno topi za nedelju ili dve. Prole\u0107e je prijatno do kraja maja, sa temperaturama koje se penju od hladnih do toplih. Padavine su prili\u010dno ravnomerno raspore\u0111ene (vrhunac u prole\u0107e i leto), ali povremene oluje mogu doneti poplave u mnogim udubljenjima (Jurika je poznata po buji\u010dnim poplavama ako padne jaka ki\u0161a). Generalno, zamislite Jurika Springs kao mesto sa \u010detiri razli\u010dita godi\u0161nja doba \u2013 bujnim zelenim prole\u0107ima, vru\u0107im letima, \u0161arenim jesenima i hladnim zimama \u2013 sve sme\u0161teno u umerenom planinskom okru\u017eenju.<\/p>\n<h2>Istorijski pregled (poreklo i prekretnice)<\/h2>\n<p>Pri\u010da o Jureka Springsu po\u010dinje njegovim lekovitim izvorima. Mnogo pre nego \u0161to je postao grad, lokalne vode (izvori bogati mineralima) bile su poznate po lekovitim svojstvima. Veruje se da je prvi stalni doseljenik bio Alvah D\u017dekson 1856. godine, koji je promovisao izvore za le\u010denje o\u010dnih bolesti. Do 1879. godine, biznismen Semjuel Sonders je organizovao promociju turizma. Grad je zvani\u010dno osnovan i inkorporiran 1880. godine, bukvalno na Dan zaljubljenih. Investitori su izgradili viktorijanske hotele, kupatila i ku\u0107e u blizini izvora, a Jureka Springs je brzo postao moderno letovali\u0161te. Do kraja 1880-ih, bio je drugi po veli\u010dini grad u Arkanzasu, koji je uslu\u017eivao posetioce iz Sent Luisa, \u010cikaga i \u0161ire.<\/p>\n<p>Slavni dani od 1880. do 1910. godine ostavili su trajno arhitektonsko nasle\u0111e. \u010citav centar grada nalazi se na Nacionalnom registru istorijskih mesta, sa stotinama sa\u010duvanih gra\u0111evina iz viktorijanskog doba. Poznate zgrade uklju\u010duju hotel Kresent (otvoren 1886. godine kao luksuzni odmarali\u0161te) i kupatilo Ozark koje se napaja izvorima. Istorijski okrug Jureke je toliko netaknut da je 1972. godine ceo grad stavljen na Nacionalni registar istorijskih mesta \u2013 kasnije je zbog svog karaktera progla\u0161en \u201ePrepoznatljivom destinacijom\u201c Nacionalnog fonda.<\/p>\n<p>Turizam je opao sredinom 20. veka (Velika depresija i promene u putovanjima pogodile su mnoga turisti\u010dka mesta). Ali Jurika Springs je do\u017eiveo kulturni preporod po\u010dev od 1960-ih do 70-ih. Umetnici, zanatlije i \u201epovratnici starosedelaca\u201c otkrili su \u0161arm grada i otvorili galerije i prodavnice. Ovaj kreativni priliv spasao je mnoge stare hotele od ru\u0161enja, pretvaraju\u0107i ih u gostionice i pansione sa doru\u010dkom. Hotel Kresent, na primer, ponovo je otvoren krajem 1970-ih (nakon perioda kada je bio dom za penzionere) i postao je poznat po navodnim ukletim pojavama. Zatvaranje Doma za penzionere Kresent 1972. godine dovelo je do njegove restauracije kao hotela i muzeja paranormalnog.<\/p>\n<p>Danas, identitet Jurika Springsa \u010dvrsto je ozna\u010den kao istorijski viktorijanski banjski grad pretvoren u centar umetnosti i turizma. NJegovo osnivanje oko izvora, inkorporacija 1880. godine i opstanak kao istorijskog okruga su klju\u010dne prekretnice. Svaka fontana koja se napaja izvorom, stara ulica od cigle i vijugava soka\u010dica su znak po\u0161tovanja porekla iz 19. veka. Putnici cene to \u0161to Jurika nikada nije izgubila svoje nasle\u0111e: hoteli, uli\u010dne lampe, pa \u010dak i telefonski stubovi izgledaju veoma sli\u010dno kao pre vi\u0161e od jednog veka.<\/p>\n<h2>Kulturna atmosfera (lokalni karakter, tradicije, festivali, na\u010din \u017eivota)<\/h2>\n<p>Jurika Springs ima neobi\u010dnu, umetni\u010dku ju\u017enja\u010dku atmosferu gostoprimstva. NJegovo stanovni\u0161tvo je me\u0161avina dugogodi\u0161njih me\u0161tana, zanatlija, hipika i penzionera, koji se svi me\u0161aju sa turistima. Engleski se govori univerzalno; \u010duje se i \u0161panski (\u0161to odra\u017eava skromnu hispansku zajednicu Arkanzasa). Me\u0161tani su uglavnom prijateljski nastrojeni i neformalni \u2013 toplo rukovanje, ponuda slatkog \u010daja i spremnost za \u0107askanje su uobi\u010dajeni. Grad privla\u010di kreativne ljude: umetnike koji rade u galerijama, narodne muzi\u010dare u pabovima i pozori\u0161ne izvo\u0111a\u010de (Jurika Springs ima svoju poznatu pozori\u0161nu trupu za ve\u010deru, \u201eIntrigue\u201c).<\/p>\n<p>Lokalna kuhinja isti\u010de ju\u017enja\u010dke specijalitete sa ozarkskim primesama. Ro\u0161tilj, som i griz su popularni, uz lokalno kuvano pivo. Neobi\u010dna, ali omiljena tradicija: svake godine u jesen, Jureka je doma\u0107in festivala blugrasa i ro\u0161tilja tokom vikenda Praznika rada, slave\u0107i planinsku muziku i lokalne majstore rudnika. Tako\u0111e je istorijski postojalo i \u201eSvetsko prvenstvo u dozivanju \u0107urki\u201c svakog novembra, \u0161to odra\u017eava ruralni ambijent (mada je taj doga\u0111aj pauziran poslednjih godina). Najve\u0107i moderni festival u Jureki je mo\u017eda \u201eIluminejt d Fols\u201c (decembarski doga\u0111aj sa osvetljenjem u centru grada) ili prazni\u010dna bo\u017ei\u0107na parada i uli\u010dni festival (grad se u decembru oki\u0107en staromodnim dekoracijama). U skorije vreme, grad je odr\u017eao proslavu ponosa (klimanje glavom svojoj iznena\u0111uju\u0107e LGBTK+ zajednici) i popularni gr\u010dki festival svakog oktobra (zbog toga \u0161to je jedna od osniva\u010dkih porodica gr\u010dkog porekla).<\/p>\n<p>Svakodnevni \u017eivot u Jurika Springsu se fokusira na gostoprimstvo i boravak u prirodi. Jutra mogu po\u010deti \u010dasom joge u jednom od umetni\u010dkih parkova ili \u0161etnjom kroz park Bejsin Spring (podru\u010dje fontane u centru grada). Popodneva turisti lutaju po prodavnicama ili se upu\u0107uju ka planinarskim stazama iznad grada (kao \u0161to su staze Staze suza ili Gradskog parka jezera Ledervud). Ve\u010deri mogu uklju\u010divati \u017eivu muziku u lokalnoj muzi\u010dkoj dvorani ili obilazak pabova sa duhovima (Jurika dr\u017ei svoju reputaciju uklete ku\u0107e). No\u0107 ve\u0161tica je ovde velika stvar \u2013 ljudi se kostimiraju tokom celog meseca. Tempo \u017eivota je opu\u0161ten: radno vreme prodavnica se \u010desto zatvara sredinom popodneva kako bi vlasnici mogli da prisustvuju doga\u0111ajima u zajednici ili izletima u planine.<\/p>\n<p>Jedna od karakteristika kulture Jureke je njena samostalnost i duh zajednice. Na primer, grad upravlja nekoliko zajedni\u010dkih zadruga (kreditna unija, zadruga za hranu) i ima mnogo pozori\u0161nih i muzi\u010dkih grupa u zajednici. Stanovnici \u010desto ka\u017eu \u201emi to radimo sami\u201c kada govore o festivalima ili gra\u0111anskim pobolj\u0161anjima. Politi\u010dki, grad te\u017ei konzervativnom duhu (\u0161to je uobi\u010dajeno u ruralnom Arkanzasu), ali po dru\u0161tvenim pitanjima stanovnici su skloni da budu tolerantni i otvorenog uma (verovatno pod uticajem umetni\u010dke kulture).<\/p>\n<h2>Najbolje atrakcije (znamenitosti i iskustva koja morate videti)<\/h2>\n<p>Atrakcije Jurika Springsa spajaju istoriju, umetnost i prirodu. \u010cuvena kapela Tornkraun \u010desto je na vrhu liste: zapanjuju\u0107a gra\u0111evina od stakla i drveta izgra\u0111ena 1980. godine na \u0161umskoj \u010distini, gde zidovi nestaju u \u0161umi. Ova kapela je svetski poznata po svojoj arhitekturi i predstavlja podjednako mesto za \u0161etnju prirodom koliko i za duhovno mesto.<\/p>\n<p>Sam centar grada je srce atrakcija. Istorijski hotel Kresent (na slici gore) je veli\u010danstveno odmarali\u0161te iz viktorijanskog doba pretvoreno u muzej i gostionicu. Gosti mogu da obi\u0111u \u201eNajukletiji hotel Amerikanaca\u201c, ru\u010daju u njegovom elegantnom restoranu ili jednostavno u\u017eivaju u njegovoj arhitekturi sa kulama. Park Bejsin Spring (centralna gradska fontana) sadr\u017ei desetine fontana koje se napajaju izvorima i \u017eubore na ulicama. \u0160etnja ulicama Spring i Mejn je sama po sebi atrakcija: preko stotinu prodavnica i umetni\u010dkih galerija ni\u017eu se du\u017e krivudavih brda, prodaju\u0107i lokalne rukotvorine, nakit, antikvitete i regionalnu hranu.<\/p>\n<p>U blizini se nalaze i mesta za aktivnosti na otvorenom i \u017eivopisna mesta. Statua \u201eHrist iz Ozarka\u201c \u2013 spomenik Isusu visok 20 metara na vrhu planine Magnetik \u2013 gleda na grad sa nekoliko kilometara udaljenosti. Tu je i obli\u017enji Centar nasle\u0111a Blu Spring (vekovno imanje sa autohtonim vrtovima Ozarka) i gradski park Lejk Ledervud (sedam kilometara zapadno, veliki park sa planinarskim i biciklisti\u010dkim stazama i jezerom). LJubitelji divljih \u017eivotinja pose\u0107uju rezervat za divlje \u017eivotinje Turpentin Krik, odmah izvan grada, gde se spasavaju i mogu videti velike ma\u010dke (tigrovi, lavovi). Turisti tako\u0111e istra\u017euju vodeni park i stazu Muladej Holou, a podru\u010dje poznato kao \u201eOniksova pe\u0107ina\u201c ima ve\u0161ta\u010dku pe\u0107insku \u0161etnju na autoputu US-23.<\/p>\n<p>Sama umetni\u010dka scena je atrakcija: brojne galerije u Juriki i Istorijski muzej Jurika Springs privla\u010de ljubitelje kulture. Opera u Ozarku, Inspirej\u0161n Point, organizuje koncerte klasi\u010dne muzike na otvorenom u pozori\u0161tu crvene \u0161tale (otvoreno od juna do septembra). Ako posetite oko No\u0107i ve\u0161tica, Velika strastna predstava (pro\u0161la tura) je nekada privukla desetine hiljada ljudi. Ukratko, mesta koja morate posetiti uklju\u010duju kapelu Tornkraun, hotel Kresent, park Bejsin Spring i no\u0107nu \u0161etnju blistavim viktorijanskim ulicama. Svaka atrakcija mo\u017ee se upariti sa obrokom u lokalnom restoranu \u2013 hrane\u0107i i du\u0161u i stomak.<\/p>\n<h2>Prakti\u010dni pregled (kako sti\u0107i, kako se kretati, saveti)<\/h2>\n<p>Jurika Springs je relativno udaljen. Najbli\u017ei ve\u0107i aerodromi su Nacionalni aerodrom Severozapadni Arkanzas (XNA) blizu Bentonvila (oko 120 kilometara severozapadno) ili Nacionalni aerodrom Springfild-Branson (SGF) u Misuriju (oko 120 kilometara severno) i Op\u0161tinski aerodrom Springdejl (27 kilometara). Sa bilo kog od njih, preporu\u010duje se iznajmljivanje automobila (obi\u010dno nema \u0161atl prevoza). Automobilom, Juriku opslu\u017euju autoputevi US-62 (koji ide istok-zapad kroz grad) i US-412\/US-23 (sever-jug do Harisona). Sa me\u0111udr\u017eavnog autoputa I-49, iza\u0111ite na izlazu 33 (autoput 62 istok) do Jurike. Vo\u017enja kroz Ozark je \u017eivopisna, ali planinska \u2013 budite spremni na serpentine i pazite na divlje \u017eivotinje koje prelaze preko puta. Me\u0111udr\u017eavna autobuska linija (Greyhound) staje u obli\u017enjem Harisonu ili Springdejlu, ali ne i u samoj Juriki.<\/p>\n<p>Jurika Springs je veoma pogodan za pe\u0161a\u010denje u svom istorijskom jezgru \u2013 mnoge ulice su samo za pe\u0161ake ili imaju uske trotoare. Me\u0111utim, po\u0161to je izgra\u0111en na brdima, budite spremni na stepenice i strme \u0161etnje. Veliki deo istorijskog centra grada je zaista izgra\u0111en kao lavirint stepenica i sokaka (ideja da se vozi svakom ulicom je sme\u0161na); mnogi hoteli obezbe\u0111uju prevoz automobilima sa padina brda. Centralni poslovni okrug (Spring, Mejn, Mauntin i Senter ulice) mo\u017ee se istra\u017eiti pe\u0161ke. Za atrakcije van centra grada (npr. Tornkraun kapela, Kresent hotel, jezero Ledervud), potreban je automobil. Parking u gradu je besplatan na ulici ili na gradskim parcelama (znakovi \u0107e zna\u010diti ograni\u010denje od dva sata u blizini prodavnica). Budite oprezni voze\u0107i nakon mraka uskim krivudavim putevima u i van grada.<\/p>\n<p><strong>Osnovni saveti:<\/strong><\/p>\n<ul>\n<li><strong>Valuta i pla\u0107anje:<\/strong> Ameri\u010dki dolari. Kreditne kartice se generalno prihvataju u prodavnicama i restoranima (neki mali biznisi mogu primati samo gotovinu, mada je to retko). Pametno je imati neke manje nov\u010danice za bak\u0161i\u0161 ili povremenu kupovinu na pijaci.<\/li>\n<li><strong>Jezik:<\/strong> Engleski je dominantan. (Letnji posetioci i umetnici Eureke povremeno dodaju i nekoliko stranih jezika.) Osnovna ameri\u010dka ljubaznost ide daleko (\u201emolim\u201c, \u201ehvala\u201c).<\/li>\n<li><strong>Sme\u0161taj:<\/strong> Jurika Springs nema velikih hotela \u2013 sastoji se od pansiona sa doru\u010dkom, starinskih motela i butik sme\u0161taja. Pa\u017eljivo proverite raspored: mnogi pansioni zahtevaju rezervacije i imaju ograni\u010deno radno vreme recepcije. Ako kasnite, obavestite svog doma\u0107ina.<\/li>\n<li><strong>Ode\u0107a:<\/strong> U toplim mesecima, obla\u010dite se slojevito (ve\u010deri mogu biti hladnije u brdima). Obu\u0107a za hodanje je obavezna \u2013 stepenice i kaldrma zahtevaju dobre \u0111onove. Zimi ponesite tople kapute, kape i rukavice (sneg je \u010dest). I uvek imajte nao\u010dare za sunce \u2013 odsjaj od belo ofarbanih viktorijanskih zgrada, a povremeni sneg mo\u017ee biti jarko crven.<\/li>\n<li><strong>Bonton:<\/strong> Eureka je prijateljska i neobi\u010dna. Mo\u017eda \u0107ete sresti uli\u010dne izvo\u0111a\u010de ili umetnike; davanje bak\u0161i\u0161a njima (ili u lokalnim restoranima, gde konobar mo\u017ee da da bak\u0161i\u0161 od 15\u201318%) je uobi\u010dajeno. Voza\u010di daju pe\u0161acima prednost u mnogim uskim ulicama. Amerikanci ovde voze desnom stranom puta. U prodavnicama slobodno razgledajte i \u0107askajte sa vlasnicima radnji. Po\u0161tujte lokalnu signalizaciju: neke istorijske stepenice su samo u jednom smeru ili samo za goste hotela.<\/li>\n<li><strong>bezbednost:<\/strong> Jurika Springs je veoma bezbedan \u2013 nasilni zlo\u010dini su izuzetno retki. Danju ili no\u0107u, centar grada dobro patrolira policija malih gradova. Va\u017ee standardne mere predostro\u017enosti: zaklju\u010dajte automobil i nemojte pokazivati vredne stvari. Pokrivenost mobilnom mre\u017eom je dobra sa vi\u0161e operatera (mada na udaljenim stazama ili u pe\u0107inama mo\u017ee do\u0107i do nestanka signala). Jurika mo\u017ee nakratko da poplavi nakon jakih ki\u0161a (neke ulice mogu biti privremeno oprane), zato obratite pa\u017enju na uli\u010dne barikade tokom oluja.<\/li>\n<\/ul>\n<p>Generalno, poseta Jurika Springsu je kao povratak u pro\u0161lost, ali sa modernim pogodnostima. Me\u0161tani su navikli na turiste \u2013 prodavci rado razgovaraju o gradskim predanjima, a ugostiteljski radnici znaju svaku pre\u010dicu kroz lavirint ulica. Ako vozite u Arkanzas iz Misurija ili sa aerodroma u Brensonu, Jurika je jasno ozna\u010dena i vredi je skrenuti. Samo imajte na umu da je mala i istorijska: planirajte kra\u0107e dane vo\u017enje izme\u0111u atrakcija i u\u017eivajte u svakom kutku ovog bajkovitog planinskog sela.<a href=\"https:\/\/travelshelper.com\/sr\/destinacije\/severna-amerika\/sjedinjene-americke-drzave\/berkli-springs\/\" target=\"_self\" aria-labelledby=\"uael-post-8997\"><br \/>\n<\/a><\/p>","protected":false},"excerpt":{"rendered":"<p>Jurika Springs, sme\u0161ten u okrugu Kerol, Arkanzas, je blago planina Ozark, direktno uz granicu sa Misurijem. Jedno od dva sedi\u0161ta okruga, Jurika Springs ima bogatu istoriju i jedinstvenu privla\u010dnost koja decenijama odu\u0161evljava posetioce. Popis iz 2020. godine bele\u017ei 2.166 stanovnika grada.<\/p>","protected":false},"author":1,"featured_media":17518,"parent":8072,"menu_order":0,"comment_status":"closed","ping_status":"closed","template":"elementor_theme","meta":{"_eb_attr":"","footnotes":""},"class_list":["post-8925","page","type-page","status-publish","has-post-thumbnail"],"_links":{"self":[{"href":"https:\/\/travelshelper.com\/sr\/wp-json\/wp\/v2\/pages\/8925","targetHints":{"allow":["GET"]}}],"collection":[{"href":"https:\/\/travelshelper.com\/sr\/wp-json\/wp\/v2\/pages"}],"about":[{"href":"https:\/\/travelshelper.com\/sr\/wp-json\/wp\/v2\/types\/page"}],"author":[{"embeddable":true,"href":"https:\/\/travelshelper.com\/sr\/wp-json\/wp\/v2\/users\/1"}],"replies":[{"embeddable":true,"href":"https:\/\/travelshelper.com\/sr\/wp-json\/wp\/v2\/comments?post=8925"}],"version-history":[{"count":0,"href":"https:\/\/travelshelper.com\/sr\/wp-json\/wp\/v2\/pages\/8925\/revisions"}],"up":[{"embeddable":true,"href":"https:\/\/travelshelper.com\/sr\/wp-json\/wp\/v2\/pages\/8072"}],"wp:featuredmedia":[{"embeddable":true,"href":"https:\/\/travelshelper.com\/sr\/wp-json\/wp\/v2\/media\/17518"}],"wp:attachment":[{"href":"https:\/\/travelshelper.com\/sr\/wp-json\/wp\/v2\/media?parent=8925"}],"curies":[{"name":"wp","href":"https:\/\/api.w.org\/{rel}","templated":true}]}}