{"id":8795,"date":"2024-09-05T12:07:13","date_gmt":"2024-09-05T12:07:13","guid":{"rendered":"https:\/\/travelshelper.com\/staging\/?page_id=8795"},"modified":"2026-03-13T17:32:22","modified_gmt":"2026-03-13T17:32:22","slug":"sinsinati","status":"publish","type":"page","link":"https:\/\/travelshelper.com\/sr\/destinations\/north-america\/united-states\/cincinnati\/","title":{"rendered":"Sinsinati"},"content":{"rendered":"<p>Sinsinati, ponekad nazvan \u201eKraljica grada\u201c, nalazi se na pola puta izme\u0111u Srednjeg zapada i Juga, du\u017e reke Ohajo. Iako je manji od svojih pandana u \u010cikagu i Dalasu, Sinsinati se mo\u017ee pohvaliti bogatim nasle\u0111em, prepoznatljivom kulturom i gostoljubivom atmosferom \u201ere\u010dnog grada\u201c. Broj stanovnika grada u 2020. godini bio je oko 309.317, \u0161to ga \u010dini tre\u0107im najve\u0107im gradom u Ohaju (posle Kolumbusa i Klivlenda) i 66. najve\u0107im u zemlji. NJegovo metropolitansko podru\u010dje od osam okruga je mnogo ve\u0107e, oko 2,27 miliona ljudi. Regionalna ekonomija je sna\u017ena: BDP \u0161ireg Sinsinatija bio je otprilike 157 milijardi dolara u 2022. godini. Ovde imaju sedi\u0161ta giganti iz Fortune 500, poput Kroger-a (maloprodaja), Procter &amp; Gamble-a (potro\u0161a\u010dka roba) i Fifth Third Bank, \u0161to je temelj raznolike ekonomije. Industrije Sinsinatija uklju\u010duju proizvodnju, zdravstvo (npr. De\u010dja bolnica u Sinsinatiju) i nove tehnologije. Rast grada je bio stabilan: za razliku od mnogih podru\u010dja u \u201er\u0111avom pojasu\u201c, Sinsinati se \u0161irio krajem 20. veka, a revitalizacija njegovog centra grada od 1990-ih privukla je preko \u010detvrt miliona novih stanovnika i radnih mesta.<\/p>\n<p>Sinsinati se nalazi u jugozapadnom Ohaju, grani\u010di se sa rekom Ohajo na jugu i zapadu (sa Kentakijem na suprotnoj obali) i valovitim brdima na severu. Za razliku od prerija Ilinoisa, pejza\u017e Sinsinatija je brdovit (podno\u017eje Apala\u010da), \u0161to mnogim naseljima pru\u017ea prelep pogled na reku. Grad se zapravo prostire preko nekoliko strmih brda; delovi centra grada i prelaza preko Rajne nalaze se na liticama sa pogledom na reku. Geografski se nalazi u slivu Velikih jezera, ali na ivici podno\u017eja Apala\u010da. Klima Sinsinatija je prelazna: ima vla\u017enu kontinentalnu klimu sa zna\u010dajnim sezonskim varijacijama. Leta su vru\u0107a i vla\u017ena (\u010desto dosti\u017eu 32\u00b0C), a zime hladne sa umerenim snegom. Pada na granicu toplije vla\u017ene suptropske zone, tako da su zime bla\u017ee nego u gradovima severnog Srednjeg zapada. Prole\u0107e i jesen su obi\u010dno blagi i prijatni (ali se javljaju aprilske ki\u0161e i povremeni kasni mrazevi).<\/p>\n<p>Pri\u010da o Sinsinatiju po\u010dela je 1788. godine kada su veterani Ameri\u010dkog rata za nezavisnost Matijas Denman, Robert Paterson i Izrael Ladlou pustili svoje korene na krivini reke Ohajo. D\u017don Filson, geometar, prvobitno je nazvao naselje \u201eLosantivil\u201c, ali su ga 1790. godine njegovi vo\u0111e preimenovali u Sinsinati u \u010dast Dru\u0161tva Sinsinatija (organizacije revolucionarnih oficira). Grad je osnovan 1802. godine i brzo je postao vitalna re\u010dna luka za Severozapadnu teritoriju. Do 1850. godine Sinsinati je bio poznat kao \u201ePorkopolis\u201c zbog svoje ogromne industrije prerade svinjetine \u2013 klao je i otpremao vi\u0161e svinja nego bilo gde u Americi. \u017deleznice su stigle sredinom 19. veka, u\u010dvr\u0161\u0107uju\u0107i njegovu ulogu transportnog \u010dvori\u0161ta.<\/p>\n<p>Kulturni razvoj Sinsinatija bio je \u017eivahan: izgra\u0111ene su bogato ukra\u0161ene muzi\u010dke dvorane i biblioteke, zaradiv\u0161i nadimak \u201ePariz Amerike\u201c do 1870-ih, zahvaljuju\u0107i svojoj veli\u010danstvenoj arhitekturi (Muzi\u010dka dvorana, ukra\u0161ena robna ku\u0107a \u0160ilito i vise\u0107i most Robling). Grad je tako\u0111e bio klju\u010dna stanica na podzemnoj \u017eeleznici, sa mnogim abolicionistima u stanovni\u0161tvu (Sinsinati ima muzeje i obele\u017eja koja obele\u017eavaju to doba). Krajem 19. i po\u010detkom 20. veka do\u017eiveli su talasi nema\u010dke imigracije, oblikuju\u0107i naselja poput Over-d-Rajna (OTR), koje i dalje sadr\u017ei najve\u0107u kolekciju zgrada u italijanskom stilu iz 19. veka u Americi. Sinsinati je nastavio da raste tokom 20. veka, mada sa usponima i padovima: suburbanizacija je sredinom veka odvela stanovnike iz centralnih naselja, ali poslednjih decenija do\u0161lo je do namernog napora da se ponovo izgradi OTR, re\u010dna obala i centar grada.<\/p>\n<p>Zna\u010dajni doga\u0111aji uklju\u010duju poplavu iz 1884. godine koja je dovela do izgradnje kanala Majami-Iri i poplavu iz 1913. godine koja je oblikovala budu\u0107e planiranje nasipa. U kulturnom smislu, grad je doveo do inovacija poput prvog profesionalnog bejzbol tima (Sinsinati Red Stokings iz 1869. godine) i prve profesionalne baca\u010dice. Tako\u0111e je bio mesto tragi\u010dne poplave 1937. godine i pomeranja autoputeva pored reke 1980-ih. U moderno doba, Sinsinati se spojio sa okolnim op\u0161tinama (kao \u0161to je aneksija Istvuda 1920. godine) i rastao je u 21. veku sa zna\u010dajnim institucijama (Sinsinati opera, zoolo\u0161ki vrt, balet). Istorija Sinsinatija je danas vidljiva u njegovim \u017eivopisnim istorijskim okruzima i vekovnim parkovima poput Eden parka (osnovanog 1875. godine) i centralnog dela grada \u201eFontain skver\u201c.<\/p>\n<p>Lokalni karakter Sinsinatija je topao i tradicionalan sa dodatkom otvorenosti Srednjeg zapada. Glavni jezik je engleski, a mnoge starije tradicije poti\u010du iz njegovog nema\u010dkog nasle\u0111a. Lokalni dijalekat je blago srednjozapadnja\u010dki sa nekim jedinstvenim re\u010dima (npr. nazivanje fontane sa vodom \u201ekloko\u0107u\u0107a fontana\u201c ili kori\u0161\u0107enje re\u010di \u201emolim\u201c u javnim toaletima \u2013 \u010duvena objava \u201eSinsinati, molim\u201c u kupatilima). Godi\u0161nje tradicije isti\u010du njegovo nasle\u0111e: Oktoberfest Zincinnati je najve\u0107a ameri\u010dka proslava Oktoberfesta, sa kulturnim \u0161minkama, polka muzikom i ozlogla\u0161enom trkom jazavi\u010dara \u201eTrka vir\u0161li\u201c. Svake godine 30.000 ljudi prisustvuje Oktoberfestu u Sinsinatiju, gde je \u010dili iz Sinsinatija (za\u010dinjen \u010dokoladom i cimetom) omiljena poslastica. Kad smo ve\u0107 kod hrane, Sinsinati je poznat po \u010diliju u sinsinatijskom stilu (\u010dili gr\u010dkog porekla koji se slu\u017ei preko \u0161pageta i sira) i kobasici \u201eGoeta\u201c.<\/p>\n<p>Sinsinati je doma\u0107in i drugih festivala koji odra\u017eavaju lokalni kolorit. Lete\u0107i maraton svinja (i Festival pig breva) slave istoriju prerade svinja u gradu. Muzika cveta na Sinsinati muzi\u010dkom festivalu (R&amp;B, soul i gospel) i koncertima na otvorenom u parkovima. Muzi\u010dki festival Banberi privla\u010di poznate bendove leti. Parad ponosa je jo\u0161 jedan vrhunac: vikend gej parade u Sinsinatiju je me\u0111u najve\u0107ima u Ohaju, sa doga\u0111ajima u oktobru koji transformi\u0161u centar grada. Novembarski Festival svetla u Kron konzervatorijumu osvetljava pozdrave godi\u0161njih doba svetlosnim skulpturama.<\/p>\n<p>Sinsinati svakodnevno ima umereno dinami\u010dan \u017eivot \u2013 manje freneti\u010dan nego \u010cikago ili Dalas, ali prometniji nego mali grad. LJudi ovde su obi\u010dno ljubazni i orijentisani na zajednicu. U naseljima se organizuju \u017eurke i lokalni bistroi. Stanovnici Sinsinatija u\u017eivaju u reci i brdima, \u0161etaju\u0107i parkom Smejl Riverfront po sun\u010danim danima ili navijaju\u0107i na utakmicama Bengalsa (NFL) ili Redsa (MLB). Oni po\u0161tuju gradske umetni\u010dke institucije (muzi\u010dku dvoranu, muzej umetnosti) i nasle\u0111e gra\u0111anskog anga\u017eovanja. Op\u0161ti ose\u0107aj Sinsinatija je prijateljski i nepretenciozan \u2013 me\u0161avina srednjozapadnog susedstva i d\u017eepova energije velikog grada. U pore\u0111enju sa priobalnim gradovima, pristupa\u010dan je i opu\u0161ten; u pore\u0111enju sa malim gradovima, kulturno je bogat i dinami\u010dan.<\/p>\n<p>Sinsinati nudi iznena\u0111uju\u0107i niz znamenitosti koje morate videti. Obala reke Ohajo je centralni deo grada: nedavno renovirani park Smejl Riverfront sadr\u017ei fontane, igrali\u0161ta i pe\u0161a\u010dke staze sa pogledom na horizont. Veli\u010danstveni Trg fontana (nekada\u0161nja pijaca Monro) je mesto okupljanja u centru grada, okru\u017een istorijskim zgradama i doma\u0107in koncerata i klizali\u0161ta. Naselje Over-d-Rajn (OTR) je glavna atrakcija - jedan od najve\u0107ih istorijskih okruga u Americi. Ovde nasle\u0111e grada iz 19. veka o\u017eivljava sa obnovljenim pivarama, zanatskim pivarama (Sinsinati je grad pivara), kafi\u0107ima i buticima. Isto\u010dno od OTR-a, pijaca Findli (najstarija kontinuirano radna javna pijaca u Ohaju, od 1852. godine) je prava poslastica za degustaciju lokalnih proizvoda i etni\u010dke hrane.<\/p>\n<p>\u010cuvena arhitektura istaknuta je gradskim pejza\u017eom: Roblingov vise\u0107i most (prete\u010da Zlatne kapije u San Francisku), Karu kula (biv\u0161a najvi\u0161a zgrada na jugu, sa ar deko vidikovcem) i impresivna art deko Muzi\u010dka dvorana. Sinsinati se mo\u017ee pohvaliti nacionalno zna\u010dajnim kulturnim institucijama: Muzejem umetnosti Sinsinatija u slikovitom Eden parku, Nacionalnim centrom za slobodu podzemne \u017eeleznice (muzej na obali reke o ropstvu i gra\u0111anskim pravima) i Ameri\u010dkim muzejem natpisa (neobi\u010dna istorijska izlo\u017eba neonske reklame i natpisa).<\/p>\n<p>Za porodice, tu je zoolo\u0161ki vrt i botani\u010dka ba\u0161ta u Sinsinatiju (jedan od najstarijih zoolo\u0161kih vrtova u SAD, poznat po nilskom konju Fioni). U Eden parku se nalaze i Kron konzervatorijum (tropske biljke) i Prirodnja\u010dki centar Sinsinatija. LJubitelji sporta pose\u0107uju Grejt ameri\u010dki bejzbol park (Redsi) i stadion Pejkor (Bengalsi). Ameri\u010dki muzej znakova nudi nostalgi\u010dno putovanje kroz ameri\u010dke neonske lampe sredinom veka. LJubitelji prirode mogu da voze kajak po reci ili da pe\u0161a\u010de \u0161umskim stazama obli\u017enjih parkova poput Maunt Eri ili Olt parka (romanski paviljoni, jezero obasjano suncem). I ne propustite prazni\u010dnu predstavu u Kron konzervatorijumu ili interaktivni De\u010dji muzej Sinsinatija za zabavu prilago\u0111enu deci.<\/p>\n<p>Dolazak u Sinsinatija je zgodan. Me\u0111unarodni aerodrom Sinsinati\/Severni Kentaki (CVG), odmah preko reke u Kentakiju, glavna je vazdu\u0161na kapija. CVG ima letove do doma\u0107ih \u010dvori\u0161ta i nekih me\u0111unarodnih letova (Delta, Amerikan, itd.). Do centra grada se mo\u017ee do\u0107i i Amtrakom (ruta Kardinal iz \u010cikaga, Va\u0161ingtona, NJujorka zaustavlja se na terminalu Sinsinati Junion, remek-delu art dekoa). Glavni autoputevi se ovde ukr\u0161taju: I-75 (sever-jug izme\u0111u Detroita i Floride) i I-71 (izme\u0111u Klivlenda i Luisvila) susre\u0107u se u centru grada, \u0161to olak\u0161ava putovanje drumom.<\/p>\n<p>Unutar grada, javni prevoz je skroman: autobusi metroa pokrivaju ve\u0107inu podru\u010dja (mada polazak mo\u017ee biti retki na nekim rutama). Tramvaj metroa (\u201eThe Cincinnati Bell Connector\u201c) povezuje centar grada sa obalom reke i OTR-om \u2013 nostalgi\u010dnom linijom koja je korisna za turiste. Dostupni su taksiji i usluge prevoza, ali iznajmljivanje automobila mo\u017ee biti mudro za dolazak do predgra\u0111a ili parkova van centra grada. Centar Sinsinatija i OTR su prili\u010dno pogodni za pe\u0161a\u010denje, kao i neka stambena podru\u010dja (kao \u0161to su Maunt Adams ili Kovington u severnom Kentakiju preko reke). Vo\u017enja biciklom je u porastu (program deljenja crvenih bicikala), posebno na obali reke.<\/p>\n<p>Osnovni saveti: valuta je ameri\u010dki dolar; engleski je podrazumevani jezik. Napojnice za ru\u010davanje i taksije prate ameri\u010dke obi\u010daje (~15\u201320%). Sinsinati se smatra relativno bezbednim, mada bi, kao i u svakom gradu, posetioci trebalo da ostanu u dobro prometnim podru\u010djima nakon mraka. Kom\u0161ijske stra\u017ee su jake; kriminal je uglavnom ograni\u010den na nekoliko problemati\u010dnih podru\u010dja van glavnih okruga. LJubaznost i po\u0161tovanje sa Srednjeg zapada su norme \u2013 zadr\u017eavanje vrata, govorenje \u201emolim\u201c i \u201ehvala\u201c (\u010duveni znak javnog toaleta u Sinsinatiju podse\u0107a: recite \u201emolim\u201c kada tra\u017eite toalet, \u0161to je lokalni bonton). Lokalna klima zna\u010di da leta mogu biti vru\u0107a i vla\u017ena, pa je pametno poneti laganu ode\u0107u i za\u0161titu od sunca. Zime mogu biti snega i mraza, pa nosite toplu ode\u0107u ako pose\u0107ujete od decembra do februara. Sezonske alergije mogu biti zna\u010dajne (sezona polena u prole\u0107e i jesen).<\/p>\n<p>U su\u0161tini, Sinsinati je grad sa sadr\u017eajima \u201evelikog grada\u201c, ali srcem malog grada. NJegov istorijski \u0161arm, pogledi na reku i gostoljubiva kulturna scena \u010dine ga neo\u010dekivano prijatnom stanicom ili destinacijom. Posetioci otkrivaju grad ponosno ukorenjen u istoriji i inovacijama, od nema\u010dkih pivnica do najsavremenijih startapova, sve sa prijateljskim osmehom sa Srednjeg zapada.<a href=\"https:\/\/travelshelper.com\/sr\/destinacije\/severna-amerika\/sjedinjene-americke-drzave\/berkli-springs\/\" target=\"_self\" aria-labelledby=\"uael-post-8997\"><br \/>\n<\/a><\/p>","protected":false},"excerpt":{"rendered":"<p>Sinsinati je dinami\u010dan grad sme\u0161ten u jugozapadnom regionu Ohaja i funkcioni\u0161e kao sedi\u0161te okruga Hamilton. Prvobitno osnovan 1788. godine, Sinsinati je idealno sme\u0161ten na spajanju reka Liking i Ohajo; ova druga prirodno deli Ohajo od Kentakija. Sinsinati, koji je 64. u Sjedinjenim Dr\u017eavama, ima 309.317 stanovnika prema popisu iz 2020. godine, tre\u0107i je najnaseljeniji grad u Ohaju, odmah iza Kolumbusa i Klivlenda. Sa vi\u0161e od 2,265 miliona ljudi, grad je ekonomski i kulturni centar metropolitanskog podru\u010dja Sinsinatija - najnaseljenijeg metro regiona u Ohaju i 30. po veli\u010dini u zemlji.<\/p>","protected":false},"author":1,"featured_media":3942,"parent":8072,"menu_order":0,"comment_status":"closed","ping_status":"closed","template":"elementor_theme","meta":{"_eb_attr":"","footnotes":""},"class_list":["post-8795","page","type-page","status-publish","has-post-thumbnail"],"_links":{"self":[{"href":"https:\/\/travelshelper.com\/sr\/wp-json\/wp\/v2\/pages\/8795","targetHints":{"allow":["GET"]}}],"collection":[{"href":"https:\/\/travelshelper.com\/sr\/wp-json\/wp\/v2\/pages"}],"about":[{"href":"https:\/\/travelshelper.com\/sr\/wp-json\/wp\/v2\/types\/page"}],"author":[{"embeddable":true,"href":"https:\/\/travelshelper.com\/sr\/wp-json\/wp\/v2\/users\/1"}],"replies":[{"embeddable":true,"href":"https:\/\/travelshelper.com\/sr\/wp-json\/wp\/v2\/comments?post=8795"}],"version-history":[{"count":0,"href":"https:\/\/travelshelper.com\/sr\/wp-json\/wp\/v2\/pages\/8795\/revisions"}],"up":[{"embeddable":true,"href":"https:\/\/travelshelper.com\/sr\/wp-json\/wp\/v2\/pages\/8072"}],"wp:featuredmedia":[{"embeddable":true,"href":"https:\/\/travelshelper.com\/sr\/wp-json\/wp\/v2\/media\/3942"}],"wp:attachment":[{"href":"https:\/\/travelshelper.com\/sr\/wp-json\/wp\/v2\/media?parent=8795"}],"curies":[{"name":"wp","href":"https:\/\/api.w.org\/{rel}","templated":true}]}}