{"id":8782,"date":"2024-09-05T11:38:47","date_gmt":"2024-09-05T11:38:47","guid":{"rendered":"https:\/\/travelshelper.com\/staging\/?page_id=8782"},"modified":"2026-03-13T17:34:44","modified_gmt":"2026-03-13T17:34:44","slug":"kolorado-springs","status":"publish","type":"page","link":"https:\/\/travelshelper.com\/sr\/destinations\/north-america\/united-states\/colorado-springs\/","title":{"rendered":"Kolorado Springs"},"content":{"rendered":"<p>Sme\u0161ten u podno\u017eju Stenovitih planina, Kolorado Springs je grad na velikoj nadmorskoj visini poznat po svojoj lepoti prirode i vojnom nasle\u0111u. Sa populacijom od 478.961 stanovnika u 2020. godini, to je drugi najve\u0107i grad u Koloradu (posle Denvera) i oko 40. najve\u0107i u SAD. Zanimljivo je da je njegovo stanovni\u0161tvo poraslo za 15% od 2010. do 2020. godine, \u0161to odra\u017eava njegovu procvat ekonomije i po\u017eeljnost. \u0160iri region Pajks Pika (MSA Kolorado Springs) ima oko 755.000 ljudi.<\/p>\n<p>Ekonomija je sna\u017ena i diverzifikovana: vojska i odbrana, visokotehnolo\u0161ka industrija i turizam su glavni stubovi. Grad je dom nekoliko objekata ameri\u010dkog vazduhoplovstva (baza Peterson, baza \u0160river, svemirska stanica \u0160ajen Mauntin i Ameri\u010dka vazduhoplovna akademija van gradskih granica), \u0161to ugovaranje odbrambenih radova \u010dini glavnim poslodavcem. Tehnolo\u0161ka i uslu\u017ena industrija tako\u0111e rastu. Turizam je posebno va\u017ean: 2018. godine preko 23 miliona posetilaca je do\u0161lo u region, generi\u0161u\u0107i ekonomski uticaj od 2,4 milijarde dolara, privu\u010dene prirodnim atrakcijama i rekreativnim mogu\u0107nostima.<\/p>\n<p>Kolorado Springs se nalazi u centralnom Koloradu, 69 milja ju\u017eno od Denvera, du\u017e me\u0111udr\u017eavnog puta I-25. Jedinstveno je to \u0161to se grad nalazi u polusu\u0161nom basenu na velikoj nadmorskoj visini na oko 6.035 stopa (1.839 metara), na isto\u010dnom rubu Ju\u017enih Stenovitih planina. Pajks Pik (vrh od 14.115 stopa) uzdi\u017ee se odmah na zapadu, a pozadinu grada uokviruju planinski grebeni i pustinjske mese. Na istoku se prostiru \u0161iroke visoke ravnice. Garden of the Bogs (besplatan javni park) sa svojim dramati\u010dnim formacijama crvenog pe\u0161\u010dara nalazi se na severozapadnom rubu grada. Glavna naselja i atrakcije grle podno\u017eje ili prate potok Fauntin Krik. Geografija daje ose\u0107aj \u201ealpskog grada\u201c uprkos tome \u0161to je Kolorado Springs daleko od prave alpske zone.<\/p>\n<p>Klima je zna\u010dajna: polusu\u0161na kontinentalna sa jakim planinskim uticajima. Kolorado Springs u\u017eiva u obilju sunca (oko 243 sun\u010dana dana godi\u0161nje) i niskoj vla\u017enosti vazduha. Leta su topla (maksimalne temperature \u010desto 27-32 \u00b0C) i suva, sa hladnim no\u0107ima. Zime su uglavnom blage, ali mogu zna\u010dajno varirati \u2013 grad ima koristi od vetrova \u010dinuk koji brzo zagrevaju zimske dane, ali i dalje ima zimskog snega i mraza. Prose\u010dne sne\u017ene padavine su umerene (oko 76 cm\/godi\u0161nje) \u2013 sne\u017ene padavine koje padnu \u010desto se brzo tope pod suncem ili toplim vetrovima. Posetioci bi trebalo da ponesu slojeve ode\u0107e: velika nadmorska visina zna\u010di da \u010dak i letnja popodneva mogu biti hladna, a UV zra\u010denje je jako tokom cele godine.<\/p>\n<p>Podru\u010dje Kolorado Springsa ima duboke korene: narodi Juti, Arapaho i \u010cejeni su prvi naselili region. Nakon kupovine Luizijane 1803. godine, podru\u010dje je bilo sporna teritorija izme\u0111u nekoliko naroda. Godine 1859. zlatna groznica donela je osnivanje Kolorado Sitija (sada deo Kolorado Springsa) na u\u0161\u0107u Fauntin i Kamp Kriksa. Kratko vreme (1861\u201362) slu\u017eio je kao prva prestonica teritorije Kolorado. Godine 1871. general Vilijam D\u017dekson Palmer, \u017eelezni\u010dki magnat, zamislio je odmarali\u0161te u blizini Pajks Pika kako bi privukao bogate stanovnike Istoka koji tra\u017ee zdravlje i rekreaciju; osnovao je kompaniju Kolorado Springs i osnovao \u201eFauntin Kolonija\u201c, koja je ubrzo preimenovana u Kolorado Springs. Grad je osnovan 1871. godine, odra\u017eavaju\u0107i procvat \u017eeleznice i rudarstva u Koloradu.<\/p>\n<p>NJegov rani nadimak \u201eMali London\u201c nastao je zato \u0161to je Palmer pozvao mnoge britanske imigrante, daju\u0107i gradu kosmopolitski izgled. Odmarali\u0161te Brodmur otvoreno je 1891. godine kao rasko\u0161ni hotel i teren za golf, signaliziraju\u0107i te\u017enje Kolorado Springsa da postane grad-odmarali\u0161te. Nikola Tesla je \u010dak ovde 1899. godine osnovao eksperimentalnu stanicu, privu\u010den nadmorskom visinom i elektri\u010dnim izvorima. Vojno prisustvo je raslo tokom i posle Drugog svetskog rata: Fort Karson (tada Kamp Karson) osnovan je 1941. godine, a zatim je usledilo aerodromsko polje Piterson (baza ameri\u010dkog ratnog vazduhoplovstva od 1942. godine) i obli\u017enje sedi\u0161te NORAD-a u planini \u0160ajen tokom Hladnog rata. Primetno je da su vazduhoplovna baza Ent (zatvorena 1976. godine) i njena ponovna upotreba kao Vazduhoplovne akademije (osnovana 1954. godine) u\u010dinili Kolorado Springs trajnim sredi\u0161tem vazduhoplovstva.<\/p>\n<p>Tokom 20. veka, Kolorado Springs je prvenstveno bio tihi vojni i turisti\u010dki grad. Ekonomija grada ostala je povezana sa odbranom i turizmom. NJegova prirodna lepota privla\u010dila je ljubitelje prirode, a brojne tradicije planinarenja, penjanja i zimskih sportova razvile su se oko Pajks Pika i Garden of the Bogs. Fusnota moderne istorije: Kolorado Springs je krajem 20. veka postao poznat kao \u201eEvangelisti\u010dki Vatikan\u201c (mnoge verske organizacije su imale sedi\u0161te ovde), iako je to \u0161ira kulturna nota vi\u0161e nego turisti\u010dka atrakcija. Va\u017eni nedavni doga\u0111aji uklju\u010duju razorne \u0161umske po\u017eare 2010-ih (po\u017ear u kanjonu Valdo, po\u017ear u \u0160varcvaldu) koji su istakli divljinu grada, i otvaranje novih atrakcija poput Ameri\u010dkog olimpijskog i paraolimpijskog muzeja (2020). Tokom celog perioda, Kolorado Springs je ostao rajski grad na otvorenom izgra\u0111en oko nasle\u0111a Pajks Pika (pesma \u201eAmerica the Beautiful\u201c je inspirisana pogledima sa Pajks Pika).<\/p>\n<p>Kultura Kolorado Springsa spaja surovu prirodu pograni\u010dja sa porodi\u010dnom u\u010dtivo\u0161\u0107u. Tempo \u017eivota je umeren: nije tako freneti\u010dan kao Denver ili Sijetl, ali je prometniji od ruralnog grada. Grad ima reputaciju konzervativne (posebno u dru\u0161tvenom smislu), ali i veoma filantropske i orijentisane ka zajednici. NJegovi stanovnici su uglavnom zdravstveno svesni i aktivni; planinski biciklizam, planinarenje i skijanje su deo \u017eivota. Engleski je glavni jezik, dok se \u0161panski \u010desto \u010duje u mnogim naseljima.<\/p>\n<p>Lokalne tradicije i doga\u0111aji usredsre\u0111eni su na prirodu i zajednicu. Lansiranje za Dan rada jedan je od najve\u0107ih festivala balona na vru\u0107i vazduh u zemlji, koji prekriva nebo stotinama balona iznad Memorijalnog parka. Kolorado Springs je tako\u0111e doma\u0107in Prajdfesta (jul), Gr\u010dkog festivala i raznih umetni\u010dkih okupljanja. Svakog prole\u0107a, u stilu Dalas Blumsa, partnerstvo sa Denverskom botani\u010dkom ba\u0161tom donosi \u010duvene godi\u0161nje ba\u0161tenske izlo\u017ebe (iako je \u201eBlums\u201c denverski, Kolorado Springs ima manji \u201eProle\u0107ni festival sadnje\u201c u Botani\u010dkoj ba\u0161ti i letove uskr\u0161njih jaja). Trke sa kov\u010dezima Eme Kroford u obli\u017enjem Manitu Springsu su neobi\u010dna lokalna legenda (trke ukra\u0161enih kov\u010dega niz brdo u \u010dast legende irskog imigranta). Gastronomska scena grada je usredsre\u0111ena na ukuse jugozapada: o\u010dekujte zelene \u010dili papri\u010dice, kraft pivare (preko 30 u regionu Pajks Pik) i procvat pokreta \u201esa farme na sto\u201c. U aprilu se odr\u017eava Festival zelene \u010dili papri\u010dice na Pajks Piku, slave\u0107i kuhinju Kolorada (\u010dizburgeri sa zelenom \u010dili papri\u010dicom itd.).<\/p>\n<p>Karakter naselja varira: Stari Kolorado Siti i Manitu Springs (sada na zapadnoj ivici) nude istorijske izloge od cigle i zanatske radnje koje odra\u017eavaju eru ranih doseljenika Kolorada. Centar grada je vi\u0161e korporativni, ali sada u njemu se nalaze galerije i Ameri\u010dki planinarski centar. Op\u0161ta atmosfera je prijateljska: me\u0161tani \u0107e pozdravljati planinare na stazama, navijati za Falkonse Vazduhoplovne akademije (fudbalski tim NCAA) ili \u0107askati o najnovijim doga\u0111ajima u zajednici. Postoji suptilni zapadnja\u010dki \u0161arm \u2013 mo\u017eda \u0107ete videti kaubojske \u010dizme i \u0161e\u0161ire u Glavnoj ulici \u2013 ali on koegzistira sa planinskim modernizmom (tehnolo\u0161ke kompanije, bionauka). Za razliku od nekih velikih gradova, Kolorado Springs deluje intimno; ljudi \u010desto poznaju svoje kom\u0161ije, i postoji op\u0161ti etos po\u0161tovanja prema prirodi (recikla\u017ea je velika, kao i masterski planirane \u201ezelene\u201c zajednice).<\/p>\n<p>Planinsko okru\u017eenje pru\u017ea Kolorado Springsu jedinstvene znamenitosti koje morate videti. Najva\u017eniji je sam Pajks Pik. Posetioci se penju na vrh istorijskom zup\u010dastom \u017eeleznicom Pajks Pik (koja je upravo ponovo otvorena nakon renoviranja) ili voze autoputem Pajks Pik do vrha, gde je 2021. godine otvoren novi kompleks (prodavnica suvenira, pogled). Panorama vrha (zabele\u017eena u pesmi \u201eAmerica the Beautiful\u201c iz 1893. godine) privla\u010di planinare i turiste. U blizini se nalazi Vrt bogova, spektakularan park visokih crvenih pe\u0161\u010danih peraja i uravnote\u017eenih stena. Ulaz je besplatan i nudi planinarenje, penjanje po stenama, biciklisti\u010dke staze, pa \u010dak i besplatne \u010dasove joge ispod litica. Posetioci mogu da pro\u0111u kolima ili da krenu na vo\u0111ene ture; zalasci sunca ovde su poznati po tome \u0161to stene boje u zlato.<\/p>\n<p>Istorijska Vazduhoplovna akademija (severno od grada) privla\u010di mnoge posetioce: njena futuristi\u010dka Kadetska kapela je arhitektonsko \u010dudo, a centar za posetioce nudi obilaske paradnog poligona i terena. Ameri\u010dki olimpijski i paraolimpijski trening centar je doma\u0107in javnog centra za posetioce gde se mo\u017ee videti sportisti kako treniraju (mnogo TV monitora). Godine 2020. u centru grada otvoren je Ameri\u010dki olimpijski i paraolimpijski muzej \u2013 blistavi muzej od stakla i mermera posve\u0107en istoriji reprezentacije SAD. Planina \u0160ajen blizu Kolorado Springsa krije \u010duveni Centar za borbene operacije NORAD-a, koji nudi obilaske uz rezervaciju unutar pe\u0107ine (posebno zanimljivo za ljubitelje istorije Hladnog rata).<\/p>\n<p>\u0160to se ti\u010de obrazovnog\/kulturnog aspekta, Ku\u0107a slavnih rodea u Kolorado Springsu (koja slavi zvezde rodea) odra\u017eava zapadne korene regiona. Muzej pionira Kolorado Springsa nudi izlo\u017ebe lokalne istorije. Prirodne i nau\u010dne atrakcije su brojne: zoolo\u0161ki vrt u planini \u0160ajen jedinstven je po svom planinskom okru\u017eenju i mnogim \u017eivotinjama (mo\u017eete hraniti \u017eirafe na padini), a Sedam vodopada (niz od sedam vodopada u kanjonu) je na kratkoj vo\u017enji i veoma je fotogeni\u010dan. Bli\u017ee, Muzej nasle\u0111a Penrouz (vojna vozila) privla\u010di ljubitelje vojne istorije, a Istorijsko mesto Rok Led\u017e Ran\u010d rekreira \u017eivot pionira.<\/p>\n<p>Za porodi\u010dnu zabavu, tu je Manituova pe\u0107ina vetrova (tura stalaktita), a u blizini Pajks Pika, Sveti\u0161te Sunca Vila Rod\u017eersa (panoramski pogled). Centar grada nudi skulpturu LJube\u0107ih Kamila, Centar likovnih umetnosti Kolorado Springsa i muzeje istorije i botani\u010dke ba\u0161te. \u0160etnja kroz prodavnice Starog Kolorada ili ulicu Ted\u017eon u centru grada (urbani trg) daje ukus gradskog \u017eivota. Sezonski doga\u0111aji poput maratona \u201eVrt bogova\u201c ili izdr\u017eljivog uspona i maratona na Pajks Pik svake godine privla\u010de trka\u010de.<\/p>\n<p>Dolazak do Kolorado Springsa je jednostavan. Najbli\u017ei aerodrom je Aerodrom Kolorado Springs (COS), koji prima letove iz glavnih \u010dvori\u0161ta (Atlanta, Dalas, \u010cikago, Denver, itd.). Me\u0111unarodni aerodrom Denver je udaljen 1-2 sata severno i nudi daleko vi\u0161e me\u0111unarodnih ruta. Drumom, I-25 ide severno-ju\u017eno kroz grad, povezuju\u0107i Denver i Albukerki. Postoji i Amtrak usluga (\u201ePikes Peak Flyer\u201c za kratko putovanje do Denvera), ali vi\u0161e ne postoji putni\u010dka \u017eeleznica na duge relacije (voz Roki Mauntiner do Denvera je prestao da postoji 2018. godine).<\/p>\n<p>Unutar grada, javni prevoz (autobusi planinskog metropolitanskog tranzita) pokriva mnoge \u010detvrti, ali su iznajmljeni automobili, automobili ili prevoz u prevozu pogodniji za dolazak do ra\u0161trkanih lokacija poput Garden of d Bogova. Centar grada je prili\u010dno pogodan za pe\u0161a\u010denje, a besplatni \u0161atl \u201eDowntown Circulator\u201c kru\u017ei oko centra grada. Grad je pogodan za bicikliste sa mnogim stazama (kao \u0161to je staza Pajks Pik Grinvej du\u017e Fauntin Krika). Kolorado Springs je prili\u010dno bezbedan za turiste; \u010dak je i centar grada stabilan no\u0107u, mada uvek koristite zdrav razum u kasnim satima. \u201eRetki vazduh\u201c na velikoj nadmorskoj visini zna\u010di da bi novoprido\u0161li trebalo da se dobro hidriraju i izbegavaju prekomerno naprezanje dok se ne aklimatizuju. Krema za sun\u010danje je obavezna \u010dak i po hladnom vremenu, a ve\u010dernje jakne se preporu\u010duju tokom cele godine zbog padova temperature izazvanih nadmorskom visinom.<\/p>\n<p>Bak\u0161i\u0161 i bonton prate ameri\u010dke norme. Engleski jezik je univerzalan; \u0161panski je uobi\u010dajen u nekim oblastima. Valuta je ameri\u010dki dolar. Maloprodajne cene mogu biti ne\u0161to vi\u0161e od prose\u010dnih, \u0161to odra\u017eava vi\u0161e tro\u0161kove \u017eivota u Koloradu. Tako\u0111e imajte na umu da Kolorado Springs ne dozvoljava prodaju rekreativne marihuane (samo medicinske apoteke), za razliku od Denvera koji je udaljen samo kratku vo\u017enju.<\/p>\n<p>Ukratko, Kolorado Springs nudi nenadma\u0161nu fuziju prirodnog sjaja i ameri\u010dkog zapadnog nasle\u0111a. Posetioci do\u017eivljavaju porodi\u010dnu kulturu prirode \u2013 od panoramskih planinskih vidika do rodea u rodnom gradu i izlo\u017ebi vazduhoplovstva \u2013 sve uz sve\u017e vazduh i atmosferu \u201ekauboja i nau\u010dnika\u201c koja defini\u0161e ovaj brzorastu\u0107i grad Stenovitih planina.<a href=\"https:\/\/travelshelper.com\/sr\/destinacije\/severna-amerika\/sjedinjene-americke-drzave\/berkli-springs\/\" target=\"_self\" aria-labelledby=\"uael-post-8997\"><br \/>\n<\/a><\/p>","protected":false},"excerpt":{"rendered":"<p>Kolorado Springs, sedi\u0161te okruga El Paso u Koloradu, je dinami\u010dan grad, sa populacijom od 478.961 stanovnika prema popisu iz 2020. godine. Najnaseljeniji grad u okrugu El Paso odra\u017eava zna\u010dajan porast od 15,02% u odnosu na 2010. godinu. Ovaj razvoj nagla\u0161ava njegovu atraktivnost i kvalitet \u017eivota koji pru\u017ea. Kolorado Springs je 40. najnaseljeniji grad u Sjedinjenim Dr\u017eavama, ne samo drugi najnaseljeniji grad u Koloradu, ve\u0107 i najve\u0107i, koji pokriva veliku teritoriju. Drugi najpoznatiji grad u urbanom koridoru Front Rejnd\u017e, Kolorado Springs je glavni grad metropolitanskog podru\u010dja Kolorado Springsa, koje se mo\u017ee pohvaliti sa 755.105 stanovnika u 2020. godini.<\/p>","protected":false},"author":1,"featured_media":4116,"parent":8072,"menu_order":0,"comment_status":"closed","ping_status":"closed","template":"elementor_theme","meta":{"_eb_attr":"","footnotes":""},"class_list":["post-8782","page","type-page","status-publish","has-post-thumbnail"],"_links":{"self":[{"href":"https:\/\/travelshelper.com\/sr\/wp-json\/wp\/v2\/pages\/8782","targetHints":{"allow":["GET"]}}],"collection":[{"href":"https:\/\/travelshelper.com\/sr\/wp-json\/wp\/v2\/pages"}],"about":[{"href":"https:\/\/travelshelper.com\/sr\/wp-json\/wp\/v2\/types\/page"}],"author":[{"embeddable":true,"href":"https:\/\/travelshelper.com\/sr\/wp-json\/wp\/v2\/users\/1"}],"replies":[{"embeddable":true,"href":"https:\/\/travelshelper.com\/sr\/wp-json\/wp\/v2\/comments?post=8782"}],"version-history":[{"count":0,"href":"https:\/\/travelshelper.com\/sr\/wp-json\/wp\/v2\/pages\/8782\/revisions"}],"up":[{"embeddable":true,"href":"https:\/\/travelshelper.com\/sr\/wp-json\/wp\/v2\/pages\/8072"}],"wp:featuredmedia":[{"embeddable":true,"href":"https:\/\/travelshelper.com\/sr\/wp-json\/wp\/v2\/media\/4116"}],"wp:attachment":[{"href":"https:\/\/travelshelper.com\/sr\/wp-json\/wp\/v2\/media?parent=8782"}],"curies":[{"name":"wp","href":"https:\/\/api.w.org\/{rel}","templated":true}]}}