{"id":8773,"date":"2024-09-04T20:45:01","date_gmt":"2024-09-04T20:45:01","guid":{"rendered":"https:\/\/travelshelper.com\/staging\/?page_id=8773"},"modified":"2026-03-13T17:34:10","modified_gmt":"2026-03-13T17:34:10","slug":"kolumbo","status":"publish","type":"page","link":"https:\/\/travelshelper.com\/sr\/destinations\/north-america\/united-states\/columbus\/","title":{"rendered":"Kolumbo"},"content":{"rendered":"<p>Kolumbus je glavni grad i puls Ohaja, grada koji se preobra\u017eava iz mirnog grada na srednjem zapadu u dinami\u010dan urbani centar. Sa populacijom od 905.748 stanovnika u 2020. godini, Kolumbus je najve\u0107i grad u Ohaju i 14. po veli\u010dini u zemlji. NJegovo metropolitansko podru\u010dje od deset okruga ima oko 2,14 miliona ljudi, \u0161to ga \u010dini najve\u0107im metropolitanskim podru\u010djem u potpunosti u Ohaju. Ekonomija Kolumbusa je raznolika i raste: dom je najve\u0107e privatne organizacije za istra\u017eivanje i razvoj na svetu (Battelle Memorial Institute) i Chemical Abstracts Service, \u0161to odra\u017eava snage u nauci i tehnologiji. Glavna korporativna sedi\u0161ta uklju\u010duju OhioHealth (zdravstvena za\u0161tita), Nationwide Insurance, Cardinal Health, L Brands (ranije The Limited) i Abercrombie &amp; Fitch, izme\u0111u ostalih. Grad je dodao oko 164.000 radnih mesta od 2010. do 2017. godine, \u0161to ga rangira na drugom mestu u zemlji u tom periodu (znak sna\u017enog rasta). Klju\u010dni sektori obuhvataju obrazovanje (Dr\u017eavni univerzitet Ohaja, sa preko 60.000 studenata, jedan je od vode\u0107ih poslodavaca), osiguranje\/finansije, maloprodaju, logistiku, tehnologiju i istra\u017eivanje. Kolumbus je uglavnom bolje prebrodio ekonomske padove od mnogih konkurenata zahvaljuju\u0107i ovoj \u0161irokoj bazi.<\/p>\n<p>Kolumbus se nalazi blizu centra Ohaja (u okrugu Frenklin), otprilike na pola puta izme\u0111u Klivlenda i Sinsinatija. NJegov teren je uglavnom ravan do blago valovit; zna\u010dajna karakteristika su brojni mali slivovi (reke Olentangi i Skioto), koji snabdevaju lokalne parkove i jezerska podru\u010dja. Gradska zelena staza Skioto Majl obnovila je priobalje grada, povezuju\u0107i parkove, staze i fontane du\u017e reke Skioto. Kolumbus se nalazi na oko 40\u00b0 severne geografske \u0161irine i \u010dvrsto se nalazi u zoni vla\u017ene kontinentalne klime. Leta su mu topla i vla\u017ena, \u010desto se penju\u0107i do 27-32 \u00b0C, dok su zime hladne (sa prose\u010dno najni\u017eim temperaturama oko -1 \u00b0C). Sne\u017ene padavine su umerene, ali manje intenzivne nego u severnom Ohaju (lokacija Kolumbusa ga \u0161tedi na obilnom snegu koji podse\u0107a na jezerski efekat). Posetioci do\u017eivljavaju \u010detiri razli\u010dita godi\u0161nja doba: \u017eivahna prole\u0107a, ponekad lepljiva leta, hladne jeseni i hladne zime.<\/p>\n<p>Podru\u010dje koje je postalo Kolumbus prvobitno je bilo deo Vird\u017einijskog vojnog okruga nakon Ameri\u010dkog rata za nezavisnost, a naselja su se pojavila po\u010detkom 19. veka. Grad je osnovan 1812. godine (zvani\u010dno je progla\u0161en za grad), nazvan po Kristoferu Kolumbu, a izabran za glavni grad dr\u017eave Ohajo 1816. godine, uglavnom da bi mu se obezbedila centralna lokacija u dr\u017eavi. Prvobitno planiran kao grad sa mre\u017eom, u po\u010detku je sporo rastao. Kanal (Ohajo i Iri) i kasnije \u017eeleznice podstakli su porast stanovni\u0161tva u 19. veku. Evropski imigranti \u2013 posebno Nemci i Irci \u2013 stizali su u talasima, naseljavaju\u0107i se na periferiji i doprinose\u0107i pivarskim i crkvenim zajednicama. Kako je nema\u010dko stanovni\u0161tvo gradilo pivare i univerzitete, Kolumbus je postao raznolik grad na Srednjem zapadu.<\/p>\n<p>Posle Drugog svetskog rata, Kolumbus se pro\u0161irio fizi\u010dki (postaju\u0107i jedan od najve\u0107ih gradova u dr\u017eavi po povr\u0161ini) i ekonomski. Bio je manje industrijski i vi\u0161e \u201ebelokrakni\u201c od starijih gradova \u201eR\u0111avog pojasa\u201c, \u0161to mu je pomoglo da izbegne ozbiljan pad. Glavne istorijske znamenitosti uklju\u010duju zgradu dr\u017eavne uprave Ohaja (zavr\u0161enu 1861. godine u stilu gr\u010dkog preporoda grada), \u0160ort Nort i German Vilid\u017e iz 19. veka (pivarska i imigrantska \u010detvrt), i institucije poput Univerziteta Ohajo Veslijan. U skorije vreme, Kolumbus je pro\u0161ao kroz urbanu revitalizaciju: centar grada je obnovljen tehnolo\u0161kim firmama, stambenim kulama i parkovima. Devedesete i dvehiljadite godine do\u017eivele su transformaciju starih podru\u010dja: \u0160ort Nort je postao umetni\u010dki koridor, pojavio se Arena Distrikt (izgra\u0111en oko Nej\u0161nvajd arene), a mesta poput German Vilid\u017ea su pa\u017eljivo o\u010duvana. Kolumbus tako\u0111e nosi neke mra\u010dnije note: bio je doma\u0107in skupa \u201eUjedinite desnicu\u201c 2017. godine (nasilje ispred zgrade dr\u017eavne uprave), od \u010dega se od tada uglavnom oporavio. Danas se predstavlja kao grad koji gleda u budu\u0107nost (npr. pobedio je na inovativnom takmi\u010denju \u201ePametni grad\u201c 2018. godine), ali njegova istorija je vidljiva u svakoj obnovljenoj ulici i reinterpretiranom okrugu.<\/p>\n<p>Kolumbus je mladala\u010dki, eklekti\u010dan i preduzetni\u010dki nastrojen grad. Dom ogromne studentske populacije (Univerzitet dr\u017eave Ohajo) i rastu\u0107e umetni\u010dke zajednice, grad ima energiju, ali ne i \u017eurbu priobalne metropole. Lokalni karakter prihvata dru\u017eeljubivost Srednjeg zapada: ljudi su dru\u0161tveni (\u201erazgovaraju sa vama kao sa kom\u0161ijom\u201c), kreativni i gra\u0111anski orijentisani. Kolumbus slavi svoj multikulturalizam. NJegova demografija se brzo menja, sa rastu\u0107im hispanskim, afri\u010dkim, azijskim, somalijskim, butanskim i bliskoisto\u010dnim zajednicama poslednjih decenija. Ova raznolikost se ogleda u naseljima i festivalima.<\/p>\n<p>Tradicije Kolumbusa su me\u0161avina poznatog duha malog grada i strasti velikog grada. Grad je doma\u0107in godi\u0161njeg dr\u017eavnog sajma Ohaja (krajem jula - avgusta), jednog od najve\u0107ih dr\u017eavnih sajmova u zemlji, koji privla\u010di porodice \u0161irom dr\u017eave vo\u017enjama, stokom i d\u017einovskim skulpturama od putera. Festival umetnosti u Kolumbusu i Festival d\u017eeza i rebara (letnji umetni\u010dki i muzi\u010dki doga\u0111aji na obali reke) privla\u010de lokalno stanovni\u0161tvo. Muzika je velika: svakog juna, Nej\u0161nvajd arena je puna festivala umetnosti i muzike Sonik Templ (rok\/alternativa), zamenjuju\u0107i stari Rok on d Rejnd\u017e. Vikend ponosa u junu je ogroman \u2013 Kolumbus se ubraja me\u0111u najve\u0107e proslave ponosa u SAD, isti\u010du\u0107i svoju zna\u010dajnu LGBT zajednicu (procenjuje se na oko 34.000 ljudi). KomFest (Gudejl park, poslednjeg vikenda u junu) je poznati eklekti\u010dni letnji uli\u010dni festival, koji se reklamira kao najve\u0107i u zemlji. <em>nekomercijalno<\/em> muzi\u010dki\/umetni\u010dki festival. Svakog 4. jula se du\u017e reke Skioto odr\u017eava vatromet \u201eCrveno, belo i bum\u201c, koji privla\u010di preko pola miliona ljudi. Sezonski festivali su brojni: \u201eGallery Hops\u201c u \u0160ort Nortu (mese\u010dna umetni\u010dka \u0161etnja), \u201eGerman Village\u201c u septembru i godi\u0161nji \u201eBoo at the Zoo\u201c u zoolo\u0161kom vrtu Kolumbus u oktobru.<\/p>\n<p>Atmosfera u kom\u0161iluku varira: Umetni\u010dki okrug \u0160ort Nort vrvi od galerija, murala i modernih restorana \u2013 nalazi se u blizini centra grada i pogodan je za pe\u0161a\u010denje. German Vilid\u017e, sa svojim ulicama od cigle i \u017eardinjerama saksijama, deluje kao neobi\u010dni stari evropski grad (mesto odr\u017eavanja mnogih gore navedenih festivala). Viktorijanske ku\u0107e u Viktorijan Vilid\u017eu i Italijan Vilid\u017eu odi\u0161u karakterom. Arena Distrikt je mesto gde ljudi idu na hokeja\u0161ke utakmice i u sportske barove. Klintonvil i Aper Arlington severno od kampusa su zelene prigradske enklave. \u0160irom grada postoji sna\u017ean ose\u0107aj zajedni\u0161tva; lokalne zastave ponosa i murali su svuda.<\/p>\n<p>Atrakcije Kolumbusa kombinuju porodi\u010dnu zabavu sa kulturnom dubinom. Najva\u017eniji je kampus Dr\u017eavnog univerziteta Ohaja (iako sam po sebi nije turisti\u010dka destinacija, ogroman je \u2013 pogledajte Oval, cigleni stadion Dr\u017eavnog univerziteta Ohaja \u201eCipela\u201c i arhitekturu Veksner centra). Me\u0111u atrakcijama u centru grada su zgrada Dr\u017eavnog univerziteta Ohaja (obileci zgrade Kapitola) i Muzej umetnosti Kolumbusa (ameri\u010dka i evropska umetnost, plus neobi\u010dni \u201eTopijarni park\u201c). Re\u010dna \u0161etnica Sajoto Majl nudi fontane, amfiteatre i pogled na grad.<\/p>\n<p>Porodice se okupljaju u COSI (Centru nauke i industrije) \u2013 ogromnom interaktivnom muzeju nauke za sve uzraste. Zoolo\u0161ki vrt i akvarijum u Kolumbusu (oko 16 kilometara severno, koji je proslavio D\u017dek Hana) konstantno se rangira me\u0111u najboljim zoolo\u0161kim vrtovima u Americi, sa novim stani\u0161tem polarnih medveda i jedinstvenim safari parkom. U blizini se nalazi i akvarijum u NJuportu (preko reke u Kentakiju). Konzervatorijum i botani\u010dka ba\u0161ta u parku Franklin su obavezne za ljubitelje biljaka (ne propustite izlo\u017ebe stakla \u010cihuli u staklenicima). LJubitelji istorije u\u017eivaju u Istorijskom centru Ohaja i Ohajo Vilid\u017eu (muzej istorije na otvorenom). Centar za posetioce Nema\u010dkog sela (\u0160iler park) i Gudejl park su prijatne gradske zelene povr\u0161ine.<\/p>\n<p>Neobi\u010dna mesta uklju\u010duju murale u \u0160ort Nortu, Legolend Diskaveri Centar i neobi\u010dnu vrte\u0161ku u Centru za nauku i industriju. Sportski objekti \u2013 stadion Ohajo (fudbalski tim Bakajsa) i Nej\u0161nvajd Arena (hokejski tim Blu D\u017deketsa) \u2013 sami po sebi privla\u010de posetioce, kao i sezonske turiste koji vole univerzitetski fudbal. Glavna filijala Metropolitanske biblioteke Kolumbus (stara zgrada oru\u017earnice) \u010desto je doma\u0107in umetni\u010dkih sajmova i instalacija.<\/p>\n<p>Trgova\u010dke\/turisti\u010dke \u010detvrti: Iston Taun Centar (luksuzni tr\u017eni centar na otvorenom) i Polaris Fe\u0161n Plejs (modni tr\u017eni centar) pru\u017eaju glavne atrakcije za kupovinu. Za lokalno iskustvo, Nort Market (od 1876. godine) nudi vina iz Ohaja, me\u0111unarodnu hranu i festivale.<\/p>\n<p>U su\u0161tini, \u0161arm Kolumbusa je \u0161arm gostoljubivog \u201evelikog malog grada\u201c: ima atmosferu glavne lige (profesionalni sport, kongresni centar, dr\u017eavna vlada), ali deluje prijatno i prijateljski. Posetioci \u0107e prona\u0107i moderne gradske sadr\u017eaje i no\u0107ni \u017eivot uz gostoprimstvo Srednjeg zapada \u2013 intrigantnu kombinaciju ameri\u010dkog srednjeg zapada i progresivne urbane kulture.<\/p>\n<p>Do Kolumbusa se lako sti\u017ee. Me\u0111unarodni aerodrom D\u017don Glen Kolumbus (CMH) nalazi se 6 milja isto\u010dno od centra grada, sa direktnim letovima do ve\u0107ine ameri\u010dkih \u010dvori\u0161ta; prevoznici uklju\u010duju American, Delta, Southwest i United. Nacionalne linije kompanije Amtrak (Cardinal i Capitol Limited) svakodnevno opslu\u017euju Kolumbus preko stanice u Kolumbusu. Me\u0111udr\u017eavni autoputevi I-70 (istok-zapad) i I-71 (sever-jug) prolaze kroz ili blizu centra grada, povezuju\u0107i Kolumbus sa Indijanapolisom, Pitsburgom, Sinsinatijem i Klivlendom.<\/p>\n<p>Kada stigne ovde, Kolumbus ima procvat tranzitnog sistema (autobusi Centralne tranzitne uprave Ohaja), ali mnoge atrakcije su ra\u0161trkane. Iznajmljivanje automobila ili kori\u0161\u0107enje usluga prevoza mo\u017ee biti neophodno za udaljenija predgra\u0111a. Centar grada, \u0160ort Nort i kampus Dr\u017eavnog univerziteta Ohaja su posebno pogodni za pe\u0161a\u010denje i biciklizam (program za deljenje bicikala u Kolumbusu \u201eCoGo\u201c ima stanice). Opse\u017ena mre\u017ea parkova i staza u gradu (uklju\u010duju\u0107i staze Scioto Greenway) \u010dini vo\u017enju biciklom i \u0161etnju prijatnim u mnogim delovima.<\/p>\n<p>Saveti za putnike: Kolumbus je veoma bezbedan za turiste; nasilni kriminal je nizak u turisti\u010dkim i poslovnim zonama. Uz to re\u010deno, kao i u svakom gradu, dr\u017eite se dobro osvetljenih mesta no\u0107u i budite svesni okoline. Napojnica je ovde uobi\u010dajena kao i u svim SAD (15\u201320% u restoranima). Zakoni o javnoj konzumiranju pi\u0107a (otvorene boce) se primenjuju u centru grada. Lokalna valuta i jezik su uobi\u010dajene ameri\u010dke norme (dolar i engleski). Vreme mo\u017ee biti promenljivo: leta mogu biti vru\u0107a (\u0161to zahteva kremu za sun\u010danje i hidrataciju), a zime mogu doneti efekat jezera ili oluje sa olujama (spakujte kaput i ki\u0161obran). Ohajo nema dodatnih putnih dokumenata osim voza\u010dke dozvole.<\/p>\n<p>Generalno, Kolumbus je glavni grad u razvoju, koji spaja funkcije dr\u017eavne vlade sa energijom univerzitetskog grada i \u017eivahnom urbanom obnovom. Nudi me\u0161avinu \u0161arma Srednjeg zapada, kreativne umetni\u010dke scene i iznena\u0111uju\u0107e raznovrsnih atrakcija \u2013 od istorijskih sela do najsavremenijih nau\u010dnih centara \u2013 \u0161to ga \u010dini privla\u010dnom destinacijom Srednjeg zapada.<a href=\"https:\/\/travelshelper.com\/sr\/destinacije\/severna-amerika\/sjedinjene-americke-drzave\/berkli-springs\/\" target=\"_self\" aria-labelledby=\"uael-post-8997\"><br \/>\n<\/a><\/p>","protected":false},"excerpt":{"rendered":"<p>Kolumbus, glavni i najve\u0107i grad Ohaja, nalazi se na u\u0161\u0107u reka Skioto i Olentangi. Prema popisu iz 2020. godine, broj stanovnika je 905.748, \u0161to ga \u010dini 14. najnaseljenijim gradom u Sjedinjenim Dr\u017eavama i drugim najnaseljenijim na Srednjem zapadu, posle \u010cikaga. Sedi\u0161te okruga Frenklin je ovaj \u017eivahni grad, koji se tako\u0111e prote\u017ee u delove okruga Delaver i Ferfild i \u010dini centar metropolitanskog podru\u010dja Kolumbus, koje obuhvata deset okruga u centralnom Ohaju.<\/p>","protected":false},"author":1,"featured_media":3368,"parent":8072,"menu_order":0,"comment_status":"closed","ping_status":"closed","template":"elementor_theme","meta":{"_eb_attr":"","footnotes":""},"class_list":["post-8773","page","type-page","status-publish","has-post-thumbnail"],"_links":{"self":[{"href":"https:\/\/travelshelper.com\/sr\/wp-json\/wp\/v2\/pages\/8773","targetHints":{"allow":["GET"]}}],"collection":[{"href":"https:\/\/travelshelper.com\/sr\/wp-json\/wp\/v2\/pages"}],"about":[{"href":"https:\/\/travelshelper.com\/sr\/wp-json\/wp\/v2\/types\/page"}],"author":[{"embeddable":true,"href":"https:\/\/travelshelper.com\/sr\/wp-json\/wp\/v2\/users\/1"}],"replies":[{"embeddable":true,"href":"https:\/\/travelshelper.com\/sr\/wp-json\/wp\/v2\/comments?post=8773"}],"version-history":[{"count":0,"href":"https:\/\/travelshelper.com\/sr\/wp-json\/wp\/v2\/pages\/8773\/revisions"}],"up":[{"embeddable":true,"href":"https:\/\/travelshelper.com\/sr\/wp-json\/wp\/v2\/pages\/8072"}],"wp:featuredmedia":[{"embeddable":true,"href":"https:\/\/travelshelper.com\/sr\/wp-json\/wp\/v2\/media\/3368"}],"wp:attachment":[{"href":"https:\/\/travelshelper.com\/sr\/wp-json\/wp\/v2\/media?parent=8773"}],"curies":[{"name":"wp","href":"https:\/\/api.w.org\/{rel}","templated":true}]}}