{"id":8754,"date":"2024-09-04T19:26:15","date_gmt":"2024-09-04T19:26:15","guid":{"rendered":"https:\/\/travelshelper.com\/staging\/?page_id=8754"},"modified":"2026-03-13T17:33:35","modified_gmt":"2026-03-13T17:33:35","slug":"dajtona-bic","status":"publish","type":"page","link":"https:\/\/travelshelper.com\/sr\/destinations\/north-america\/united-states\/daytona-beach\/","title":{"rendered":"Dajtona Bi\u010d"},"content":{"rendered":"<p>\u0160iroka, suncem obala Dejtona Bi\u010da je vizit karta grada \u2013 njegov status \u201esvetski poznatog\u201c prote\u017ee se generacijama unazad. Danas je Dejtona primorski grad skromne veli\u010dine: popis iz 2020. godine broji 72.647 stanovnika, a procenjeni broj poraste na 89.290 do 2025. godine. Stanovni\u0161tvo je raznoliko: otprilike polovina stanovnika su belci, a oko jedne tre\u0107ine Afroamerikanci, uz prisutnost i hispanske manjine (oko 10%). Srednji prihod doma\u0107instva je u rasponu od 50.000 do 51.000 dolara, a oko jedne petine porodica \u017eivi ispod granice siroma\u0161tva. Ekonomski, Dejtona je definisana turizmom i motosportovima. U stvari, dugo se naziva \u201eSvetskim centrom trka\u201c Floride, sa sedi\u0161tem Ku\u0107e slavnih NASKAR-a i Me\u0111unarodne korporacije za spidvej ovde. Ove industrije, plus radna mesta u hotelima i restoranima, dominiraju lokalnom ekonomijom.<\/p>\n<p>Dejtona Bi\u010d se nalazi na atlantskoj obali Floride u okrugu Volusija, otprilike 80 kilometara severoisto\u010dno od Orlanda i 139 kilometara jugoisto\u010dno od D\u017deksonvila. Grad se prostire du\u017e barijernog ostrva ravne priobalne ravnice, sa oko 37 kilometara tvrdo nabijene pla\u017ee sa belim peskom u svom sredi\u0161tu. Klima je suptropska: leta su vru\u0107a i vla\u017ena (\u010desto ubla\u017eena okeanskim povetarcem), a zime blage. Sa prose\u010dno preko 250 sun\u010danih dana godi\u0161nje, vreme u Dejtoni ostaje toplo ve\u0107inu vremena. Okeanske struje i povremene popodnevne grmljavine poma\u017eu u kontroli letnjih vru\u0107ina. Skroman teren zna\u010di da je pejza\u017e uglavnom pesak i more \u2013 iako se u unutra\u0161njosti nalaze zimzelene \u0161ume, jezera i turisti\u010dka naselja u slivu reke Halifaks.<\/p>\n<h2>Dejtona Bi\u010d u brojkama (Stanovni\u0161tvo, demografija, ekonomija)<\/h2>\n<p>Rast stanovni\u0161tva Dejtona Bi\u010da je bio stabilan poslednjih godina. Od oko 72,6 hiljada u 2020. godini, projektovano je da \u0107e dosti\u0107i skoro 90 hiljada sredinom 2020-ih. Demografija grada odra\u017eava njegovu ulogu regionalnog centra: otprilike 54% stanovnika su belci nehispanskog porekla, oko 32% su Afroamerikanci, a ostatak su Hispanoamerikanci ili vi\u0161erasni. (Na nacionalnom nivou, udeo Hispanoamerikanaca u Dejtoni je bio oko 10%). Prose\u010dna starost je oko 30-ih godina, sa me\u0161avinom mladih porodica i penzionera.<\/p>\n<p>Ekonomija Dejtone je izgra\u0111ena na turizmu, doga\u0111ajima i uslu\u017enim industrijama. Na primer, srednji prihod doma\u0107instva je oko 50.100 dolara, \u0161to je blizu nacionalnih normi, iako \u010dak 21% stanovnika \u017eivi ispod granice siroma\u0161tva, \u0161to odra\u017eava razlike u prihodima tipi\u010dne za mnoga turisti\u010dka podru\u010dja. Klju\u010dni poslodavci uklju\u010duju sedi\u0161te Me\u0111unarodne korporacije za spidvej i sedi\u0161te NASKAR-a, kao i Aeronauti\u010dki univerzitet Embri-Ridl i Univerzitet Betjun-Kukman (koji okuplja preko 20.000 studenata). Maloprodaja, ugostiteljstvo i laka proizvodnja (prerada hrane, elektronika, delovi za brodove) tako\u0111e doprinose, ali javno lice Dejtone je prete\u017eno pla\u017eni turizam i motosport.<\/p>\n<h2>Lokacija (region, pejza\u017e, klima)<\/h2>\n<p>Dejtona Bi\u010d se nalazi na isto\u010dnoj obali Sjedinjenih Dr\u017eava, ta\u010dnije du\u017e regiona Floride \u201eZabavna obala\u201c. NJegova lokacija na barijernom ostrvu daje mu ose\u0107aj ostrva iako je deo urbanog podru\u010dja na kopnu. Sama pla\u017ea je od tvrdog peska koji je istorijski dozvoljavao vo\u017enju vozilima (retka karakteristika koju deli samo nekoliko pla\u017ea \u0161irom sveta). Iza pla\u017ee su niske dine i priobalne borove \u0161ume; dalje u unutra\u0161njosti uzdi\u017eu se blago valovita brda centralne Floride. Reka Halifaks (deo Unutra\u0161njeg priobalnog plovnog puta) odvaja Dejtona Bi\u010d od grada Dejtone na kopnu i Ormond Bi\u010da.<\/p>\n<p>Klima je vla\u017ena suptropska (Kepen Cfa). Leta su vru\u0107a, sa \u010destim popodnevnim grmljavinama; dnevne temperature u julu i avgustu iznose prose\u010dno oko 32\u201333\u00b0C (90\u201392\u00b0F). Okeanski povetarac \u010desto \u010dini da vla\u017enost vazduha bude manje opresivna nego u unutra\u0161njosti Floride. Zime su tople po severnim standardima: od decembra do februara temperature obi\u010dno dosti\u017eu sredinu 15\u00b0C, a no\u0107ne temperature retko padaju ispod 10\u00b0C. Dejtona ima oko 270\u2013280 sun\u010danih dana godi\u0161nje (prema nekim procenama), sa blagim, umerenim uslovima ve\u0107inu meseci. Tropske oluje mogu da se pojave tokom sezone uragana (jun\u2013novembar), ali su uragani koji obilaze kopno retki; hladni frontovi prolaze zimi kako bi o\u010distili vlagu. Dnevne i no\u0107ne temperature se ne razlikuju toliko ekstremno kao u kontinentalnijim klimatskim uslovima, zbog umerenog uticaja Atlantika.<\/p>\n<h2>Istorijski pregled (poreklo i prekretnice)<\/h2>\n<p>Podru\u010dje Dejtona Bi\u010da prvobitno je bilo naseljeno autohtonim narodima (Timukua i srodnim plemenima) pre kontakta sa Evropljanima. Moderna Dejtona vu\u010de korene iz perioda posle Gra\u0111anskog rata. Grupa naselja na poluostrvu \u2013 nazvana Dejtona (po svom osniva\u010du Matijasu Deju) i Sibriz, izme\u0111u ostalih \u2013 postepeno se spajala. Zvani\u010dni datum osnivanja se obi\u010dno navodi kao 1870. (godina kada je Matijas Dej osnovao grad). Dejtona je inkorporirana kao grad 1876. godine, a kasnije kao grad Dejtona Bi\u010d 1926. godine.<\/p>\n<p>Po\u010detak 1900-ih doneo je velike promene: dolazak \u017eeleznice i rudarski bum na Floridi podstakao je rast (iako je glavni bum Dejtone bio u turizmu, a ne u rudarstvu). Grad je postao poznat po svojim tvrdim pla\u017eama, koje su bile doma\u0107ini prvih organizovanih brzinskih trka po\u010detkom 20. veka. Primetno je da su trke na pla\u017ei u Dejtona Sitiju i Ormond Bi\u010du privukle pa\u017enju \u0161irom sveta tokom 1930-ih i 1950-ih. Staza Dejtona Bi\u010d Roud bila je epicentar ameri\u010dkih automobilskih trka tokom 1940-ih. Godine 1959, otvoren je prvi Dajtona Interna\u0161onal Spidvej, pomeraju\u0107i glavne trke (uklju\u010duju\u0107i i kultnu Dajtona 500) sa peska na stalnu stazu u unutra\u0161njosti. Grad je postao sedi\u0161te NASKAR-a kao sankcioni\u0161u\u0107eg tela za trke stock-karova.<\/p>\n<p>Tokom 20. veka, Dejtona se dalje razvijala u turisti\u010dki grad. Jo\u0161 jedan skok dogodio se 1980-ih i 90-ih sa doga\u0111ajima namenjenim porodicama i turistima (novi tematski parkovi poput Dejtona Lagun, vodenog parka; pro\u0161irenje hotela; renoviranje \u0161etali\u0161ta). Obrazovne institucije su se tako\u0111e pro\u0161irile. U skorije vreme, rekonstrukcija centra grada i pobolj\u0161anje infrastrukture (kao \u0161to je rekonstrukcija mosta u glavnoj ulici preko reke 1998. godine) modernizovali su centar grada. Generalno, istorija Dejtone je me\u0161avina nasle\u0111a odmora na pla\u017ei i motosporta.<\/p>\n<h2>Kulturna atmosfera (lokalni karakter, tradicije, festivali, na\u010din \u017eivota)<\/h2>\n<p>Kultura Dejtona Bi\u010da je me\u0161avina sun\u010danog, opu\u0161tenog priobalnog \u017eivota i energi\u010dnog spektakla doga\u0111aja. Posetioci \u010desto prime\u0107uju duh motosporta u gradu \u2013 \u010ditave lokalne tradicije se vrte oko trka i biciklizma. Dejtona sebe ponosno naziva \u201eSvetskim centrom trka\u201c. Svake godine, gomile ljudi se slivaju na Nedelje brzine (koje kulminiraju na Dajtona 500 u februaru) i na Nedelju bicikala u martu i Bajktoberfest u oktobru. Ovi doga\u0111aji su legendarni: na primer, Nedelje brzine mogu privu\u0107i preko 200.000 posetilaca za NASKAR trku od 500 milja. Motociklisti\u010dki skupovi sli\u010dno preplavljuju ulice bajkerima iz celog sveta. Pored toga, 24 sata Dejtone (trka izdr\u017eljivih sportskih automobila) i druga velika takmi\u010denja stavljaju Dejtonu na globalnu mapu trka.<\/p>\n<p>Van staze i van sezone, tempo \u017eivota u Dejtoni je izrazito pla\u017ean i opu\u0161ten. Me\u0161tani su poznati po prijateljskom ju\u017enja\u010dkom gostoprimstvu, a atmosfera je opu\u0161tena leti i jeseni kada surfovanje i sunce dominiraju svakodnevnim \u017eivotom. Engleski je dominantan jezik, mada se sa turisti\u010dkom populacijom i hispanskom manjinom \u010desto \u010duju \u0161panski i drugi jezici. Sezonski turizam zna\u010di da radnici u uslu\u017enim industrijama i vlasnici prodavnica \u010desto govore vi\u0161e jezika. Neformalna atmosfera Floride zna\u010di da je obla\u010denje veoma le\u017eerno (kupa\u0107i kostimi, \u0161orcevi i majice). Prakti\u010dni bonton za posetioce uklju\u010duje uobi\u010dajene putni\u010dke norme SAD: bak\u0161i\u0161 (15\u201320%) u restoranima, ljubazno pozdravljanje \u201ezdravo\u201c i \u201ehvala\u201c i strpljenje na prometnim atrakcijama.<\/p>\n<p>Doga\u0111aji u zajednici pored trka su brojni: Dejtona ima vi\u0161e od 60 festivala godi\u0161nje, koji pokrivaju sve, od muzike i umetnosti do hrane i kulturnog nasle\u0111a. Na primer, postoji veliki gr\u010dki festival i parada povodom Dana Svetog Patrika. Bogata me\u0161avina stanovnika podru\u010dja Halifaksa (uklju\u010duju\u0107i studente, penzionere i stanovnike koji \u017eive tokom cele godine) podsti\u010de raznovrsne mogu\u0107nosti za ru\u010davanje i zabavu. Me\u0161tani mogu da pogledaju koncert u Daytona Beach Bandshell-u (stari amfiteatar na pla\u017ei) ili da se opuste u tiki baru u Glavnoj ulici. Generalno, grad se ose\u0107a prijatno i sve\u010dano ve\u0107i deo godine \u2013 mirnije je u zimskim mesecima kada posetioci iz hladnijih regiona pronalaze uto\u010di\u0161te u toplini Dejtone, a vrhunac proslave dosti\u017ee oko njenih glavnih trka\u010dkih i biciklisti\u010dkih doga\u0111aja.<\/p>\n<h2>Najbolje atrakcije (znamenitosti i iskustva koja morate videti)<\/h2>\n<p>Glavna atrakcija Dajtona Bi\u010da je njegova <strong>pla\u017ee<\/strong> sami \u2013 23 milje atlantske obale koja poziva na sun\u010danje, plivanje, surfovanje, pa \u010dak i vo\u017enju po pla\u017ei (na odre\u0111enim, tvrdo nabijenim povr\u0161inama). Pojas peska je javno igrali\u0161te sa spasiocima, besplatnim parkingom i sadr\u017eajima du\u017e cele svoje du\u017eine. Su\u0161tinsko iskustvo Dajtone je vo\u017enja ili tr\u010danje du\u017e \u201etrake\u201c uz pla\u017eu (dr\u017eavni put A1A) zbog pogleda na okean. \u0160etali\u0161te i mol Dajtona Bi\u010d (na severnom kraju grada) je magnet za porodi\u010dnu zabavu: sadr\u017ei arkade, zabavne vo\u017enje i restorane odmah pored okeana. Ovde se mo\u017ee pro\u0161etati \u0161arenim molom iz sredine veka, uloviti sve\u017ee morske plodove ili se voziti Dajtona Skajkosterom i rolerkosterom dok sunce zalazi nad vodom.<\/p>\n<p>Nijedna poseta nije potpuna bez putovanja do <strong>Me\u0111unarodni autoput Dajtona<\/strong>Ova ogromna ovalna staza, dom godi\u0161nje trke Dajtona 500, nudi ture i muzej istorije trka sa puno adrenalina. Posetioci mogu da se voze u pejs karu ili da isprobaju simulator trka. \u010cak i oni koji nisu ljubitelji trka cene istoriju ovog mesta i priliku da vide trka\u010dke automobile izbliza. (Spidvej dominira kulturom grada i \u010desto se opisuje kao mesto koje se mora videti na svakom putovanju po Dajtoni.)<\/p>\n<p>Kulturne i porodi\u010dne atrakcije upotpunjuju ponudu. Muzej umetnosti i nauke (MOAS) \u2013 veliki nau\u010dni muzej i planetarijum u Dejtoni \u2013 je hit i kod dece i kod odraslih, sa svime, od eksponata lokalne istorije do predstava sa \u017eivim \u017eivotinjama. U blizini, vodeni park Dejtona Lagun nudi tobogane i bazene sa talasima za vru\u0107a popodneva. \u0160armantna fabrika \u010dokolade An\u0111el i Felps nudi ture i besplatne uzorke ru\u010dno ra\u0111enih slatki\u0161a. Za panoramski pogled, kratka vo\u017enja ka jugu do svetionika Ponse de Leon Inlet (tehni\u010dki odmah izvan pla\u017ee Dejtona) nagra\u0111uje penja\u010de prelepim okeanskim pogledom.<\/p>\n<p>U centru Dejtone (na kopnenoj strani), stanica Riversajd i park Riverfront su doma\u0107ini festivala, koncerata i Istorijskog muzeja Halifaksa. Auditorijum Pibodi je doma\u0107in brodvejskih predstava i rok koncerata. A \u0161etali\u0161te Dejtona je doma\u0107in letnjih doga\u0111aja poput projekcija filmova na otvorenom i sezonskih karnevala. LJubitelji prirode tako\u0111e se upu\u0161taju u obli\u017enje parkove: Dr\u017eavni park Tomoka (severno) nudi prirodne staze i vo\u017enju kajakom, dok je dr\u017eavna rekreativna zona Gembl Rod\u017eers (na jugu) popularno mesto za kampovanje na barijernom ostrvu.<\/p>\n<h2>Prakti\u010dni pregled (kako sti\u0107i, kako se kretati, saveti)<\/h2>\n<p><strong>Kako do\u0107i:<\/strong> Do Dejtona Bi\u010da se lako sti\u017ee vazduhom, drumom i \u017eeleznicom. Me\u0111unarodni aerodrom Dejtona Bi\u010d (DAB), koji se nalazi u samom gradu, ima ograni\u010dene komercijalne usluge (prevoznici poput Delte i Amerikena lete za Atlantu i \u0160arlot). Mnogi posetioci umesto toga koriste ve\u0107e obli\u017enje aerodrome: Orlando Interna\u0161onal (oko 120 kilometara ju\u017eno) ili D\u017deksonvil Interna\u0161onal (oko 145 kilometara severno) \u2013 svaki je udaljen otprilike 90 minuta vo\u017enje. Automobilom, me\u0111udr\u017eavni put 95 ide du\u017e kopnene strane Dejtone, a I-4 se zavr\u0161ava oko 16 kilometara jugozapadno, povezuju\u0107i se sa Orlandom i Tampom. Slikoviti autoput A1A prote\u017ee se du\u017e pla\u017ee za lokalnu vo\u017enju. U Dejtoni nema ve\u0107e putni\u010dke \u017eelezni\u010dke stanice; najbli\u017ee stanice Amtraka su u Delandu ili D\u017deksonvilu, \u0161to \u010desto zahteva vezu autobusom.<\/p>\n<p><strong>Kretanje:<\/strong> Unutar Dejtona Bi\u010da, toplo se preporu\u010duje posedovanje automobila kako biste obi\u0161li sve atrakcije. Grad je prili\u010dno ra\u0161iren \u2013 pla\u017ea, centar grada, univerzitetski kampusi i stambene zone udaljeni su nekoliko kilometara. Me\u0111utim, centralne pla\u017ee i priobalje su pogodne za pe\u0161ake (\u0161etali\u0161ta, \u0161etali\u0161ta i kratak centar grada). Autobuski sistem okruga Volusija (Votran) opslu\u017euje grad, ali po ograni\u010denom rasporedu. Za turiste, taksiji ili usluge prevoza (Uber\/Lyft) su lako dostupni, a mnogi hoteli nude uslugu prevoza tokom doga\u0111aja. Parking mesta ima u izobilju i obi\u010dno je besplatan na pla\u017eama, mada se pla\u0107ene gara\u017ee pojavljuju u centru grada. Voza\u010di u Dejtoni po\u0161tuju standardna ameri\u010dka pravila: voze desnom stranom, po\u0161tuju ograni\u010denja brzine (koja se mogu strogo primenjivati tokom velikih doga\u0111aja) i daju prednost pe\u0161acima na pe\u0161a\u010dkim prelazima.<\/p>\n<p><strong>Osnovni saveti:<\/strong><\/p>\n<ul>\n<li><strong>Valuta i pla\u0107anje:<\/strong> Koristi se ameri\u010dki dolar. Kreditne kartice se \u0161iroko prihvataju (nosite samo skromnu gotovinu). Napojnica (15\u201320%) za restorane i taksi usluge je uobi\u010dajena.<\/li>\n<li><strong>Jezik:<\/strong> Engleski je glavni jezik. \u0160panski je tako\u0111e uobi\u010dajen (mnogi zaposleni u turizmu ga govore), \u0161to odra\u017eava demografiju Floride. Dovoljne su jednostavne fraze na bilo kom jeziku.<\/li>\n<li><strong>Ode\u0107a:<\/strong> Obla\u010denje je le\u017eerno tokom cele godine. Leti su obavezne lagane tkanine, \u0161e\u0161iri i sandale. U hladnijim mesecima ponesite laganu jaknu za ve\u010deri. Nao\u010dare za sunce i kupa\u0107i kostim se preporu\u010duju u bilo koje vreme; sunce u Dejtoni mo\u017ee biti jako.<\/li>\n<li><strong>Bonton i bezbednost:<\/strong> Me\u0161tani su ljubazni i ljubazni. Topao pozdrav i \u201emolim\/hvala\u201c mnogo zna\u010de. Ve\u0107ina Amerikanaca daje skroman bak\u0161i\u0161 radnicima u uslu\u017enoj slu\u017ebi, pa o\u010dekujte da \u0107ete dodati 15% na ra\u010dune u restoranu. Bezbednost je generalno dobra \u2013 kako napominje lokalna turisti\u010dka organizacija, Dejtona Bi\u010d ima \u201ezaslu\u017eenu reputaciju bezbednog mesta\u201c za posetioce. Ipak, koristite mere predostro\u017enosti zdravog razuma: zaklju\u010dajte vredne stvari u sobi ili autu, nosite samo minimalno gotovine i budite svesni svoje okoline nakon mraka. Hitne slu\u017ebe su dobre (pozovite 911 za svaku hitnu situaciju). Bezbednost na pla\u017ei je va\u017ena: plivajte u blizini podru\u010dja sa spasiocima, obratite pa\u017enju na upozorenja o talasnim strujama i uvek nosite kremu za sun\u010danje.<\/li>\n<li><strong>Zdravlje i \u017eivotna sredina:<\/strong> Zbog nivoa tla, nadmorska visina nije problem, ali vla\u017enost vazduha leti mo\u017ee da vas dehidrira; pijte vodu \u010desto. Ako pose\u0107ujete zimi, ponesite d\u017eemper ili jaknu \u2013 ve\u010deri mogu biti iznena\u0111uju\u0107e hladne nakon zalaska sunca. Komarci se mogu pojaviti u blizini vode u toplijim mesecima, pa je sredstvo protiv insekata korisno.<\/li>\n<\/ul>\n<p>Generalno, Dejtona Bi\u010d nudi gostoljubivo okru\u017eenje i me\u0111unarodnim i ameri\u010dkim putnicima. NJegove sun\u010dane pla\u017ee i veliki doga\u0111aji pru\u017eaju uzbu\u0111enje, dok njegova skromna veli\u010dina i \u0161arm Floride \u010dine stvari pristupa\u010dnim. Uz pravu pripremu - za\u0161titu od sunca, po\u0161tovanje i slobodan raspored za odlazak na trku ili festival - spremni ste za bezbedan i zabavan boravak na ovoj stalno prisutnoj pla\u017enoj destinaciji.<a href=\"https:\/\/travelshelper.com\/sr\/destinacije\/severna-amerika\/sjedinjene-americke-drzave\/berkli-springs\/\" target=\"_self\" aria-labelledby=\"uael-post-8997\"><br \/>\n<\/a><\/p>","protected":false},"excerpt":{"rendered":"<p>Dejtona Bi\u010d, priobalni turisti\u010dki grad u okrugu Volusija na Floridi, je \u017eivahna destinacija poznata po svojoj prepoznatljivoj kombinaciji prirodnih lepota, istorijskog zna\u010daja i uzbudljivih motosportova. Sme\u0161ten na isto\u010dnoj obali Sjedinjenih Dr\u017eava, Dejtona Bi\u010d ima 72.647 stanovnika prema popisu iz 2020. godine. Kao deo metropolitanskog podru\u010dja Deltona-Dejtona Bi\u010d-Ormond Bi\u010d, glavni je grad u oblasti Zabavne obale Floride.<\/p>","protected":false},"author":1,"featured_media":3391,"parent":8072,"menu_order":0,"comment_status":"closed","ping_status":"closed","template":"elementor_theme","meta":{"_eb_attr":"","footnotes":""},"class_list":["post-8754","page","type-page","status-publish","has-post-thumbnail"],"_links":{"self":[{"href":"https:\/\/travelshelper.com\/sr\/wp-json\/wp\/v2\/pages\/8754","targetHints":{"allow":["GET"]}}],"collection":[{"href":"https:\/\/travelshelper.com\/sr\/wp-json\/wp\/v2\/pages"}],"about":[{"href":"https:\/\/travelshelper.com\/sr\/wp-json\/wp\/v2\/types\/page"}],"author":[{"embeddable":true,"href":"https:\/\/travelshelper.com\/sr\/wp-json\/wp\/v2\/users\/1"}],"replies":[{"embeddable":true,"href":"https:\/\/travelshelper.com\/sr\/wp-json\/wp\/v2\/comments?post=8754"}],"version-history":[{"count":0,"href":"https:\/\/travelshelper.com\/sr\/wp-json\/wp\/v2\/pages\/8754\/revisions"}],"up":[{"embeddable":true,"href":"https:\/\/travelshelper.com\/sr\/wp-json\/wp\/v2\/pages\/8072"}],"wp:featuredmedia":[{"embeddable":true,"href":"https:\/\/travelshelper.com\/sr\/wp-json\/wp\/v2\/media\/3391"}],"wp:attachment":[{"href":"https:\/\/travelshelper.com\/sr\/wp-json\/wp\/v2\/media?parent=8754"}],"curies":[{"name":"wp","href":"https:\/\/api.w.org\/{rel}","templated":true}]}}