{"id":8748,"date":"2024-09-04T19:12:38","date_gmt":"2024-09-04T19:12:38","guid":{"rendered":"https:\/\/travelshelper.com\/staging\/?page_id=8748"},"modified":"2026-03-13T17:33:15","modified_gmt":"2026-03-13T17:33:15","slug":"dolina-jelena","status":"publish","type":"page","link":"https:\/\/travelshelper.com\/sr\/destinations\/north-america\/united-states\/deer-valley\/","title":{"rendered":"Dolina jelena"},"content":{"rendered":"<p>Sme\u0161ten u planinskom vencu Vasa\u010d u Juti, Dir Vali je svetski poznato planinsko odmarali\u0161te, a ne grad. U stvari, Dir Vali uop\u0161te nije inkorporirani grad, ve\u0107 naziv luksuznog skijali\u0161ta koje se nalazi u Park Sitiju. Pa ipak, za putnike funkcioni\u0161e kao destinacija sama po sebi. Po brojevima, zajednica Dir Vali (\u010desto uklju\u010duju\u0107i i susedna naselja) ima oko 8.300\u20138.500 stanovnika tokom cele godine. Ovi stanovnici su obi\u010dno imu\u0107ni (prose\u010dan pojedina\u010dni prihod oko 80.000 dolara) i dobro obrazovani, sa prose\u010dnom staro\u0161\u0107u oko 41 godine. Skoro svi su dr\u017eavljani SAD; stanovnika ro\u0111enih u inostranstvu je veoma malo (\u0161to odra\u017eava op\u0161tu demografiju Jute). Ekonomski, \u017eivotna snaga ovog podru\u010dja je turizam. Odmarali\u0161te Dir Vali, u vlasni\u0161tvu kompanije Altera Mauntin, dominira lokalnom zaposleno\u0161\u0107u, zajedno sa luksuznim ugostiteljstvom, restoranima i nekretninama. Profil nekretnina opisuje Dir Vali kao \u201epoznat po svojim rasko\u0161nim skija\u0161kim ku\u0107ama i uslugama svetske klase kao \u0161to su restorani, \u0161kola skijanja i sme\u0161taj\u201c \u2013 sa\u017eet rezime onoga \u0161to pokre\u0107e ekonomiju ovde. (Osim turizma, u Dir Valiju prakti\u010dno nema nezavisne industrije ili proizvodnje.)<\/p>\n<p>Dir Vali se nalazi visoko u Stenovitim planinama severnog Jute. Odmarali\u0161te se nalazi severoisto\u010dno od Park Sitija, u okrugu Samit, oko 51 km jugoisto\u010dno od centra Solt Lejk Sitija. Zauzima severnu stranu planina Park Sitija, sa centrom oko Snou Parka (osnovnog podru\u010dja) i prote\u017ee se do vrha Lejdi Morgan. Okolni pejza\u017e je strm, sa borovim i jelovim \u0161umama i neravnim grebenima. Sa \u017ei\u010dara ili staza Dir Valija gleda se preko \u0161umovitih kanjona i dole u \u200b\u200bdolinu Park Sitija. Na otprilike 2000\u20132150 metara nadmorske visine, vazduh je dovoljno razre\u0111en da pru\u017ei pravi ose\u0107aj planine (i da stvori spektakularne panoramske poglede na venac Vosa\u010d u Juti).<\/p>\n<p>Klima u Dir Valiju je alpska. Prema klimatolo\u0161kim podacima, kvalifikuje se kao vla\u017ena kontinentalna (K\u00f6ppen Dfb). To zna\u010di da ima hladne, sne\u017ene zime i topla leta. U prakti\u010dnom smislu, zimske temperature \u010desto padaju ispod -18\u00b0C preko no\u0107i, a dnevne temperature su obi\u010dno izme\u0111u 0 i 5\u00b0C. Va\u017eno je napomenuti da su sne\u017ene padavine obilne: Dir Vali u proseku ima oko 713 cm snega godi\u0161nje. Ovaj veliki sne\u017eni pokriva\u010d odr\u017eava skija\u0161ku sezonu dugom (\u010desto od kraja novembra do aprila). Letnji dani su obi\u010dno topli (20\u201327\u00b0C), mada se no\u0107i brzo hlade; vazduh mo\u017ee biti vla\u017ean zbog povremenih monsunskih oluja. Dir Vali ima \u010detiri razli\u010dita godi\u0161nja doba \u2013 bujno zelenilo i vodopade u prole\u0107e, sun\u010dane planinske dane leti, blistavo li\u0161\u0107e u jesen i sne\u017enu zimsku \u010daroliju. Nadmorska visina zna\u010di jako sunce tokom cele godine, pa se posetiocima savetuje da koriste za\u0161titu od sunca \u010dak i u hladnim danima.<\/p>\n<h2>Dir Vali u brojkama (Stanovni\u0161tvo, Demografija, Ekonomija)<\/h2>\n<p>Kao \u0161to je napomenuto, sam Dir Vali nije op\u0161tina, ali za kontekst se mo\u017ee razmotriti podru\u010dje Park Sitija. Park Siti je 2020. godine imao oko 8.396 stanovnika. U praksi, podru\u010dje koje pokriva Dir Vali (uklju\u010duju\u0107i naselja Gornjeg Dir Valija) je sli\u010dne veli\u010dine: otprilike 8.300 ljudi. Lokalno stanovni\u0161tvo prete\u017eno prete\u017eno \u010dine stariji i imu\u0107niji: srednji prihod doma\u0107instva je reda veli\u010dine 80\u201390 hiljada dolara, a prihod po glavi stanovnika oko 37.000 dolara. Grad Park Siti (a samim tim i Dir Vali) je prete\u017eno beli nehispanskog porekla (~85\u201390%), sa malim azijskim i hispanskim zajednicama i vrlo malo Afroamerikanaca. Stanovnici ro\u0111eni u inostranstvu su skromna manjina (Park Siti je popularan me\u0111u me\u0111unarodnim posetiocima i sezonskim radnicima, ali ve\u0107ina dugoro\u010dnih stanovnika je ro\u0111ena u SAD).<\/p>\n<p>Ekonomija Dir Valija se skoro u potpunosti vrti oko rekreacije na otvorenom i ugostiteljstva. Skijanje i planinske usluge pokre\u0107u veliku ve\u0107inu radnih mesta. Sam Dir Vali Rizort zapo\u0161ljava hiljade ljudi zimi, a mnogi restorani, prodavnice i hoteli u gradu opslu\u017euju skija\u0161ke turiste. Nekretnine su jo\u0161 jedan ekonomski motor \u2013 luksuzne skija\u0161ke ku\u0107e i stanovi u ovom podru\u010dju su tr\u017ei\u0161te vredno vi\u0161e milijardi dolara. Ovde u su\u0161tini nema industrijskih postrojenja ili ve\u0107ih neturisti\u010dkih preduze\u0107a. Pored toga, doprinosi i \u0161ira ekonomija Park Sitija: tokom leta, turizam se prebacuje na planinarenje, vo\u017enju biciklom i festivale (kao \u0161to je Muzi\u010dki festival u Dir Valiju), \u0161to tako\u0111e pove\u0107ava lokalne prihode. Nije neuobi\u010dajeno da Park Siti (uklju\u010duju\u0107i Dir Vali) generi\u0161e preko pola milijarde dolara godi\u0161nje prihoda od turizma. Sezonski turizam zna\u010di da su mnogi poslovi sa skra\u0107enim radnim vremenom ili zasnovani na rasporedima u glavnoj sezoni. Generalno, bogatstvo, niska nezaposlenost i infrastruktura Dir Valija odra\u017eavaju ekonomiju koju oblikuje skija\u0161ka i odmarali\u0161na industrija.<\/p>\n<h2>Lokacija (region, pejza\u017e, klima)<\/h2>\n<p>Dir Vali se nalazi u regionu Mauntin Vest Sjedinjenih Dr\u017eava, u zapadno-severno-centralnom delu Jute. Geografski gledano, zauzima venac Vasa\u010d, koji je i sam deo Stenovitih planina. \u017di\u010dare odmarali\u0161ta dosti\u017eu oko 2.937 metara na vrhu Flagstaf, dok je podno\u017eje oko 2.197 metara, \u0161to daje vertikalni pad od 917 metara. Okolni teren uklju\u010duje visoke vrhove, gle\u010derske kotline i guste \u010detinarske \u0161ume. Klima je, kao \u0161to je napomenuto, kontinentalna, planinska: zimama dominira pacifi\u010dka vlaga koja nanosi obilan sneg na Vasa\u010d, dok leti nebo ima vedro sa povremenim grmljavinama. (Prema Kepenovoj klasifikaciji, Dir Vali spada u Dfb zonu.) Zimi, oluje \u010desto zahvataju planine, ostavljaju\u0107i Vasa\u010d sa dubokim snegom u hladnim dolinama. Nadmorska visina zna\u010di razre\u0111eniji vazduh, tako da \u010dak i sun\u010dani letnji dani mogu biti hladni \u2013 na primer, prose\u010dna najvi\u0161a temperatura u julu je oko 27\u00b0C, sa no\u0107ima iznad 10\u00b0C. Zimi o\u010dekujte sneg na tlu od kraja novembra do sredine aprila. Sve u svemu, lokacija i klima Dir Valija \u010dine ga klasi\u010dnim skijali\u0161tem na Stenovitim planinama: \u017eivopisni vrhovi, suve sun\u010dane zime (kada sunce sija) i livade divljeg cve\u0107a leti.<\/p>\n<h2>Istorijski pregled (poreklo i prekretnice)<\/h2>\n<p>Istorija Dir Valija kao rekreativnog podru\u010dja zapravo se\u017ee skoro jedan vek unazad. Tridesetih godina 20. veka, Park Siti je bio doma\u0107in godi\u0161njih skija\u0161kih karnevala, a 1936\u201337. godine Svetska penziona asocijacija (WPA) je izgradila neke od prvih staza na ovim planinama. Do 1946. godine lokalni stanovnici (Ralf Berns i Bil Karpenter) su instalirali prvu \u017ei\u010daru u tom podru\u010dju na onome \u0161to je sada padina Snou Parka. Decenijama je ovaj teren bio poznat jednostavno kao skijali\u0161te Park Siti. Glavna prekretnica dogodila se 1981. godine, kada je biznismen iz Solt Lejk Sitija, Edgar Stern, osnovao Dir Vali Rizort kao zasebnu skija\u0161ku operaciju. Regrutovao je norve\u0161kog olimpijskog osvaja\u010da zlatne medalje, Stajna Eriksena, da vodi \u0161kolu skijanja, postavljaju\u0107i ton visoke usluge i luksuza. Od tog osnivanja, Dir Vali se brzo \u0161irio: do kraja osamdesetih godina 20. veka dodao je \u017ei\u010dare i staze na obli\u017enjim vrhovima Bold i Lejdi Morgan. Zna\u010dajna zanimljivost istorije je da je Dir Vali zabranio snoubording od samog svog otvaranja \u2013 ostaje jedan od samo tri velika ameri\u010dka odmarali\u0161ta koja isklju\u010divo slu\u017ee skija\u0161ima (tradicija koja odra\u017eava atmosferu stare \u0161kole planine).<\/p>\n<p>Dir Vali je tako\u0111e igrao ulogu na svetskoj sceni: bio je mesto odr\u017eavanja takmi\u010denja tokom Zimskih olimpijskih igara 2002. godine u Solt Lejk Sitiju. Odmarali\u0161te je bilo doma\u0107in svih mu\u0161kih i \u017eenskih mogulskih, akrobatskih i slalomskih takmi\u010denja, do\u010dekuju\u0107i hiljade gledalaca. Uo\u010di 2002. godine, Dir Vali je investirao u sneg i pobolj\u0161anja sme\u0161taja kako bi se pripremio za globalnu pa\u017enju. Nakon Olimpijskih igara, Dir Vali je nastavio da se modernizuje \u2013 dodaju\u0107i nove \u017ei\u010dare 2007. godine (pro\u0161iruju\u0107i stranu Lejdi Morgan) i ponovo 2013. godine. Godine 2017, vlasnik Dir Valija (Intrawest) spojio se sa kompanijom Alterra Mountain Company, dovode\u0107i Dir Vali u portfolio sa Skvo Valijem i drugim velikim odmarali\u0161tima. Danas je Dir Vali i dalje \u0161iroko poznat po svojoj neprekinutoj tradiciji luksuznog skijanja, nasle\u0111u koje vu\u010de korene iz njegovog osnivanja 1981. godine i odr\u017eava se stalnim reinvestiranjem.<\/p>\n<h2>Kulturna atmosfera (lokalni karakter, tradicije, festivali, na\u010din \u017eivota)<\/h2>\n<p>Kulturna atmosfera Dir Valija se najbolje mo\u017ee opisati kao luksuzan planinski \u017eivot. Zajednica i odmarali\u0161te imaju reputaciju luksuza i usluge. Sme\u0161taj u Dir Valiju zadaje taj ton \u2013 hotelski kompleksi sa pet zvezdica (Stein Eriksen Lodge, Montage, St. Regis) nalaze se du\u017e padina, a gurmanski restorani (poput Glitretind u Stein Eriksen-u) uslu\u017euju me\u0111unarodnu klijentelu. Shodno tome, lokalno stanovni\u0161tvo je imu\u0107nije i me\u0111unarodno orijentisanije nego u tipi\u010dnim planinskim gradovima. Engleski je glavni jezik, ali \u0107ete me\u0111u gostima \u010duti i mandarinski, japanski i druge jezike. Dir Vali je popularan me\u0111u bogatim porodicama i poznatim li\u010dnostima koje tra\u017ee privatnost, tako da postoji nenametljiva, ekskluzivna atmosfera (ipak, svi su uglavnom prijateljski nastrojeni i orijentisani na prirodu).<\/p>\n<p>\u017divotni stil ovde je odlu\u010dno posve\u0107en prirodi. Zimi, jutra po\u010dinju na prvoj \u017ei\u010dari, a zavr\u0161avaju se okupljanjima posle skijanja, \u010desto u dru\u0161tvenim krugovima Park Sitija. Leti, Dir Vali isklju\u010duje \u017ei\u010dare, ali mnogi stanovnici \u017eive u Dir Valiju tokom cele godine kako bi pristupili 88 kilometara planinarskih i biciklisti\u010dkih staza koje se pru\u017eaju od Snou Parka i San Pika. Jahanje konja, tr\u010danje po stazama i vo\u017enja na dasci za veslanje na obli\u017enjim jezerima su uobi\u010dajeni hobiji. Sistem staza Dir Valija povezan je sa stotinama kilometara staza Vasa\u010d, \u0161to sezonu \u010dini vi\u0161e avanturisti\u010dkim sportovima nego pukim opu\u0161tanjem.<\/p>\n<p>Dir Vali je doma\u0107in nekoliko godi\u0161njih doga\u0111aja koji privla\u010de posetioce pored skija\u0161a. Muzi\u010dki festival Dir Vali (deo Simfonijskog orkestra Jute) odr\u017eava letnje koncerte u amfiteatru Snou Park, dovode\u0107i klasi\u010dne i d\u017eez umetnike. Festival planinskog piva (obi\u010dno krajem leta) odr\u017eava se u Snou Parku, sa zanatskim pivima i \u017eivom muzikom sa pogledom na dolinu. Ina\u010de, tradicije se oslanjaju na planinsko-moderno \u2013 vatromet za \u010cetvrti jul odra\u017eava patriotizam skijali\u0161ta, a povremeno se u odmarali\u0161tima odr\u017eavaju umetni\u010dke izlo\u017ebe i doga\u0111aji sa hranom i vinom. Po\u0161to je Park Siti u blizini, stanovnici tako\u0111e \u010desto pose\u0107uju ve\u0107e festivale tamo, kao \u0161to je Filmski festival Sandens u januaru (koji transformi\u0161e ceo grad).<\/p>\n<p>Op\u0161ti ose\u0107aj Dir Valija je ose\u0107aj lakog samopouzdanja i zdravlja. Kom\u0161ije \u0107e verovatno pozdraviti na stazama, a postoji i \u201eplaninski\u201c etos prijateljstva (mada su i ovde prisutne poznate ljubazne dru\u0161tvene norme Jute). Mnogi stanovnici su se preselili iz drugih delova zemlje ili sveta, tako da razgovori \u010desto uklju\u010duju putopisne pri\u010de. Postoji opu\u0161ten tempo \u2013 joga u zoru ili doru\u010dak u kafi\u0107u sa pogledom na planine su tipi\u010dni radnim danom, a mo\u017eda \u0107ete primetiti odela i kravate na poslovnim samitima jedne nedelje i flanelske ko\u0161ulje na ro\u0161tiljanjima slede\u0107e. Uprkos visokom \u017eivotnom standardu, Dir Vali odr\u017eava neformalnu, porodi\u010dnu atmosferu: japanke i flis su osnovni elementi garderobe. Sve u svemu, njegova atmosfera me\u0161a zapadnja\u010dku grubost sa dodatkom kosmopolitskog luksuza.<\/p>\n<h2>Najbolje atrakcije (znamenitosti i iskustva koja morate videti)<\/h2>\n<p>Sam Dir Vali Resort je glavna atrakcija. LJubitelji skijanja i snoubordinga (a u slu\u010daju Dir Valija, ljubitelji samo skijanja) dolaze ovde posebno da bi do\u017eiveli njegove pa\u017eljivo ure\u0111ene staze i vrhunsku uslugu. Obilazak odmarali\u0161ta, \u010dak i leti, se isplati: mo\u017eete se voziti gondolama (uklju\u010duju\u0107i brze \u017ei\u010dare Empajer ili Sterling Ekspres) za panoramski pogled na planine. Pogled sa vrha Flagstaf Pika je posebno zapanjuju\u0107i. Za one koji ne skijaju, \u017eivopisna vo\u017enja \u017ei\u010darom plus ru\u010dak u jednom od kafi\u0107a na vrhu planine pru\u017eaju ukus iskustva.<\/p>\n<p>Zimi, posetioci mogu da poha\u0111aju \u010dasove skijanja u \u010duvenoj \u0161koli skijanja u Dir Valiju ili jednostavno da u\u017eivaju u toplim, vatrom osvetljenim kolibama i luksuznim sadr\u017eajima (kao \u0161to su zatvoreni bazen i spa centar u Stein Eriksen Lodge). Leti se odmarali\u0161te pretvara u igrali\u0161te za planinarenje i biciklizam: 88 kilometara staza otvoreno je za planinski biciklizam ili planinarenje. Vo\u017enja konjskom zapregom i izleti mu\u0161i\u010darenjem na reci Provo tako\u0111e se organizuju iz Snou parka. Otvoreni amfiteatar Snou parka povremeno je doma\u0107in koncerata (od narodne do klasi\u010dne muzike) tokom letnjih meseci, \u010desto uparenih sa lokalno kuvanim pivima.<\/p>\n<p>Istorijska glavna ulica u obli\u017enjem Park Sitiju (samo nekoliko kilometara od Dir Valija) je na kratkoj vo\u017enji i vredi je posetiti. Tamo \u0107ete prona\u0107i butike, umetni\u010dke galerije i mnoge restorane \u2013 ukus \u0161arma malog zapadnog grada sa modernim stilom. Olimpijski park Jute (izgra\u0111en za Olimpijske igre 2002. godine) je tako\u0111e u blizini, nude\u0107i ziplajn i muzej koji prikazuje skija\u0161ko nasle\u0111e Jute. Za panoramski pogled, vo\u017enja uz kanjon Litl Kotonvud do Alte ili podru\u010dja Snouberd otkriva vi\u0161e od veli\u010dine Vasa\u010da. (Neki putnici \u010dak idu na jednodnevni izlet da vide Veliko slano jezero.)<\/p>\n<p>Za hranu i opu\u0161tanje, ne propustite planinske restorane u sme\u0161taju Dir Valija \u2013 od obilnih \u0161vedskih stolova u lo\u017eama do luksuzne hrane u Silver Lejk Lod\u017eu u Snou Parku. \u010cak i van granica odmarali\u0161ta, atrakcije dostupne samo tokom leta uklju\u010duju ture rudnika srebra i vo\u017enje alpskim toboganima u Park Sitiju ili zabavu u Park Siti Mauntin Vilid\u017eu. U su\u0161tini, lista mesta koja se moraju videti u Dir Valiju vrti se oko u\u017eivanja u planinama \u2013 bilo na skijama ili patikama \u2013 uz u\u017eivanje u udobnosti odmarali\u0161ta.<\/p>\n<h2>Prakti\u010dni pregled (kako sti\u0107i, kako se kretati, saveti)<\/h2>\n<p>Najlak\u0161i na\u010din da stignete do Dir Valija je preko Me\u0111unarodnog aerodroma Solt Lejk Siti (SLC), otprilike 56 kilometara zapadno. Od SLC-a mo\u017eete iznajmiti automobil ili uzeti jednu od nekoliko usluga prevoza do Park Sitija; vo\u017enja (uz I-80, a zatim ju\u017eno autoputem 224) obi\u010dno traje 45\u201350 minuta. Ako letite privatnim putem, op\u0161tinski aerodrom Park Siti (96 kilometara severno) tako\u0111e nudi ograni\u010dene usluge, ali ve\u0107ina komercijalnih letova je u Solt Lejk Sitiju. Automobilom se do Dir Valija dolazi preko autoputa 224 sa me\u0111udr\u017eavnog puta 80; ulazi u odmarali\u0161te (Snou Park i Empajer Kanjon) su dobro obele\u017eeni. Okolni putevi su generalno u dobrom stanju, ali budite spremni za strme, krivudave planinske terene kada napustite me\u0111udr\u017eavni put. Zimi nosite lance ili se uverite da va\u0161 automobil ima zimske gume \u2013 dr\u017eavni propisi zahtevaju ure\u0111aje za pobolj\u0161anje vu\u010de kada uslovi to zahtevaju. Stenovite planine mogu imati iznenadne vremenske promene, pa dozvolite dodatno vreme putovanja u prole\u0107e\/jesen.<\/p>\n<p>Kada stignete u Park Siti, Dir Vali je uglavnom skija\u0161ko odmarali\u0161te, tako da je lokalni prevoz orijentisan na prevoz ljudi po stazama i odmarali\u0161tima. Park Siti nudi besplatnu autobusku mre\u017eu (Park City Transit) koja saobra\u0107a tokom cele godine, povezuju\u0107i odmarali\u0161ta u Dir Valiju sa glavnom ulicom u centru grada i drugim naseljima. Usluge su \u010deste tokom skija\u0161ke sezone (autobusi su ozna\u010deni bojama i dobili su imena po \u017ei\u010darama), \u0161to automobil \u010dini uglavnom nepotrebnim ako planirate da ostanete na planini. Taksiji i prevoz putnika su dostupni, ali mogu biti skupi s obzirom na kratke udaljenosti. Mnogi posetioci jednostavno pe\u0161ke dolaze do skijali\u0161ta ili koriste privatni \u0161atl i gondole odmarali\u0161ta (unutar zona odmarali\u0161ta, same \u017ei\u010dare prevoze skija\u0161e uzbrdo). Ako iznajmite automobil leti, na\u0107i \u0107ete parking u odmarali\u0161tima u Dir Valiju, ali je leti saobra\u0107aj na planini mali, pa mnogi biraju da voze bicikl ili pe\u0161a\u010de do prodavnica i staza. Primetno je da Dir Vali nema semafore \u2013 putevi su uglavnom dvotra\u010dni i tihi. Centar Park Sitija je udaljen samo 5\u201310 minuta autobusom ili automobilom od Dir Valija.<\/p>\n<p><strong>Osnovni saveti:<\/strong><\/p>\n<ul>\n<li><strong>Jezik i valuta:<\/strong> Engleski je svakodnevni jezik. Kao me\u0111unarodno odmarali\u0161te, mnogi radnici tako\u0111e znaju \u0161panski, mandarinski ili japanski. Valuta je ameri\u010dki dolar. Kreditne\/debitne kartice se \u0161iroko prihvataju (bankomata ima u izobilju). Uti\u010dnice pru\u017eaju standardni ameri\u010dki napon (120V).<\/li>\n<li><strong>Klima i ode\u0107a:<\/strong> Ponesite slojevitu ode\u0107u. \u010cak i leti, jutra po\u010dinju hladna i brzo se zagrevaju do podneva. Zimi vreme mo\u017ee varirati od ledenog do iznena\u0111uju\u0107e sun\u010danog (sneg reflektuje sun\u010devu svetlost). Uvek imajte toplu jaknu za ve\u010deri i za\u0161titu od sunca (krema za sun\u010danje, balzam za usne, \u0161e\u0161ir) za dan. Za skija\u0161ke izlete potrebna je vodootporna oprema i za\u0161titne nao\u010dare.<\/li>\n<li><strong>Zdravlje i bezbednost:<\/strong> Nadmorska visina (1950\u20132700 metara) zna\u010di da opekotine od sunca nastaju br\u017ee, a aktivnosti su napornije. Ostanite hidrirani i penjite se polako da biste se aklimatizovali. Zimi nosite li\u010dnu kartu i toplu ode\u0107u ako se udaljavate od glavnih podru\u010dja. Divlje \u017eivotinje (jeleni, povremeno planinske koze) su prisutne, ali generalno izbegavaju ljude; ipak, ne hranite i ne prilazite \u017eivotinjama. Decu treba nadgledati na \u017ei\u010darama. Va\u017ei standardni bonton na planinskim stazama (ustupite se uzbrdo, spakujte sme\u0107e).<\/li>\n<li><strong>Bonton:<\/strong> Me\u0161tani i osoblje skijali\u0161ta o\u010dekuju ljubazno pona\u0161anje. Park Siti je poznat po ljubaznosti. Jednostavno \u201ehvala\u201c operaterima \u017ei\u010dara ili instruktorima skijanja je uobi\u010dajeno. Napojnica (15\u201320%) je norma za instruktore skijanja, voza\u010de i konobare. Po\u0161tujte pravila odmarali\u0161ta (npr. zabranjeno je snoubording) i tiho vreme u sme\u0161tajnim objektima. Bu\u010dne \u017eurke u naseljima se ne odobravaju.<\/li>\n<li><strong>Lokalni obi\u010daji:<\/strong> Vremenska zona Dir Valija je planinsko standardno vreme (UTC\u20137) ili MDT leti. Zakoni o alkoholu su jednostavni (21+ za pi\u0107e; prodavnice alkoholnih pi\u0107a su u dr\u017eavnom vlasni\u0161tvu, ali barovi\/restorani slu\u017ee pi\u0107a). Uber\/Lift posluju u Park Sitiju. Ako planirate da planinarite, imajte na umu da staze na ve\u0107im nadmorskim visinama mogu zahtevati besplatnu dozvolu ili naknadu; proverite veb stranicu odmarali\u0161ta za sve sezonske letnje doga\u0111aje ili ture \u017ei\u010darom koje morate unapred rezervisati.<\/li>\n<\/ul>\n<p>Ukratko, Dir Vali je prvenstveno namenjen posetiocima koji tra\u017ee udobnost u planinskom okru\u017eenju. Prakti\u010dna razmatranja se fokusiraju na putovanje u planine (nadmorska visina, vreme i prevoz \u017ei\u010darom ili \u0161atlom, a ne metrima pe\u0161a\u010dkih gradskih blokova). Imaju\u0107i to u vidu, putnici smatraju da je odmarali\u0161te izuzetno prijateljsko i prakti\u010dno \u2013 \u010dak i tokom vrhunca skija\u0161ke sezone, osoblje i infrastruktura odr\u017eavaju protok nesmetanim. Bez obzira da li ste stru\u010dni skija\u0161 ili mirni planinar, Dir Vali vas do\u010dekuje u planinama sa lako\u0107om i izuzetnom uslugom.<a href=\"https:\/\/travelshelper.com\/sr\/destinacije\/severna-amerika\/sjedinjene-americke-drzave\/berkli-springs\/\" target=\"_self\" aria-labelledby=\"uael-post-8997\"><br \/>\n<\/a><\/p>","protected":false},"excerpt":{"rendered":"<p>Dir Vali, alpski skija\u0161ki centar sme\u0161ten u planinskom vencu Vosa\u010d, nalazi se 58 km isto\u010dno od Solt Lejk Sitija, u slikovitom gradu Park Siti, Juta. \u010cesto cenjen zbog svojih rasko\u0161nih pogodnosti i prvoklasne usluge, Dir Vali se redovno rangira me\u0111u najboljim skijali\u0161tima u Severnoj Americi. Odmarali\u0161te predstavlja posebnu kombinaciju skijanja svetske klase, luksuznog sme\u0161taja i posve\u0107enosti pru\u017eanju nenadma\u0161nog iskustva gostima, pa je ova cenjena reputacija zaslu\u017eena.<\/p>","protected":false},"author":1,"featured_media":3601,"parent":8072,"menu_order":0,"comment_status":"closed","ping_status":"closed","template":"elementor_theme","meta":{"_eb_attr":"","footnotes":""},"class_list":["post-8748","page","type-page","status-publish","has-post-thumbnail"],"_links":{"self":[{"href":"https:\/\/travelshelper.com\/sr\/wp-json\/wp\/v2\/pages\/8748","targetHints":{"allow":["GET"]}}],"collection":[{"href":"https:\/\/travelshelper.com\/sr\/wp-json\/wp\/v2\/pages"}],"about":[{"href":"https:\/\/travelshelper.com\/sr\/wp-json\/wp\/v2\/types\/page"}],"author":[{"embeddable":true,"href":"https:\/\/travelshelper.com\/sr\/wp-json\/wp\/v2\/users\/1"}],"replies":[{"embeddable":true,"href":"https:\/\/travelshelper.com\/sr\/wp-json\/wp\/v2\/comments?post=8748"}],"version-history":[{"count":0,"href":"https:\/\/travelshelper.com\/sr\/wp-json\/wp\/v2\/pages\/8748\/revisions"}],"up":[{"embeddable":true,"href":"https:\/\/travelshelper.com\/sr\/wp-json\/wp\/v2\/pages\/8072"}],"wp:featuredmedia":[{"embeddable":true,"href":"https:\/\/travelshelper.com\/sr\/wp-json\/wp\/v2\/media\/3601"}],"wp:attachment":[{"href":"https:\/\/travelshelper.com\/sr\/wp-json\/wp\/v2\/media?parent=8748"}],"curies":[{"name":"wp","href":"https:\/\/api.w.org\/{rel}","templated":true}]}}