{"id":8723,"date":"2024-09-04T14:00:30","date_gmt":"2024-09-04T14:00:30","guid":{"rendered":"https:\/\/travelshelper.com\/staging\/?page_id=8723"},"modified":"2026-03-13T17:42:21","modified_gmt":"2026-03-13T17:42:21","slug":"fort-loderdelj","status":"publish","type":"page","link":"https:\/\/travelshelper.com\/sr\/destinations\/north-america\/united-states\/fort-lauderdale\/","title":{"rendered":"Fort Loderdelj"},"content":{"rendered":"<p>Fort Loderdejl je srednje veliki priobalni grad u jugoisto\u010dnoj Floridi, otprilike 37 kilometara severno od Majamija. NJegova trenutna populacija iznosi oko 185.000, \u0161to ga \u010dini najve\u0107im gradom okruga Brovard i zna\u010dajnim sidrom metropolitanskog podru\u010dja Majamija. Ekonomija grada je me\u0161avina turizma, pomorske industrije i sektora usluga: Port Everglejds (obli\u017enja dubokovodna luka) i Me\u0111unarodni aerodrom Fort Loderdejl-Holivud su glavni ekonomski motori. Prihod po glavi stanovnika je relativno visok \u2013 nedavni podaci pokazuju prose\u010dan prihod doma\u0107instva od oko 128.000 dolara, iako skoro 15% stanovnika \u017eivi ispod granice siroma\u0161tva. Demografski, Fort Loderdejl ostaje ve\u0107inski beli (oko 61%), sa otprilike 32% stanovnika koji se identifikuju kao crnci ili Afroamerikanci. Skoro \u010detvrtina stanovni\u0161tva je ro\u0111ena u inostranstvu, posebno iz Latinske Amerike i Kariba, \u0161to gradu daje bogat vi\u0161ejezi\u010dni karakter. Engleski dominira, ali \u0161panski i hai\u0107anski kreolski se tako\u0111e mogu \u0161iroko \u010duti na ulicama. Ukratko, profil Fort Loderdejla \u201epo brojkama\u201c je profil srednje veli\u010dine, bogatog ameri\u010dkog grada sa raznovrsnim, kosmopolitskim stanovni\u0161tvom, utemeljenim sna\u017enom turisti\u010dkom i uslu\u017enom ekonomijom.<\/p>\n<p>Geografski gledano, Fort Loderdejl se nalazi na atlantskoj obali Floride \u2013 delu niske priobalne ravnice Ju\u017ene Floride. Zauzima usku traku zemlje izme\u0111u okeana i niza barijernih ostrva i unutra\u0161njih priobalnih plovnih puteva. Grad se ponekad naziva \u201eAmeri\u010dkom Venecijom\u201c zbog svojih 267 kilometara plovnih kanala. Predeo je ravan i bujan, sa tropskim\/suptropskim palmama, plovnim putevima obraslim mangrovima i delovima priobalnih mo\u010dvara. Klima je poznata po sun\u010danoj i toploj klimi: Fort Loderdejl u proseku ima oko 3.000 sun\u010danih sati godi\u0161nje. Zimske dnevne temperature su izme\u0111u 20\u00b0C i 27\u00b0C, a leta redovno dosti\u017eu 27\u201335\u00b0C, ubla\u017eene stalnim okeanskim povetarcem. Padavine su sezonske (uglavnom letnje grmljavine), a smrzavanja su prakti\u010dno ne\u010duvena. Ukratko, grad u\u017eiva u polutropskoj klimi sa toplim, vla\u017enim letima, blagim zimama i stalnim pasatima sa Atlantika \u2013 uslovima koji defini\u0161u njegovo opu\u0161teno, suncem obasjano okru\u017eenje.<\/p>\n<p>Poreklo Fort Loderdejla le\u017ei u vojnom upori\u0161tu, a ne u drevnoj legendi. Grad je dobio ime po malom utvr\u0111enju koje je 1838. godine na reci NJu izgradio major Vilijam Loderdejl iz ameri\u010dke vojske, tokom Drugog seminolskog rata. Nakon tog vojnog po\u010detka, podru\u010dje je bilo slabo naseljeno do kraja 19. veka. Stabilan rast je po\u010deo dolaskom \u017eeleznice Isto\u010dne obale Floride i procvatom zemlji\u0161ta na Floridi 1920-ih. Fort Loderdejl je formalno osnovan 1911. godine i odre\u0111en je za sedi\u0161te novostvorenog okruga Brovard 1915. godine. Rani prosperitet je skoro uni\u0161ten Velikim uraganom u Majamiju 1926. godine i Velikom depresijom, koja je zna\u010dajno usporila razvoj.<\/p>\n<p>Grad je do\u017eiveo procvat tokom i posle Drugog svetskog rata. Velika mornari\u010dka vazduhoplovna baza dovela je hiljade vojnika, postaviv\u0161i temelje posleratnog rasta stanovni\u0161tva. Do 1950-ih i 60-ih, prigradska stambena naselja su se pro\u0161irila, a grad je procvetao u glavnu turisti\u010dku destinaciju. Nekada skromno ribarsko selo preobra\u017eeno je u moderan grad hotela, trgova\u010dkih \u010detvrti i marina. Do kraja 20. veka, Fort Loderdejl je postao jedan od najve\u0107ih svetskih centara za jahting i \u201ezimsko igrali\u0161te\u201c za sne\u017ene ptice. Industrija krstarenja je tako\u0111e ovde na\u0161la dom \u2013 danas je Port Everglejds me\u0111u najprometnijim lukama za krstarenja na svetu. Tokom ovih promena, Fort Loderdejl je zadr\u017eao identitet \u201eprimorskog odmarali\u0161ta\u201c, \u010dak i dok je gradio bolnice, univerzitete (uklju\u010duju\u0107i kampus Univerziteta Florida Atlantik) i finansijski okrug u centru grada. Poslednjih godina grad se fokusirao na urbanu revitalizaciju: novi soliteri du\u017e vode, obnovljene istorijske znamenitosti i kulturne institucije su promenile njegovu siluetu. Ali nasle\u0111e tih ranih decenija procvata i padova i dalje se vidi u slojevitom karakteru Fort Loderdejla - od art deko stanova iz 1920-ih na Las Olasu do ultramodernih kula na Intrakostalu.<\/p>\n<p>Danas se Fort Loderdejl ose\u0107a kao opu\u0161ten, ali sofisticiran grad na pla\u017ei. NJegova atmosfera je me\u0161avina \u201eodmarali\u0161ta Ju\u017ene Floride\u201c sa multikulturalnom podtekstom. Lokalna kultura odra\u017eava njene velike hispanske i karipske zajednice. Festivali i doga\u0111aji su brojni i raznovrsni \u2013 na primer, godi\u0161nja parada za Dan Svetog Patrika kroz centar grada je velika atrakcija, uz \u017eurke na pla\u017ei sa karipskom tematikom i velike izlo\u017ebe brodova. Engleski je lingva franka, ali u bilo kom bloku mo\u017eete \u010duti \u0161panski, hai\u0107ansko-kreolski ili francuski. Zaista, preko 21% stanovnika je ro\u0111eno u inostranstvu, \u0161to restoranima i prodavnicama daje globalni ukus (kubanski kafi\u0107i, jamaj\u010danske pekare itd.).<\/p>\n<p>Me\u0161tani Fort Loderdejla obi\u010dno opisuju gradski \u017eivot kao opu\u0161ten i orijentisan na otvorenom. Tipi\u010dna rutina mo\u017ee uklju\u010divati aktivnosti na pla\u017ei ili kanalu rano ujutro (tr\u010danje, vo\u017enja \u010damcem, joga), opu\u0161ten ru\u010dak na bulevaru Las Olas ili pored vode i ve\u010dernja okupljanja u pabovima ili galerijama na otvorenom. To je mesto gde se veliki deo dru\u0161tvenog \u017eivota odvija napolju: kafi\u0107i na trotoaru, pomorski festivali, tereni za golf i umetni\u010dki sajmovi. Naselja poput Koral Rid\u017ea i Viktorija parka deluju toplo i prijateljski, sa \u201efloridskim le\u017eernim\u201c stilom. LJudi su generalno pristupa\u010dni \u2013 instruktori surfovanja i nastavnici joge dru\u017ee se sa rukovodiocima u gradu na konvencijama. \u010cak i u najprometnijoj turisti\u010dkoj sezoni, gradski bulevari obrasli palmama i kilometri parkova uz vodu neguju ose\u0107aj prostora i smirenosti. Ukratko, atmosfera Fort Loderdejla spaja kosmopolitske udobnosti sa opu\u0161tenim pomorskim tempom; posetioci \u010desto prime\u0107uju da njegova \u201emla\u0111a sestra Majamija\u201c li\u010dnost dolazi sa manje gu\u017eve i vi\u0161e sunca na vodi.<\/p>\n<p>Atrakcije Fort Loderdejla su usredsre\u0111ene na sunce, more i kulturu. Pre svega, tu je pla\u017ea Fort Loderdejla, sedam milja duga\u010dak pojas glatkog, svetlog peska, iza kojeg se prote\u017ee \u0161iroka \u0161etali\u0161ta u hladu palmi. Ova pla\u017ea je \u0161iroko priznata kao \u201ejedna od najboljih pla\u017ea na Floridi\u201c. Plitka topla voda, obale pod nadzorom spasilaca i lako parkiranje \u010dine je idealnom za porodice. Pored pla\u017ee nalazi se bulevar Las Olas, ulica sa restoranima i kupovinom duga\u010dka kilometar koja povezuje centar grada sa okeanom. Las Olas se mo\u017ee pohvaliti sa preko 100 prodavnica, butika i umetni\u010dkih galerija, zajedno sa desetinama kafi\u0107a i bistroa na trotoaru. To je moderno gradsko \u0161etali\u0161te gde se lokalno stanovni\u0161tvo i posetioci dru\u017ee, posebno uve\u010de i vikendom.<\/p>\n<p>U unutra\u0161njosti, \u0161etnja uz reku Fort Loderdejl (tako\u0111e nazvana Umetni\u010dki i zabavni okrug) nudi promenu tempa. Ova staza pored reke od 4 kilometra prati reku NJu kroz centar grada i muzejski okrug. Du\u017e \u0161etnje uz reku na\u0107i \u0107ete parkove, javnu umetnost i restorane pored vode. Prolazi pored deset linearnih parkova gde mo\u017eete posmatrati jahte, \u010damce za pedaline i povremene gondole za razgledanje (postoji \u010dak i besplatan vodeni taksi). \u0160etnja uz reku povezuje klju\u010dne znamenitosti kao \u0161to su Centar za scenske umetnosti Brovard i interaktivni Muzej otkri\u0107a i nauke. Za pogled na prirodu, muzej i ba\u0161te Bonet Haus su obavezne za posetu: imanje iz 1920-ih sme\u0161teno usred razvoja grada. Vek stara Bonet Haus (ku\u0107a-muzej) prostire se na 14 hektara bujnih vrtova, sa istorijskom ku\u0107om ispunjenom umetni\u010dkim predmetima i antikvitetima. Ova botani\u010dka i arhitektonska oaza \u2013 sa pla\u017eama, mangrovama i ba\u0161tama koje koegzistiraju \u2013 daje ukus stare Floride. Ostale znamenitosti uklju\u010duju ku\u0107u Stranahan (najstarija sa\u010duvana gra\u0111evina u Fort Loderdejlu, sada muzej lokalne istorije) i razne marine koje nude razgledanje grada brodom i pristup \u017eivopisnim plovnim putevima.<\/p>\n<p>Golferi i \u0161opaholi\u010dari podjednako smatraju brojne golf terene i tr\u017ene centre u gradu (kao \u0161to su luksuzni tr\u017eni centar Galleria Mall i Sawgrass Mills) glavnim atrakcijama. No\u0107u, gradski bulevar Las Olas, okru\u017een jahtama, osvetljava se muzikom sa krovnih barova, slu\u017ee\u0107i kao centralna ta\u010dka dru\u017eenja. A za porodi\u010dnu zabavu, Muzej otkri\u0107a i nauke (sa izlo\u017ebama dinosaurusa i IMAX bioskopom) je stalni favorit. Ne treba zanemariti: polo\u017eaj Fort Loderdejla kao prestonice krstarenja zna\u010di da je ogromni Port Everglejds mesto koje mnogi pose\u0107uju \u2013 bilo da se ukrcaju na krstarenje Karibima ili da gledaju kako ogromni brodovi dolaze i odlaze, \u0161to je samo po sebi iskustvo.<\/p>\n<p>Fort Loderdejl je veoma pristupa\u010dan. NJegov glavni aerodrom je Fort Loderdejl\u2013Holivud Interna\u0161onal (FLL), prometno \u010dvori\u0161te za doma\u0107e i me\u0111unarodne letove. FLL se mo\u017ee pohvaliti direktnim linijama do 140 destinacija i dnevno opslu\u017euje preko 80.000 putnika. Besplatan \u0161atl povezuje aerodromske terminale sa obli\u017enjom stanicom prigradske \u017eeleznice Tri-Rail (u Danija Bi\u010du), koja pru\u017ea \u010deste regionalne vozne usluge du\u017e obale ju\u017ene Floride. (Linija Tri-Rail povezuje Majamija i Palm Bi\u010d, sa stanicom u blizini aerodroma Holivud-Fort Loderdejl.) Alternativno, mnogi putnici lete do obli\u017enjeg me\u0111unarodnog aerodroma u Majamiju, samo 30 milja ju\u017eno, i prelaze do Fort Loderdejla automobilom ili autobusom. Automobilom, me\u0111udr\u017eavni put 95 ide sever-jug kroz grad, a floridski autoput Turnpike ga povezuje sa Orlandom i dalje.<\/p>\n<p>Centar Fort Loderdejla i pla\u017ea su prili\u010dno pogodni za pe\u0161a\u010denje, posebno oko Las Olasa i Rivervok-a. Grad ima besplatan lokalni autobus (San Trolej) na nekoliko kru\u017enih linija, \u0161to je korisno u turisti\u010dkim zonama. Redovni autobusi okruga Brovard povezuju ve\u0107inu naselja, a Tri-Rejl opslu\u017euje prigradske linije. Taksiji i usluge prevoza su \u0161iroko dostupni. Mnogim posetiocima je najlak\u0161e iznajmiti automobil, jer su atrakcije poput Sogras Milsa ili izleta u Everglejds dalje. Saobra\u0107aj mo\u017ee biti gust u \u0161picu sezone (decembar-april) i prazni\u010dnim vikendom, pa je pametno uzeti u obzir dodatno vreme putovanja.<\/p>\n<p>Fort Loderdejl koristi ameri\u010dki dolar. Engleski je zvani\u010dni jezik, mada mnogi me\u0161tani govore i \u0161panski ili kreolski. Napojnica od oko 15\u201320% u restoranima i taksijima je uobi\u010dajena. Sa naglaskom na pla\u017ee, lagana letnja ode\u0107a, kupa\u0107i kostimi i za\u0161tita od sunca su neophodni. Po\u0161to je to karipska destinacija, budite oprezni sa komarcima u zoru\/sumrak. Pravila obla\u010denja su le\u017eerna (\u010dak i u lep\u0161im restoranima, \u0161orts i polo majica su obi\u010dno u redu za mu\u0161karce). Fort Loderdejl je generalno bezbedan, ali va\u017ee uobi\u010dajene gradske mere predostro\u017enosti \u2013 \u010duvajte vredne stvari na sigurnom, budite oprezni na prometnim trotoarima i izbegavajte napu\u0161tene pla\u017ee no\u0107u. Generalno, atmosfera je prijateljska i otvorena, \u0161to odra\u017eava karakter grada orijentisan na posetioce.<a href=\"https:\/\/travelshelper.com\/sr\/destinacije\/severna-amerika\/sjedinjene-americke-drzave\/berkli-springs\/\" target=\"_self\" aria-labelledby=\"uael-post-8997\"><br \/>\n<\/a><\/p>","protected":false},"excerpt":{"rendered":"<p>Fort Loderdejl je energi\u010dan priobalni grad u ameri\u010dkoj dr\u017eavi Floridi, otprilike 48 km severno od Majamija, du\u017e Atlantskog okeana. Prema popisu iz 2020. godine, Fort Loderdejl, sedi\u0161te okruga i najnaseljeniji grad u okrugu Brovard, mo\u017ee se pohvaliti sa 182.260 stanovnika. Sa populacijom metropolitanskog podru\u010dja od 6.166.488 stanovnika u 2019. godini, Fort Loderdejl je tre\u0107i najnaseljeniji grad u metropolitanskom podru\u010dju Majamija, posle Majamija i Hajalije. Zbog toga je ovaj grad deseti najnaseljeniji na Floridi.<\/p>","protected":false},"author":1,"featured_media":2720,"parent":8072,"menu_order":0,"comment_status":"closed","ping_status":"closed","template":"elementor_theme","meta":{"_eb_attr":"","footnotes":""},"class_list":["post-8723","page","type-page","status-publish","has-post-thumbnail"],"_links":{"self":[{"href":"https:\/\/travelshelper.com\/sr\/wp-json\/wp\/v2\/pages\/8723","targetHints":{"allow":["GET"]}}],"collection":[{"href":"https:\/\/travelshelper.com\/sr\/wp-json\/wp\/v2\/pages"}],"about":[{"href":"https:\/\/travelshelper.com\/sr\/wp-json\/wp\/v2\/types\/page"}],"author":[{"embeddable":true,"href":"https:\/\/travelshelper.com\/sr\/wp-json\/wp\/v2\/users\/1"}],"replies":[{"embeddable":true,"href":"https:\/\/travelshelper.com\/sr\/wp-json\/wp\/v2\/comments?post=8723"}],"version-history":[{"count":0,"href":"https:\/\/travelshelper.com\/sr\/wp-json\/wp\/v2\/pages\/8723\/revisions"}],"up":[{"embeddable":true,"href":"https:\/\/travelshelper.com\/sr\/wp-json\/wp\/v2\/pages\/8072"}],"wp:featuredmedia":[{"embeddable":true,"href":"https:\/\/travelshelper.com\/sr\/wp-json\/wp\/v2\/media\/2720"}],"wp:attachment":[{"href":"https:\/\/travelshelper.com\/sr\/wp-json\/wp\/v2\/media?parent=8723"}],"curies":[{"name":"wp","href":"https:\/\/api.w.org\/{rel}","templated":true}]}}