{"id":8654,"date":"2024-09-04T01:48:30","date_gmt":"2024-09-04T01:48:30","guid":{"rendered":"https:\/\/travelshelper.com\/staging\/?page_id=8654"},"modified":"2026-03-13T21:30:23","modified_gmt":"2026-03-13T21:30:23","slug":"vejl","status":"publish","type":"page","link":"https:\/\/travelshelper.com\/sr\/destinations\/north-america\/united-states\/vail\/","title":{"rendered":"Vejl"},"content":{"rendered":"<p>Vejl, Kolorado je mali planinski grad; njegovo stalno stanovni\u0161tvo je bilo 4.835 prema popisu iz 2020. godine. Grad se prostire na oko 4,7 kvadratnih milja u okrugu Igl. Ovo je blagi pad u odnosu na godine procvata (broj stanovnika je dostigao vrhunac od ne\u0161to vi\u0161e od 5.000 2010. godine i od tada se kre\u0107e oko 4.000\u20135.000). Va\u017eno je napomenuti da zvani\u010dni popis Vejla isklju\u010duje mnoge stanovnike sa nepunim radnim vremenom i sezonske radnike koji \u017eive u iznajmljenim stanovima. Tokom zimske skija\u0161ke sezone i letnjih doga\u0111aja, broj stanovnika se efikasno udvostru\u010duje ili utrostru\u010duje.<\/p>\n<p>Vejl je prete\u017eno bela\u010dki grad. U 2020. godini preko 86% stanovnika se identifikovalo kao belci; Hispanoamerikanci\/Latinoamerikanci \u010dine oko 10% grada. Veoma malo Afroamerikanaca, Indijanaca ili Azijata \u017eivi u Vejlu (svako ispod 2%). Prose\u010dna starost je visoka: 50,2 godine. Zajednica je prete\u017eno starija, sa skoro 30% stanovnika izme\u0111u 60 i 79 godina i samo oko 8% mla\u0111ih od 20 godina. Ovo odra\u017eava i bogatu penzionersku populaciju i prevalenciju vlasnika vikendica.<\/p>\n<p>Vejlova ekonomija je gotovo u potpunosti vo\u0111ena turizmom. Skijali\u0161te Vejl (otvoreno 1962. godine) je centralni deo sela; nekada je bilo najve\u0107e skijali\u0161te u Koloradu, a sada je deo carstva Vejl Rizorts. Zimski posetioci preplavljuju selo, odsedaju\u0107i u hotelima i stanovima, ru\u010davaju\u0107i napolju, kupuju\u0107i i skijaju\u0107i. Leti, planinarenje, planinski biciklizam i golf (Tertl Krik Golf Tern) privla\u010de turiste. Brojni restorani i umetni\u010dke galerije u gradu napreduju tokom cele godine, ali sa primetnim sezonskim vrhuncima. Nivoi prihoda su visoki: srednji prihod doma\u0107instva (2019. godine) bio je oko 100.400 dolara. Ku\u0107e su ovde izuzetno skupe \u2013 preko milion dolara u proseku \u2013 i mnogi ljudi rade u uslu\u017enim poslovima (hotelsko osoblje, instruktori skijanja itd.) umesto da budu stalni lokalni stanovnici. Generalno, Vejlova ekonomija se u velikoj meri oslanja na skijanje i povezane industrije, zajedno sa procvatom kulturnih i konferencijskih doga\u0111aja.<\/p>\n<p>Vejl se nalazi u Stenovitim planinama centralnog Kolorada, oko 160 kilometara zapadno od Denvera. Nalazi se na nadmorskoj visini od oko 2.440 metara u dolini reke Igl, \u0161irokoj alpskoj dolini koju su izdubli gle\u010deri. Grad je u su\u0161tini podeljen na tri dela: Isto\u010dni Vejl, Vejl Vilid\u017e i Lajonshed (zapadni Vejl), svi du\u017e me\u0111udr\u017eavnog puta 70 (I-70). Okolni teren je klasi\u010dno visoke Stenovite planine: visoki vrhovi (iznad 3.667 metara) okru\u017euju dolinu, sa gustim \u010detinarskim \u0161umama na srednjoj nadmorskoj visini i alpskom tundrom iznad granice \u0161uma.<\/p>\n<p>Vejl se nalazi u okrugu Igl (u severno-centralnom delu dr\u017eave), otprilike na pola puta izme\u0111u Glenvud Springsa i odmarali\u0161ta u okrugu Samit (Brekenrid\u017e, Kistoun). Najbli\u017ei grad povezan sa skijali\u0161tima je Biver Krik, 20 minuta zapadno autoputem. Geolo\u0161ki gledano, Vejl se nalazi na visoravni (dolina reke Igl) sa visokom razvodnicom (Vejl prevoj) odmah isto\u010dno. Autoput 6 i I-70 povezuju Vejl sa Denverom (istok) i Glenvudom\/Krested Bjutom (zapad).<\/p>\n<p>Selo je isprekidano planinom Svetog Krsta i planinom Bafalo u daljini. U gradu proti\u010de reka Igl, mada je kanalisana i \u010desto niska leti. Neposredna okolina nudi planinarske i biciklisti\u010dke staze, a na letnjim livadama mogu se videti krda losova. Planinski vidici dominiraju skoro svakim pogledom.<\/p>\n<p>Vejl ima kontinentalnu planinsku klimu. Zime su hladne i sne\u017ene (neophodno za skijanje); prose\u010dne januarske temperature su izme\u0111u 20 i 30\u00b0F, sa obilnim sne\u017enim padavinama (preko 300 in\u010da godi\u0161nje u proseku). Leta su blaga do topla (julske temperature oko 70\u201375\u00b0F, no\u0107i hladne do 40\u201350\u00b0F). Velika nadmorska visina zna\u010di da je sunce intenzivno, a no\u0107i hladne tokom cele godine. Ve\u0107ina padavina pada zimi u obliku snega, a letnji monsun donosi popodnevne pljuskove sa grmljavinom. Rezultat je klasi\u010dno okru\u017eenje sa \u010detiri godi\u0161nja doba: dubok sneg i ledene no\u0107i zimi, bujno zelenilo i divlje cve\u0107e leti i spektakularne jesenje boje u \u0161umarcima jasike.<\/p>\n<p>Istorija Vejla je kratka i povezana je sa skijanjem. Po\u010detkom 20. veka to je bio nerazvijeni ran\u010derski teren. <strong>1962:<\/strong> Grupa koju su predvodili Pit Zajbert (veteran iz Drugog svetskog rata i instruktor skijanja) i Erl Iton kupila je ran\u010d u tom podru\u010dju. Zamislili su skijali\u0161te evropskog stila. Skijali\u0161te Vejl zvani\u010dno je otvoreno u decembru 1962. godine sa jednom gondolom i dve \u017ei\u010dare. Izbor imena \u201eVejl\u201c odao je po\u010dast \u010carlsu Vejlu, in\u017eenjeru za puteve (i jednom od prvih komesara za puteve u Koloradu) koji je isplanirao rani put (autoput 6) kroz prevoj Vejl.<\/p>\n<p>Rano selo je namerno planirano. Do 1966. godine Vejl je progla\u0161en gradom. Tokom 1960-ih i 70-ih, planina Vejl je rasla (nove \u017ei\u010dare, staze), a selo se pro\u0161irilo u podno\u017eje Lajonsheda. Turisti su se slivali: do 1969. godine Vejl je ve\u0107 bio najpopularnije skijali\u0161te u Koloradu. Uvo\u0111enje \u201e\u010cajna boula\u201c 1988. godine u\u010dinilo je Vejl jednim od najve\u0107ih skijali\u0161ta u Severnoj Americi. Vremenom je Vejl postao poznat i po svojim <em>prostrani skija\u0161ki teren<\/em> i njegov <em>\u0161armantna sela u alpskom stilu<\/em>, upotpunjen bavarskom arhitekturom i dekorom sa evropskim ukusom (za\u010dinjenim originalnim zgradama Houmsted i Kaskad Gardens).<\/p>\n<p>Vejl je nastavio da se modernizuje. Nakon spajanja sa drugim odmarali\u0161tima, skijali\u0161te Vejl je sada deo Vejl Resorts, Ink., velike javne kompanije. Planina nastavlja da dodaje \u017ei\u010dare i sadr\u017eaje. U me\u0111uvremenu, Vejl Vilid\u017e i Lajonshed su postali luksuzne destinacije sa luksuznim prodavnicama, umetni\u010dkim galerijama i me\u0111unarodnim restoranima. Godine 2023, grad je \u010dak dospeo u vesti zbog kontroverznog pla\u0107anja za zaustavljanje novih stambenih objekata za radnike kako bi sa\u010duvao svoj karakter \u2013 znak visoke vrednosti nekretnina. Uprkos razvoju, Vejl i dalje isti\u010de svoje poreklo: \u017ei\u010dare, stare zgrade (kao \u0161to je Tivoli Lod\u017e iz 1962. godine) i godi\u0161nji festivali (film, muzika, ples) odr\u017eavaju pionirski duh \u017eivim.<\/p>\n<p>Vejlova kultura je kultura planinskog odmarali\u0161ta pome\u0161ana sa kosmopolitskim dodirima. Skoro svi stanovnici govore engleski. Grad sezonski privla\u010di me\u0111unarodno stanovni\u0161tvo (instruktore skijanja i hotelsko osoblje iz celog sveta), ali lokalno stalno stanovni\u0161tvo je prete\u017eno belo, sa malom hispanskom manjinom. Postoji sna\u017ean etos aktivnosti na otvorenom i velnesa: stanovnici su veoma zainteresovani za fitnes, prirodu i kulinarske trendove.<\/p>\n<p>Vejl je doma\u0107in \u0161irokog spektra festivala i doga\u0111aja koji oblikuju njegov karakter. Leti, festival klasi\u010dne muzike Bravo! Vejl dovodi svetski poznate orkestre u planine. Filmski festival u Vejlu svakog prole\u0107a privla\u010di indi filmske stvaraoce i filmske zvezde (\u010desto se odr\u017eava u pozori\u0161tu Lendmark u Lajonshedu). Me\u0111unarodni festival plesa u Vejlu (plesne kompanije leti) i Tejst of Vejl (festival hrane i vina) doprinose kulturnom kalendaru. Zimski doga\u0111aji uklju\u010duju Otvoreno prvenstvo SAD u snoubordingu u Bertonu i proslavu Sne\u017enih dana \u0161irom grada (skija\u0161ke trke, vatromet itd.). Tu je i \u010detvoronedeljna serija koncerata blugras muzike u selu Lajonshed i godi\u0161nja potraga za uskr\u0161njim jajima \u2013 tradicije zajednice koje me\u0161aju lokalne porodice sa turistima.<\/p>\n<p>Uprkos svojoj luksuznoj prirodi, Vejl zadr\u017eava prijateljski, varo\u0161i\u010dki ose\u0107aj. Sela (Vejl i Lajonshed) su pe\u0161a\u010dke \u201eglavne ulice\u201c sa prodavnicama na otvorenom, lokalnim buticima i kafi\u0107ima. Zimi su ulice sve\u010dane sa prazni\u010dnim svetlima i porodicama obu\u010denim u vunu; leti, korpe sa cve\u0107em krase stubove uli\u010dne lampe. Skija\u0161ke cipele su jednako uobi\u010dajene kao i planinarske cipele. Me\u0161tani se mogu pozdraviti sa \u201eKako ste?\u201c na padinama. Op\u0161ta atmosfera je spoj prirode i kosmopolitskog stila: na\u0107i \u0107ete svetski poznata odmarali\u0161ta i restorane pored porodi\u010dnih kafi\u0107a i kultne alpske ba\u0161te Beti Ford (najvi\u0161u botani\u010dku ba\u0161tu na svetu). Postoji ose\u0107aj i grubosti i prefinjenosti. Ukratko, \u017eivot u Vejlu je usredsre\u0111en na planinu i prirodu, ali sa dodatkom elegancije \u2013 u skladu sa njegovom reputacijom kao kvintesencijalnog skija\u0161kog grada Kolorada.<\/p>\n<p>Vejlove atrakcije dominiraju planinski sportovi i alpski \u0161arm. Klju\u010dne znamenitosti uklju\u010duju:<\/p>\n<ul>\n<li><strong>Skijali\u0161te Vejl:<\/strong> Glavna atrakcija tokom cele godine. Zimi nudi preko 5.000 hektara za skijanje sa preko 30 \u017ei\u010dara. Po\u010detnici u\u010de u oblasti Golden Pik, dok stru\u010dnjaci tra\u017ee zaba\u010dena skijali\u0161ta (kao \u0161to je Blu Skaj Bejsin). Leti se odmarali\u0161te transformi\u0161e: alpski tobogani, planinski rolerkosteri, \u017eivopisne vo\u017enje gondolom, disk golf i planinarske staze su u izobilju. Gondola Vejl (Golden Pik) i gondola Igl Ban (Lajonshed) su prepoznatljive vo\u017enje grada, pru\u017eaju\u0107i zadivljuju\u0107e panorame okolnih vrhova.<\/li>\n<li><strong>Vejl Vilid\u017e i Lajonshed:<\/strong> Ova pe\u0161a\u010dka sela su sama po sebi atrakcije. Oivi\u010dena arhitekturom u bavarskom stilu, imaju kaldrmisane staze, klizali\u0161te (zimi) i vi\u0161e od 100 prodavnica i restorana. \u0160etaju\u0107i ovim neobi\u010dnim ulicama, posetioci mogu nai\u0107i na bendove u\u017eivo na binama na trgu, kostimirane likove (kao \u0161to su medvedi u uniformama) ili muzi\u010dare na mestima za posle skijanja. Oba sela se mogu pohvaliti mestima za izvo\u0111a\u010dke umetnosti i besplatnim letnjim koncertima.<\/li>\n<li><strong>Alpske ba\u0161te Beti Ford:<\/strong> Sme\u0161tena u selu Vejl, ovo je najvi\u0161a botani\u010dka ba\u0161ta na svetu (2.577 m). U njoj se nalazi autohtona alpska flora \u2013 \u0161areno divlje cve\u0107e, visoke jasike i ru\u010dno izra\u0111ene skulpture. Ulaz u ba\u0161tu je besplatan i nudi miran odmor usred vreve.<\/li>\n<li><strong>Avanturisti\u010dki greben:<\/strong> U blizini gondole Lajonshed, Adven\u010der Rid\u017e je mini tematski park na vrhu planine. Nudi vo\u017enju gumenim snoubordom, band\u017ei trambolinu, mini motorne sanke (zimi), zip lajnove i streli\u010darstvo (leti). To je mesto iznad drve\u0107a pogodno za porodice.<\/li>\n<li><strong>Ford Park:<\/strong> Javni park u Isto\u010dnom Vejlu sa klizali\u0161tem (zimi) i turnirima u hokeju na ledu. U njemu se odr\u017eavaju doga\u0111aji poput trke u lakrosu u Vejlu i mesto je gde se lokalno stanovni\u0161tvo okuplja radi rekreacije.<\/li>\n<li><strong>Prirodnja\u010dki centar Vejl:<\/strong> Nalazi se na obodu grada i predstavlja centar za informacije o stazama, programe o prirodi i letnje kampove. To je kapija za mnoge lake planinarske staze i posmatranje divljih \u017eivotinja (jeleni, mrmoti, orlovi).<\/li>\n<li><strong>Istorijska mesta:<\/strong> Vejl je sa\u010duvao nekoliko istorijskih dragulja, kao \u0161to su stara gradska ve\u0107nica (sada zgrada po\u0161te) i arhitektura Tivoli Lod\u017ea iz 1962. godine (mada je ve\u0107i deo prenamenjen). Staza nasle\u0111a prolazi pored starih rudarskih i sto\u010darskih lokaliteta \u0161irom grada.<\/li>\n<\/ul>\n<p>Mnogi posetioci tako\u0111e koriste Vejl kao bazu za istra\u017eivanje \u0161ireg regiona. Obli\u017enje planinarske staze Gor Rejnd\u017e, \u017eivopisne vo\u017enje (npr. od Independens Pasa do Aspena leti) i Nacionalna \u0161uma Vajt River nalaze se na sat vremena vo\u017enje. Ali za ve\u0107inu, atrakcije koje morate videti ostaju planine, atmosfera sela i festivali koji obele\u017eavaju godi\u0161nja doba u Vejlu.<\/p>\n<p>Do Vejla se mo\u017ee do\u0107i automobilom preko me\u0111udr\u017eavnog puta 70. Iz Denvera, idite putem I-70 ka zapadu preko kontinentalne podele (kroz tunel Ajzenhauer) oko 100 milja do Vejla (izlaz 176). Imajte na umu da tokom zime, I-70 mo\u017ee biti zatvoren ili zahtevati lance za sneg izme\u0111u Denvera i Vejla, zato uvek proveravajte izve\u0161taje o stanju na putevima. Regionalni aerodrom okruga Igl (EGE) nalazi se samo 30 milja zapadno od Vejla (blizu Gipsuma) i nudi direktne letove iz mnogih gradova SAD zimi. Velike avio-kompanije (Delta, Junajted, Amerikan, itd.) opslu\u017euju Me\u0111unarodni aerodrom u Denveru (DEN) tokom cele godine, koji je udaljen 2 sata autoputem. Nema \u017eelezni\u010dke stanice; najbli\u017ei Amtrak je u Glenvud Springsu (zapad) ili Denveru (istok). Me\u0111ugradski autobusi (Bustang ili Grejhaund) povezuju Denver sa Vejlom zimi, a \u0161atl prevoz vozi sa aerodroma Aspen i Igl.<\/p>\n<p>Dva sela u Vejlu su zimi zone bez automobila (parkiranje je van sela), a besplatan gradski prevoz kru\u017ei izme\u0111u Lajonsheda i sela Vejl. \u010citav grad je veoma pogodan za pe\u0161ake kada se parkira. Mnogi hoteli iznajmljuju krplje, bicikle ili \u010dak elektri\u010dne skutere za lokalnu upotrebu. Taksiji i Uber\/Lift redovno saobra\u0107aju. Za putovanje van grada, automobili su ponovo najpogodniji. Javnih parking gara\u017ea (grejanih zimi) ima u izobilju, mada se mogu napuniti tokom \u0161pica praznika. Ulice u selu mogu biti uske; o\u010dekujte spora golf kolica, pe\u0161ake koji lutaju, a povremeno i jelene mazge na putu.<\/p>\n<p>Ponesite ode\u0107u za planinske uslove: slojeve, vodootpornu opremu zimi i dobru kremu za sun\u010danje tokom cele godine (UV zra\u010denje je jako na 2.400 metara). Pijenje puno vode poma\u017ee u spre\u010davanju visinske bolesti. Po\u0161to su to SAD, valuta je ameri\u010dki dolar, a bak\u0161i\u0161 za konobare je ~18\u201320% standard (obroci u restoranima su \u010desto skupi). Tempo \u017eivota je aktivan; me\u0161tani se \u010desto zaustavljaju na skijanju ili planinarenju da bi \u0107askali, ali usluga i dalje mo\u017ee biti brza na prometnim mestima. Vejlci cene ljubaznost \u2013 zadr\u017eavanje vrata, pozdravljanje klimanjem glavom ili \u201ekako ste?\u201c je uobi\u010dajeno. Zimi se sklonite na stazama da biste propustili druge. Ako skijate, zapamtite planinski kodeks (ustupite prednost nizbrdo, ne zaustavljajte se na liniji pada itd.). Vejl je veoma bezbedan i \u010dak je pogodan za bicikliste. Samo budite svesni promenljivog vremena i, kao i uvek u planinskim podru\u010djima, pazite na divlje \u017eivotinje (jeleni i losovi prelaze puteve, ponekad u zoru\/sumrak). Tako\u0111e, podnevne gu\u017eve mogu biti vreva; pa\u017eljivo po\u0161tujte ograni\u010denja brzine i pravila parkiranja. I kona\u010dno \u2013 voda iz slavine je poznata po svojoj dobroj ceni (\u201eledena iz Stenovitih planina\u201c); pi\u0107e sa slavina je u redu (voda u gradu dolazi iz reke Igl).<\/p>\n<table>\n<thead>\n<tr>\n<th>Kategorija<\/th>\n<th>Detalji<\/th>\n<\/tr>\n<\/thead>\n<tbody>\n<tr>\n<td scope=\"row\">Lokacija<\/td>\n<td>Vejl, Kolorado, SAD<\/td>\n<\/tr>\n<tr>\n<td scope=\"row\">\u0420\u0435\u0441\u043e\u0440\u0442 \u0410\u043b\u0442\u0438\u0442\u0443\u0434\u0435<\/td>\n<td>8.120 stopa (2.475 m) u osnovi, 11.570 stopa (3.527 m) na vrhu<\/td>\n<\/tr>\n<tr>\n<td scope=\"row\">Skija\u0161ka sezona<\/td>\n<td>Krajem novembra do sredine aprila<\/td>\n<\/tr>\n<tr>\n<td scope=\"row\">Cene ski karata<\/td>\n<td>Varira; Epska dnevna propusnica od 95 dolara dnevno<\/td>\n<\/tr>\n<tr>\n<td scope=\"row\">Radno vreme<\/td>\n<td>9:00 \u2013 16:00<\/td>\n<\/tr>\n<tr>\n<td scope=\"row\">Broj staza<\/td>\n<td>195<\/td>\n<\/tr>\n<tr>\n<td scope=\"row\">Ukupna du\u017eina staze<\/td>\n<td>5.289 hektara (2.141 hektar)<\/td>\n<\/tr>\n<tr>\n<td scope=\"row\">\u041d\u0430\u0458\u0434\u0443\u0436\u0435 \u0442\u0440\u0447\u0430\u045a\u0435<\/td>\n<td>Riva Rid\u017e, 6,4 km<\/td>\n<\/tr>\n<tr>\n<td scope=\"row\">\u0415\u0430\u0441\u0438 \u0421\u043b\u043e\u043f\u0435\u0441<\/td>\n<td>18%<\/td>\n<\/tr>\n<tr>\n<td scope=\"row\">\u0423\u043c\u0435\u0440\u0435\u043d\u0435 \u043f\u0430\u0434\u0438\u043d\u0435<\/td>\n<td>29%<\/td>\n<\/tr>\n<tr>\n<td scope=\"row\">\u0410\u0434\u0432\u0430\u043d\u0446\u0435\u0434 \u0421\u043b\u043e\u043f\u0435\u0441<\/td>\n<td>53%<\/td>\n<\/tr>\n<tr>\n<td scope=\"row\">\u0421\u043c\u0435\u0440\u043d\u0438\u0446\u0435 \u0437\u0430 \u043f\u0430\u0434\u0438\u043d\u0435<\/td>\n<td>Sever, severoistok, istok<\/td>\n<\/tr>\n<tr>\n<td scope=\"row\">No\u0107no skijanje<\/td>\n<td>Nije dostupno<\/td>\n<\/tr>\n<tr>\n<td scope=\"row\">\u041f\u0440\u0430\u0432\u0459\u0435\u045a\u0435 \u0441\u043d\u0435\u0433\u0430<\/td>\n<td>Da, na 461 ari (186 hektara)<\/td>\n<\/tr>\n<tr>\n<td scope=\"row\">\u0422\u043e\u0442\u0430\u043b \u041b\u0438\u0444\u0442\u0441<\/td>\n<td>31<\/td>\n<\/tr>\n<tr>\n<td scope=\"row\">\u0423\u043f\u0445\u0438\u043b\u043b \u0426\u0430\u043f\u0430\u0446\u0438\u0442\u0438<\/td>\n<td>63.400 skija\u0161a na sat<\/td>\n<\/tr>\n<tr>\n<td scope=\"row\">\u0425\u0438\u0433\u0445\u0435\u0441\u0442 \u041b\u0438\u0444\u0442<\/td>\n<td>11.570 stopa (3.527 m)<\/td>\n<\/tr>\n<tr>\n<td scope=\"row\">Gondole\/\u017ei\u010dare<\/td>\n<td>2<\/td>\n<\/tr>\n<tr>\n<td scope=\"row\">\u0421\u0435\u0434\u0435\u0436\u043d\u0438\u0446\u0435<\/td>\n<td>17<\/td>\n<\/tr>\n<tr>\n<td scope=\"row\">\u0414\u0440\u0430\u0433 \u041b\u0438\u0444\u0442\u0441<\/td>\n<td>12<\/td>\n<\/tr>\n<tr>\n<td scope=\"row\">\u0421\u043d\u0435\u0436\u043d\u0438 \u043f\u0430\u0440\u043a\u043e\u0432\u0438<\/td>\n<td>3<\/td>\n<\/tr>\n<tr>\n<td scope=\"row\">Iznajmljivanje skija<\/td>\n<td>Dostupan<\/td>\n<\/tr>\n<tr>\n<td scope=\"row\">\u041f\u043e\u0441\u043b\u0435 \u0441\u043a\u0438\u0458\u0430\u045a\u0430<\/td>\n<td>Brojni barovi, restorani i mogu\u0107nosti za zabavu u selu Vejl<\/td>\n<\/tr>\n<\/tbody>\n<\/table>","protected":false},"excerpt":{"rendered":"<p>Vejl se nalazi u Stenovitim planinama i slu\u017ei kao samoupravna op\u0161tina u okrugu Igl, Kolorado, Sjedinjene Ameri\u010dke Dr\u017eave. Vejl ima 4.835 stanovnika prema popisu iz 2020. godine i poznat je po svojim prirodnim lepotama, \u017eivahnoj zajednici i vrhunskim sadr\u017eajima. Grad je najpoznatiji po skijali\u0161tu Vejl, najve\u0107em skijali\u0161tu u Koloradu koje privla\u010di goste iz celog sveta. Pored svojih luksuznih hotela, raznovrsnih mogu\u0107nosti za ru\u010davanje i mnogih godi\u0161njih doga\u0111aja, uklju\u010duju\u0107i Filmski festival u Vejlu, Dane snega u odmarali\u0161tima Vejl i Bravo! Vejl, ova vode\u0107a destinacija je poznata po izuzetnom skijanju i snoubordingu.<\/p>","protected":false},"author":1,"featured_media":3879,"parent":8072,"menu_order":0,"comment_status":"closed","ping_status":"closed","template":"elementor_theme","meta":{"_eb_attr":"","footnotes":""},"class_list":["post-8654","page","type-page","status-publish","has-post-thumbnail"],"_links":{"self":[{"href":"https:\/\/travelshelper.com\/sr\/wp-json\/wp\/v2\/pages\/8654","targetHints":{"allow":["GET"]}}],"collection":[{"href":"https:\/\/travelshelper.com\/sr\/wp-json\/wp\/v2\/pages"}],"about":[{"href":"https:\/\/travelshelper.com\/sr\/wp-json\/wp\/v2\/types\/page"}],"author":[{"embeddable":true,"href":"https:\/\/travelshelper.com\/sr\/wp-json\/wp\/v2\/users\/1"}],"replies":[{"embeddable":true,"href":"https:\/\/travelshelper.com\/sr\/wp-json\/wp\/v2\/comments?post=8654"}],"version-history":[{"count":0,"href":"https:\/\/travelshelper.com\/sr\/wp-json\/wp\/v2\/pages\/8654\/revisions"}],"up":[{"embeddable":true,"href":"https:\/\/travelshelper.com\/sr\/wp-json\/wp\/v2\/pages\/8072"}],"wp:featuredmedia":[{"embeddable":true,"href":"https:\/\/travelshelper.com\/sr\/wp-json\/wp\/v2\/media\/3879"}],"wp:attachment":[{"href":"https:\/\/travelshelper.com\/sr\/wp-json\/wp\/v2\/media?parent=8654"}],"curies":[{"name":"wp","href":"https:\/\/api.w.org\/{rel}","templated":true}]}}