{"id":8395,"date":"2024-09-03T19:44:52","date_gmt":"2024-09-03T19:44:52","guid":{"rendered":"https:\/\/travelshelper.com\/staging\/?page_id=8395"},"modified":"2026-03-13T18:41:29","modified_gmt":"2026-03-13T18:41:29","slug":"santa-monika","status":"publish","type":"page","link":"https:\/\/travelshelper.com\/sr\/destinations\/north-america\/united-states\/santa-monica\/","title":{"rendered":"Santa Monika"},"content":{"rendered":"<p>Santa Monika je priobalni grad na zapadnoj strani okruga Los An\u0111eles, gde se zaliv Santa Monika susre\u0107e sa Tihi okeanom. Prote\u017ee se du\u017e oko 5 kilometara pe\u0161\u010dane pla\u017ee i ravnih vrhova litica. Pejza\u017e uklju\u010duje \u0161iroke, poplo\u010dane staze uz okean, biciklisti\u010dke staze i parkove sa pogledom na more (najpoznatiji je park Palisejds iznad litica). Klima je blaga tokom cele godine: topla, suva leta i blage zime, sli\u010dno kao u obli\u017enjem Los An\u0111elesu, ali obi\u010dno malo hladnija leti zbog okeana. Podru\u010dje ima jutarnju maglu (junski mrak) koja se \u010desto razvedri do sun\u010danog neba do popodneva. Tipi\u010dne temperature se kre\u0107u izme\u0111u 22\u00b0C leti i 16\u00b0C zimi, prakti\u010dno bez mraza. Sunce sija oko 310 dana u godini, \u0161to Santa Moniku \u010dini u su\u0161tini gradom pogodnim za pla\u017ee.<\/p>\n<p>Gradsko stanovni\u0161tvo Santa Monike je oko 88.000 (procena iz 2025. godine). U poslednjim decenijama je blago opalo u odnosu na vrhunac iz 2020. godine, \u0161to odra\u017eava malu povr\u0161inu i visoke tro\u0161kove stanovanja. Prose\u010dna starost je oko 40-ih godina, a srednji prihod doma\u0107instva je otprilike 110.000 dolara (veoma visoko po ameri\u010dkim standardima). Stanovni\u0161tvo je prete\u017eno belo (oko 67%), sa Azijatima (~10%) i manjim procentom crnaca (5%) i Hispanoamerikanaca (oko 13% Hispanoamerikanaca bilo koje rase). Grad ima zna\u010dajnu radnu snagu kreativne klase i tehnolo\u0161ke industrije, kao \u0161to je obja\u0161njeno u nastavku.<\/p>\n<p>Procena za Santa Moniku za 2025. godinu je 87.900 stanovnika. Gustina naseljenosti grada je visoka (preko 10.000 ljudi po kvadratnoj milji). Demografski, 67% se identifikuje kao belci, 9,8% Azijati i 4,9% crnci, dok ostali i oni koji se identifikuju kao dve ili vi\u0161e rasa \u010dine ostatak. Hispanoameri\u010dki\/Latino stanovnici \u010dine oko 11% stanovni\u0161tva. Oko 42% doma\u0107instava su bra\u010dni parovi.<\/p>\n<p>Lokalna ekonomija je sna\u017ena i raznolika. Santa Monika sebe naziva delom \u201eSilicijumske pla\u017ee\u201c zbog koncentracije tehnolo\u0161kih i kreativnih industrija. Zaista, kreativni i tehnolo\u0161ki sektor je najve\u0107i poslodavac: preko 3.100 preduze\u0107a u oblasti informacionih tehnologija, filma, videa, dizajna i ogla\u0161avanja (kao \u0161to su Snap, Hulu, Lionsgate, itd.) zapo\u0161ljava oko 29.000 ljudi \u2013 otprilike jednu tre\u0107inu radnih mesta u gradu. Drugi zna\u010dajni sektori uklju\u010duju zdravstvo (10.000 radnih mesta), obrazovanje (Koled\u017e Santa Monika) i turizam\/ugostiteljstvo (sme\u0161taj, restorani). Turisti\u010dka industrija raste: oko 4,6 miliona posetilaca do\u0161lo je u Santa Moniku 2023. godine, generi\u0161u\u0107i oko 940 miliona dolara lokalne potro\u0161nje, zahvaljuju\u0107i \u010duvenom molu i pla\u017ei i trgova\u010dkim \u010detvrtima grada. Maloprodaja je tako\u0111e zna\u010dajna \u2013 preduze\u0107a iz maloprodajnog sektora su 2023. godine ostvarila preko 3,2 milijarde dolara oporezive prodaje. Ukratko, ekonomija Santa Monike kombinuje lokalna radna mesta u maloprodaji i uslugama sa iznena\u0111uju\u0107e velikim kreativno-tehnolo\u0161kim jezgrom (najve\u0107a koncentracija digitalnih medijskih i zabavnih firmi na svetu nalazi se u zapadnom delu Los An\u0111elesa).<\/p>\n<p>Grad se mo\u017ee pohvaliti visokim prihodima: prihod po glavi stanovnika je ~88.900 dolara, a srednji prihod doma\u0107instva ~109.700 dolara, iako stopa siroma\u0161tva (11,6%) ukazuje na nejednakost u prihodima. Prihodi od nekretnina i turizma finansiraju lokalne pogodnosti (na primer, poslovni centri za unapre\u0111enje organizuju uli\u010dne doga\u0111aje i odr\u017eavaju centar grada). Odr\u017eivo poslovanje je tako\u0111e prioritet: Santa Monika promovi\u0161e zelenu gradnju, biciklisti\u010dke staze i rangirana je me\u0111u \u201enajodr\u017eivijim\u201c gradovima zbog svojih ekolo\u0161kih politika.<\/p>\n<p>Santa Monika se nalazi u Ju\u017enoj Kaliforniji, odmah zapadno od grada Los An\u0111elesa (kom\u0161iluk Venecije) i 24 kilometra severno od aerodroma LAKS. Le\u017ei na ravnim liticama iznad zaliva Santa Monika. Park Pacifik Palisejds i planine Santa Monika nalaze se odmah severno, dok se pla\u017ea Venecija grani\u010di sa juga. NJena pla\u017ea od 5 kilometara obuhvata \u010duvenu dr\u017eavnu pla\u017eu Santa Monika (sa mre\u017eama za odbojku i \u0161irokim peskom). Na kopnu, grad je uglavnom ravan sa blagim nagibom od Palisejdsa do vode. Kultni mol Santa Monika (izgra\u0111en 1909. godine) \u0161tr\u010di u zaliv, sa malim zabavnim parkom, akvarijumom i istorijskom vrte\u017eom na molu \u2013 simbolima grada. Glavno komercijalno srce je oko Tre\u0107e ulice i Brodveja, poznatog kao Promenada Tre\u0107e ulice (\u017eivahan pe\u0161a\u010dki centar) i blokova blizu okeana (\u201ecentar grada\u201c), svi vrve od prodavnica, uli\u010dnih izvo\u0111a\u010da i restorana.<\/p>\n<p>\u0160to se ti\u010de klime, polo\u017eaj Santa Monike na obali osigurava veoma male temperaturne promene. Kao \u0161to se navodi u odeljku o klimi na Vikipediji, Santa Monika u\u017eiva u priobalnoj mediteranskoj klimi. Priobalna magla se \u010desto javlja od kasnog prole\u0107a do leta, ali grad se obi\u010dno razvedri do podneva. \u010cak i tokom vrelih dana u unutra\u0161njosti, okeanski povetarac hladi pla\u017eu. Godi\u0161nja koli\u010dina padavina je oko 38 centimetara, uglavnom zimi. Duga, suva leta i blage zime zna\u010de da se kafi\u0107i na otvorenom i uli\u010dni festivali mogu odr\u017eavati tokom cele godine. Pla\u017ea i litice su okru\u017eene parkovima (Palisejds park se prostire na vrhu litice, Tongva park je noviji park sa pogledom na okean u centru grada), \u0161to poja\u010dava integraciju grada i mora.<\/p>\n<p>Pri\u010da o Santa Moniki odra\u017eava \u0161iri luk Ju\u017ene Kalifornije. Podru\u010dje je dobilo ime i polagalo pravo na njega u meksi\u010dkim zemlji\u0161nim dodelama iz 1839. godine (Ran\u010do San Visente i Santa Monika). Grad je formalno osnovan 30. novembra 1886. godine. U svojim ranim godinama, Santa Monika se razvijala kao primorsko odmarali\u0161te za Los An\u0111eles \u2013 hoteli, kupatila i pristani\u0161ta za razonodu postali su njene atrakcije. Do po\u010detka 20. veka imala je trajekte i \u201ecrveni vagon\u201c (trolejbus) kompanije Pacifik Elektrik koji ju je povezivao sa Los An\u0111elesom. U stvari, pristani\u0161ta za zabavu bila su velika stvar \u2013 pristani\u0161te Santa Monika je pro\u0161ireno i postalo glavna atrakcija do 1920-ih.<\/p>\n<p>Klju\u010dno poglavlje je kompanija za proizvodnju aviona Daglas, koja je ovde osnovala veliku fabriku aviona 1920-ih; Santa Monika je postala ratni centar sa desetinama hiljada zaposlenih u vazduhoplovstvu do 1940. godine. Posle Drugog svetskog rata, fabrika Daglas\/Makdonel ostala je zna\u010dajna do 1970-ih, stvaraju\u0107i radna mesta i tink-tenk RAND. Zatvaranje pogona u Daglasu (1968\u201370) bio je udarac, ali je pomoglo da se otvori put ekonomskoj diverzifikaciji. Grad se opirao pro\u0161irenju autoputa (zaustavili su autoput Santa Monika da nastavi zapadno pored Ou\u0161n parka 1975. godine), \u0161to je centar grada u\u010dinilo prijatnim za pe\u0161ake. Tokom decenija transformisao se u kosmopolitski mali grad: mol i pla\u017ea su ostali ikone, ali novi trgova\u010dki centri (Tre\u0107a ulica) i male tehnolo\u0161ke kompanije po\u010deli su da ga defini\u0161u. Zna\u010dajni doga\u0111aji: krajem 1980-ih do\u0161lo je do sukoba oko razvoja naspram o\u010duvanja (neka priobalna naselja borila su se protiv novih solitera). Danas me\u0161avina istorijskih zgrada iz sredine veka i modernih novih prodavnica svedo\u010di o kontinuiranim promenama.<\/p>\n<p>Santa Monika je poznata po zdravoj, progresivnoj i kreativnoj atmosferi. Grad je i stambeni i komercijalni; dugo je privla\u010dio umetnike, preduzetnike i mlade profesionalce, kao i bogate penzionere. Engleski je univerzalan, dok se \u0161panski \u010desto govori me\u0111u radnicima u uslu\u017enim industrijama i u odre\u0111enim naseljima. Na\u010din \u017eivota nagla\u0161ava fitnes: vide\u0107ete trka\u010de i bicikliste na Ou\u0161n aveniji, studije za jogu u skoro svakom bloku, a pijace su otvorene mnogim danima u nedelji. Kultura na pla\u017ei je velika \u2013 spasila\u010dki tornjevi, odbojka\u0161ke utakmice i prodavnice opreme za surfovanje su svuda. Grad je posebno pogodan za decu (igrali\u0161ta, \u0161kole) i ku\u0107ne ljubimce (pla\u017ea za pse bez povodca u odre\u0111enim satima).<\/p>\n<p>Politi\u010dki i dru\u0161tveno, Santa Monika je prili\u010dno liberalna; op\u0161tinske politike to odra\u017eavaju. Grad se ponosi za\u0161titom \u017eivotne sredine (stroga recikla\u017ea, ciljevi obnovljivih izvora energije, zabrane odre\u0111ene vrste plastike). Umetnost i tehnologija se ovde me\u0161aju: uli\u010dni murali i galerije postoje pored kovorking prostora i startap inkubatora. Doga\u0111aji u zajednici ja\u010daju lokalni karakter: postoje nedeljni koncerti u parku, letnje filmske ve\u010deri i sezonske proslave (kao \u0161to je serija koncerata \u201eSumra\u010dni dan\u201c na pristani\u0161tu Santa Monike). Gradska vlast i Privredna komora \u010desto isti\u010du \u201eKupujte lokalno\u201c i odr\u017eiva preduze\u0107a, \u0161to ukazuje na fokus na etos zajednice.<\/p>\n<p>\u0160to se ti\u010de ljubaznosti, raspolo\u017eenje u Santa Moniki je tipi\u010dno gostoljubivo i opu\u0161teno. \u010cak i u centru grada, poslovna ode\u0107a je retka; ode\u0107a za pla\u017eu ili le\u017eerna gradska ode\u0107a su norma. LJudi imaju tendenciju da se osmehnu i pozdrave sa \u201ezdravo\u201c, mada ne toliko poznato seoskom gradu kao mo\u017eda stil Santa Barbare. Postoji naznaka urbane anonimnosti (kao i u bilo kom predgra\u0111u Los An\u0111elesa), ali mnogi poznaju svoje kom\u0161ije. Saobra\u0107aj je tu\u017ebalica (me\u0161tani znaju da ne poku\u0161avaju da voze uzbrdo do aerodroma LA u \u0161picu), tako da je strpljenje na putevima pre\u0107utno pravilo.<\/p>\n<p>Atrakcije Santa Monike su usmerene ka obali mora. Naravno, mol Santa Monike je mesto koje morate videti. NJegov ringi\u0161pil u Drugoj ulici, panoramski to\u010dak i arkade podse\u0107aju na staromodnu atmosferu zabave, a scena na molu je odmah prepoznatljiva (za razliku od svega drugog u Los An\u0111elesu). Zabavne vo\u017enje u Pacifik parku na molu, plus mali akvarijum i restorani, privla\u010de porodice i povremene posetioce. Pored je park Palisejds, zeleni pojas na vrhu litice sa pogledom na okean, idealan za vo\u017enju biciklom ili \u0161etnje u zalazak sunca. Ovde imate jedan od najzna\u010dajnijih pogleda na Los An\u0111eles: beskrajni Pacifik i obrise Malibua na severu.<\/p>\n<p>Promenada u Tre\u0107oj ulici je jo\u0161 jedna glavna atrakcija: pe\u0161a\u010dka zona za kupovinu puna butika, uli\u010dnih izvo\u0111a\u010da i kafi\u0107a na otvorenom. \u010cesto se navodi kao jedan od najboljih tr\u017enih centara na otvorenom u Americi. Obli\u017enji tr\u017eni centar Santa Monika Plejs (luksuzni \u0161oping) i umetni\u010dki okrug 4.\/Kolorada (Centar za scenske umetnosti SMC) doprinose njegovoj privla\u010dnosti. Sama pla\u017ea \u2013 Dr\u017eavna pla\u017ea Santa Monika \u2013 je \u0161iroka i dobro odr\u017eavana, sa terenima za odbojku i biciklisti\u010dkim stazama koje se povezuju sa pla\u017eom Venis (na jugu) i biciklisti\u010dkom stazom Marina del Rej (na severu).<\/p>\n<p>Ostale zanimljivosti uklju\u010duju park Tongva i zeleni pojas (noviji park na vi\u0161e nivoa sa igrali\u0161tima i fontanama u centru grada) i park Palisejds (kao \u0161to je pomenuto). Na obali mora, zna\u010dajne gra\u0111evine su istorijski mol Ejnd\u017eels Najt (Karuzova ku\u0107a na pla\u017ei) i kula sedi\u0161ta spasilaca. Sport i razonoda: Pla\u017ea Maskl (originalna kalifornijska teretana na otvorenom) i igrali\u0161te Nort Bi\u010d su zabavne posete. Tako\u0111e, Muzej umetnosti Santa Monike i stanica Bergamot (umetni\u010dki kompleks sa desetinama galerija) slu\u017ee posetiocima \u017eeljnim kulture. Oni koji \u017eele da se osete lokalno usidrenim mogu da pro\u0161etaju pijacom Farmers Market na Arizona aveniji (tokom cele godine, sredom i subotom).<\/p>\n<p>Ukratko, lista obaveznih stvari definisana je okeanom i u\u017eivanjem u prirodi: vo\u017enja biciklom do pristani\u0161ta, \u0161etnja pri zalasku sunca, vo\u017enja rolerima na pla\u017ei, plus obrok u jednom od mnogih restorana pored pla\u017ee. Santa Monika nudi klasi\u010dno kalifornijsko iskustvo pla\u017enog grada, a\u017eurirano za moderno doba sa modernim prodavnicama i odr\u017eivim stilom.<\/p>\n<p>Santa Monika nema sopstveni komercijalni aerodrom; posetioci obi\u010dno lete na Me\u0111unarodni aerodrom Los An\u0111eles (LAX), koji je udaljen samo 15 minuta vo\u017enje ju\u017eno. Do aerodroma Berbank (BUR) i Long Bi\u010d (LGB) se tako\u0111e mo\u017ee do\u0107i automobilom ili \u0161atlom. Autoput I-10 se zavr\u0161ava u Santa Moniki (gde se spaja sa Ou\u0161n avenijom). Tako\u0111e je povezan povr\u0161inskim ulicama sa zapadnim Los An\u0111elesom i dalje. Voz Amtrak-a \u201ePacifik Serflajner\u201c staje na obli\u017enjoj stanici u centru Santa Monike (u 4. ulici), povezuju\u0107i se sa koridorom Los An\u0111eles\u2013San Dijego.<\/p>\n<p>Santa Monika je relativno mala. Mnogi stanovnici i posetioci pe\u0161a\u010de ili voze bicikl, posebno u centru grada i du\u017e pla\u017ee. Javni prevoz uklju\u010duje Big Blu Bus (gradski autobuski sistem Santa Monike) i laku \u017eeleznicu LA Metro E linije (Ekspo linija), koja povezuje centar Santa Monike (stanica u centru grada) sa centrom Los An\u0111elesa i dalje otprilike svakih 8 minuta. Taksiji i prevoz u vozilima su brojni u centralnim oblastima, ali mogu biti retki kasno no\u0107u u udaljenim naseljima. Parking se \u010desto napla\u0107uje na ulicama i u javnim gara\u017eama; budite svesni rasporeda \u010di\u0161\u0107enja ulica. Po\u0161to saobra\u0107aj mo\u017ee da blokira ulaze na autoputeve, mnogi me\u0161tani koriste bicikle ili skutere za kratke vo\u017enje (programi za iznajmljivanje skutera i bicikala su popularni).<\/p>\n<p>Va\u017ee uobi\u010dajeni kalifornijski bak\u0161i\u0161. Valuta je ameri\u010dki dolar. Engleski je univerzalan; \u0161panski je uobi\u010dajen u mnogim uslu\u017enim kontekstima (mnogi natpisi prodavnica su dvojezi\u010dni). Napojnica od 15\u201320% je standardna za restorane. Sandale i ode\u0107a za pla\u017eu su prihvatljivi skoro svuda tokom dana, mada se za fine restorane ili barove mo\u017ee izabrati lep\u0161a ode\u0107a. Santa Monika je generalno bezbedna \u2013 ima mnogo manje kriminala nego centar Los An\u0111elesa. Me\u0111utim, pazite na svoje stvari na prepunim ulicama i pla\u017eama. Grad je veoma prilago\u0111en pe\u0161acima i biciklistima, ali uvek se pridr\u017eavajte lokalnog bontona za bicikle\/skutere. Tako\u0111e je prili\u010dno internacionalan i prihvatljiv; posetioci bi trebalo da se ose\u0107aju prijatno nose\u0107i ono \u0161to vole. Prakti\u010dna napomena: zbog lokalne politike, Santa Monika je veoma ekolo\u0161ki svesna \u2013 posetioci \u0107e u mnogim parkovima prona\u0107i stanice za punjenje vodom (fontane) umesto plasti\u010dnih fla\u0161a, a restorani \u010desto podsti\u010du upotrebu torbi za vi\u0161ekratnu upotrebu.<a href=\"https:\/\/travelshelper.com\/sr\/destinacije\/severna-amerika\/sjedinjene-americke-drzave\/berkli-springs\/\" target=\"_self\" aria-labelledby=\"uael-post-8997\"><br \/>\n<\/a><\/p>","protected":false},"excerpt":{"rendered":"<p>Santa Monika, sme\u0161tena du\u017e slikovitog zaliva Santa Monika na ju\u017enoj obali Kalifornije, je \u017eivahan grad u okrugu Los An\u0111eles. Sa populacijom od 93.076 prema popisu stanovni\u0161tva SAD iz 2020. godine, Santa Monika je poznato turisti\u010dko naselje hvaljeno zbog svoje prijatne temperature, zadivljuju\u0107ih pla\u017ea i aktivnog hotelskog poslovanja. Me\u0111u velikim kompanijama koje podr\u017eavaju raznovrsnu ekonomiju grada - koji deluje kao glavno sredi\u0161te i za poslovanje i za rekreaciju - su Hulu, Universal Music Group, Lionsgate, Illumination i The Recording Academy.<\/p>","protected":false},"author":1,"featured_media":3396,"parent":8072,"menu_order":0,"comment_status":"closed","ping_status":"closed","template":"elementor_theme","meta":{"_eb_attr":"","footnotes":""},"class_list":["post-8395","page","type-page","status-publish","has-post-thumbnail"],"_links":{"self":[{"href":"https:\/\/travelshelper.com\/sr\/wp-json\/wp\/v2\/pages\/8395","targetHints":{"allow":["GET"]}}],"collection":[{"href":"https:\/\/travelshelper.com\/sr\/wp-json\/wp\/v2\/pages"}],"about":[{"href":"https:\/\/travelshelper.com\/sr\/wp-json\/wp\/v2\/types\/page"}],"author":[{"embeddable":true,"href":"https:\/\/travelshelper.com\/sr\/wp-json\/wp\/v2\/users\/1"}],"replies":[{"embeddable":true,"href":"https:\/\/travelshelper.com\/sr\/wp-json\/wp\/v2\/comments?post=8395"}],"version-history":[{"count":0,"href":"https:\/\/travelshelper.com\/sr\/wp-json\/wp\/v2\/pages\/8395\/revisions"}],"up":[{"embeddable":true,"href":"https:\/\/travelshelper.com\/sr\/wp-json\/wp\/v2\/pages\/8072"}],"wp:featuredmedia":[{"embeddable":true,"href":"https:\/\/travelshelper.com\/sr\/wp-json\/wp\/v2\/media\/3396"}],"wp:attachment":[{"href":"https:\/\/travelshelper.com\/sr\/wp-json\/wp\/v2\/media?parent=8395"}],"curies":[{"name":"wp","href":"https:\/\/api.w.org\/{rel}","templated":true}]}}