{"id":8365,"date":"2024-09-03T18:18:47","date_gmt":"2024-09-03T18:18:47","guid":{"rendered":"https:\/\/travelshelper.com\/staging\/?page_id=8365"},"modified":"2026-03-13T18:51:01","modified_gmt":"2026-03-13T18:51:01","slug":"san-antonio","status":"publish","type":"page","link":"https:\/\/travelshelper.com\/sr\/destinations\/north-america\/united-states\/san-antonio\/","title":{"rendered":"San Antonio"},"content":{"rendered":"<p>San Antonio, u Teksasu, prostire se preko ju\u017eno-centralnog Teksasa, gde se valovita prerija susre\u0107e sa \u017ebunjem ju\u017enog Teksasa. Gradskim pejza\u017eom dominiraju njegove istorijske tvr\u0111ave i misije, a primetno i moderna Kula Amerike koja probija horizont. NJegovo srce preseca bujna \u0161etnja rekom San Antonio, potopljeni vodeni put oblo\u017een kamenom, okru\u017een terasama, restoranima i prodavnicama (klima je ovde vla\u017ena suptropska, vru\u0107a leti, blaga zimi). \u200b\u200bAtmosfera San Antonija je prepoznatljiva: spoj dubokog \u0161pansko-meksi\u010dkog nasle\u0111a i savremenog teksa\u0161kog dinamizma. Preovla\u0111uju\u0107a arhitektura \u2013 \u200b\u200bod rezbarene kamene fasade Alamoa do pastelnih \u0161tuko ku\u0107a \u2013 odra\u017eava istoriju koja se prote\u017ee od \u0160panije 18. veka do \u017eivopisne, multikulturalne sada\u0161njosti.<\/p>\n<p>San Antonio je jedan od najve\u0107ih gradova u SAD. NJegova populacija u 2020. godini bila je 1.434.625 (preko 1,6 miliona u \u0161irem metropolitanskom podru\u010dju). Do 2023. godine pribli\u017eila se 1,46 miliona, nastavljaju\u0107i stabilan rast. Stanovni\u0161tvo San Antonija je poznato po tome \u0161to je ve\u0107inski hispanskog porekla: oko 64% \u200b\u200bstanovnika su hispanskog ili latinoameri\u010dkog porekla, uglavnom meksi\u010dkog porekla, a otprilike 23% su belci nehispanskog porekla. Postoji i zna\u010dajna afroameri\u010dka zajednica (oko 6%). Srednji prihod grada je ni\u017ei od nacionalnog proseka, \u0161to odra\u017eava njegovu veliku bazu radni\u010dke klase, iako je ekonomija u procvatu.<\/p>\n<p>Ekonomski, San Antonio je diverzifikovan. Istorijski gledano, vojno upori\u0161te (sa nekoliko baza konsolidovanih u Zajedni\u010dku bazu San Antonio), i dalje ima jedno od najve\u0107ih vojnih prisustava u zemlji. Ostali klju\u010dni sektori uklju\u010duju zdravstvenu za\u0161titu (Medicinski centar Ju\u017enog Teksasa je ogroman), turizam (Fort Sem Hjuston i Alamo privla\u010de milione), finansijske usluge (sedi\u0161te USAA za vojno osiguranje) i rafiniranje nafte (ovde se nalazi Valero Enerd\u017ei). BDP grada je 2018. godine iznosio oko 121 milijardu dolara, fokusiran na vojsku, zdravstvo, vladine i poslovne usluge. Grad tako\u0111e privla\u010di kongrese u Kongresnom centru Henri B. Gonzalez. Turizam je 2017. godine podr\u017eao preko 130.000 radnih mesta i uneo 13,6 milijardi dolara u lokalnu ekonomiju. San Antonio je dom dve kompanije sa liste Fortune 500 \u2013 Valero Enerd\u017ei (nafta) i USAA (osiguranje) \u2013 i brojnih regionalnih sedi\u0161ta.<\/p>\n<p>San Antonio se nalazi u ju\u017enom Teksasu, otprilike 120 kilometara u unutra\u0161njosti od Meksi\u010dkog zaliva. Nalazi se na nadmorskoj visini od oko 200 metara na odronu Balkones, gde se valovite ravnice prelaze u priobalna brda. Klima je vla\u017ena suptropska: leta su veoma vru\u0107a i vla\u017ena (\u010desto iznad 38\u00b0C), dok su zime blage i kratke. Le\u017ei na ravnicama ju\u017enog Teksasa, tako da je teren oko njega uglavnom ravan do blago valovit, sa retkim drve\u0107em i \u017ebunjem. Pet \u0161panskih kolonijalnih misija grada (uklju\u010duju\u0107i Alamo) nalaze se du\u017e reke San Antonio i progla\u0161ene su za svetsku ba\u0161tinu UNESKO-a. (Obale reke i misije poma\u017eu u razbijanju ravnice, stvaraju\u0107i d\u017eepove zelenila u gradu.)<\/p>\n<p>Istorija San Antonija po\u010dinje \u0161panskom kolonijalnom erom. Godine 1718, otac Antonio de Olivares osnovao je prvu misiju, nazvav\u0161i mesto San Antonio de Valero (koje je kasnije postalo Alamo). Iste godine \u0160panija je osnovala Presidio San Antonio de Behar (tvr\u0111avu) u blizini, a doseljenici su oko nje formirali vilu. Ovo je u\u010dinilo San Antonio prvim zakonski regulisanim civilnim naseljem na teritoriji dana\u0161njeg Teksasa. Tokom 18. veka, du\u017e reke je izgra\u0111eno jo\u0161 misija. Godine 1821. Teksas je stekao nezavisnost od \u0160panije kao deo Meksika, a San Antonio je ostao vitalni centar.<\/p>\n<p>Klju\u010dni trenutak bila je bitka kod Alama 1836. godine tokom Teksa\u0161ke revolucije: 180 teksa\u0161kih branilaca je opsela meksi\u010dka vojska Santa Ane, i iako su na kraju pora\u017eeni uz velike teksa\u0161ke gubitke, bojni pokli\u010d \u201eSetite se Alama\u201c ubrzao je nezavisnost Teksasa. (Misija Alamo postala je svetinja teksa\u0161kog identiteta.) U 19. i po\u010detkom 20. veka, San Antonio je rastao kao sto\u010darski i poljoprivredni centar, a kasnije je razvio industrije poput pivare Perl i vojne objekte. Posle Drugog svetskog rata, konsolidacija u Zajedni\u010dku bazu San Antonio u\u010dinila je vojnu ekonomiju jo\u0161 centralnijom. U poslednjim decenijama, grad je do\u017eiveo brz rast i diverzifikaciju, dok je istovremeno prihvatio svoje multietni\u010dko nasle\u0111e kroz festivale i kulturne institucije.<\/p>\n<p>Kultura San Antonija je bogato pod uticajem Hispanske kulture i ponosna je na svoje korene. \u0160panske i meksi\u010dke tradicije pro\u017eimaju svakodnevni \u017eivot: grad je prepun boja, fijesta i hrane. Dominantni jezik je engleski, ali se \u0161panski \u0161iroko govori (naselja, preduze\u0107a i signalizacija su \u010desto dvojezi\u010dni). Svakodnevni \u017eivot ima atmosferu fijeste: marija\u010di i konhunto muzika su uobi\u010dajene, a teks-meks kuhinja (takosi, en\u010dilade, brisket) je sveprisutna. Jedan od najve\u0107ih gradskih doga\u0111aja je Fijesta San Antonio, gradska proslava kulture i istorije svakog prole\u0107a (to je prepoznatljiv doga\u0111aj grada). Mnogi me\u0161tani se obla\u010de u kaubojske \u0161e\u0161ire, u\u017eivaju u porodi\u010dnim ro\u0161tiljima i prisustvuju rodeima i muzi\u010dkim predstavama Tehano.<\/p>\n<p>\u0160to se ti\u010de stila, stanovnici San Antonija su prijateljski nastrojeni i opu\u0161teni. U mnogim naseljima (Alamo Hajts, Sauttaun, King Vilijam, itd.) postoji sna\u017ean ose\u0107aj zajedni\u0161tva. Crkve (katoli\u010dke i protestantske) i centri zajednice pru\u017eaju centralne ta\u010dke. Zbog vru\u0107ine, \u017eivot ovde se \u010desto vrti oko ve\u010dernjih aktivnosti ili klimatizovanih prostora; popularni su kafi\u0107i na otvorenom no\u0107u. Sama River Vok je poput \u201eurbane oaze\u201c gde se ljudi okupljaju na ve\u010deru i u \u0161etnje. Generalno, grad spaja svoje tehansko nasle\u0111e sa modernom teksa\u0161kom snagom. Kao \u0161to jedna kulturna bele\u0161ka isti\u010de, San Antonio je jedan od samo 26 UNESKO-vih kreativnih gradova gastronomije (dodeljenih 2017. godine) \u2013 \u0161to je znak po\u0161tovanja prema njegovom kulinarskom zna\u010daju.<\/p>\n<p><strong>Najva\u017enije atrakcije:<\/strong><\/p>\n<ul>\n<li><strong>Alamo (misije San Antonio)<\/strong> \u2013 Misija San Antonio de Valero (\u201eAlamo\u201c) je najpoznatija znamenitost Teksasa. O\u010duvana od 18. veka, godi\u0161nje je pose\u0107uje preko 2 miliona ljudi i glavna je turisti\u010dka atrakcija. U blizini se nalaze jo\u0161 \u010detiri \u0161panske misije (Misija Konsepsion, San Hose, San Huan i Espada) du\u017e Misijske staze; zajedno ovih pet misija (uklju\u010duju\u0107i Alamo) \u010dine <strong>Nacionalni istorijski park San Antonio Mi\u0161ns<\/strong>, lokalitet svetske ba\u0161tine UNESKO-a. Pe\u0161a\u010dke ture ovde \u017eivopisno o\u017eivljavaju kolonijalnu istoriju.<\/li>\n<li><strong>\u0160etnja rekom San Antonio<\/strong> \u2013 Ure\u0111eni vodeni put sa pe\u0161a\u010dkim stazama i kamenim mostovima du\u017e reke San Antonio kroz centar grada. Oivi\u010den kafi\u0107ima, restoranima, prodavnicama i hotelima, nudi slikovit kontrast u odnosu na teksa\u0161ku vru\u0107inu. Vo\u017enja brodom po River Vok je popularno iskustvo razgledanja. River Vok se \u010desto opisuje kao du\u0161a grada, gde se lako mo\u017ee provesti popodne ru\u010daju\u0107i i \u0161etaju\u0107i uz mirnu reku.<\/li>\n<li><strong>Kula Amerike<\/strong> \u2013 Osmatra\u010dnica visoka 227 metara izgra\u0111ena za Svetsku izlo\u017ebu 1968. godine, sa panoramskim pogledom na San Antonio sa osmatra\u010dnice i rotiraju\u0107im restoranom na vrhu. Istaknuto se nalazi u parku Hemisfer u centru grada.<\/li>\n<li><strong>Sivorld San Antonio i Siks Flegs Fiesta Teksas<\/strong> \u2013 Zabavni parkovi orijentisani na porodice. SiVorld (u zapadnom San Antoniju) nudi predstave morskih sisara i akvarijume. Siks Flegs Fiesta Teksas (na severozapadu) ima rolerkostere i karnevalske vo\u017enje. Oba su me\u0111u najve\u0107im atrakcijama u regionu za decu i ljubitelje uzbu\u0111enja.<\/li>\n<li><strong>Trg (Pijaca)<\/strong> \u2013 Istorijski Trg Market u ju\u017enom centru grada je najve\u0107a meksi\u010dka pijaca u Sjedinjenim Dr\u017eavama. Otvoren svakodnevno, to je \u0161areni trg sa zanatskim tezgama i restoranima. Prodavci prodaju pinjate, sombrero, meksi\u010dke slatki\u0161e i ru\u010dno ra\u0111ene rukotvorine \u2013 \u0161to odra\u017eava sna\u017enu hispansku kulturu San Antonija.<\/li>\n<li><strong>Nacionalni istorijski park San Antonio Mi\u0161ns<\/strong> (videti Alamo gore) \u2013 Pored misije u centru grada, park obuhvata i misije Konsepsion, San Hose, San Huan i Espada. One su prelepo o\u010duvane, posebno Misija Konsepsion (sa originalnim freskama). Mirnije su od Alamoa, ali podjednako zna\u010dajne sa istorijskog stanovi\u0161ta.<\/li>\n<li><strong>Ostale najva\u017enije informacije:<\/strong> Zoolo\u0161ki vrt San Antonija u parku Brakenrid\u017e, muzej Vite (nauka, istorija, kultura) i istorijski park Brakenrid\u017e (dom japanskih \u010dajnih vrtova). Istorijska palata \u0161panskog guvernera u centru grada jedna je od najstarijih zgrada u Teksasu. Tako\u0111e je vredno pomenuti doga\u0111aje River Parade i FIESTA ako se va\u0161a poseta poklapa sa tim doba godine.<\/li>\n<\/ul>\n<p><strong>Prakti\u010dni pregled:<\/strong><\/p>\n<ul>\n<li><strong>Kako do\u0107i:<\/strong> Me\u0111unarodni aerodrom San Antonio (SAT) opslu\u017euje grad, sa letovima iz svih delova SAD. Nalazi se severno od centra grada (oko 16 kilometara daleko). Me\u0111udr\u017eavni autoputevi I-35, I-10 i I-37 spajaju se oko San Antonija, \u0161to ga \u010dini dostupnim automobilom iz svih pravaca (Dalas\/Hjuston preko I-35, Ostin preko I-35 sever, itd.). Autobusi Grejhaund i Amtrak (Sanset Limited) tako\u0111e opslu\u017euju centar grada. Centar grada je udaljen nekoliko sati vo\u017enje ju\u017eno od Ostina i jugozapadno od Hjustona.<\/li>\n<li><strong>Kretanje:<\/strong> Lokalni tranzitni sistem San Antonija obavlja VIA Metropolitan Transit (autobusi i noviji ekspresni autobuski sistem). Grad je veliki, tako da se ve\u0107ina posetilaca oslanja na automobile ili prevoz putnika. Centar grada i podru\u010dje Alamo su kompaktni i dostupni za pe\u0161a\u010denje. Taksiji, Uber\/Lyft i hotelski \u0161atlovi su lako dostupni. (Napomena: San Antonio jo\u0161 uvek nema sistem prigradske \u017eeleznice ili lake \u017eeleznice, iako je jedan planiran.)<\/li>\n<li><strong>Osnovni saveti:<\/strong> Lokalna valuta je ameri\u010dki dolar. Engleski se govori svuda, ali \u0107ete se sna\u0107i i na \u0161panskom (natpisi i meniji su obi\u010dno dvojezi\u010dni). Teksa\u0161ki bonton: ba\u0161 kao i na \u0161irem jugu, ljudi su ljubazni i govore \u201egospo\u0111o\u201c i \u201egospodine\u201c. Napojnica (15\u201320%) se o\u010dekuje u restoranima. S obzirom na vru\u0107inu, ostanite hidrirani i koristite kremu za sun\u010danje leti. San Antonio je generalno bezbedan u turisti\u010dkim podru\u010djima, ali kao i uvek budite oprezni sa d\u017eeparo\u0161ima na mestima sa puno ljudi. Mnogi me\u0161tani i prodavci su ljubazni \u2013 kratak \u0161panski pozdrav (\u201eBuenos d\u00edas\u201c) je uvek dobrodo\u0161ao.<a href=\"https:\/\/travelshelper.com\/sr\/destinacije\/severna-amerika\/sjedinjene-americke-drzave\/berkli-springs\/\" target=\"_self\" aria-labelledby=\"uael-post-8997\"><br \/>\n<\/a><\/li>\n<\/ul>","protected":false},"excerpt":{"rendered":"<p>San Antonio, ranije poznat kao grad San Antonio, je dinami\u010dan i istorijski zna\u010dajan grad sme\u0161ten u dr\u017eavi Teksas. Sa populacijom od 2,6 miliona prema popisu stanovni\u0161tva SAD iz 2020. godine, ovaj najnaseljeniji grad u \u0161irem podru\u010dju San Antonija je tre\u0107a najve\u0107a metropolitanska oblast u Teksasu i 24. po veli\u010dini u zemlji. Posle Hjustona, to je drugi najnaseljeniji grad u Teksasu; sedi\u0161te je okruga Beksar i sedmi je me\u0111u svim gradovima u Sjedinjenim Dr\u017eavama, drugi na jugu Sjedinjenih Dr\u017eava.<\/p>","protected":false},"author":1,"featured_media":4038,"parent":8072,"menu_order":0,"comment_status":"closed","ping_status":"closed","template":"elementor_theme","meta":{"_eb_attr":"","footnotes":""},"class_list":["post-8365","page","type-page","status-publish","has-post-thumbnail"],"_links":{"self":[{"href":"https:\/\/travelshelper.com\/sr\/wp-json\/wp\/v2\/pages\/8365","targetHints":{"allow":["GET"]}}],"collection":[{"href":"https:\/\/travelshelper.com\/sr\/wp-json\/wp\/v2\/pages"}],"about":[{"href":"https:\/\/travelshelper.com\/sr\/wp-json\/wp\/v2\/types\/page"}],"author":[{"embeddable":true,"href":"https:\/\/travelshelper.com\/sr\/wp-json\/wp\/v2\/users\/1"}],"replies":[{"embeddable":true,"href":"https:\/\/travelshelper.com\/sr\/wp-json\/wp\/v2\/comments?post=8365"}],"version-history":[{"count":0,"href":"https:\/\/travelshelper.com\/sr\/wp-json\/wp\/v2\/pages\/8365\/revisions"}],"up":[{"embeddable":true,"href":"https:\/\/travelshelper.com\/sr\/wp-json\/wp\/v2\/pages\/8072"}],"wp:featuredmedia":[{"embeddable":true,"href":"https:\/\/travelshelper.com\/sr\/wp-json\/wp\/v2\/media\/4038"}],"wp:attachment":[{"href":"https:\/\/travelshelper.com\/sr\/wp-json\/wp\/v2\/media?parent=8365"}],"curies":[{"name":"wp","href":"https:\/\/api.w.org\/{rel}","templated":true}]}}