{"id":8356,"date":"2024-09-03T18:11:00","date_gmt":"2024-09-03T18:11:00","guid":{"rendered":"https:\/\/travelshelper.com\/staging\/?page_id=8356"},"modified":"2026-03-13T18:15:46","modified_gmt":"2026-03-13T18:15:46","slug":"sijetl","status":"publish","type":"page","link":"https:\/\/travelshelper.com\/sr\/destinations\/north-america\/united-states\/seattle\/","title":{"rendered":"Sijetl"},"content":{"rendered":"<p>Sijetl, Va\u0161ington je najve\u0107i grad na severozapadu Pacifika. NJegova gradska populacija je oko 780.000 od 2024. godine, a \u0161ire metropolitansko podru\u010dje Sijetla ima oko 4,02 miliona stanovnika (15. po veli\u010dini u SAD). Grad brzo raste (preko 20% rasta od 2010. do 2020. godine). Sijetl je raznovrsniji od mnogih ameri\u010dkih gradova: oko 60% stanovnika su belci nehispanskog porekla, oko 17% su Azijati, a postoje i zna\u010dajne crna\u010dke, hispanske i multirasne zajednice. Doma\u0107instva su prosperitetna: srednji prihod je znatno iznad nacionalnog proseka (oko 122.000 dolara), \u0161to odra\u017eava sna\u017enu ekonomiju Sijetla. Zaista, BDP regiona je oko 518 milijardi dolara (2022), a temelj mu su velike korporacije. Sedam kompanija sa liste Fortune 500 imaju sedi\u0161te u Sijetlu \u2013 posebno Amazon, Starbucks, Nordstrom, Expedia i Zillow \u2013 a u obli\u017enjim predgra\u0111ima nalaze se i druge kompanije poput Microsoft-a i Boeing-a. Amazon i Boing su posebno definisali modernu ekonomiju Sijetla, dok luka Sijetla ostaje jedna od najprometnijih pacifi\u010dkih luka u Severnoj Americi.<\/p>\n<p>Stanovnici Sijetla u\u017eivaju u jednim od najvi\u0161ih tro\u0161kova \u017eivota u zemlji (cene stanovanja su me\u0111u vode\u0107im gradovima u SAD), ali i u jednim od najvi\u0161ih prose\u010dnih prihoda. NJegova obrazovana radna snaga i globalne kompanije (Amazon je drugi najve\u0107i trgovac na malo na svetu) poma\u017eu u odr\u017eavanju dinami\u010dne ekonomije. Ovaj prosperitet se prevodi u obilje sadr\u017eaja i javnih usluga. Demografija Sijetla prete\u017eno se sastoji od prili\u010dno mladih (srednja starost oko 30-ih) i dobro obrazovanih ljudi. Grad je poznat po velikoj populaciji tehnolo\u0161kih stru\u010dnjaka i inovatora \u2013 to je rodno mesto ili centar rasta kompanija poput Majkrosofta, Amazona i brojnih startapova. Ukratko, Sijetl je veliki, etni\u010dki raznolik grad sa procvatom visokotehnolo\u0161ke i vazduhoplovne ekonomije i visokim prose\u010dnim prihodima, okru\u017een bogatstvom prirodnih lepota.<\/p>\n<p>Sijetl se nalazi na kontinentu Severne Amerike, du\u017e zapadne pacifi\u010dke obale Sjedinjenih Dr\u017eava. Nalazi se u krajnjem severozapadnom delu dr\u017eave Va\u0161ington, na prevlaci izme\u0111u Pjud\u017eet Saunda i jezera Va\u0161ington. U geografskom smislu, centar grada prostire se na Eliot Beju, zalivu Pjud\u017eet Saunda. Okolni teren je dramati\u010dan: odmah zapadno su strma brda i zimzelene \u0161ume Olimpijskog poluostrva, a na istoku se nadvijaju vrhovi Kaskadnog venca (planina Rejnir se uzdi\u017ee preko 4250 metara oko 96 kilometara jugoisto\u010dno). Neboderi u centru grada grupisani su du\u017e obale, ali sa mnogih gradskih vidikovaca vide se voda i planine koje uokviruju siluetu grada. Klima Sijetla je poznata po blagoj morskoj: zime su hladne, duge i vla\u017ene, dok su leta topla i uglavnom suva. Retko je ekstremno hladno ili vru\u0107e. U praksi to zna\u010di vla\u017ene, sive zime sa rosuljom (otprilike 150 dana merljive ki\u0161e godi\u0161nje) i kratke sun\u010dane dane, dok su leta (jul-septembar) uglavnom sun\u010dana sa temperaturama \u010desto izme\u0111u 22 i 27 stepeni Celzijusa. Sneg je povremen u samom gradu, ali obli\u017enje planine dobijaju obilne sne\u017ene padavine (\u010desto stotine centimetara po sezoni), \u0161to omogu\u0107ava rekreaciju na otvorenom tokom cele godine. Generalno, Sijetl u\u017eiva u bujnom, umerenom okru\u017eenju sa zimzelenim \u0161umama i blagim okeanskim povetarcem; posetioci \u010desto prime\u0107uju da vide planinu Rejnir po vedrom danu.<\/p>\n<p>Istorija Sijetla po\u010dela je davno sa indijanskim ribarskim selima (Duvami\u0161 i drugi narodi) du\u017e Pjud\u017eet Saunda. Moderno doba grada datira iz sredine 19. veka. Godine 1851, Deni parti (rani pioniri) iskrcala se na Alki Pointu, a zatim se preselila na istok u Eliot Bej, osnovav\u0161i \u201eSijetl\u201c (nazvan po lokalnom indijanskom poglavici) 1852. godine. Rane industrije bile su se\u010da \u0161uma i brodogradnja, koriste\u0107i prednosti ogromnih \u0161uma i dubokovodne luke. Zlatna groznica na Aljasci 1890-ih u\u010dinila je Sijetl gradom kapijom, a 1909. godine bio je doma\u0107in izlo\u017ebe Aljaska-Jukon-Pacifik, podstakav\u0161i rast kampusa Univerzitetskog okruga. Masovni procvat do\u017eiveo je 1962. godine kada je grad organizovao izlo\u017ebu Veka 21 \u2013 Svetski sajam \u2013 koja je ostavila kao nasle\u0111e Spejs Nidl, gradski osmatra\u010dnica i uzdignuti monorejl. To doba optimizma pratio je uspon industrije i tehnologije: vazduhoplovstva (Boing je dominirao sredinom veka) i kasnije softvera. Tokom 1970-ih i 1980-ih, kompanije poput Majkrosofta (osnovanog u obli\u017enjem Redmondu) i kasnije Amazona (osnovanog u centru grada 1994. godine) transformisale su Sijetl u tehnolo\u0161ku silu. Ove kompanije su privukle raznovrsnu radnu snagu i globalnu pa\u017enju. U poslednjim decenijama grad se nastavio razvijati \u2013 tehnolo\u0161ka i biotehnolo\u0161ka industrija su procvetale, me\u0111unarodna trgovina preko luke se pro\u0161irila, a urbani razvoj je preoblikovao naselja (na primer, Saut Lejk Junion ima kancelarijske nebodere). Kroz sve to, Sijetl je spojio svoje grani\u010darske korene sa inovacijama. Na primer, izgradnja Spejs Nidla za sajam 1962. godine ostaje ta\u010dka lokalnog ponosa, simbolizuju\u0107i viziju grada tog perioda.<\/p>\n<p>Kulturni karakter Sijetla je me\u0161avina liberalizma posve\u0107enog prirodi i urbane energije. Dominantni jezik je engleski, \u0161to odra\u017eava angloameri\u010dku ve\u0107inu u gradu, ali se \u010duju i mnogi drugi jezici: vijetnamski, mandarinski, \u0161panski i somalijski su uobi\u010dajeni u naseljima. Kultura Sijetla ceni i tehnolo\u0161ke ambicije i ljubav prema prirodi. Vide\u0107ete profesionalce u le\u017eernoj ode\u0107i (patagonija jakne, \u0161olje za kafu u rukama) kako putuju u centar grada, a kajaka\u0161e i bicikliste dele put svakog lepog dana. Postoji sveprisutna \u201ekultura kafe\u201c: Sijetl je poznat po opsednutosti kafom, dom Starbaksa i bezbrojnih nezavisnih kafi\u0107a. Sve\u017ee pr\u017eena zrna kafe i zanatska late umetnost su svakodnevne scene. Muzika i umetnost imaju posebno mesto u lokalnom \u017eivotu. Istorijski d\u017eez koreni grada (klubovi u ulici D\u017dekson) na kraju su ustupili mesto njegovoj ulozi kolevke grand\u017e roka 1990-ih \u2013 bendovi iz Sijetla poput Nirvane i Perl D\u017dema definisali su generaciju. Danas je \u017eiva muzika sveprisutna: lokalni pabovi u susedstvu organizuju ve\u010deri otvorenog mikrofona, Benaroja hol je doma\u0107in simfonijskih koncerata, a mesta poput Neumosa ili Krokodila donose gostovanja indi bendova na turnejama. Svakog prole\u0107a odr\u017eava se Me\u0111unarodni filmski festival u Sijetlu (ogroman doga\u0111aj), a leto donosi kulturne uli\u010dne sajmove skoro svakog vikenda u raznim okruzima. Na primer, za vikend Dana se\u0107anja mo\u017eete u\u017eivati u Festivalu folklora severozapada (narodna muzika i ples na univerzitetskom terenu) i Morskom sajmu (trke hidroaviona i parade) u julu. Parade ponosa, etni\u010dki uli\u010dni festivali (kao \u0161to je Festival lunarne Nove godine u Kineskoj \u010detvrti) i umetni\u010dki festival Bamber\u0161ut povodom Dana rada privla\u010de ogromne gu\u017eve.<\/p>\n<p>Svakodnevni \u017eivot ovde ima pragmati\u010dan kvalitet, napornog rada, zabave i zabave. Tipi\u010dan stanovnik Sijetla je ljubazan, ali ponekad rezervisan \u2013 test strpljenja u lekarskoj ordinaciji mo\u017ee biti uobi\u010dajen \u2013 ali je prijateljski nastrojen kada se jednom upozna. Putovanje na posao \u010desto uklju\u010duje saobra\u0107aj ili javni prevoz (mnogi se voze lakom \u017eeleznicom Link ili autobusima i trajektima), tako da ljudi imaju tendenciju da izdvoje vreme za tehnologiju da bi \u010ditali ili pili kafu tokom putovanja. Posle posla je uobi\u010dajeno videti ljude kako ve\u017ebaju (tr\u010de po Zelenom jezeru, idu u teretanu za penjanje ili lokalni joga studio), jer stanovnici Sijetla cene fizi\u010dku kondiciju i vezu sa prirodom. Uve\u010de se prijatelji \u010desto sastaju na pi\u0107u ili u\u017eivaju u zalasku sunca na zalivu Saund. Ukratko, Sijetl se tokom dana ose\u0107a urbano i inovativno, ali kada sunce za\u0111e (i liftovi procvetaju sa zgrada), zadr\u017eava atmosferu opu\u0161tenosti i spolja\u0161njosti koja odra\u017eava njegovo zimzeleno okru\u017eenje.<\/p>\n<p>Sijetl se mo\u017ee pohvaliti mnogim mestima koja se \u201emoraju videti\u201c. Najzna\u010dajnije je Spejs Nidl (zavr\u0161en 1962. godine), osmatra\u010dnica visoka 182 metra koja nudi pogled od 360\u00b0 na centar grada i planine (posebno veli\u010danstvena po vedrim danima). Nidl je sredi\u0161te Sijetlskog centra, koji tako\u0111e uklju\u010duje Muzej pop kulture (MoPOP) i obli\u017enji \u010cihuli Garden &amp; Glas. U blizini se nalazi istorijska stanica mono\u0161inske \u017eeleznice (izgra\u0111ena za sajam) i IMAKS Pacifi\u010dki nau\u010dni centar. Pijaca Pajk Plejs u \u200b\u200bcentru grada je jo\u0161 jedan turisti\u010dki magnet: \u017eivahna pijaca ribe i vo\u0107a otvorena od 1907. godine, poznata po svojim ribarnicama \u201elete\u0107e ribe\u201c, tezgama sa cve\u0107em i originalnom Starbaks prodavnicom. U blizini se nalazi obala i Sijetlski akvarijum. Du\u017e umetni\u010dkog reda u centru grada nalazi se Sijetlski umetni\u010dki muzej (SAM) sa svojim Olimpijskim parkom skulptura (napolju, besplatan ulaz, sa pogledom na Pjud\u017eet Saund). Pionir skver, istorijski okrug Sijetla, sadr\u017ei ciglene zgrade iz 19. veka, umetni\u010dke galerije i jedinstvenu Podzemnu turu (poseta zakopanim izlozima). Ostale znamenitosti uklju\u010duju Muzej istorije i industrije (MOHAI) na jezeru Junion, futuristi\u010dku zgradu EMP-a (MoPOP) i Centralnu filijalu Javne biblioteke u Sijetlu (arhitektonsko \u010dudo). Prirodne atrakcije nikada nisu daleko: ve\u0107ina posetilaca ne propu\u0161ta vo\u017enju trajektom do ostrva Bejnbrid\u017e zbog pogleda iz kafi\u0107a na gradsku panoramu, ili kratak izlet do parka Keri na brdu Kvin Ana za savr\u0161enu panoramu sa razglednice (Spejs Nidl ispred, Maunt Rejnir pozadi). Za ljubitelje sporta, stadion Sen\u010duriLink (Lumen) i park T-Mobile tokom cele godine su doma\u0107ini utakmica Sihoksa, Saundersa i Marinersa. Ukratko, atrakcije Sijetla kre\u0107u se od urbane umetnosti i arhitekture do autenti\u010dnih pijaca i lakog pristupa vodi i planinskim vidicima.<\/p>\n<p>Me\u0111unarodni aerodrom Sijetl\u2013Takoma (SEA, obi\u010dno nazvan Si-Tak) je glavna kapija, sa letovima iz celog sveta. Manji aerodrom Boing Fild (aerodrom okruga King) tako\u0111e opslu\u017euje deo komercijalnog i privatnog saobra\u0107aja. Sijetl je povezan me\u0111udr\u017eavnim putem 5 (sever-jug du\u017e grada) i I-90 (istok do Belvjua i dalje). Nacionalna mre\u017ea Amtraka staje na stanici King Strit u centru grada; ruta Kaskads opslu\u017euje Vankuver, Britanska Kolumbija, a ruta Starlajt se povezuje sa Los An\u0111elesom. Trajekti sa Kolman Doka u centru grada plove do Bejnbrid\u017ea i Bremertona.<\/p>\n<p>Sijetl ima bogat javni prevoz. Laka \u017eeleznica Link povezuje severni Sijetl sa aerodromom i Federal Vejom, a uskoro \u0107e biti otvorena i produ\u017eetka do Belvjua. Autobusi (King Kaunti Metro i Saund Tranzit) pokrivaju \u0161irok spektar grada. Monorail (izgra\u0111en 1962. godine) juri izme\u0111u centra grada i centra Sijetla. Mre\u017ea ulica je brdovita \u2013 na primer, Kapitol Hil i Kraljica Ana se strmo uzdi\u017eu od centra grada \u2013 ali sam centar grada je prili\u010dno pogodan za pe\u0161a\u010denje (posebno koridor 1.\u20133. avenije). Grad je tako\u0111e veoma pogodan za bicikliste sa mnogim biciklisti\u010dkim stazama i stazom Burk-Gilman du\u017e jezera Va\u0161ington. Vo\u017enja je mogu\u0107a, ali budite spremni na saobra\u0107ajne gu\u017eve, posebno na me\u0111udr\u017eavnom putu I-5 tokom \u0161pica. Taksiji i prevoz putnika su brojni. Trajekti do obli\u017enjih ostrva i trajekti preko Saunda (npr. do Kingstona) su zna\u010dajan vid prevoza.<\/p>\n<p>Valuta je ameri\u010dki dolar, jezik engleski. Sijetl je poznat po toleranciji i progresivnosti; normalno je sresti ljude razli\u010ditog porekla i politi\u010dkih uverenja. Davanje bak\u0161i\u0161a u restoranima je uobi\u010dajeno (15\u201320%). Bonton prati tipi\u010dne urbane norme SAD: vrata ostaju otvorena, kratak kontakt o\u010dima i klimanje glavom ili \u201ezdravo\u201c na ulici, ljubazno pona\u0161anje za stolom. \u0160to se ti\u010de bezbednosti, Sijetl je relativno bezbedan u turisti\u010dkim podru\u010djima, ali preduzmite uobi\u010dajene gradske mere predostro\u017enosti no\u0107u (ostanite u dobro osvetljenim mestima, pazite na vredne stvari). Zime mogu biti tmurne i povremeno ledene, zato ponesite slojevitu ode\u0107u. Me\u0161tani se \u010desto obla\u010de slojevito i u le\u017eernim stilovima (farmerke, d\u017eemperi, kabanica itd.).<a href=\"https:\/\/travelshelper.com\/sr\/destinacije\/severna-amerika\/sjedinjene-americke-drzave\/berkli-springs\/\" target=\"_self\" aria-labelledby=\"uael-post-8997\"><br \/>\n<\/a><\/p>","protected":false},"excerpt":{"rendered":"<p>Sme\u0161ten na zapadnoj obali Sjedinjenih Dr\u017eava, Sijetl je \u017eivahan lu\u010dki grad. Sa populacijom od 755.078 stanovnika u 2023. godini, Sijetl je najnaseljeniji grad u regionu Pacifi\u010dkog severozapada Severne Amerike i dr\u017eavi Va\u0161ington. Ovde se nalazi i sedi\u0161te okruga King u Va\u0161ingtonu. Me\u0111u ameri\u010dkim gradovima, rangiran je na 18. mestu po broju stanovnika. Sa populacijom od 4,02 miliona, metropolitansko podru\u010dje Sijetla je petnaesto najve\u0107e metropolitansko podru\u010dje u zemlji. Me\u0111u najbr\u017ee rastu\u0107im velikim gradovima u zemlji, Sijetl se mo\u017ee pohvaliti neverovatnim pove\u0107anjem od 21,1% izme\u0111u 2010. i 2020. godine.<\/p>","protected":false},"author":1,"featured_media":4370,"parent":8072,"menu_order":0,"comment_status":"closed","ping_status":"closed","template":"elementor_theme","meta":{"_eb_attr":"","footnotes":""},"class_list":["post-8356","page","type-page","status-publish","has-post-thumbnail"],"_links":{"self":[{"href":"https:\/\/travelshelper.com\/sr\/wp-json\/wp\/v2\/pages\/8356","targetHints":{"allow":["GET"]}}],"collection":[{"href":"https:\/\/travelshelper.com\/sr\/wp-json\/wp\/v2\/pages"}],"about":[{"href":"https:\/\/travelshelper.com\/sr\/wp-json\/wp\/v2\/types\/page"}],"author":[{"embeddable":true,"href":"https:\/\/travelshelper.com\/sr\/wp-json\/wp\/v2\/users\/1"}],"replies":[{"embeddable":true,"href":"https:\/\/travelshelper.com\/sr\/wp-json\/wp\/v2\/comments?post=8356"}],"version-history":[{"count":0,"href":"https:\/\/travelshelper.com\/sr\/wp-json\/wp\/v2\/pages\/8356\/revisions"}],"up":[{"embeddable":true,"href":"https:\/\/travelshelper.com\/sr\/wp-json\/wp\/v2\/pages\/8072"}],"wp:featuredmedia":[{"embeddable":true,"href":"https:\/\/travelshelper.com\/sr\/wp-json\/wp\/v2\/media\/4370"}],"wp:attachment":[{"href":"https:\/\/travelshelper.com\/sr\/wp-json\/wp\/v2\/media?parent=8356"}],"curies":[{"name":"wp","href":"https:\/\/api.w.org\/{rel}","templated":true}]}}