{"id":8347,"date":"2024-09-03T16:48:42","date_gmt":"2024-09-03T16:48:42","guid":{"rendered":"https:\/\/travelshelper.com\/staging\/?page_id=8347"},"modified":"2026-03-13T18:07:24","modified_gmt":"2026-03-13T18:07:24","slug":"sent-luis","status":"publish","type":"page","link":"https:\/\/travelshelper.com\/sr\/destinations\/north-america\/united-states\/saint-louis\/","title":{"rendered":"Sent Luis"},"content":{"rendered":"<p>Sent Luis, u Misuriju, prostire se du\u017e zapadne obale mo\u0107ne reke Misisipi. Centralna ta\u010dka siluete grada je blistavi Gejtvej Ar\u010d, spomenik od ner\u0111aju\u0107eg \u010delika visok 197 metara, koji se uzdi\u017ee iz centra grada. Obala reke i litice stvaraju veli\u010danstvenu pozadinu, a gradska mre\u017ea se \u0161iri od reke ka istoku. Sent Luis deluje istovremeno opu\u0161teno i \u017eivo: postoji toplina Srednjeg zapada, ali i podstruja ponosa zbog svoje bogate pro\u0161losti kao zapadne kapije i kulturnog centra. Sent Luis se prostire na vi\u0161estrukim identitetima \u2013 francuskim kolonijalnim korenima, nema\u010dkim imigrantima, a kasnije i industrijskim i nau\u010dnim procvatom \u2013 sve se ose\u0107a u njegovoj arhitekturi i naseljima.<\/p>\n<p>Sent Luis je nezavisan grad u Misuriju (nije deo nijednog okruga). NJegovo stanovni\u0161tvo je bilo oko 300.000, ali sa nedavnim blagim padom; na primer, bilo je 293.109 u 2023. godini (\u0161to je manje od oko 300.000 u 2020. godini). Grad je skoro podjednako podeljen izme\u0111u belih i afroameri\u010dkih stanovnika. Od 2023. godine, oko 44,4% gra\u0111ana Sent Luisa su belci (nehispanskog porekla), a 42,9% su crnci (nehispanskog porekla). Ostale grupe uklju\u010duju 5% Hispanoamerikanaca i nekoliko procenata Azijata i vi\u0161erasnih stanovnika. Srednji prihod doma\u0107instva je skroman (otprilike 48.000 dolara), \u0161to odra\u017eava me\u0161avinu radni\u010dke i profesionalne klase u gradu.<\/p>\n<p>Ekonomski, region Sent Luisa je zna\u010dajan. Bruto doma\u0107i proizvod \u0161ireg podru\u010dja Sent Luisa iznosio je oko 209,9 milijardi dolara u 2022. godini. Lokalna ekonomija je raznolika: dugo je bila jaka u uslugama, proizvodnji, trgovini i transportu, kao i u vazduhoplovstvu i odbrani. Glavni sektori uklju\u010duju zdravstvo, finansije, biolo\u0161ke nauke i korporativne usluge. Sent Luis je dom 16 kompanija sa liste Fortune 1000 (\u0161est od njih je me\u0111u Fortune 500). Zna\u010dajna korporativna prisustva uklju\u010duju Boeing Defense (vazduhoplovstvo), Enterprise Holdings (iznajmljivanje automobila) i finansijske firme poput Edward Jones i Ameren. Pored toga, vladini i savezni poslovi su veliki (Federalna rezervna banka Sent Luisa i USDA imaju velike kancelarije ovde).<\/p>\n<p>Sent Luis se nalazi na Srednjem zapadu SAD (Severna Amerika) na \u0161irokoj krivini reke Misisipi blizu njenog u\u0161\u0107a u reku Misuri. Nalazi se u isto\u010dnom Misuriju, otprilike u sredi\u0161tu severnoameri\u010dkog kontinenta. Sam grad le\u017ei uglavnom na ravnici na oko 120 metara nadmorske visine, sa liticama (\u201eMisisipi brda\u201c) na jugu. Klima je vla\u017ena suptropska (Kepen Cfa): leta su veoma vru\u0107a i vla\u017ena, zime hladne do hladne. Ki\u0161a je prili\u010dno ravnomerno raspore\u0111ena tokom prole\u0107a i leta, sa povremenim snegom zimi. Misisipi nosi prole\u0107ne poplavne vode, \u0161to je istorijski uticalo na razvoj grada.<\/p>\n<p>Sent Luis su osnovali 15. februara 1764. godine francuski trgovci krznom Pjer Lakled i Ogist \u0160uto, na zemlji\u0161tu koje su \u0160panci (tada pod zajedni\u010dkom kontrolom) dali Lakledu u zakup. Nazvali su ga u \u010dast francuskog kralja Luja IX. Ranije su ovde cvetale kulture starosedelaca Misisipija, a francuski istra\u017eiva\u010di Luj \u017dolije i \u017dak Market pro\u0161li su 1673. godine. Sent Luis je pre\u0161ao iz francuske u \u0161pansku kontrolu 1763. godine, zatim nazad u Francusku, i kona\u010dno u Sjedinjene Dr\u017eave kupovinom Luizijane 1803. godine. Brzo je postao kapija zapada: ekspedicija Luisa i Klarka je ovde po\u010dela 1804. godine. Rast je do\u017eiveo procvat u 19. veku sa saobra\u0107ajem parobroda, \u017eeleznicom i Svetskom izlo\u017ebom i letnjim olimpijskim igrama 1904. godine (\u201eIzlo\u017eba kupovine Luizijane\u201c), \u0161to je grad izbacilo na svetsku scenu.<\/p>\n<p>Odlu\u010duju\u0107i preokret dogodio se 1877. godine kada je Sent Luis glasao da se odvoji od okolnog okruga Sent Luis i postane nezavisan grad; ovo je ograni\u010dilo granice grada i ograni\u010dilo dalju aneksiju, oblikuju\u0107i njegovu modernu veli\u010dinu. Tokom 19. i po\u010detka 20. veka, grad je bio proizvodno i transportno sredi\u0161te, poznat kao \u201egrad kapija\u201c. Tako\u0111e je postao glavni kulturni centar \u2013 na primer, bio je dom regtajm kompozitora Skota D\u017doplina i ranih d\u017eez muzi\u010dara. U moderno doba, Sent Luis je imao svoj deo ciklusa procvata i padova (industrijski pad sredinom 20. veka, nakon \u010dega je usledio fokus na biotehnolo\u0161ku i uslu\u017enu industriju). Klju\u010dne znamenitosti ostaju iz njegove istorije, poput kultnog Arka (izgra\u0111enog 1963\u201365) i o\u010duvanih istorijskih naselja.<\/p>\n<p>Sent Luis odra\u017eava me\u0161avinu srednjozapadne prijateljske atmosfere i kosmopolitskog \u0161arma. Kulturno, ima sna\u017eno nema\u010dko nasle\u0111e (proslave Oktoberfesta u okrugu Sulard), a tako\u0111e i francuske kolonijalne korene. Grad je dom velike afroameri\u010dke zajednice, \u0161to doprinosi \u017eivoj muzici (istorija d\u017eeza\/bluza) i hrani (ro\u0161tilj je lokalni specijalitet). \u0160panske i vijetnamske zajednice dodaju jo\u0161 slojeva kulture. Primetno je da je Sent Luis ocenjen kao jedan od gradova koji najvi\u0161e podr\u017eavaju LGBT+ ob\u0449nost na Srednjem zapadu, sa \u017eivahnim proslavama Ponosa i otvorenim stavom mnogih stanovnika.<\/p>\n<p>\u0160to se ti\u010de dijalekata, engleski govore gotovo svi, a neke porodice imigrantskog porekla govore i \u0161panski, vijetnamski, bosanski itd. Tempo \u017eivota je generalno umeren; stanovnici mogu u\u017eivati u \u0161etnji Forest Parkom, pose\u0107ivanju lokalnih festivala ili navijanju za bejzbol Kardinalse. \u017divot na otvorenom je prihva\u0107en: pored Forest Parka, obli\u017enje staze uz reku Misuri i staza Kejti privla\u010de ljubitelje prirode. Kao \u0161to jedan gradski vodi\u010d isti\u010de, Sent Luis nudi kulturne doga\u0111aje tokom cele godine, od koncerata na otvorenom do parada. Na primer, karakteristi\u010dni doga\u0111aji kao \u0161to su Soulard Mardi Gras, PrideFest i muzi\u010dki festivali o\u017eivljavaju gradski kalendar. Stil me\u0161tana je \u010desto nepretenciozan \u2013 vide\u0107ete ljude kako u\u017eivaju u pivu u pivarama, ru\u010daju u udobnim kafanama ili pose\u0107uju kulturne sajmove. Generalno, grad projektuje toplu atmosferu zasnovanu na kom\u0161iluku: svaka oblast (kao \u0161to je Stari severni Sent Luis ili Centralni Vest End) ima svoj karakter.<\/p>\n<p><strong>Najva\u017enije atrakcije:<\/strong><\/p>\n<ul>\n<li><strong>Kapija Ar\u010d<\/strong> \u2013 Centralni deo Sent Luisa. Ovaj luk od ner\u0111aju\u0107eg \u010delika visok 197 metara kruni\u0161e centar grada i deo je Nacionalnog parka Gejtvej Ar\u010d. Posetioci mogu tramvajem da se popnu do vrha i pogledaju reku, grad i \u0161ire. Imanje i muzej u njegovom podno\u017eju bele\u017ee \u0161irenje ka zapadu. Luk je simbol grada i mesto koje se mora videti.<\/li>\n<li><strong>Botani\u010dka ba\u0161ta Misurija<\/strong> \u2013 Jedna od najstarijih botani\u010dkih ba\u0161ta u SAD i svetski poznata po svojim hortikulturnim izlo\u017ebama. NJeno okru\u017eenje obuhvata japanske vrtove, geodetsku kupolu Klimatron i prostrane staklenike. Spokojno mesto u gradu. Prelepa tradicija, nudi biljke i pejza\u017ee tokom cele godine.<\/li>\n<li><strong>Zoolo\u0161ki vrt u Sent Luisu<\/strong> \u2013 Sme\u0161ten u Forest Parku, ovaj zoolo\u0161ki vrt sa besplatnim ulazom konstantno se rangira me\u0111u najboljima u zemlji. U njemu se nalaze stotine vrsta u pa\u017eljivo dizajniranim stani\u0161tima. Porodice se ovde okupljaju da vide lavove, medvede, ptice, gmizavce i jo\u0161 mnogo toga (sve bez ulaznice). Posve\u0107enost zoolo\u0161kog vrta o\u010duvanju prirode i javnom obrazovanju je zna\u010dajna.<\/li>\n<li><strong>Muzej umetnosti i \u0161umski park Sent Luis<\/strong> \u2013 Muzej umetnosti (tako\u0111e u Forest Parku) je sveobuhvatna kolekcija koja se kre\u0107e od egipatskih artefakata do impresionisti\u010dkih slika. U blizini se nalaze Istorijski muzej Misurija i Muni (istorijsko pozori\u0161te na otvorenom). Sam Forest Park je ogroman (1.300 hektara) i obuhvata \u017eivopisna jezera i staze. Bio je mesto odr\u017eavanja Svetske izlo\u017ebe 1904. godine i ostaje rekreativni centar.<\/li>\n<li><strong>Gradski muzej<\/strong> \u2013 Jedinstvena atrakcija sme\u0161tena u prenamenjenoj fabrici obu\u0107e. To je igrali\u0161te za odrasle i decu sa tunelima, toboganima i arhitektonskim neobi\u010dnostima napravljenim od recikliranih materijala. (Prostiru\u0107i se na \u0161est fudbalskih terena, \u201e\u010dudno je divno\u201c i izuzetno popularno me\u0111u porodicama i ljubiteljima umetnosti.)<\/li>\n<li><strong>Pijaca farmera Sulard i istorijski okrug Sulard<\/strong> \u2013 Najstarija pijaca zapadno od Misisipija, Sulard Market, radi nekoliko dana u nedelji ispod gvozdenog paviljona. Okolno naselje Sulard (sa ku\u0107ama od crvene cigle) poznato je po svojim francuskim i nema\u010dkim tradicijama, istorijskoj arhitekturi i sna\u017enom ose\u0107aju zajedni\u0161tva. U njemu se odr\u017eava Sulard Mardi Gra (jedna od najve\u0107ih Mardi Gra zabava u Americi) i tokom cele godine se odr\u017eava \u017eiva muzika.<\/li>\n<li><strong>Ostale znamenitosti<\/strong> \u2013 Sent Luis ima mnogo drugih znamenitosti: katedralnu baziliku Sent Luisa (sa \u010duvenom mozai\u010dnom kupolom), istorijski okrug Laklids Lending na obali reke, obnovljenu \u017eelezni\u010dku stanicu Junion (sa hotelom i panoramskim to\u010dkom) i Nau\u010dni centar (besplatan uz kupolasti OMNIMAKS). Sport tako\u0111e privla\u010di posetioce: pogledajte bejzbol utakmicu Kardinalsa na stadionu Bu\u0161 ili hokeja\u0161ku utakmicu Bluza u Enterprajz centru.<\/li>\n<\/ul>\n<p><strong>Prakti\u010dni pregled:<\/strong><\/p>\n<ul>\n<li><strong>Kako do\u0107i:<\/strong> Me\u0111unarodni aerodrom Sent Luis Lambert (STL) je glavni aerodrom, koji opslu\u017euju svi glavni prevoznici sa mnogo dnevnih letova \u0161irom zemlje. Laka \u017eeleznica MetroLink povezuje oba aerodromska terminala direktno sa centrom Sent Luisa (stanica 1 u Terminalu 1 i stanica 2 u Terminalu 2). Amtrakov voz Misuri River Raner opslu\u017euje grad i sa aerodroma (putem autobuske\/\u017eelezni\u010dke veze) i iz centra grada (stanica Gejtvej). Glavni autoputevi (I-70, I-64, I-55, I-44) se ovde spajaju, \u0161to olak\u0161ava pristup gradu automobilom.<\/li>\n<li><strong>Kretanje:<\/strong> Laka \u017eeleznica i MetroBus MetroLink pokrivaju ve\u0107i deo grada i okruga. Moderna tramvajska linija kru\u017ei kroz centar grada i centralni Vest End. Iznajmljivanje automobila, taksiji i prevoz (Uber\/Lift) su \u0161iroko dostupni. Centar Sent Luisa i obli\u017enja naselja su prili\u010dno pe\u0161a\u010dki dostupni, mada je do predgra\u0111a potrebno voziti. Saobra\u0107aj je tipi\u010dan za grad srednje veli\u010dine; parkiranje u popularnim oblastima (centar grada, Forest Park) mo\u017ee biti ograni\u010deno u \u0161picu.<\/li>\n<li><strong>Osnovni saveti:<\/strong> Valuta je ameri\u010dki dolar. Engleski je univerzalni jezik, dok mnogi govore \u0161panski (posebno u zapadnom i ju\u017enom Sent Luisu). Bonton: Vlada ljubaznost Srednjeg zapada (ljudi imaju tendenciju da se pozdravljaju klimanjem glavom ili rukovanjem). Napojnica od ~15\u201318% u restoranima je uobi\u010dajena. Kao i u svakom gradu, budite svesni okoline; neka urbana naselja je najbolje izbegavati no\u0107u. Generalno govore\u0107i, stanovnici Sent Luisa su prijateljski nastrojeni i direktni.<a href=\"https:\/\/travelshelper.com\/sr\/destinacije\/severna-amerika\/sjedinjene-americke-drzave\/berkli-springs\/\" target=\"_self\" aria-labelledby=\"uael-post-8997\"><br \/>\n<\/a><\/li>\n<\/ul>","protected":false},"excerpt":{"rendered":"<p>Sent Luis je ugledan grad u ameri\u010dkoj dr\u017eavi Misuri. Idealno je sme\u0161ten na spajanju reka Misisipi i Misuri, lokaciji koja ga je odavno u\u010dvrstila kao vitalni centar za trgovinu i tranzit. Broj stanovnika grada od 2020. godine bio je 301.570; njegovo metropolitansko podru\u010dje, koje se prote\u017ee do Ilinoisa, pokazalo je procenjenu populaciju od preko 2,8 miliona. Ovo ga kvalifikuje kao drugo najva\u017enije metropolitansko podru\u010dje u Ilinoisu i najve\u0107e u Misuriju. \u0160tavi\u0161e, kombinovano statisti\u010dko podru\u010dje grada isti\u010de se kao 20. najve\u0107e u Sjedinjenim Dr\u017eavama.<\/p>","protected":false},"author":1,"featured_media":4727,"parent":8072,"menu_order":0,"comment_status":"closed","ping_status":"closed","template":"elementor_theme","meta":{"_eb_attr":"","footnotes":""},"class_list":["post-8347","page","type-page","status-publish","has-post-thumbnail"],"_links":{"self":[{"href":"https:\/\/travelshelper.com\/sr\/wp-json\/wp\/v2\/pages\/8347","targetHints":{"allow":["GET"]}}],"collection":[{"href":"https:\/\/travelshelper.com\/sr\/wp-json\/wp\/v2\/pages"}],"about":[{"href":"https:\/\/travelshelper.com\/sr\/wp-json\/wp\/v2\/types\/page"}],"author":[{"embeddable":true,"href":"https:\/\/travelshelper.com\/sr\/wp-json\/wp\/v2\/users\/1"}],"replies":[{"embeddable":true,"href":"https:\/\/travelshelper.com\/sr\/wp-json\/wp\/v2\/comments?post=8347"}],"version-history":[{"count":0,"href":"https:\/\/travelshelper.com\/sr\/wp-json\/wp\/v2\/pages\/8347\/revisions"}],"up":[{"embeddable":true,"href":"https:\/\/travelshelper.com\/sr\/wp-json\/wp\/v2\/pages\/8072"}],"wp:featuredmedia":[{"embeddable":true,"href":"https:\/\/travelshelper.com\/sr\/wp-json\/wp\/v2\/media\/4727"}],"wp:attachment":[{"href":"https:\/\/travelshelper.com\/sr\/wp-json\/wp\/v2\/media?parent=8347"}],"curies":[{"name":"wp","href":"https:\/\/api.w.org\/{rel}","templated":true}]}}