{"id":8312,"date":"2024-09-03T14:51:45","date_gmt":"2024-09-03T14:51:45","guid":{"rendered":"https:\/\/travelshelper.com\/staging\/?page_id=8312"},"modified":"2026-03-13T18:08:17","modified_gmt":"2026-03-13T18:08:17","slug":"filadelfija","status":"publish","type":"page","link":"https:\/\/travelshelper.com\/sr\/destinations\/north-america\/united-states\/philadelphia\/","title":{"rendered":"Filadelfija"},"content":{"rendered":"<p>Filadelfija je velika ameri\u010dka metropola sa burnom pro\u0161lo\u0161\u0107u. NJeno stanovni\u0161tvo u 2020. godini bilo je 1.603.797, \u0161to ga \u010dini \u0161estim najve\u0107im gradom u SAD. \u0160ira metropolitanska oblast ima preko 6,2 miliona stanovnika, obuhvataju\u0107i isto\u010dnu Pensilvaniju, ju\u017eni NJu D\u017derzi i Delaver. Ekonomija Filadelfije je zna\u010dajna: metropolitanski bruto doma\u0107i proizvod je 2022. godine prema\u0161io 518 milijardi dolara. Grad je raznolik: oko 39% stanovnika se identifikuje kao crnci\/afroamerikanci, a otprilike 15% kao Hispanoamerikanci\/Latinoamerikanci. Skoro 35% odraslih ima diplomu ili vi\u0161u stru\u010dnu spremu, \u0161to odra\u017eava mnoge koled\u017ee i univerzitete u gradu. Srednji prihod doma\u0107instva kre\u0107e se oko 52.900 dolara, a oko 22,8% stanovnika Filadelfije \u017eivi ispod granice siroma\u0161tva.<\/p>\n<p>Filadelfijskoj ekonomiji pridaju finansije, obrazovanje i zdravstvo, sa centrima za zapo\u0161ljavanje na kampusu Univerzitetskog grada, centralnom poslovnom okrugu i rastu\u0107im tehnolo\u0161kim i startap sektorom. Tako\u0111e je centar kulture i turizma; 2016. godine grad je privukao procenjenih 42 miliona doma\u0107ih posetilaca. Poslednjih godina Filadelfija je do\u017eivela skroman porast stanovni\u0161tva, nakon decenija pada \u2013 gradski planeri prime\u0107uju da joj gustina naseljenosti i centralna uloga na severoistoku daju trajan zna\u010daj u industriji i kulturi.<\/p>\n<p>Filadelfija se nalazi u srednjoatlantskom regionu Sjedinjenih Dr\u017eava, u jugoisto\u010dnoj Pensilvaniji, na obalama reke Delaver. Udaljena je oko 32 kilometra od Delaverskog zaliva i 160 kilometara od Atlantskog okeana, u \u0161irokoj priobalnoj ravnici zapadno od atlantske obale. Teren grada je uglavnom ravan, ali se uzdi\u017ee u brda zapadno od centra, uklju\u010duju\u0107i klisuru Visahikon i najvi\u0161u ta\u010dku u parku Kobs Krik (147 metara). Na severozapadu se nalaze niske planine Pokono, a na zapadu po\u010dinje da se uzdi\u017ee Apala\u010dki Pijemont.<\/p>\n<p>Klimatski, Filadelfija se nalazi na ivici vla\u017ene suptropske zone. Leta su obi\u010dno vru\u0107a i vla\u017ena, sa \u010destim grmljavinama, dok su zime umereno hladne sa povremenim snegom. Jesen i prole\u0107e su uglavnom blagi i mogu biti prijatni, ali promenljivi. Grad u\u017eiva u oko 2.500 sun\u010danih sati godi\u0161nje. Reke Delaver i \u0160ujlkil proti\u010du kroz grad, a park Fermaunt na ovim obalama jedan je od najve\u0107ih gradskih parkovskih sistema u zemlji. Lokacija Filadelfije \u2013 velika re\u010dna luka na severoistoku i rana nacionalna prestonica \u2013 istorijski ju je u\u010dinila transportnom raskrsnicom, a danas je i dalje \u010dvori\u0161te na Amtrakovom severoisto\u010dnom koridoru i me\u0111udr\u017eavnom sistemu autoputeva (I-95, I-76).<\/p>\n<p>Filadelfija ima fundamentalni zna\u010daj za Sjedinjene Dr\u017eave. Osnovana 1682. godine od strane Vilijama Pena, engleskog kvekera, planirana je kao \u201ezeleni seoski grad\u201c poznat po verskoj toleranciji i urednim ulicama. U kolonijalno doba postala je glavni grad provincije Pensilvanije. Kako su tenzije sa Britanijom rasle, Filadelfija je postala epicentar Ameri\u010dke revolucije. Grad je bio doma\u0107in Prvog i Drugog kontinentalnog kongresa i mesto sastanka osniva\u010da nacije. U julu 1776. godine, Deklaracija o nezavisnosti je raspravljana i usvojena u Filadelfijskoj dvorani nezavisnosti. Grad je kratko slu\u017eio kao glavni grad mlade republike 1780-ih i bio je svedok formulisanja i potpisivanja Ustava SAD 1787. godine.<\/p>\n<p>Tokom 19. i po\u010detka 20. veka, Filadelfija se brzo \u0161irila kao industrijski i lu\u010dki grad. NJeno bogatstvo iz 19. veka je o\u010digledno u viktorijanskim vilama, gradskim spomenicima i bulevaru sa drvoredom poznatom kao Parkvej Bend\u017eamina Franklina (po uzoru na Jelisejska polja). Grad je bio sila tekstila, \u0161tamparstva, brodogradnje, a kasnije i proizvodnje. Tako\u0111e je bio centar obrazovanja i medicine (dom ranih ameri\u010dkih medicinskih \u0161kola i bolnica). Do sredine 20. veka, broj stanovnika Filadelfije je dostigao vrhunac, a zatim opao kako su se industrije menjale, ali su njeni istorijski delovi (Stari grad, Trg Ritenhaus) sa\u010duvani. Danas Filadelfija odaje po\u010dast svom kolonijalnom nasle\u0111u znamenitostima poput Zvona slobode i Ku\u0107e nezavisnosti (oba su na listi svetske ba\u0161tine UNESKO-a) i slavi to nasle\u0111e u nacionalnim muzejima i godi\u0161njim festivalima.<\/p>\n<p>Moderna Filadelfija je tapiserija naselja, svako sa svojim karakterom. Vi\u0161e od desetak etni\u010dkih grupa oblikovalo je grad: italoameri\u010dki stanovnici u ju\u017enoj Filadelfiji, Irci u severoisto\u010dnoj Filadelfiji, jevrejske zajednice u zapadnoj Filadelfiji, velika naselja sa afroameri\u010dkim nasle\u0111em na severu i zapadu, i \u017eivahna portorikanska\/latinoamerikanska zajednica u \u201eseveroisto\u010dnom\u201c delu grada i jugozapadu. (Danas grad \u010dine otprilike 41% crnaca, 34% belaca i 15% Hispanoamerikanaca.) Engleski je dominantan, ali se \u0161panski \u0161iroko govori (preko 10% stanovnika govori \u0161panski kod ku\u0107e).<\/p>\n<p>Atmosfera grada je istovremeno surova i strastvena. Filadelfijanci su poznati po svojoj direktnosti \u2013 ponosni su na otpornost svog grada. U svakodnevnom \u017eivotu se \u010desto ose\u0107a prijateljska \u010dvrstina: me\u0161tani glasno navijaju za svoje Iglse (NFL), Filise (MLB), 76erse (NBA) i Flajerse (NHL) i mirno prihvataju rivalstvo (posebno sa susednim NJujorkom i Va\u0161ingtonom). Gradskim ulicama ljudi \u0161etaju sa svrhom; istorijske zgrade od crvene cigle stoje pored modernih nebodera. Kultura hrane je kamen temeljac svakodnevnog \u017eivota. Stanovnici i posetioci u\u017eivaju u brzoj hrani poput \u010dizstekova, hogija i mekih pereca sa tezgi. Centar grada Riding Terminal Market bruji od eklekti\u010dne gomile koja uzima ami\u0161ke pite, bliskoisto\u010dni falafel, indijske karije ili jevrejske krofne \u2013 pravo mesto za gurmane koje morate videti. Umetni\u010dka scena je sna\u017ena: glavne institucije poput Filadelfijskog muzeja umetnosti (poznatog po svojim \u201eStenovitim stepenicama\u201c), Barns fondacije, Instituta Franklin i bezbroj galerija nalaze se du\u017e Bend\u017eamina Franklinovog parka.<\/p>\n<p>Festivali i doga\u0111aji u kom\u0161iluku isti\u010du raznolikost grada. Leto je dominantno etni\u010dkim uli\u010dnim festivalima (Italijanski festival pijace, Karipski \u017eurka) i proslavama 4. jula na obali reke Delaver. Godi\u0161nja parada Mamera na Novu godinu (sa pernatim kostimima i mar\u0161iraju\u0107im orkestrima) je su\u0161tinski karakteristi\u010dan za Filadelfiju. Uprkos svojoj veli\u010dini, Filadelfija odr\u017eava sna\u017ean lokalni ose\u0107aj: restorane na uglu, ponosne berbernice i murali (grad ih bukvalno ima hiljade). Sa toplim letima i blagim prole\u0107ima\/jesenima, veliki deo dru\u0161tvenog \u017eivota se de\u0161ava napolju \u2013 na stepenicama trema, u pabovima na uglu i na sun\u010danim travnjacima u parku. Pa ipak, postoji i prizemna radna etika, s obzirom na bogate industrijske korene grada. Ukratko, \u201evibra\u201c Filadelfije je urbana i istorijska, me\u0161aju\u0107i \u0161arm starog sveta sa autenti\u010dno\u0161\u0107u radni\u010dkog sveta.<\/p>\n<p>Filadelfija je bogata atrakcijama koje obuhvataju njenu istoriju i kulturu. Centralni deo je Nacionalni istorijski park Independens u Starom gradu. Ovde se nalaze Dvorana nezavisnosti i Zvono slobode, gde su se okupili osniva\u010di nacije. Posetioci mogu da obi\u0111u salu za sastanke gde su potpisani i Deklaracija i Ustav. U blizini se nalaze lokaliteti iz kolonijalnog doba poput Kongresne dvorane i ku\u0107e Betsi Ros, koji \u010duvaju pri\u010du o revoluciji. Samo nekoliko blokova dalje, moderne atrakcije su u izobilju.<\/p>\n<p>Na parku Bend\u017eamina Franklina \u2013 \u010desto nazvanom \u201eFiladelfijskom muzejskom miljom\u201c \u2013 nalaze se glavne kulturne institucije. Ovde se nalaze Filadelfijski muzej umetnosti (kapija do gradskih murala i dom \u010duvene Rokijeve statue) i Barnsova fondacija (poznata umetni\u010dka kolekcija). Muzeji nauke i istorije (Franklin institut, Nacionalni ustavni centar, novi Muzej ameri\u010dke revolucije) pru\u017eaju edukativne atrakcije. Tako\u0111e u ovoj oblasti, obnovljeni Isto\u010dni dr\u017eavni zatvor (ru\u0161evina gotskog zatvora) nudi jeziv pogled na zatvorske kazne iz 19. veka. Za ljubitelje hrane, pijaca Reding Terminal (zatvorena pijaca hrane sme\u0161tena u \u017eelezni\u010dkoj hambaru iz 19. veka) je obavezna \u2013 rangirana je me\u0111u najboljim pijacama hrane u Americi.<\/p>\n<p>Filadelfijske re\u010dne obale su ponovo ro\u0111ene u \u017eivahne javne prostore. Park Sprus Strit Harbor na reci Delaver nudi le\u017ealjke, prodavce hrane i letnje doga\u0111aje. Na reci \u0160ujlkil, \u0161etali\u0161te \u0160ujlkil Benks i mesta za spu\u0161tanje kajaka pozivaju na fitnes i razonodu. Istorijski park Fermaunt (jedan od najve\u0107ih gradskih parkova u zemlji) prostire se kilometrima staza, istorijskih vila (kao \u0161to su ku\u0107a Betsi Ros i vodovod Fermaunt) i \u010duvenog zoolo\u0161kog vrta u Filadelfiji.<\/p>\n<p>Svakodnevna zadovoljstva su tako\u0111e atrakcije: tezga sa grilovanim \u010dizstejkom ili izlog pekare, \u0161areni murali oslikani na zidovima kom\u0161iluka (Filadelfija je poznata kao \u201eprestonica murala\u201c sveta) ili italijanska pijaca u ulici \u010cetvrta (najstarija pijaca na otvorenom u Americi). LJubitelji sporta mogu tempirati posete tako da se poklope sa utakmicom Iglsa, Filisa ili Siksersa kako bi osetili lokalni duh. Zimi, Blu Kros RiverRink je sezonsko klizali\u0161te pored reke sa vatrometom iznad mosta Bend\u017eamina Franklina.<\/p>\n<p>Filadelfija je veoma pristupa\u010dna. NJen glavni aerodrom je Filadelfija Interna\u0161onal (PHL), veliko \u010dvori\u0161te sa me\u0111unarodnim i doma\u0107im letovima. Vozom, stanica 30. ulica je glavno gradsko \u010dvori\u0161te Amtrak-a, tre\u0107e najprometnije u zemlji, sa \u010destim polascima za NJujork, Va\u0161ington i dalje. Me\u0111udr\u017eavni autoputevi I-95 (severoistok-jugozapad) i I-76 (zapadno do Pitsburga) prolaze u blizini grada, ali budite spremni na gradske saobra\u0107ajne gu\u017eve i mostove sa naplatom putarine ako vozite. Za regionalna putovanja, vozovi PATCO Speedline (podzemna \u017eeleznica) u NJu D\u017derziju i NJ Transit povezuju Filadelfiju sa Atlantik Sitijem i lokalnim predgra\u0111ima NJu D\u017derzija.<\/p>\n<p>Centar Filadelfije (Center City) je kompaktan i pogodan za pe\u0161a\u010denje, sa mre\u017eom numerisanih ulica i prepoznatljivim kvartovima. Javni prevoz je razvijen: SEPTA upravlja metroom (linije Market-Frankford i Brod Strit), trolejbuskim linijama, regionalnim \u017eelezni\u010dkim vozovima i autobusima. Mnogi putnici se oslanjaju na SEPTA \u2013 skoro 24% stanovnika Filadelfije koristi javni prevoz za posao. Taksiji i prevoz putnika su uobi\u010dajeni u centru grada, a dve trolejbuske linije vode u blizini Univerzitetskog grada. Iz Centralnog grada, sve se lako mo\u017ee do\u0107i pe\u0161ke ili kratkom vo\u017enjom javnim prevozom.<\/p>\n<p>Valuta je ameri\u010dki dolar, a o\u010dekuje se bak\u0161i\u0161 (15\u201320% u restoranima sa stolom, 1\u20132 dolara po kesi za hotelske konobare itd.). Glavni jezici su engleski i \u0161panski (vide\u0107ete \u0161panske natpise u mnogim prodavnicama i restoranima). U razgovoru, stanovnici Filadelfije cene direktnu ljubaznost \u2013 brz \u201ezdravo\u201c ili \u201ekako ste?\u201c prema strancima je tipi\u010dna lokalna ljubaznost. \u0160to se ti\u010de bezbednosti, turisti\u010dke oblasti Filadelfije (Stari grad, Centar grada, Univerzitetski grad) su generalno bezbedne danju, ali budite oprezni no\u0107u u manje gu\u017evnim zonama. Budite oprezni sa svojim stvarima na prometnim stanicama SEPTA. Vreme mo\u017ee biti faktor: sneg zimi mo\u017ee nakratko paralizovati javni prevoz (dozvolite dodatno vreme), dok letnje poplave sa grmljavinom mogu poremetiti saobra\u0107aj. Obucite se udobno za \u0161etnju gradskim trotoarima (posebno u istorijskim delovima grada sa neravnim ciglama ili kaldrmom). Leto mo\u017ee biti vru\u0107e i vla\u017eno, pa je pametno poneti laganu ode\u0107u i ki\u0161obran ili kabanicu. Ukratko, Filadelfija je grad u kojem se lako u\u017eiva kao posetilac: planirajte da kombinujete vo\u0111ene istorijske ture sa spontanim istra\u017eivanjem kom\u0161iluka.<a href=\"https:\/\/travelshelper.com\/sr\/destinacije\/severna-amerika\/sjedinjene-americke-drzave\/berkli-springs\/\" target=\"_self\" aria-labelledby=\"uael-post-8997\"><br \/>\n<\/a><\/p>","protected":false},"excerpt":{"rendered":"<p>Sa populacijom od 1.603.796 stanovnika, Filadelfija \u2014 poznata i kao \u201eFili\u201c \u2014 je \u0161esti najnaseljeniji grad u Sjedinjenim Dr\u017eavama i najnaseljeniji grad u Pensilvaniji prema popisu iz 2020. godine. Ovaj energi\u010dni grad je urbano jezgro doline Delavera, ponekad poznato kao metropolitanski region Filadelfije. Osma po veli\u010dini me\u0111u ameri\u010dkim metropolitanskim podru\u010djima sa 6,245 miliona stanovnika u svom metropolitanskom statisti\u010dkom podru\u010dju i 7,366 miliona u svom kombinovanom statisti\u010dkom podru\u010dju, Filadelfija je \u017eivahan centar istorije, kulture i aktivnosti.<\/p>","protected":false},"author":1,"featured_media":3027,"parent":8072,"menu_order":0,"comment_status":"closed","ping_status":"closed","template":"elementor_theme","meta":{"_eb_attr":"","footnotes":""},"class_list":["post-8312","page","type-page","status-publish","has-post-thumbnail"],"_links":{"self":[{"href":"https:\/\/travelshelper.com\/sr\/wp-json\/wp\/v2\/pages\/8312","targetHints":{"allow":["GET"]}}],"collection":[{"href":"https:\/\/travelshelper.com\/sr\/wp-json\/wp\/v2\/pages"}],"about":[{"href":"https:\/\/travelshelper.com\/sr\/wp-json\/wp\/v2\/types\/page"}],"author":[{"embeddable":true,"href":"https:\/\/travelshelper.com\/sr\/wp-json\/wp\/v2\/users\/1"}],"replies":[{"embeddable":true,"href":"https:\/\/travelshelper.com\/sr\/wp-json\/wp\/v2\/comments?post=8312"}],"version-history":[{"count":0,"href":"https:\/\/travelshelper.com\/sr\/wp-json\/wp\/v2\/pages\/8312\/revisions"}],"up":[{"embeddable":true,"href":"https:\/\/travelshelper.com\/sr\/wp-json\/wp\/v2\/pages\/8072"}],"wp:featuredmedia":[{"embeddable":true,"href":"https:\/\/travelshelper.com\/sr\/wp-json\/wp\/v2\/media\/3027"}],"wp:attachment":[{"href":"https:\/\/travelshelper.com\/sr\/wp-json\/wp\/v2\/media?parent=8312"}],"curies":[{"name":"wp","href":"https:\/\/api.w.org\/{rel}","templated":true}]}}