{"id":8297,"date":"2024-09-03T14:24:43","date_gmt":"2024-09-03T14:24:43","guid":{"rendered":"https:\/\/travelshelper.com\/staging\/?page_id=8297"},"modified":"2026-03-13T18:02:23","modified_gmt":"2026-03-13T18:02:23","slug":"nju-orleans","status":"publish","type":"page","link":"https:\/\/travelshelper.com\/sr\/destinations\/north-america\/united-states\/new-orleans\/","title":{"rendered":"Nju Orleans"},"content":{"rendered":"<p>Sme\u0161ten du\u017e donjeg toka reke Misisipi u jugoisto\u010dnoj Luizijani, NJu Orleans je danas grad sa oko 380.000 stanovnika (popis iz 2020. godine), \u0161to ga \u010dini najve\u0107im gradom u Luizijani i kulturnom prestonicom ameri\u010dkog Juga. Od 2025. godine, broj stanovnika grada se procenjuje na oko 351.000, nakon decenija fluktuacija usled migracija i prirodnih katastrofa. Demografija NJu Orleansa je karakteristi\u010dna \u2013 ve\u0107inska afroameri\u010dka zajednica (oko 55% crnaca prema skora\u0161njim procenama) sa zna\u010dajnim udelom belaca (oko 32%), hispanoamerikanaca\/latinoamerikanaca i drugih manjinskih populacija. NJegova ekonomija je bogato diverzifikovana: istorijski izgra\u0111ena na lu\u010dkoj, naftnoj i petrohemijskoj industriji, danas NJu Orleans napreduje i zahvaljuju\u0107i visokom obrazovanju, zdravstvenoj za\u0161titi, a posebno turizmu i kreativnim sektorima. U stvari, samo turizam je generisao oko 5,5 milijardi dolara ekonomskog uticaja u 2017. godini, \u0161to \u010dini oko 40% prihoda grada od poreza na promet.<\/p>\n<p>NJu Orleans u\u017eiva u blagoj suptropskoj klimi: bujnim zimama i dugim, vru\u0107im letima. Le\u017ei na nivou mora du\u017e obale Meksi\u010dkog zaliva \u2014 polovina grada se zapravo nalazi na ili ispod nivoa mora i oslanja se na nasipe i pumpe za kontrolu poplava. Godi\u0161nja koli\u010dina padavina je obilna (oko 122 cm godi\u0161nje), sa vla\u017enim letima koja \u010desto podi\u017eu temperaturu iznad 32\u00b0C, a zimama koje obi\u010dno ostaju znatno iznad nule (prose\u010dna dnevna temperatura u januaru je oko 0,7\u00b0C). Suptropska sredina grada mu je donela nadimak \u201eGrad koji je zaboravio\u201c, kao znak po\u0161tovanja prema njegovoj toploj klimi i opu\u0161tenom ritmu. Mo\u010dvarni zalivi, parkovi okru\u017eeni hrastovima i hrastovi prekriveni \u0161panskom mahovinom su sveprisutni u modernom pejza\u017eu, \u010dak i dok se neboderi izdi\u017eu u centru grada.<\/p>\n<p>NJu Orleans je kulturni, ekonomski i akademski centar Luizijane. Prema popisu stanovni\u0161tva SAD iz 2020. godine, broj stanovnika grada je bio 383.997 (sa \u0161irim metropolitanskim podru\u010djem NJu Orleans-Meteriji oko 1 milion). Projektovano je da \u0107e se 2025. godine taj broj blago smanjiti na oko 351.000. Rasni sastav grada je ve\u0107inski afroameri\u010dki (oko 55%), pri \u010demu belci \u010dine oko 32%, Hispanoamerikanci\/Latinoamerikanci oko 5%, Azijati 2%, a ostatak su Indijanci ili vi\u0161erasni. Ekonomski gledano, NJu Orleans generi\u0161e oko 51 milijardu dolara godi\u0161njeg bruto metropolitanskog proizvoda (podaci iz 2023. godine), \u0161to ga svrstava me\u0111u 25 najve\u0107ih gradskih ekonomija u zemlji. Vol Strit mo\u017eda dominira NJujorkom, ali NJu Orleans dominira brodarstvom na obali Meksi\u010dkog zaliva: upravlja jednom od najve\u0107ih svetskih morskih luka i vode\u0107i je centar za rafiniranje nafte i petrohemijske proizvodnje. Grad je tako\u0111e obrazovni i zdravstveni centar (dom institucija poput Univerziteta Tulejn i Oksner Helta) i rastu\u0107i tehnolo\u0161ki centar. Klju\u010dno je da su ugostiteljstvo i kreativne industrije glavni poslodavci; samo turizam i kongresi donose milione godi\u0161nje. Ukratko, po brojkama, NJu Orleans je srednje veliki ju\u017enja\u010dki grad sa ogromnim ekonomskim uticajem zbog svoje luke, energetike i kulturnog sektora.<\/p>\n<p>Grad Kresent nalazi se u Severnoj Americi, u srcu dubokog juga. Geografski, nalazi se na isto\u010dnoj obali reke Misisipi, oko 90 milja uzvodno od Meksi\u010dkog zaliva. Okolina je ravna priobalna ravnica: mo\u010dvara i re\u010dna delta na jugu i mo\u010dvare na istoku. Ovaj nizinski teren zna\u010di da je NJu Orleans uglavnom na ili ispod nivoa mora, \u0161to zahteva opse\u017ean sistem nasipa. Za razliku od Denvera na ravnici ili Denvera na planinama, NJu Orleans je re\u010dni grad, oblikovan vodom u svim pravcima: velika reka na zapadu, jezero Pon\u010dartrejn na severu, Meksi\u010dki zaliv na jugu. Jedna \u0161ala ka\u017ee da \u201esedi na zemlji, lebdi na vodi\u201c. Letnje vru\u0107ine ubla\u017eavaju meksi\u010dki povetarci i brojni kanali; zime su blage.<\/p>\n<p>Poreklo NJu Orleansa se\u017ee do ranog 18. veka. Francuski kolonisti pod \u017dan-Batistom Le Mojn de Bjenvilom osnovali su grad 1718. godine na polumesecnoj krivini Misisipija. NJegova uzvi\u0161ena francuska arhitektura i toponimi odra\u017eavaju ovu kolonijalnu pro\u0161lost. Godine 1763, nakon Sedmogodi\u0161njeg rata, Francuska je ustupila Luizijanu (i NJu Orleans) \u0160paniji, pre nego \u0161to ju je Napoleon vratio u francuske ruke 1800. godine. Samo tri godine kasnije, 1803. godine, Sjedinjene Dr\u017eave su stekle NJu Orleans u kupovini Luizijane, otvaraju\u0107i Misisipi za ameri\u010dku trgovinu. NJu Orleans je napredovao u doba pre Gra\u0111anskog rata: do 1840. godine bio je tre\u0107i po veli\u010dini grad u SAD i najve\u0107i na celom Jugu. NJegova luka je po obimu parirala lukama Bostona i Filadelfije, a pamuk i \u0161e\u0107er su ga u\u010dinili bogatim, iako veoma stratifikovanim, gradom. Prekretnica se dogodila tokom Rata 1812. godine. U januaru 1815. godine, general Endru D\u017dekson je predvodio \u0161arolike ameri\u010dke snage da poraze Britance u bici kod NJu Orleansa, u\u010dvr\u0161\u0107uju\u0107i mesto grada u ameri\u010dkoj istoriji.<\/p>\n<p>Nakon gra\u0111anskog rata, NJu Orleans je pro\u0161ao kroz Rekonstrukciju i D\u017dima Kroua, ostaju\u0107i \u017eivahan trgova\u010dki centar do 20. veka. D\u017dez muzika je ro\u0111ena ovde po\u010detkom 20. veka, a do 20-ih godina no\u0107ni \u017eivot u Francuskoj \u010detvrti bio je legendaran. Krajem 20. veka, grad je pretrpeo procvat i pad. Godine 2005, uragan Katrina je zadao razaraju\u0107i udarac. Ve\u0107i deo grada je poplavljen zbog probijanja nasipa, preko 1.800 stanovnika je poginulo, a broj stanovnika je smanjen za otprilike polovinu. Oporavak je bio dramati\u010dan u nekim delovima: centar grada i odre\u0111ena naselja su obnovljeni, dok druga jo\u0161 uvek nose o\u017eiljke. Dana\u0161nji NJu Orleans nosi otisak svih ovih epoha. Istorijske plo\u010de se nalaze na D\u017dekson skveru (koji datiraju jo\u0161 iz Bjenvilove ere), ali izlozi tako\u0111e reklamiraju energetske konsultante i tehnolo\u0161ke startapove. Katastrofa uragana Katrina ostaje presudna prekretnica, ali isto va\u017ei i za ponovni uspon grada, balansiraju\u0107i po\u0161tovanje prema pro\u0161losti sa modernim rastom.<\/p>\n<p>NJu Orleans ima jedinstven kulturni ukus \u2013 spoj francuskih, \u0161panskih, afri\u010dkih, karipskih i ju\u017enja\u010dkih uticaja. NJegov lokalni karakter je jasan \u010dim iza\u0111ete iz aviona ili kruzera: uli\u010dni znakovi na francuskom (npr. \u201eRue\u201c za ulicu), opu\u0161teno pona\u0161anje i sveprisutna muzika na trotoarima. Francusko i kreolsko nasle\u0111e opstaju ne samo u arhitekturi ve\u0107 i u \u017eivim tradicijama. Govornici francuskog i luizijanski kreolski dijalekti su danas retki, ali nekoliko starijih osoba i dalje razgovara na tim jezicima. \u010ce\u0161\u0107e je svakodnevni luizijanski engleski za\u010dinjen kajunskim i kreolskim frazama (\u201elagniappe\u201c, \u201elagniappe\u201c zna\u010di \u201ene\u0161to malo vi\u0161e\u201c itd.). Grad je proslavio svoju dvovekovnu godi\u0161njicu 2018. godine uz francusko-jidi\u0161 veselje, priznaju\u0107i svoje frankofone korene.<\/p>\n<p>Tradicija vlada u NJu Orleansu. Kao \u0161to jedan vodi\u010d poetski prime\u0107uje, \u201eNJu Orleans je grad navika koje su evoluirale u po\u0161tovane tradicije\u201c. Nedeljni crveni pasulj, d\u017eez sahrane i karnevalske maskarade po\u010deli su kao svakodnevni obi\u010daji i postali su gradske znamenitosti. Godi\u0161nja sezona parada Mardi Gra (Karneval) je naj\u017eivlji izraz ovog nasle\u0111a: nedelje maskenbalova i celono\u0107nih parada gde kostimirani \u201ekrjus\u201c bacaju perle ulicama. Ali \u010dak i van Mardi Grasa, duh slavlja je konstantan. \u017divi d\u017eez se izliva iz klubova u ulici Fren\u010dmen svake ve\u010deri, a festivali ispunjavaju kalendar tokom cele godine \u2013 od Festivala d\u017eeza i nasle\u0111a svakog prole\u0107a do Ritmova trga Kongo leti, do Festivala Francuske \u010detvrti i bezbrojnih etni\u010dkih parada.<\/p>\n<p>U pore\u0111enju sa drugim velikim gradovima, tempo \u017eivota u NJu Orleansu deluje trom. Me\u0161tani se ponose ju\u017enja\u010dkim gostoprimstvom i toplinom. Stranci \u010desto pozdravljaju sa osmehom ili prijateljskim pitanjem \u201eKako ste?\u201c \u2013 \u010dak i u prodavnici delikatesa ili u servisu. Kako je jedan posetilac primetio, \u201eStanovnici zra\u010de toplinom i prijateljstvom\u201c, osobina koja se pripisuje hri\u0161\u0107anskoj dobrotvornosti grada i \u0161armu starog sveta. Kafi\u0107i na D\u017dekson skveru se prelivaju napolju, a ljudi se opu\u0161teno zadr\u017eavaju uz kafe sa mlekom i krofne. Uli\u010dni muzi\u010dari koji sviraju na suncu su jednako \u010desti kao i pikapi na putu. Pa ipak, ispod ove dru\u017eeljubivosti krije se o\u0161tra duhovitost: stanovnici NJu Orleansa se \u0161ale da je grad toliko opu\u0161ten \u201eda \u010dak i satovi idu u svoje vreme\u201c.<\/p>\n<p>Uprkos ovim \u0161armima, \u017eivot ovde ima i svoju surovu stranu. Grad se dugo borio sa ekonomskom nejednako\u0161\u0107u i kriminalom. Decenijama je NJu Orleans patio od jedne od najvi\u0161ih stopa ubistava u Americi. Ta realnost ubla\u017eava ina\u010de hirovitu sliku. Tokom poslednjih pet godina grad je napravio izvestan napredak u javnoj bezbednosti; od sredine 2024. godine prijavljeni kriminal je opao za oko 26% u pore\u0111enju sa prethodnom godinom. Posetioci se i dalje upozoravaju da budu oprezni, posebno nakon mraka. Ali \u010de\u0161\u0107e \u0107e se novoprido\u0161li se\u0107ati ljubaznih voza\u010da tramvaja, slatkog mirisa magnolija i laganog smeha ljudi u Kafeu du Mond. U kona\u010dnom izra\u010dunavanju, \u201eatmosfera Francuske \u010detvrti\u201c \u2013 prijateljski natpis Francuske \u010detvrti koji govori francuski na uglovima ulica, crveni ki\u0161obrani, balkoni od kovanog gvo\u017e\u0111a \u2013 ono je \u0161to ostavlja trajan utisak.<\/p>\n<p>Za svakog putnika, NJu Orleans nudi gozbu znamenitosti koje morate videti. Glavna me\u0111u njima je Francuska \u010detvrt, istorijski stari grad osnovan 1718. godine. NJegovo srce je D\u017dekson skver \u2013 javni trg kojim dominira katedrala Svetog Luisa od belog kamena (najstarija kontinuirano aktivna katoli\u010dka katedrala u SAD). Oko trga i obli\u017enje Burbon ulice nalaze se pastelno obojene gradske ku\u0107e sa ukra\u0161enim gvozdenim balkonima prekrivenim cve\u0107em. Ovde mo\u017eete zakora\u010diti u legendarna mesta: nji\u0161u\u0107e muzi\u010dare na tremu, statue, prodavce uli\u010dne umetnosti i svetski poznati Kafe du Mond koji slu\u017ei praline krofne i kafu od cikorije. U \u010detvrti se tako\u0111e nalazi i Sala za o\u010duvanje za no\u0107ne akusti\u010dne d\u017eez koncerte, kao i butici u Rojal ulici za antikvitete i umetni\u010dka dela.<\/p>\n<p>Izvan Kvartala, atrakcija je u izobilju. Nacionalni muzej Drugog svetskog rata u Veahaus Distriktu je vi\u0161e puta rangiran me\u0111u najboljim muzejima u Americi \u2013 impresivne izlo\u017ebe o iskrcavanju na Dan D, Midveju i drugim privla\u010de ljubitelje vojne istorije. LJubitelje umetnosti \u0107e privu\u0107i Muzej umetnosti NJu Orleansa (NOMA) i susedni Sidnejski i Valda Bestof vrt skulptura u Gradskom parku. Stanovnici Kresent Sitija se dive parku Odubon i zoolo\u0161kom vrtu u centru grada, pa \u010dak i lokalno cenjenom Gradskom parku sa svojim drevnim hrastovima i botani\u010dkim ba\u0161tama. Za panoramsku zabavu, parobrod Na\u010dez na obali reke nudi svakodnevna krstarenja sa lopaticama pored horizonta. Ne treba propustiti ni nadzemna groblja (kao \u0161to je Sent Luis br. 1) \u2013 jezive \u201eGradove mrtvih\u201c gde ukra\u0161eni mauzoleji sme\u0161taju generacije stanovnika NJu Orleansa.<\/p>\n<p>Klasi\u010dne znamenitosti tako\u0111e uklju\u010duju Garden Distrikt, nekoliko kilometara od centra grada, gde se veli\u010danstvene vile iz 19. veka ni\u017eu du\u017e ulica osen\u010denih hrastovima. Mo\u017eete se voziti istorijskim tramvajem u aveniji Sent \u010carls du\u017e kro\u0161nji hrastova i pored Univerziteta Lojola do veli\u010danstvenih stubova Univerziteta Tulejn. Muzej umetnosti i Spomenik Konfederacije u gradu upotpunjuju kulturno orijentisane stanice. Sve u svemu, postoji prijatna napetost izme\u0111u istro\u0161enih istorijskih \u010detvrti (\u201eelegantna elegancija i blago propadanje\u201c starog NJu Orleansa) i revitalizovanih modernih \u010detvrti ispunjenih galerijama i kafi\u0107ima. Svaki kutak nudi ukus slojevite pri\u010de grada: neonski barovi u ulici Burbon vibriraju pored ku\u0107a u francuskom kolonijalnom periodu; niski nasipi podse\u0107aju da mo\u0107na reka i zaliv nikada nisu daleko.<\/p>\n<p>NJu Orleans je dobro povezan. Me\u0111unarodni aerodrom Luis Armstrong u NJu Orleansu (MSY) nalazi se oko 18 kilometara zapadno od centra grada; opslu\u017euje desetine avio-kompanija i direktne linije do gradova \u0161irom sveta. Bli\u017ee, mali aerodrom Lejkfront nudi ograni\u010dene prigradske letove. Glavni autoputevi se tako\u0111e ovde spajaju, \u010dine\u0107i ga raskrsnicom obale Meksi\u010dkog zaliva: Me\u0111udr\u017eavni putevi 10 i 610 kru\u017ee oko grada, dok I-55 i I-59 idu ka severu. Amtrakova linija Kresent (od NJujorka do NJu Orleansa) svakodnevno sti\u017ee na putni\u010dki terminal Junion, pogodno pored tramvajskih linija i autobuskog centra. Automobilom, \u017eivopisne rute du\u017e reke (US-61) ili Me\u0111udr\u017eavnog zaliva (US-90) nude nezaboravne vo\u017enje.<\/p>\n<p>Kada stignu u grad, posetioci pronalaze vi\u0161e opcija za prevoz. \u010cuveni zeleno-crveni tramvaji grada prelaze klju\u010dne koridore \u2013 linije Riverfront, Kanal Strit, Sent \u010carls (do Garden Distrikta) i Rampart-Sent Klod. Ovi \u0161armantni stari tramvaji (neki datiraju iz 1920-ih) nude jednostavan na\u010din za razgledanje iznad zemlje. Sveobuhvatni autobuski sistem (RTA) pokriva sve \u010detvrti, a moderno produ\u017eenje tramvajske linije lake \u017eeleznice (otvoreno 2016. godine) sti\u017ee do avenije Tulejn. Taksiji, prevoz na znak prevoza i re\u010dni trajekti (do Ald\u017eers Pointa preko Misisipija) su u izobilju. Treba napomenuti da je sam Francuski kvart veoma pogodan za pe\u0161a\u010denje i da je uglavnom bez automobilskog saobra\u0107aja. Mnogi me\u0161tani i turisti se kre\u0107u pe\u0161ke ili iznajmljuju bicikle.<\/p>\n<p>Valuta je ameri\u010dki dolar, a engleski se govori svuda (mada mnogi meniji i dalje navode jela francuskim nazivima). Napojnica je uobi\u010dajena \u2013 oko 15\u201320% u restoranima i barovima. Tempo grada i dress kod su neformalni; le\u017eerna ode\u0107a je prihvatljiva skoro svuda (mada luksuzni restorani mogu imati obavezu da mu\u0161karci nose sako). Stanovnici NJu Orleansa brzo pozdravljaju sa \u201eda\u201c, tako da je razgovor sa prijateljskim \u201ebonjour\u201c ili \u201emerci\u201c (hvala) u prolazu uvek dobrodo\u0161ao. Kulturno gledano, ljudi se ovde kre\u0107u sporo \u2013 ako ste u \u017eurbi, planirajte vi\u0161e vremena nego obi\u010dno.<\/p>\n<p>Istorijski gledano, NJu Orleans je imao ve\u0107u stopu kriminala od mnogih gradova, ali uslovi variraju u zavisnosti od naselja. Najturisti\u010dkija podru\u010dja (Francuska \u010detvrt, Centralni poslovni centar, Garden Distrikt) su generalno bezbedna tokom dana. Posetioci bi trebalo da koriste uobi\u010dajene mere predostro\u017enosti no\u0107u, da ostanu u osvetljenim podru\u010djima i da \u010duvaju svoje stvari na sigurnom. Policija NJujorka (NOPD) napominje da je ukupni kriminal u opadanju u 2024. godini. Pre svega, razumno pona\u0161anje putnika (ne pokazivanje vrednih stvari, putovanje u grupama ako je mogu\u0107e nakon mraka) pomo\u0107i \u0107e da se osigura prijatno putovanje. Prva pomo\u0107 ili pomo\u0107 policije su lako dostupni u centru grada. Uzimaju\u0107i u obzir ove mere predostro\u017enosti, NJu Orleans ostaje gostoljubiv grad \u2013 onaj koji nagra\u0111uje posetioce otvorenog uma nezaboravnom muzikom, hranom i ju\u017enja\u010dkim gostoprimstvom.<a href=\"https:\/\/travelshelper.com\/sr\/destinacije\/severna-amerika\/sjedinjene-americke-drzave\/berkli-springs\/\" target=\"_self\" aria-labelledby=\"uael-post-8997\"><br \/>\n<\/a><\/p>","protected":false},"excerpt":{"rendered":"<p>NJu Orleans, \u010desto nazivan NOLA ili Big Lajf, je konsolidovani grad-parohija koja se nalazi du\u017e reke Misisipi u jugoisto\u010dnom delu Luizijane. Sa populacijom od 383.997 stanovnika, popis stanovni\u0161tva SAD iz 2020. godine rangira ovaj grad kao najnaseljeniji u Luizijani i na teritoriji Francuske Luizijane. Tre\u0107i je najnaseljeniji grad na dubokom jugu i dvanaesti najnaseljeniji grad na jugoistoku Sjedinjenih Dr\u017eava. Za podru\u010dje obale Meksi\u010dkog zaliva u Sjedinjenim Dr\u017eavama, NJu Orleans slu\u017ei kao glavna luka i priznato trgova\u010dko i ekonomsko sredi\u0161te.<\/p>","protected":false},"author":1,"featured_media":3170,"parent":8072,"menu_order":0,"comment_status":"closed","ping_status":"closed","template":"elementor_theme","meta":{"_eb_attr":"","footnotes":""},"class_list":["post-8297","page","type-page","status-publish","has-post-thumbnail"],"_links":{"self":[{"href":"https:\/\/travelshelper.com\/sr\/wp-json\/wp\/v2\/pages\/8297","targetHints":{"allow":["GET"]}}],"collection":[{"href":"https:\/\/travelshelper.com\/sr\/wp-json\/wp\/v2\/pages"}],"about":[{"href":"https:\/\/travelshelper.com\/sr\/wp-json\/wp\/v2\/types\/page"}],"author":[{"embeddable":true,"href":"https:\/\/travelshelper.com\/sr\/wp-json\/wp\/v2\/users\/1"}],"replies":[{"embeddable":true,"href":"https:\/\/travelshelper.com\/sr\/wp-json\/wp\/v2\/comments?post=8297"}],"version-history":[{"count":0,"href":"https:\/\/travelshelper.com\/sr\/wp-json\/wp\/v2\/pages\/8297\/revisions"}],"up":[{"embeddable":true,"href":"https:\/\/travelshelper.com\/sr\/wp-json\/wp\/v2\/pages\/8072"}],"wp:featuredmedia":[{"embeddable":true,"href":"https:\/\/travelshelper.com\/sr\/wp-json\/wp\/v2\/media\/3170"}],"wp:attachment":[{"href":"https:\/\/travelshelper.com\/sr\/wp-json\/wp\/v2\/media?parent=8297"}],"curies":[{"name":"wp","href":"https:\/\/api.w.org\/{rel}","templated":true}]}}